{"id":6295,"date":"2025-08-09T03:59:57","date_gmt":"2025-08-09T03:59:57","guid":{"rendered":"https:\/\/www.usborkeychain.com\/?post_type=product&#038;p=6295"},"modified":"2025-08-09T04:10:34","modified_gmt":"2025-08-09T04:10:34","slug":"round-crystal-usb-flash-drive","status":"publish","type":"product","link":"https:\/\/www.usborkeychain.com\/pt\/produto\/round-crystal-usb-flash-drive\/","title":{"rendered":"Unidade flash USB redonda de cristal"},"content":{"rendered":"<p>Rompendo a limita\u00e7\u00e3o do material pl\u00e1stico \u00fanico usado nas unidades flash USB tradicionais, o <strong>Unidade flash USB redonda de cristal<\/strong> adota um projeto misto de \"<strong>cristal + metal<\/strong>\", redefinindo a est\u00e9tica e a textura das ferramentas de armazenamento.<\/p>\n\n\n\n<h4 class=\"wp-block-heading\">Sele\u00e7\u00e3o de materiais<\/h4>\n\n\n\n<ul class=\"wp-block-list\">\n<li>Parte do cristal: \u00c9 usado o cristal K9 de alta pureza, que \u00e9 transparente e livre de impurezas, exibindo um brilho brilhante sob a refra\u00e7\u00e3o da luz. Alguns modelos espessos adotam t\u00e9cnicas de corte multifacetadas (como facetas octa\u00e9dricas e em forma de diamante) para aprimorar as camadas de luz e sombra, tornando o efeito visual mais deslumbrante.<\/li>\n\n\n\n<li>Pe\u00e7a met\u00e1lica: \u00c9 selecionada uma liga de alum\u00ednio\/a\u00e7o inoxid\u00e1vel, que passa por tratamento de anodiza\u00e7\u00e3o ou galvanoplastia, apresentando propriedades de resist\u00eancia ao desgaste e \u00e0 corros\u00e3o. O brilho met\u00e1lico forma um forte contraste com a transpar\u00eancia do cristal, melhorando a qualidade do produto.<\/li>\n<\/ul>\n\n\n\n<div class=\"wp-block-columns is-layout-flex wp-container-core-columns-is-layout-28f84493 wp-block-columns-is-layout-flex\">\n<div class=\"wp-block-column is-layout-flow wp-block-column-is-layout-flow\">\n<figure class=\"wp-block-image size-full\"><img alt=\"\" fetchpriority=\"high\" decoding=\"async\" width=\"800\" height=\"800\" src=\"https:\/\/www.usborkeychain.com\/wp-content\/uploads\/crystal-usb-flash-drives.png\" class=\"wp-image-6306\" srcset=\"https:\/\/www.usborkeychain.com\/wp-content\/uploads\/crystal-usb-flash-drives.png 800w, https:\/\/www.usborkeychain.com\/wp-content\/uploads\/crystal-usb-flash-drives-300x300.png 300w, https:\/\/www.usborkeychain.com\/wp-content\/uploads\/crystal-usb-flash-drives-150x150.png 150w, https:\/\/www.usborkeychain.com\/wp-content\/uploads\/crystal-usb-flash-drives-768x768.png 768w, https:\/\/www.usborkeychain.com\/wp-content\/uploads\/crystal-usb-flash-drives-12x12.png 12w, https:\/\/www.usborkeychain.com\/wp-content\/uploads\/crystal-usb-flash-drives-600x600.png 600w, https:\/\/www.usborkeychain.com\/wp-content\/uploads\/crystal-usb-flash-drives-100x100.png 100w\" sizes=\"(max-width: 800px) 100vw, 800px\" \/><\/figure>\n<\/div>\n\n\n\n<div class=\"wp-block-column is-layout-flow wp-block-column-is-layout-flow\">\n<figure class=\"wp-block-image size-full\"><img alt=\"\" decoding=\"async\" width=\"800\" height=\"800\" src=\"https:\/\/www.usborkeychain.com\/wp-content\/uploads\/metal-crystal-usb-flash-drive.jpg\" class=\"wp-image-6302\" srcset=\"https:\/\/www.usborkeychain.com\/wp-content\/uploads\/metal-crystal-usb-flash-drive.jpg 800w, https:\/\/www.usborkeychain.com\/wp-content\/uploads\/metal-crystal-usb-flash-drive-300x300.jpg 300w, https:\/\/www.usborkeychain.com\/wp-content\/uploads\/metal-crystal-usb-flash-drive-150x150.jpg 150w, https:\/\/www.usborkeychain.com\/wp-content\/uploads\/metal-crystal-usb-flash-drive-768x768.jpg 768w, https:\/\/www.usborkeychain.com\/wp-content\/uploads\/metal-crystal-usb-flash-drive-12x12.jpg 12w, https:\/\/www.usborkeychain.com\/wp-content\/uploads\/metal-crystal-usb-flash-drive-600x600.jpg 600w, https:\/\/www.usborkeychain.com\/wp-content\/uploads\/metal-crystal-usb-flash-drive-100x100.jpg 100w\" sizes=\"(max-width: 800px) 100vw, 800px\" \/><\/figure>\n<\/div>\n<\/div>\n\n\n\n<h4 class=\"wp-block-heading\">Design de formas<\/h4>\n\n\n\n<ul class=\"wp-block-list\">\n<li>Modelo redondo e fino: O cristal tem um formato redondo e plano, combinado com uma concha de metal simples, o que torna o produto fino, delicado e adequado para o transporte di\u00e1rio. A tampa de metal tem, em sua maior parte, formato quadrado, formando a est\u00e9tica do design de \"eco entre quadrado e redondo\" com o cristal redondo.<\/li>\n\n\n\n<li>Modelo redondo e espesso: O cristal adota um corte tridimensional multifacetado, e as superf\u00edcies de corte refratam a luz de forma mais brilhante, tornando-o adequado como um presente de alta qualidade.<\/li>\n<\/ul>\n\n\n\n<h4 class=\"wp-block-heading\">Tecnologia estrutural<\/h4>\n\n\n\n<ul class=\"wp-block-list\">\n<li>A tampa de metal e o corpo principal do cristal s\u00e3o conectados por meio de uma estrutura magn\u00e9tica\/de encaixe, garantindo inser\u00e7\u00e3o e extra\u00e7\u00e3o suaves e est\u00e1veis. A jun\u00e7\u00e3o entre a interface USB e o cristal \u00e9 precisamente esculpida por CNC, com bordas suaves e sem rebarbas, garantindo uma boa experi\u00eancia do usu\u00e1rio.<\/li>\n<\/ul>\n\n\n\n<div class=\"wp-block-columns is-layout-flex wp-container-core-columns-is-layout-28f84493 wp-block-columns-is-layout-flex\">\n<div class=\"wp-block-column is-layout-flow wp-block-column-is-layout-flow\">\n<figure class=\"wp-block-image size-full\"><img alt=\"\" decoding=\"async\" width=\"800\" height=\"800\" src=\"https:\/\/www.usborkeychain.com\/wp-content\/uploads\/crystal-usb-flash-drive-bulk.jpg\" class=\"wp-image-6299\" srcset=\"https:\/\/www.usborkeychain.com\/wp-content\/uploads\/crystal-usb-flash-drive-bulk.jpg 800w, https:\/\/www.usborkeychain.com\/wp-content\/uploads\/crystal-usb-flash-drive-bulk-300x300.jpg 300w, https:\/\/www.usborkeychain.com\/wp-content\/uploads\/crystal-usb-flash-drive-bulk-150x150.jpg 150w, https:\/\/www.usborkeychain.com\/wp-content\/uploads\/crystal-usb-flash-drive-bulk-768x768.jpg 768w, https:\/\/www.usborkeychain.com\/wp-content\/uploads\/crystal-usb-flash-drive-bulk-12x12.jpg 12w, https:\/\/www.usborkeychain.com\/wp-content\/uploads\/crystal-usb-flash-drive-bulk-600x600.jpg 600w, https:\/\/www.usborkeychain.com\/wp-content\/uploads\/crystal-usb-flash-drive-bulk-100x100.jpg 100w\" sizes=\"(max-width: 800px) 100vw, 800px\" \/><\/figure>\n<\/div>\n\n\n\n<div class=\"wp-block-column is-layout-flow wp-block-column-is-layout-flow\">\n<figure class=\"wp-block-image size-full\"><img alt=\"\" loading=\"lazy\" decoding=\"async\" width=\"800\" height=\"800\" src=\"https:\/\/www.usborkeychain.com\/wp-content\/uploads\/crystal-usb-flash-drive.jpg\" class=\"wp-image-6300\" srcset=\"https:\/\/www.usborkeychain.com\/wp-content\/uploads\/crystal-usb-flash-drive.jpg 800w, https:\/\/www.usborkeychain.com\/wp-content\/uploads\/crystal-usb-flash-drive-300x300.jpg 300w, https:\/\/www.usborkeychain.com\/wp-content\/uploads\/crystal-usb-flash-drive-150x150.jpg 150w, https:\/\/www.usborkeychain.com\/wp-content\/uploads\/crystal-usb-flash-drive-768x768.jpg 768w, https:\/\/www.usborkeychain.com\/wp-content\/uploads\/crystal-usb-flash-drive-12x12.jpg 12w, https:\/\/www.usborkeychain.com\/wp-content\/uploads\/crystal-usb-flash-drive-600x600.jpg 600w, https:\/\/www.usborkeychain.com\/wp-content\/uploads\/crystal-usb-flash-drive-100x100.jpg 100w\" sizes=\"(max-width: 800px) 100vw, 800px\" \/><\/figure>\n<\/div>\n<\/div>\n\n\n\n<h3 class=\"wp-block-heading\">Tabela de par\u00e2metros principais da unidade flash USB (modelo fino vs. modelo espesso)<\/h3>\n\n\n\n<figure class=\"wp-block-table\"><table class=\"has-fixed-layout\"><thead><tr><th>Item de par\u00e2metro<\/th><th>Unidade flash USB fina e redonda de cristal<\/th><th>Unidade flash USB de cristal redondo e espesso<\/th><\/tr><\/thead><tbody><tr><td>Capacidade<\/td><td>8 GB, 16 GB, 32 GB, 64 GB, 128 GB<\/td><td>8 GB, 16 GB, 32 GB, 64 GB, 128 GB<\/td><\/tr><tr><td>Tipo de interface<\/td><td>USB 2.0 \/ USB 3.0<\/td><td>USB 2.0 \/ USB 3.0<\/td><\/tr><tr><td>Tamanho do cristal<\/td><td>Di\u00e2metro \u03c620mm, Espessura 5mm<\/td><td>Di\u00e2metro \u03c625mm, Espessura 10mm<\/td><\/tr><tr><td>Tamanho do metal (comprimento \u00d7 largura \u00d7 altura)<\/td><td>25mm\u00d712mm\u00d75mm<\/td><td>30mm\u00d715mm\u00d78mm<\/td><\/tr><tr><td>Peso<\/td><td>Aproximadamente 15g<\/td><td>Aproximadamente 30g<\/td><\/tr><\/tbody><\/table><\/figure>\n\n\n\n<h3 class=\"wp-block-heading\">Servi\u00e7os de personaliza\u00e7\u00e3o<\/h3>\n\n\n\n<div class=\"wp-block-columns are-vertically-aligned-center is-layout-flex wp-container-core-columns-is-layout-28f84493 wp-block-columns-is-layout-flex\">\n<div class=\"wp-block-column is-vertically-aligned-center is-layout-flow wp-block-column-is-layout-flow\">\n<h4 class=\"wp-block-heading\">Personaliza\u00e7\u00e3o do logotipo<\/h4>\n\n\n\n<ul class=\"wp-block-list\">\n<li>Parte de cristal: A tecnologia de grava\u00e7\u00e3o interna a laser \u00e9 usada para gravar permanentemente o LOGOTIPO dentro do cristal, que \u00e9 transparente, claro e nunca desbota, adequado para designs complexos, como logotipos e padr\u00f5es de marcas.<\/li>\n\n\n\n<li>Parte met\u00e1lica: Marca\u00e7\u00e3o a laser (linhas finas, textura forte), serigrafia (adequada para LOGOs coloridos) e relevo galvanizado (forte sentido tridimensional) s\u00e3o suportados para atender a diferentes requisitos de efeito visual.<\/li>\n<\/ul>\n\n\n\n<h4 class=\"wp-block-heading\">Personaliza\u00e7\u00e3o de cores<\/h4>\n\n\n\n<ul class=\"wp-block-list\">\n<li>Parte met\u00e1lica: Pode ser galvanizada em ouro, prata, ouro rosa, preto, bronze, etc. A espessura da camada de galvanoplastia \u00e9 \u22655\u03bcm para garantir resist\u00eancia ao desgaste e aus\u00eancia de desbotamento.<\/li>\n\n\n\n<li>Parte de cristal: Normalmente transparente (para destacar a transpar\u00eancia) e tamb\u00e9m pode ser personalizada em vers\u00f5es tingidas, como azul-claro, rosa e roxo (observe que o tingimento afeta a transmiss\u00e3o de luz, portanto, recomenda-se o uso de cores claras).<\/li>\n<\/ul>\n<\/div>\n\n\n\n<div class=\"wp-block-column is-vertically-aligned-center is-layout-flow wp-block-column-is-layout-flow\">\n<figure class=\"wp-block-image size-full\"><img alt=\"\" loading=\"lazy\" decoding=\"async\" width=\"800\" height=\"800\" src=\"https:\/\/www.usborkeychain.com\/wp-content\/uploads\/round-crystal-USB-flash-drive.jpg\" class=\"wp-image-6303\" srcset=\"https:\/\/www.usborkeychain.com\/wp-content\/uploads\/round-crystal-USB-flash-drive.jpg 800w, https:\/\/www.usborkeychain.com\/wp-content\/uploads\/round-crystal-USB-flash-drive-300x300.jpg 300w, https:\/\/www.usborkeychain.com\/wp-content\/uploads\/round-crystal-USB-flash-drive-150x150.jpg 150w, https:\/\/www.usborkeychain.com\/wp-content\/uploads\/round-crystal-USB-flash-drive-768x768.jpg 768w, https:\/\/www.usborkeychain.com\/wp-content\/uploads\/round-crystal-USB-flash-drive-12x12.jpg 12w, https:\/\/www.usborkeychain.com\/wp-content\/uploads\/round-crystal-USB-flash-drive-600x600.jpg 600w, https:\/\/www.usborkeychain.com\/wp-content\/uploads\/round-crystal-USB-flash-drive-100x100.jpg 100w\" sizes=\"(max-width: 800px) 100vw, 800px\" \/><\/figure>\n<\/div>\n<\/div>\n\n\n\n<h3 class=\"wp-block-heading\">Quem prefere pendrives USB redondos de cristal?<\/h3>\n\n\n\n<div class=\"wp-block-columns is-layout-flex wp-container-core-columns-is-layout-28f84493 wp-block-columns-is-layout-flex\">\n<div class=\"wp-block-column is-vertically-aligned-center is-layout-flow wp-block-column-is-layout-flow\">\n<figure class=\"wp-block-image size-full\"><img alt=\"\" loading=\"lazy\" decoding=\"async\" width=\"800\" height=\"800\" src=\"https:\/\/www.usborkeychain.com\/wp-content\/uploads\/circular-crystal-USB-flash-drive.jpg\" class=\"wp-image-6298\" srcset=\"https:\/\/www.usborkeychain.com\/wp-content\/uploads\/circular-crystal-USB-flash-drive.jpg 800w, https:\/\/www.usborkeychain.com\/wp-content\/uploads\/circular-crystal-USB-flash-drive-300x300.jpg 300w, https:\/\/www.usborkeychain.com\/wp-content\/uploads\/circular-crystal-USB-flash-drive-150x150.jpg 150w, https:\/\/www.usborkeychain.com\/wp-content\/uploads\/circular-crystal-USB-flash-drive-768x768.jpg 768w, https:\/\/www.usborkeychain.com\/wp-content\/uploads\/circular-crystal-USB-flash-drive-12x12.jpg 12w, https:\/\/www.usborkeychain.com\/wp-content\/uploads\/circular-crystal-USB-flash-drive-600x600.jpg 600w, https:\/\/www.usborkeychain.com\/wp-content\/uploads\/circular-crystal-USB-flash-drive-100x100.jpg 100w\" sizes=\"(max-width: 800px) 100vw, 800px\" \/><\/figure>\n<\/div>\n\n\n\n<div class=\"wp-block-column is-vertically-aligned-center is-layout-flow wp-block-column-is-layout-flow\">\n<ul class=\"wp-block-list\">\n<li>Compras corporativas: Como brindes comerciais (como reuni\u00f5es anuais, brindes para clientes), os LOGOs personalizados podem aumentar o reconhecimento da marca e destacar o temperamento sofisticado.<\/li>\n\n\n\n<li>Mercado de presentes: Adequado para cen\u00e1rios de festivais (como o Festival da Primavera e o Dia dos Namorados) e comemora\u00e7\u00f5es (como formaturas e anivers\u00e1rios), com valor pr\u00e1tico e colecion\u00e1vel.<\/li>\n\n\n\n<li>Usu\u00e1rios individuais: Consumidores que buscam um senso de design e exclusividade, usando-o para armazenamento di\u00e1rio ou como um pequeno enfeite de mesa.<\/li>\n<\/ul>\n<\/div>\n<\/div>\n\n\n\n<p>O<strong> Unidade flash USB redonda de cristal<\/strong>Em termos de design, combina a transpar\u00eancia do cristal com a resist\u00eancia do metal para criar uma textura exclusiva; em termos de configura\u00e7\u00e3o de par\u00e2metros, abrange as principais capacidades e interfaces para atender \u00e0s necessidades di\u00e1rias de armazenamento; em termos de recursos de personaliza\u00e7\u00e3o, o ajuste flex\u00edvel de LOGOTIPOS e cores torna o produto um portador de marcas e emo\u00e7\u00f5es; em termos de posicionamento no mercado, atende com precis\u00e3o \u00e0s necessidades diferenciadas de empresas, presentes e usu\u00e1rios individuais de alto n\u00edvel. N\u00e3o se trata apenas de um dispositivo de armazenamento, mas tamb\u00e9m de uma obra de arte port\u00e1til de alta qualidade.<\/p>","protected":false},"excerpt":{"rendered":"<ul>\n<li>Materiais de cristal<\/li>\n<li>Liga de alum\u00ednio \/ liga de a\u00e7o inoxid\u00e1vel<\/li>\n<li>Personaliza\u00e7\u00e3o do logotipo e da cor<\/li>\n<li>Adotar t\u00e9cnicas de corte multifacetadas<\/li>\n<li>MOQ:100pcs<\/li>\n<\/ul>","protected":false},"featured_media":6302,"comment_status":"open","ping_status":"closed","template":"","meta":{"_seopress_robots_primary_cat":"","_seopress_titles_title":"","_seopress_titles_desc":"","_seopress_robots_index":"","site-sidebar-layout":"default","site-content-layout":"","ast-site-content-layout":"","site-content-style":"default","site-sidebar-style":"default","ast-global-header-display":"","ast-banner-title-visibility":"","ast-main-header-display":"","ast-hfb-above-header-display":"","ast-hfb-below-header-display":"","ast-hfb-mobile-header-display":"","site-post-title":"","ast-breadcrumbs-content":"","ast-featured-img":"","footer-sml-layout":"","theme-transparent-header-meta":"","adv-header-id-meta":"","stick-header-meta":"","header-above-stick-meta":"","header-main-stick-meta":"","header-below-stick-meta":"","astra-migrate-meta-layouts":"default","ast-page-background-enabled":"default","ast-page-background-meta":{"desktop":{"background-color":"var(--ast-global-color-5)","background-image":"","background-repeat":"repeat","background-position":"center center","background-size":"auto","background-attachment":"scroll","background-type":"","background-media":"","overlay-type":"","overlay-color":"","overlay-opacity":"","overlay-gradient":""},"tablet":{"background-color":"","background-image":"","background-repeat":"repeat","background-position":"center center","background-size":"auto","background-attachment":"scroll","background-type":"","background-media":"","overlay-type":"","overlay-color":"","overlay-opacity":"","overlay-gradient":""},"mobile":{"background-color":"","background-image":"","background-repeat":"repeat","background-position":"center center","background-size":"auto","background-attachment":"scroll","background-type":"","background-media":"","overlay-type":"","overlay-color":"","overlay-opacity":"","overlay-gradient":""}},"ast-content-background-meta":{"desktop":{"background-color":"var(--ast-global-color-4)","background-image":"","background-repeat":"repeat","background-position":"center center","background-size":"auto","background-attachment":"scroll","background-type":"","background-media":"","overlay-type":"","overlay-color":"","overlay-opacity":"","overlay-gradient":""},"tablet":{"background-color":"var(--ast-global-color-4)","background-image":"","background-repeat":"repeat","background-position":"center center","background-size":"auto","background-attachment":"scroll","background-type":"","background-media":"","overlay-type":"","overlay-color":"","overlay-opacity":"","overlay-gradient":""},"mobile":{"background-color":"var(--ast-global-color-4)","background-image":"","background-repeat":"repeat","background-position":"center center","background-size":"auto","background-attachment":"scroll","background-type":"","background-media":"","overlay-type":"","overlay-color":"","overlay-opacity":"","overlay-gradient":""}}},"product_brand":[],"product_cat":[174],"product_tag":[389],"class_list":{"0":"post-6295","1":"product","2":"type-product","3":"status-publish","4":"has-post-thumbnail","6":"product_cat-crystal-usb-pendrive","7":"product_tag-round-crystal-usb-flash-drive","8":"desktop-align-left","9":"tablet-align-left","10":"mobile-align-left","12":"first","13":"instock","14":"shipping-taxable","15":"product-type-simple"},"_links":{"self":[{"href":"https:\/\/www.usborkeychain.com\/pt\/wp-json\/wp\/v2\/product\/6295","targetHints":{"allow":["GET"]}}],"collection":[{"href":"https:\/\/www.usborkeychain.com\/pt\/wp-json\/wp\/v2\/product"}],"about":[{"href":"https:\/\/www.usborkeychain.com\/pt\/wp-json\/wp\/v2\/types\/product"}],"replies":[{"embeddable":true,"href":"https:\/\/www.usborkeychain.com\/pt\/wp-json\/wp\/v2\/comments?post=6295"}],"wp:featuredmedia":[{"embeddable":true,"href":"https:\/\/www.usborkeychain.com\/pt\/wp-json\/wp\/v2\/media\/6302"}],"wp:attachment":[{"href":"https:\/\/www.usborkeychain.com\/pt\/wp-json\/wp\/v2\/media?parent=6295"}],"wp:term":[{"taxonomy":"product_brand","embeddable":true,"href":"https:\/\/www.usborkeychain.com\/pt\/wp-json\/wp\/v2\/product_brand?post=6295"},{"taxonomy":"product_cat","embeddable":true,"href":"https:\/\/www.usborkeychain.com\/pt\/wp-json\/wp\/v2\/product_cat?post=6295"},{"taxonomy":"product_tag","embeddable":true,"href":"https:\/\/www.usborkeychain.com\/pt\/wp-json\/wp\/v2\/product_tag?post=6295"}],"curies":[{"name":"wp","href":"https:\/\/api.w.org\/{rel}","templated":true}]}}