{"id":6309,"date":"2025-08-09T04:24:44","date_gmt":"2025-08-09T04:24:44","guid":{"rendered":"https:\/\/www.usborkeychain.com\/?post_type=product&#038;p=6309"},"modified":"2025-08-09T04:25:27","modified_gmt":"2025-08-09T04:25:27","slug":"rotating-acrylic-light-up-usb-drive","status":"publish","type":"product","link":"https:\/\/www.usborkeychain.com\/pt\/produto\/rotating-acrylic-light-up-usb-drive\/","title":{"rendered":"Unidade USB girat\u00f3ria de acr\u00edlico iluminada"},"content":{"rendered":"<h4 class=\"wp-block-heading\">Qual \u00e9 o princ\u00edpio da unidade USB iluminada?<\/h4>\n\n\n\n<p>O n\u00facleo luminoso do drive USB girat\u00f3rio de acr\u00edlico iluminado \u00e9 resultado do efeito sin\u00e9rgico das esferas de LED incorporadas e do material acr\u00edlico de alta transpar\u00eancia:<\/p>\n\n\n\n<ul class=\"wp-block-list\">\n<li>L\u00f3gica da fonte de alimenta\u00e7\u00e3o: Quando conectada a um dispositivo, a interface USB fornece energia ao LED integrado, acionando a fonte de luz para acender.<\/li>\n\n\n\n<li>Apresenta\u00e7\u00e3o de luz e sombra: Com uma transmit\u00e2ncia de luz superior a 90%, o acr\u00edlico pode espalhar uniformemente a luz do LED, fazendo com que o logotipo\/padr\u00e3o incorporado exiba um efeito luminoso transparente e tridimensional.<\/li>\n\n\n\n<li>Design interativo: A estrutura girat\u00f3ria n\u00e3o apenas protege a interface, mas tamb\u00e9m otimiza a exibi\u00e7\u00e3o de luz e sombra por meio do ajuste de \u00e2ngulo, acrescentando um toque din\u00e2mico ao efeito luminoso.<\/li>\n<\/ul>\n\n\n\n<div class=\"wp-block-columns is-layout-flex wp-container-core-columns-is-layout-28f84493 wp-block-columns-is-layout-flex\">\n<div class=\"wp-block-column is-layout-flow wp-block-column-is-layout-flow\">\n<figure class=\"wp-block-image size-full\"><img alt=\"\" fetchpriority=\"high\" decoding=\"async\" width=\"800\" height=\"800\" src=\"https:\/\/www.usborkeychain.com\/wp-content\/uploads\/rotating-acrylic-LED-USB-flash-drive.png\" class=\"wp-image-6315\" srcset=\"https:\/\/www.usborkeychain.com\/wp-content\/uploads\/rotating-acrylic-LED-USB-flash-drive.png 800w, https:\/\/www.usborkeychain.com\/wp-content\/uploads\/rotating-acrylic-LED-USB-flash-drive-300x300.png 300w, https:\/\/www.usborkeychain.com\/wp-content\/uploads\/rotating-acrylic-LED-USB-flash-drive-150x150.png 150w, https:\/\/www.usborkeychain.com\/wp-content\/uploads\/rotating-acrylic-LED-USB-flash-drive-768x768.png 768w, https:\/\/www.usborkeychain.com\/wp-content\/uploads\/rotating-acrylic-LED-USB-flash-drive-12x12.png 12w, https:\/\/www.usborkeychain.com\/wp-content\/uploads\/rotating-acrylic-LED-USB-flash-drive-600x600.png 600w, https:\/\/www.usborkeychain.com\/wp-content\/uploads\/rotating-acrylic-LED-USB-flash-drive-100x100.png 100w\" sizes=\"(max-width: 800px) 100vw, 800px\" \/><\/figure>\n<\/div>\n\n\n\n<div class=\"wp-block-column is-layout-flow wp-block-column-is-layout-flow\">\n<figure class=\"wp-block-image size-full\"><img alt=\"\" decoding=\"async\" width=\"800\" height=\"800\" src=\"https:\/\/www.usborkeychain.com\/wp-content\/uploads\/rotating-acrylic-light-up-USB-flash-drive.png\" class=\"wp-image-6316\" srcset=\"https:\/\/www.usborkeychain.com\/wp-content\/uploads\/rotating-acrylic-light-up-USB-flash-drive.png 800w, https:\/\/www.usborkeychain.com\/wp-content\/uploads\/rotating-acrylic-light-up-USB-flash-drive-300x300.png 300w, https:\/\/www.usborkeychain.com\/wp-content\/uploads\/rotating-acrylic-light-up-USB-flash-drive-150x150.png 150w, https:\/\/www.usborkeychain.com\/wp-content\/uploads\/rotating-acrylic-light-up-USB-flash-drive-768x768.png 768w, https:\/\/www.usborkeychain.com\/wp-content\/uploads\/rotating-acrylic-light-up-USB-flash-drive-12x12.png 12w, https:\/\/www.usborkeychain.com\/wp-content\/uploads\/rotating-acrylic-light-up-USB-flash-drive-600x600.png 600w, https:\/\/www.usborkeychain.com\/wp-content\/uploads\/rotating-acrylic-light-up-USB-flash-drive-100x100.png 100w\" sizes=\"(max-width: 800px) 100vw, 800px\" \/><\/figure>\n<\/div>\n<\/div>\n\n\n\n<div class=\"wp-block-columns is-layout-flex wp-container-core-columns-is-layout-28f84493 wp-block-columns-is-layout-flex\">\n<div class=\"wp-block-column is-layout-flow wp-block-column-is-layout-flow\">\n<figure class=\"wp-block-image size-full\"><img alt=\"\" decoding=\"async\" width=\"800\" height=\"800\" src=\"https:\/\/www.usborkeychain.com\/wp-content\/uploads\/usb-flash-drive-with-led-light-2.png\" class=\"wp-image-6318\" srcset=\"https:\/\/www.usborkeychain.com\/wp-content\/uploads\/usb-flash-drive-with-led-light-2.png 800w, https:\/\/www.usborkeychain.com\/wp-content\/uploads\/usb-flash-drive-with-led-light-2-300x300.png 300w, https:\/\/www.usborkeychain.com\/wp-content\/uploads\/usb-flash-drive-with-led-light-2-150x150.png 150w, https:\/\/www.usborkeychain.com\/wp-content\/uploads\/usb-flash-drive-with-led-light-2-768x768.png 768w, https:\/\/www.usborkeychain.com\/wp-content\/uploads\/usb-flash-drive-with-led-light-2-12x12.png 12w, https:\/\/www.usborkeychain.com\/wp-content\/uploads\/usb-flash-drive-with-led-light-2-600x600.png 600w, https:\/\/www.usborkeychain.com\/wp-content\/uploads\/usb-flash-drive-with-led-light-2-100x100.png 100w\" sizes=\"(max-width: 800px) 100vw, 800px\" \/><\/figure>\n<\/div>\n\n\n\n<div class=\"wp-block-column is-layout-flow wp-block-column-is-layout-flow\">\n<figure class=\"wp-block-image size-full\"><img alt=\"\" loading=\"lazy\" decoding=\"async\" width=\"800\" height=\"800\" src=\"https:\/\/www.usborkeychain.com\/wp-content\/uploads\/metal-crystal-usb-flash-drive.png\" class=\"wp-image-6314\" srcset=\"https:\/\/www.usborkeychain.com\/wp-content\/uploads\/metal-crystal-usb-flash-drive.png 800w, https:\/\/www.usborkeychain.com\/wp-content\/uploads\/metal-crystal-usb-flash-drive-300x300.png 300w, https:\/\/www.usborkeychain.com\/wp-content\/uploads\/metal-crystal-usb-flash-drive-150x150.png 150w, https:\/\/www.usborkeychain.com\/wp-content\/uploads\/metal-crystal-usb-flash-drive-768x768.png 768w, https:\/\/www.usborkeychain.com\/wp-content\/uploads\/metal-crystal-usb-flash-drive-12x12.png 12w, https:\/\/www.usborkeychain.com\/wp-content\/uploads\/metal-crystal-usb-flash-drive-600x600.png 600w, https:\/\/www.usborkeychain.com\/wp-content\/uploads\/metal-crystal-usb-flash-drive-100x100.png 100w\" sizes=\"(max-width: 800px) 100vw, 800px\" \/><\/figure>\n<\/div>\n<\/div>\n\n\n\n<h2 class=\"wp-block-heading\">Recursos de design da unidade USB Light-Up<\/h2>\n\n\n\n<h5 class=\"wp-block-heading\">Materiais b\u00e1sicos<\/h5>\n\n\n\n<ul class=\"wp-block-list\">\n<li>Carca\u00e7a de liga de alum\u00ednio: Processada por meio de escultura de precis\u00e3o CNC + polimento\/eletrodeposi\u00e7\u00e3o, ela apresenta uma textura met\u00e1lica brilhante (dispon\u00edvel em prata, ouro, preto, ouro rosa etc.) e possui propriedades anti-queda, anti-choque e anti-press\u00e3o.<\/li>\n\n\n\n<li>Corpo principal de acr\u00edlico: Feito de material PMMA de alta pureza, oferece vantagens de resist\u00eancia ao desgaste, antiamarelamento e alta transmit\u00e2ncia de luz. Os logotipos gravados a laser parecem mais tridimensionais quando iluminados e resistem ao desbotamento com o uso prolongado.<\/li>\n<\/ul>\n\n\n\n<h5 class=\"wp-block-heading\">Projeto estrutural<\/h5>\n\n\n\n<ul class=\"wp-block-list\">\n<li>Prote\u00e7\u00e3o girat\u00f3ria: A rota\u00e7\u00e3o de 360\u00b0 alterna entre o \"estado em uso (interface exposta)\" e o \"estado de armazenamento (interface oculta)\", protegendo a interface e permitindo a opera\u00e7\u00e3o com uma s\u00f3 m\u00e3o.<\/li>\n\n\n\n<li>Apar\u00eancia simplificada: Projetado ergonomicamente com bordas arredondadas para uma pegada confort\u00e1vel; seu tamanho pequeno e sua constru\u00e7\u00e3o leve atendem \u00e0s necessidades de portabilidade em qualquer lugar.<\/li>\n<\/ul>\n\n\n\n<h5 class=\"wp-block-heading\">Caracter\u00edsticas luminosas<\/h5>\n\n\n\n<ul class=\"wp-block-list\">\n<li>Personaliza\u00e7\u00e3o da luz: Suporta cores de LED como azul, roxo, vermelho, verde e branco, combinando com a marca ou com as prefer\u00eancias pessoais para aumentar o reconhecimento.<\/li>\n\n\n\n<li>Visuais din\u00e2micos: A luz e a sombra mudam com os \u00e2ngulos de rota\u00e7\u00e3o, quebrando a monotonia e tornando-o um \"item tecnol\u00f3gico da moda\" que chama a aten\u00e7\u00e3o.<\/li>\n<\/ul>\n\n\n\n<div class=\"wp-block-columns is-layout-flex wp-container-core-columns-is-layout-28f84493 wp-block-columns-is-layout-flex\">\n<div class=\"wp-block-column is-layout-flow wp-block-column-is-layout-flow\">\n<figure class=\"wp-block-image size-full\"><img alt=\"\" loading=\"lazy\" decoding=\"async\" width=\"800\" height=\"800\" src=\"https:\/\/www.usborkeychain.com\/wp-content\/uploads\/led-crystal-usb-flash-drive.png\" class=\"wp-image-6312\" srcset=\"https:\/\/www.usborkeychain.com\/wp-content\/uploads\/led-crystal-usb-flash-drive.png 800w, https:\/\/www.usborkeychain.com\/wp-content\/uploads\/led-crystal-usb-flash-drive-300x300.png 300w, https:\/\/www.usborkeychain.com\/wp-content\/uploads\/led-crystal-usb-flash-drive-150x150.png 150w, https:\/\/www.usborkeychain.com\/wp-content\/uploads\/led-crystal-usb-flash-drive-768x768.png 768w, https:\/\/www.usborkeychain.com\/wp-content\/uploads\/led-crystal-usb-flash-drive-12x12.png 12w, https:\/\/www.usborkeychain.com\/wp-content\/uploads\/led-crystal-usb-flash-drive-600x600.png 600w, https:\/\/www.usborkeychain.com\/wp-content\/uploads\/led-crystal-usb-flash-drive-100x100.png 100w\" sizes=\"(max-width: 800px) 100vw, 800px\" \/><\/figure>\n<\/div>\n\n\n\n<div class=\"wp-block-column is-layout-flow wp-block-column-is-layout-flow\">\n<figure class=\"wp-block-image size-full\"><img alt=\"\" loading=\"lazy\" decoding=\"async\" width=\"800\" height=\"800\" src=\"https:\/\/www.usborkeychain.com\/wp-content\/uploads\/usb-flash-drive-led-light.png\" class=\"wp-image-6317\" srcset=\"https:\/\/www.usborkeychain.com\/wp-content\/uploads\/usb-flash-drive-led-light.png 800w, https:\/\/www.usborkeychain.com\/wp-content\/uploads\/usb-flash-drive-led-light-300x300.png 300w, https:\/\/www.usborkeychain.com\/wp-content\/uploads\/usb-flash-drive-led-light-150x150.png 150w, https:\/\/www.usborkeychain.com\/wp-content\/uploads\/usb-flash-drive-led-light-768x768.png 768w, https:\/\/www.usborkeychain.com\/wp-content\/uploads\/usb-flash-drive-led-light-12x12.png 12w, https:\/\/www.usborkeychain.com\/wp-content\/uploads\/usb-flash-drive-led-light-600x600.png 600w, https:\/\/www.usborkeychain.com\/wp-content\/uploads\/usb-flash-drive-led-light-100x100.png 100w\" sizes=\"(max-width: 800px) 100vw, 800px\" \/><\/figure>\n<\/div>\n<\/div>\n\n\n\n<h2 class=\"wp-block-heading\">Logotipos exclusivos personalizados<\/h2>\n\n\n\n<ul class=\"wp-block-list\">\n<li>Apresenta\u00e7\u00e3o do logotipo: A grava\u00e7\u00e3o interna a laser incorpora os logotipos\/padr\u00f5es da marca na camada de acr\u00edlico, que parecem tridimensionais e transparentes quando iluminados, aprofundando a lembran\u00e7a da marca.<\/li>\n\n\n\n<li>Correspond\u00eancia de cores: as cores do inv\u00f3lucro de metal e da luz de LED podem ser personalizadas (por exemplo, para combinar com as cores VI corporativas), obtendo \"um design por cliente\".<\/li>\n<\/ul>\n\n\n\n<h2 class=\"wp-block-heading\">Tabela de par\u00e2metros principais da unidade USB<\/h2>\n\n\n\n<figure class=\"wp-block-table\"><table class=\"has-fixed-layout\"><thead><tr><th>Item de par\u00e2metro<\/th><th>Detalhes<\/th><\/tr><\/thead><tbody><tr><td>Tipo de interface<\/td><td>USB 2.0<\/td><\/tr><tr><td>Op\u00e7\u00f5es de capacidade<\/td><td>8GB \/ 16GB \/ 32GB \/ 64GB \/ 128GB<\/td><\/tr><tr><td>Tamanho do produto (C\u00d7L\u00d7A)<\/td><td>45 mm \u00d7 18 mm \u00d7 8 mm<\/td><\/tr><tr><td>Peso<\/td><td>Aprox. 15g<\/td><\/tr><tr><td>Cor clara<\/td><td>Azul, roxo, vermelho, verde, branco (personaliz\u00e1vel)<\/td><\/tr><tr><td>Cor da concha met\u00e1lica<\/td><td>Prata, ouro, preto, ouro rosa (personaliz\u00e1vel)<\/td><\/tr><\/tbody><\/table><\/figure>\n\n\n\n<h2 class=\"wp-block-heading\">Quem est\u00e1 comprando essa unidade USB?<\/h2>\n\n\n\n<div class=\"wp-block-columns is-layout-flex wp-container-core-columns-is-layout-28f84493 wp-block-columns-is-layout-flex\">\n<div class=\"wp-block-column is-vertically-aligned-center is-layout-flow wp-block-column-is-layout-flow\">\n<ol class=\"wp-block-list\">\n<li>Elites empresariais: Como brindes corporativos, com logotipos personalizados e textura met\u00e1lica, eles exalam uma vibra\u00e7\u00e3o de alta qualidade, ideal para presentes de neg\u00f3cios ou lembran\u00e7as de reuni\u00f5es anuais.<\/li>\n\n\n\n<li>Entusiastas de tend\u00eancias: Os jovens que buscam a individualidade preferem seu design colorido, iluminado e girat\u00f3rio, transformando a unidade USB em um \"acess\u00f3rio port\u00e1til da moda\".<\/li>\n\n\n\n<li>Marcas\/planejadores: Em exposi\u00e7\u00f5es e confer\u00eancias, as unidades USB personalizadas servem tanto como brindes pr\u00e1ticos quanto como ferramentas m\u00f3veis de promo\u00e7\u00e3o da marca.<\/li>\n<\/ol>\n\n\n\n<p>O <strong>Unidade USB girat\u00f3ria de acr\u00edlico iluminada<\/strong> \u00e9 uma unidade USB moderna que combina perfeitamente a funcionalidade de armazenamento com um design inovador. <strong>Youshan<\/strong> oferece personaliza\u00e7\u00e3o para v\u00e1rios tipos de unidades USB; para obter detalhes, consulte o atendimento ao cliente.<\/p>\n<\/div>\n\n\n\n<div class=\"wp-block-column is-vertically-aligned-center is-layout-flow wp-block-column-is-layout-flow\">\n<figure class=\"wp-block-image size-full\"><img alt=\"\" loading=\"lazy\" decoding=\"async\" width=\"800\" height=\"800\" src=\"https:\/\/www.usborkeychain.com\/wp-content\/uploads\/led-light-usb-flash-drive.png\" class=\"wp-image-6313\" srcset=\"https:\/\/www.usborkeychain.com\/wp-content\/uploads\/led-light-usb-flash-drive.png 800w, https:\/\/www.usborkeychain.com\/wp-content\/uploads\/led-light-usb-flash-drive-300x300.png 300w, https:\/\/www.usborkeychain.com\/wp-content\/uploads\/led-light-usb-flash-drive-150x150.png 150w, https:\/\/www.usborkeychain.com\/wp-content\/uploads\/led-light-usb-flash-drive-768x768.png 768w, https:\/\/www.usborkeychain.com\/wp-content\/uploads\/led-light-usb-flash-drive-12x12.png 12w, https:\/\/www.usborkeychain.com\/wp-content\/uploads\/led-light-usb-flash-drive-600x600.png 600w, https:\/\/www.usborkeychain.com\/wp-content\/uploads\/led-light-usb-flash-drive-100x100.png 100w\" sizes=\"(max-width: 800px) 100vw, 800px\" \/><\/figure>\n<\/div>\n<\/div>","protected":false},"excerpt":{"rendered":"<ul>\n<li>Materiais de liga de alum\u00ednio<\/li>\n<li>Material acr\u00edlico<\/li>\n<li>Rota\u00e7\u00e3o de 360<\/li>\n<li>Personalizado <span style=\"font-size: 16px;\">Cores da luz LOGO&amp;LED<\/span><\/li>\n<li>\n<p class=\"header-vfC6AV auto-hide-last-sibling-br\"><span style=\"font-size: 16px;\">MOQ:100pcs<\/span><\/p>\n<\/li>\n<\/ul>","protected":false},"featured_media":6312,"comment_status":"open","ping_status":"closed","template":"","meta":{"_seopress_robots_primary_cat":"","_seopress_titles_title":"","_seopress_titles_desc":"","_seopress_robots_index":"","site-sidebar-layout":"default","site-content-layout":"","ast-site-content-layout":"","site-content-style":"default","site-sidebar-style":"default","ast-global-header-display":"","ast-banner-title-visibility":"","ast-main-header-display":"","ast-hfb-above-header-display":"","ast-hfb-below-header-display":"","ast-hfb-mobile-header-display":"","site-post-title":"","ast-breadcrumbs-content":"","ast-featured-img":"","footer-sml-layout":"","theme-transparent-header-meta":"","adv-header-id-meta":"","stick-header-meta":"","header-above-stick-meta":"","header-main-stick-meta":"","header-below-stick-meta":"","astra-migrate-meta-layouts":"default","ast-page-background-enabled":"default","ast-page-background-meta":{"desktop":{"background-color":"var(--ast-global-color-5)","background-image":"","background-repeat":"repeat","background-position":"center center","background-size":"auto","background-attachment":"scroll","background-type":"","background-media":"","overlay-type":"","overlay-color":"","overlay-opacity":"","overlay-gradient":""},"tablet":{"background-color":"","background-image":"","background-repeat":"repeat","background-position":"center center","background-size":"auto","background-attachment":"scroll","background-type":"","background-media":"","overlay-type":"","overlay-color":"","overlay-opacity":"","overlay-gradient":""},"mobile":{"background-color":"","background-image":"","background-repeat":"repeat","background-position":"center center","background-size":"auto","background-attachment":"scroll","background-type":"","background-media":"","overlay-type":"","overlay-color":"","overlay-opacity":"","overlay-gradient":""}},"ast-content-background-meta":{"desktop":{"background-color":"var(--ast-global-color-4)","background-image":"","background-repeat":"repeat","background-position":"center center","background-size":"auto","background-attachment":"scroll","background-type":"","background-media":"","overlay-type":"","overlay-color":"","overlay-opacity":"","overlay-gradient":""},"tablet":{"background-color":"var(--ast-global-color-4)","background-image":"","background-repeat":"repeat","background-position":"center center","background-size":"auto","background-attachment":"scroll","background-type":"","background-media":"","overlay-type":"","overlay-color":"","overlay-opacity":"","overlay-gradient":""},"mobile":{"background-color":"var(--ast-global-color-4)","background-image":"","background-repeat":"repeat","background-position":"center center","background-size":"auto","background-attachment":"scroll","background-type":"","background-media":"","overlay-type":"","overlay-color":"","overlay-opacity":"","overlay-gradient":""}}},"product_brand":[],"product_cat":[174],"product_tag":[],"class_list":{"0":"post-6309","1":"product","2":"type-product","3":"status-publish","4":"has-post-thumbnail","6":"product_cat-crystal-usb-pendrive","7":"desktop-align-left","8":"tablet-align-left","9":"mobile-align-left","11":"first","12":"instock","13":"shipping-taxable","14":"product-type-simple"},"_links":{"self":[{"href":"https:\/\/www.usborkeychain.com\/pt\/wp-json\/wp\/v2\/product\/6309","targetHints":{"allow":["GET"]}}],"collection":[{"href":"https:\/\/www.usborkeychain.com\/pt\/wp-json\/wp\/v2\/product"}],"about":[{"href":"https:\/\/www.usborkeychain.com\/pt\/wp-json\/wp\/v2\/types\/product"}],"replies":[{"embeddable":true,"href":"https:\/\/www.usborkeychain.com\/pt\/wp-json\/wp\/v2\/comments?post=6309"}],"wp:featuredmedia":[{"embeddable":true,"href":"https:\/\/www.usborkeychain.com\/pt\/wp-json\/wp\/v2\/media\/6312"}],"wp:attachment":[{"href":"https:\/\/www.usborkeychain.com\/pt\/wp-json\/wp\/v2\/media?parent=6309"}],"wp:term":[{"taxonomy":"product_brand","embeddable":true,"href":"https:\/\/www.usborkeychain.com\/pt\/wp-json\/wp\/v2\/product_brand?post=6309"},{"taxonomy":"product_cat","embeddable":true,"href":"https:\/\/www.usborkeychain.com\/pt\/wp-json\/wp\/v2\/product_cat?post=6309"},{"taxonomy":"product_tag","embeddable":true,"href":"https:\/\/www.usborkeychain.com\/pt\/wp-json\/wp\/v2\/product_tag?post=6309"}],"curies":[{"name":"wp","href":"https:\/\/api.w.org\/{rel}","templated":true}]}}