{"id":6319,"date":"2025-08-09T04:50:11","date_gmt":"2025-08-09T04:50:11","guid":{"rendered":"https:\/\/www.usborkeychain.com\/?post_type=product&#038;p=6319"},"modified":"2025-08-16T03:06:12","modified_gmt":"2025-08-16T03:06:12","slug":"heart-shaped-crystal-usb-drive","status":"publish","type":"product","link":"https:\/\/www.usborkeychain.com\/pt\/produto\/heart-shaped-crystal-usb-drive\/","title":{"rendered":"Unidade USB de cristal em forma de cora\u00e7\u00e3o"},"content":{"rendered":"<div class=\"wp-block-columns is-layout-flex wp-container-core-columns-is-layout-28f84493 wp-block-columns-is-layout-flex\">\n<div class=\"wp-block-column is-vertically-aligned-center is-layout-flow wp-block-column-is-layout-flow\">\n<p>O <strong>Unidade USB de cristal em forma de cora\u00e7\u00e3o<\/strong> apresenta \"metal + cristal\" como seus materiais principais. A parte met\u00e1lica \u00e9 forjada a partir de uma liga de grau aeron\u00e1utico, passando por v\u00e1rios processos de polimento e galvanoplastia para apresentar um brilho espelhado. Ela \u00e9 resistente ao desgaste e a arranh\u00f5es, e n\u00e3o \u00e9 propensa \u00e0 oxida\u00e7\u00e3o ou ao desbotamento com o uso prolongado. <\/p>\n\n\n\n<p>A parte de cristal \u00e9 feita de cristal artificial de alta transpar\u00eancia, trabalhada em facetas tridimensionais usando a \"tecnologia de corte de facetas\", exibindo a brilhante luz do arco-\u00edris sob a refra\u00e7\u00e3o da luz. Ele vem em 12 cores personalizadas, incluindo rosa, azul, roxo, verde e dourado, o que permite uma combina\u00e7\u00e3o personalizada.<\/p>\n<\/div>\n\n\n\n<div class=\"wp-block-column is-vertically-aligned-center is-layout-flow wp-block-column-is-layout-flow\">\n<figure class=\"wp-block-image size-full\"><img alt=\"\" fetchpriority=\"high\" decoding=\"async\" width=\"800\" height=\"800\" src=\"https:\/\/www.usborkeychain.com\/wp-content\/uploads\/crystal-heart-usb-flash-drive.png\" class=\"wp-image-6323\" srcset=\"https:\/\/www.usborkeychain.com\/wp-content\/uploads\/crystal-heart-usb-flash-drive.png 800w, https:\/\/www.usborkeychain.com\/wp-content\/uploads\/crystal-heart-usb-flash-drive-300x300.png 300w, https:\/\/www.usborkeychain.com\/wp-content\/uploads\/crystal-heart-usb-flash-drive-150x150.png 150w, https:\/\/www.usborkeychain.com\/wp-content\/uploads\/crystal-heart-usb-flash-drive-768x768.png 768w, https:\/\/www.usborkeychain.com\/wp-content\/uploads\/crystal-heart-usb-flash-drive-12x12.png 12w, https:\/\/www.usborkeychain.com\/wp-content\/uploads\/crystal-heart-usb-flash-drive-600x600.png 600w, https:\/\/www.usborkeychain.com\/wp-content\/uploads\/crystal-heart-usb-flash-drive-100x100.png 100w\" sizes=\"(max-width: 800px) 100vw, 800px\" \/><\/figure>\n<\/div>\n<\/div>\n\n\n\n<div class=\"wp-block-columns is-layout-flex wp-container-core-columns-is-layout-28f84493 wp-block-columns-is-layout-flex\">\n<div class=\"wp-block-column is-vertically-aligned-center is-layout-flow wp-block-column-is-layout-flow\">\n<p>O design geral \u00e9 um formato de cora\u00e7\u00e3o sim\u00e9trico. A metade de metal e a metade de cristal s\u00e3o conectadas por atra\u00e7\u00e3o magn\u00e9tica ou por um encaixe. Virar levemente o lado met\u00e1lico revela a interface USB, que n\u00e3o s\u00f3 protege a interface, mas tamb\u00e9m aprimora sua est\u00e9tica.<\/p>\n\n\n\n<p>A extremidade met\u00e1lica \u00e9 predefinida com um design de buraco de fechadura, permitindo a conex\u00e3o de chaveiros, cord\u00f5es em s\u00e9rie ou a fixa\u00e7\u00e3o direta em carteiras e mochilas.<\/p>\n<\/div>\n\n\n\n<div class=\"wp-block-column is-vertically-aligned-center is-layout-flow wp-block-column-is-layout-flow\">\n<figure class=\"wp-block-image size-full\"><img alt=\"\" decoding=\"async\" width=\"800\" height=\"800\" src=\"https:\/\/www.usborkeychain.com\/wp-content\/uploads\/crystal-usb-flash-drive.png\" class=\"wp-image-6326\" srcset=\"https:\/\/www.usborkeychain.com\/wp-content\/uploads\/crystal-usb-flash-drive.png 800w, https:\/\/www.usborkeychain.com\/wp-content\/uploads\/crystal-usb-flash-drive-300x300.png 300w, https:\/\/www.usborkeychain.com\/wp-content\/uploads\/crystal-usb-flash-drive-150x150.png 150w, https:\/\/www.usborkeychain.com\/wp-content\/uploads\/crystal-usb-flash-drive-768x768.png 768w, https:\/\/www.usborkeychain.com\/wp-content\/uploads\/crystal-usb-flash-drive-12x12.png 12w, https:\/\/www.usborkeychain.com\/wp-content\/uploads\/crystal-usb-flash-drive-600x600.png 600w, https:\/\/www.usborkeychain.com\/wp-content\/uploads\/crystal-usb-flash-drive-100x100.png 100w\" sizes=\"(max-width: 800px) 100vw, 800px\" \/><\/figure>\n<\/div>\n<\/div>\n\n\n\n<h2 class=\"wp-block-heading\">Par\u00e2metros principais da unidade USB<\/h2>\n\n\n\n<figure class=\"wp-block-table\"><table class=\"has-fixed-layout\"><thead><tr><th>Par\u00e2metro Dimens\u00e3o<\/th><th>Detalhes da especifica\u00e7\u00e3o<\/th><\/tr><\/thead><tbody><tr><td>Tipo de interface<\/td><td>USB 3.0 (compat\u00edvel com o USB 2.0)<\/td><\/tr><tr><td>Op\u00e7\u00f5es de capacidade<\/td><td>8GB \/ 16GB \/ 32GB \/ 64GB \/ 128GB<\/td><\/tr><tr><td>Tamanho do corpo principal em forma de cora\u00e7\u00e3o (comprimento \u00d7 largura \u00d7 altura)<\/td><td>32 mm \u00d7 28 mm \u00d7 8 mm<\/td><\/tr><tr><td>Peso<\/td><td>Aproximadamente 15 g (incluindo a corrente de metal)<\/td><\/tr><tr><td>Desempenho da prote\u00e7\u00e3o<\/td><td>Resist\u00eancia a arranh\u00f5es no metal + revestimento de cristal anti-impress\u00e3o digital<\/td><\/tr><\/tbody><\/table><\/figure>\n\n\n\n<div class=\"wp-block-columns is-layout-flex wp-container-core-columns-is-layout-28f84493 wp-block-columns-is-layout-flex\">\n<div class=\"wp-block-column is-layout-flow wp-block-column-is-layout-flow\">\n<figure class=\"wp-block-image size-full\"><img alt=\"\" decoding=\"async\" width=\"800\" height=\"800\" src=\"https:\/\/www.usborkeychain.com\/wp-content\/uploads\/metal-crystal-usb-flash-drive-1.png\" class=\"wp-image-6328\" srcset=\"https:\/\/www.usborkeychain.com\/wp-content\/uploads\/metal-crystal-usb-flash-drive-1.png 800w, https:\/\/www.usborkeychain.com\/wp-content\/uploads\/metal-crystal-usb-flash-drive-1-300x300.png 300w, https:\/\/www.usborkeychain.com\/wp-content\/uploads\/metal-crystal-usb-flash-drive-1-150x150.png 150w, https:\/\/www.usborkeychain.com\/wp-content\/uploads\/metal-crystal-usb-flash-drive-1-768x768.png 768w, https:\/\/www.usborkeychain.com\/wp-content\/uploads\/metal-crystal-usb-flash-drive-1-12x12.png 12w, https:\/\/www.usborkeychain.com\/wp-content\/uploads\/metal-crystal-usb-flash-drive-1-600x600.png 600w, https:\/\/www.usborkeychain.com\/wp-content\/uploads\/metal-crystal-usb-flash-drive-1-100x100.png 100w\" sizes=\"(max-width: 800px) 100vw, 800px\" \/><\/figure>\n<\/div>\n\n\n\n<div class=\"wp-block-column is-layout-flow wp-block-column-is-layout-flow\">\n<figure class=\"wp-block-image size-full\"><img alt=\"\" loading=\"lazy\" decoding=\"async\" width=\"800\" height=\"800\" src=\"https:\/\/www.usborkeychain.com\/wp-content\/uploads\/crystal-usb-flash-drives-1.png\" class=\"wp-image-6327\" srcset=\"https:\/\/www.usborkeychain.com\/wp-content\/uploads\/crystal-usb-flash-drives-1.png 800w, https:\/\/www.usborkeychain.com\/wp-content\/uploads\/crystal-usb-flash-drives-1-300x300.png 300w, https:\/\/www.usborkeychain.com\/wp-content\/uploads\/crystal-usb-flash-drives-1-150x150.png 150w, https:\/\/www.usborkeychain.com\/wp-content\/uploads\/crystal-usb-flash-drives-1-768x768.png 768w, https:\/\/www.usborkeychain.com\/wp-content\/uploads\/crystal-usb-flash-drives-1-12x12.png 12w, https:\/\/www.usborkeychain.com\/wp-content\/uploads\/crystal-usb-flash-drives-1-600x600.png 600w, https:\/\/www.usborkeychain.com\/wp-content\/uploads\/crystal-usb-flash-drives-1-100x100.png 100w\" sizes=\"(max-width: 800px) 100vw, 800px\" \/><\/figure>\n<\/div>\n<\/div>\n\n\n\n<h2 class=\"wp-block-heading\">Quem est\u00e1 comprando essa unidade USB?<\/h2>\n\n\n\n<div class=\"wp-block-columns is-layout-flex wp-container-core-columns-is-layout-28f84493 wp-block-columns-is-layout-flex\">\n<div class=\"wp-block-column is-vertically-aligned-center is-layout-flow wp-block-column-is-layout-flow\">\n<figure class=\"wp-block-image size-full\"><img alt=\"\" loading=\"lazy\" decoding=\"async\" width=\"800\" height=\"800\" src=\"https:\/\/www.usborkeychain.com\/wp-content\/uploads\/crystal-usb-flash-drive-bulk.png\" class=\"wp-image-6324\" srcset=\"https:\/\/www.usborkeychain.com\/wp-content\/uploads\/crystal-usb-flash-drive-bulk.png 800w, https:\/\/www.usborkeychain.com\/wp-content\/uploads\/crystal-usb-flash-drive-bulk-300x300.png 300w, https:\/\/www.usborkeychain.com\/wp-content\/uploads\/crystal-usb-flash-drive-bulk-150x150.png 150w, https:\/\/www.usborkeychain.com\/wp-content\/uploads\/crystal-usb-flash-drive-bulk-768x768.png 768w, https:\/\/www.usborkeychain.com\/wp-content\/uploads\/crystal-usb-flash-drive-bulk-12x12.png 12w, https:\/\/www.usborkeychain.com\/wp-content\/uploads\/crystal-usb-flash-drive-bulk-600x600.png 600w, https:\/\/www.usborkeychain.com\/wp-content\/uploads\/crystal-usb-flash-drive-bulk-100x100.png 100w\" sizes=\"(max-width: 800px) 100vw, 800px\" \/><\/figure>\n<\/div>\n\n\n\n<div class=\"wp-block-column is-vertically-aligned-center is-layout-flow wp-block-column-is-layout-flow\">\n<p>Mulheres da moda urbana: Como pingentes de bolsa ou enfeites de chaveiro, eles atendem \u00e0 demanda por \"acess\u00f3rios eletr\u00f4nicos leves e luxuosos\".<\/p>\n\n\n\n<p>Mercado de presentes para casais: O design em forma de cora\u00e7\u00e3o combinado com a grava\u00e7\u00e3o personalizada faz dele um presente popular para o Dia dos Namorados ou anivers\u00e1rios.<\/p>\n\n\n\n<p>Personaliza\u00e7\u00e3o corporativa de alto n\u00edvel: A cor do cristal pode combinar com o sistema VI corporativo, e \u00e9 amplamente utilizado como um presente VIP para confer\u00eancias.<\/p>\n\n\n\n<p>Grupo de estudantes: O design do chaveiro antifurto e o recurso de transmiss\u00e3o de alta velocidade o tornam adequado para cen\u00e1rios de armazenamento frequente de material did\u00e1tico e tarefas.<\/p>\n<\/div>\n<\/div>\n\n\n\n<h2 class=\"wp-block-heading\">Outras vantagens<\/h2>\n\n\n\n<div class=\"wp-block-columns is-layout-flex wp-container-core-columns-is-layout-28f84493 wp-block-columns-is-layout-flex\">\n<div class=\"wp-block-column is-layout-flow wp-block-column-is-layout-flow\">\n<h3 class=\"wp-block-heading\">1. Efici\u00eancia de transmiss\u00e3o<\/h3>\n\n\n\n<p>A interface USB 3.0 suporta uma velocidade de leitura de \u226580 MB\/s e uma velocidade de grava\u00e7\u00e3o de \u226530 MB\/s (testada na vers\u00e3o de 128 GB). Um arquivo de v\u00eddeo de 1 GB leva apenas 10 segundos para ser transferido, o que \u00e9 muito mais r\u00e1pido do que as unidades USB comuns.<\/p>\n\n\n\n<h3 class=\"wp-block-heading\">2. Durabilidade<\/h3>\n\n\n\n<ul class=\"wp-block-list\">\n<li>O inv\u00f3lucro de metal amortece os impactos f\u00edsicos e foi aprovado em 5000 testes de plug-in;<\/li>\n\n\n\n<li>Equipado com um chip de mem\u00f3ria flash MLC integrado, ele tem uma vida \u00fatil de armazenamento de dados de mais de 10 anos e permanece est\u00e1vel ap\u00f3s repetidos apagamentos e grava\u00e7\u00f5es.<\/li>\n<\/ul>\n\n\n\n<h3 class=\"wp-block-heading\">3. Compatibilidade<\/h3>\n\n\n\n<p>Ele \u00e9 compat\u00edvel com os sistemas Windows 7+, macOS 10.10+ e Linux. Com um adaptador OTG, ele pode ser conectado diretamente a telefones celulares, permitindo a colabora\u00e7\u00e3o entre dispositivos com limiar zero.<\/p>\n<\/div>\n\n\n\n<div class=\"wp-block-column is-vertically-aligned-center is-layout-flow wp-block-column-is-layout-flow\">\n<figure class=\"wp-block-image size-full\"><img alt=\"\" loading=\"lazy\" decoding=\"async\" width=\"800\" height=\"800\" src=\"https:\/\/www.usborkeychain.com\/wp-content\/uploads\/buy-crystal-usb-flash-drive.png\" class=\"wp-image-6322\" srcset=\"https:\/\/www.usborkeychain.com\/wp-content\/uploads\/buy-crystal-usb-flash-drive.png 800w, https:\/\/www.usborkeychain.com\/wp-content\/uploads\/buy-crystal-usb-flash-drive-300x300.png 300w, https:\/\/www.usborkeychain.com\/wp-content\/uploads\/buy-crystal-usb-flash-drive-150x150.png 150w, https:\/\/www.usborkeychain.com\/wp-content\/uploads\/buy-crystal-usb-flash-drive-768x768.png 768w, https:\/\/www.usborkeychain.com\/wp-content\/uploads\/buy-crystal-usb-flash-drive-12x12.png 12w, https:\/\/www.usborkeychain.com\/wp-content\/uploads\/buy-crystal-usb-flash-drive-600x600.png 600w, https:\/\/www.usborkeychain.com\/wp-content\/uploads\/buy-crystal-usb-flash-drive-100x100.png 100w\" sizes=\"(max-width: 800px) 100vw, 800px\" \/><\/figure>\n<\/div>\n<\/div>\n\n\n\n<div class=\"wp-block-columns is-layout-flex wp-container-core-columns-is-layout-28f84493 wp-block-columns-is-layout-flex\">\n<div class=\"wp-block-column is-vertically-aligned-center is-layout-flow wp-block-column-is-layout-flow\">\n<figure class=\"wp-block-image size-full\"><img alt=\"\" loading=\"lazy\" decoding=\"async\" width=\"800\" height=\"800\" src=\"https:\/\/www.usborkeychain.com\/wp-content\/uploads\/crystal-usb-flash-drive-with-keychain.png\" class=\"wp-image-6325\" srcset=\"https:\/\/www.usborkeychain.com\/wp-content\/uploads\/crystal-usb-flash-drive-with-keychain.png 800w, https:\/\/www.usborkeychain.com\/wp-content\/uploads\/crystal-usb-flash-drive-with-keychain-300x300.png 300w, https:\/\/www.usborkeychain.com\/wp-content\/uploads\/crystal-usb-flash-drive-with-keychain-150x150.png 150w, https:\/\/www.usborkeychain.com\/wp-content\/uploads\/crystal-usb-flash-drive-with-keychain-768x768.png 768w, https:\/\/www.usborkeychain.com\/wp-content\/uploads\/crystal-usb-flash-drive-with-keychain-12x12.png 12w, https:\/\/www.usborkeychain.com\/wp-content\/uploads\/crystal-usb-flash-drive-with-keychain-600x600.png 600w, https:\/\/www.usborkeychain.com\/wp-content\/uploads\/crystal-usb-flash-drive-with-keychain-100x100.png 100w\" sizes=\"(max-width: 800px) 100vw, 800px\" \/><\/figure>\n<\/div>\n\n\n\n<div class=\"wp-block-column is-vertically-aligned-center is-layout-flow wp-block-column-is-layout-flow\">\n<p>A unidade USB de cristal em forma de cora\u00e7\u00e3o n\u00e3o \u00e9 mais uma ferramenta de armazenamento a frio, mas uma integra\u00e7\u00e3o tripla de \"acess\u00f3rio de moda + portador de dados + s\u00edmbolo emocional\". Voc\u00ea pode entrar em contato com a Youshan Company para personalizar seu modelo exclusivo.<\/p>\n<\/div>\n<\/div>","protected":false},"excerpt":{"rendered":"<ul>\n<li>Materiais de metal e cristal<\/li>\n<li>12 cores personalizadas<\/li>\n<li>Formato de cora\u00e7\u00e3o sim\u00e9trico<\/li>\n<li>Design de buraco de fechadura<\/li>\n<li>MOQ:100pcs<\/li>\n<\/ul>","protected":false},"featured_media":6326,"comment_status":"open","ping_status":"closed","template":"","meta":{"_seopress_robots_primary_cat":"","_seopress_titles_title":"","_seopress_titles_desc":"","_seopress_robots_index":"","site-sidebar-layout":"default","site-content-layout":"","ast-site-content-layout":"","site-content-style":"default","site-sidebar-style":"default","ast-global-header-display":"","ast-banner-title-visibility":"","ast-main-header-display":"","ast-hfb-above-header-display":"","ast-hfb-below-header-display":"","ast-hfb-mobile-header-display":"","site-post-title":"","ast-breadcrumbs-content":"","ast-featured-img":"","footer-sml-layout":"","theme-transparent-header-meta":"","adv-header-id-meta":"","stick-header-meta":"","header-above-stick-meta":"","header-main-stick-meta":"","header-below-stick-meta":"","astra-migrate-meta-layouts":"default","ast-page-background-enabled":"default","ast-page-background-meta":{"desktop":{"background-color":"var(--ast-global-color-5)","background-image":"","background-repeat":"repeat","background-position":"center center","background-size":"auto","background-attachment":"scroll","background-type":"","background-media":"","overlay-type":"","overlay-color":"","overlay-opacity":"","overlay-gradient":""},"tablet":{"background-color":"","background-image":"","background-repeat":"repeat","background-position":"center center","background-size":"auto","background-attachment":"scroll","background-type":"","background-media":"","overlay-type":"","overlay-color":"","overlay-opacity":"","overlay-gradient":""},"mobile":{"background-color":"","background-image":"","background-repeat":"repeat","background-position":"center center","background-size":"auto","background-attachment":"scroll","background-type":"","background-media":"","overlay-type":"","overlay-color":"","overlay-opacity":"","overlay-gradient":""}},"ast-content-background-meta":{"desktop":{"background-color":"var(--ast-global-color-4)","background-image":"","background-repeat":"repeat","background-position":"center center","background-size":"auto","background-attachment":"scroll","background-type":"","background-media":"","overlay-type":"","overlay-color":"","overlay-opacity":"","overlay-gradient":""},"tablet":{"background-color":"var(--ast-global-color-4)","background-image":"","background-repeat":"repeat","background-position":"center center","background-size":"auto","background-attachment":"scroll","background-type":"","background-media":"","overlay-type":"","overlay-color":"","overlay-opacity":"","overlay-gradient":""},"mobile":{"background-color":"var(--ast-global-color-4)","background-image":"","background-repeat":"repeat","background-position":"center center","background-size":"auto","background-attachment":"scroll","background-type":"","background-media":"","overlay-type":"","overlay-color":"","overlay-opacity":"","overlay-gradient":""}}},"product_brand":[],"product_cat":[174,103],"product_tag":[390],"class_list":{"0":"post-6319","1":"product","2":"type-product","3":"status-publish","4":"has-post-thumbnail","6":"product_cat-crystal-usb-pendrive","7":"product_cat-usb2-0-usb-pendrive","8":"product_tag-heart-crystal-usb-drive","9":"desktop-align-left","10":"tablet-align-left","11":"mobile-align-left","13":"first","14":"instock","15":"shipping-taxable","16":"product-type-simple"},"_links":{"self":[{"href":"https:\/\/www.usborkeychain.com\/pt\/wp-json\/wp\/v2\/product\/6319","targetHints":{"allow":["GET"]}}],"collection":[{"href":"https:\/\/www.usborkeychain.com\/pt\/wp-json\/wp\/v2\/product"}],"about":[{"href":"https:\/\/www.usborkeychain.com\/pt\/wp-json\/wp\/v2\/types\/product"}],"replies":[{"embeddable":true,"href":"https:\/\/www.usborkeychain.com\/pt\/wp-json\/wp\/v2\/comments?post=6319"}],"wp:featuredmedia":[{"embeddable":true,"href":"https:\/\/www.usborkeychain.com\/pt\/wp-json\/wp\/v2\/media\/6326"}],"wp:attachment":[{"href":"https:\/\/www.usborkeychain.com\/pt\/wp-json\/wp\/v2\/media?parent=6319"}],"wp:term":[{"taxonomy":"product_brand","embeddable":true,"href":"https:\/\/www.usborkeychain.com\/pt\/wp-json\/wp\/v2\/product_brand?post=6319"},{"taxonomy":"product_cat","embeddable":true,"href":"https:\/\/www.usborkeychain.com\/pt\/wp-json\/wp\/v2\/product_cat?post=6319"},{"taxonomy":"product_tag","embeddable":true,"href":"https:\/\/www.usborkeychain.com\/pt\/wp-json\/wp\/v2\/product_tag?post=6319"}],"curies":[{"name":"wp","href":"https:\/\/api.w.org\/{rel}","templated":true}]}}