{"id":6329,"date":"2025-08-09T05:11:25","date_gmt":"2025-08-09T05:11:25","guid":{"rendered":"https:\/\/www.usborkeychain.com\/?post_type=product&#038;p=6329"},"modified":"2025-08-09T05:11:28","modified_gmt":"2025-08-09T05:11:28","slug":"crystal-light-up-usb-drive","status":"publish","type":"product","link":"https:\/\/www.usborkeychain.com\/pt\/produto\/crystal-light-up-usb-drive\/","title":{"rendered":"Unidade USB Crystal Light-Up"},"content":{"rendered":"<div class=\"wp-block-columns are-vertically-aligned-center is-layout-flex wp-container-core-columns-is-layout-28f84493 wp-block-columns-is-layout-flex\">\n<div class=\"wp-block-column is-vertically-aligned-center is-layout-flow wp-block-column-is-layout-flow\">\n<figure class=\"wp-block-image size-full\"><img alt=\"\" fetchpriority=\"high\" decoding=\"async\" width=\"800\" height=\"800\" src=\"https:\/\/www.usborkeychain.com\/wp-content\/uploads\/LED-crystal-USB-flash-drive.jpg\" class=\"wp-image-6335\" srcset=\"https:\/\/www.usborkeychain.com\/wp-content\/uploads\/LED-crystal-USB-flash-drive.jpg 800w, https:\/\/www.usborkeychain.com\/wp-content\/uploads\/LED-crystal-USB-flash-drive-300x300.jpg 300w, https:\/\/www.usborkeychain.com\/wp-content\/uploads\/LED-crystal-USB-flash-drive-150x150.jpg 150w, https:\/\/www.usborkeychain.com\/wp-content\/uploads\/LED-crystal-USB-flash-drive-768x768.jpg 768w, https:\/\/www.usborkeychain.com\/wp-content\/uploads\/LED-crystal-USB-flash-drive-12x12.jpg 12w, https:\/\/www.usborkeychain.com\/wp-content\/uploads\/LED-crystal-USB-flash-drive-600x600.jpg 600w, https:\/\/www.usborkeychain.com\/wp-content\/uploads\/LED-crystal-USB-flash-drive-100x100.jpg 100w\" sizes=\"(max-width: 800px) 100vw, 800px\" \/><\/figure>\n<\/div>\n\n\n\n<div class=\"wp-block-column is-vertically-aligned-center is-layout-flow wp-block-column-is-layout-flow\">\n<p>Princ\u00edpio da ilumina\u00e7\u00e3o: Uma combina\u00e7\u00e3o de \"<strong>Fonte de luz LED + cristal \u00f3ptico<\/strong>&#8220;<\/p>\n\n\n\n<ul class=\"wp-block-list\">\n<li><strong>Sistema de fonte de alimenta\u00e7\u00e3o<\/strong>: Equipado com uma microbateria embutida (ou fonte de alimenta\u00e7\u00e3o direta via interface USB) para fornecer eletricidade para a luz de LED.<\/li>\n\n\n\n<li><strong>Portador de emiss\u00e3o de luz<\/strong>: O cristal \u00f3ptico de alta transpar\u00eancia funciona como a \"cobertura de luz\". Aproveitando sua excelente transmit\u00e2ncia de luz (\u226590%) e \u00edndice de refra\u00e7\u00e3o, ele dispersa uniformemente a luz do LED para criar um efeito de ilumina\u00e7\u00e3o suave, por\u00e9m marcante.<\/li>\n\n\n\n<li><strong>Mecanismo de acionamento<\/strong>: Acende-se automaticamente quando inserido em um dispositivo (ou com um interruptor de toque embutido), fazendo com que os logotipos e padr\u00f5es da marca apare\u00e7am tridimensionalmente em luz e sombra com um forte impacto visual.<\/li>\n<\/ul>\n<\/div>\n<\/div>\n\n\n\n<h2 class=\"wp-block-heading\">Recursos de design<\/h2>\n\n\n\n<div class=\"wp-block-columns is-layout-flex wp-container-core-columns-is-layout-28f84493 wp-block-columns-is-layout-flex\">\n<div class=\"wp-block-column is-vertically-aligned-center is-layout-flow wp-block-column-is-layout-flow\">\n<h3 class=\"wp-block-heading\">Material<\/h3>\n\n\n\n<ul class=\"wp-block-list\">\n<li><strong>Pe\u00e7a met\u00e1lica<\/strong>: Forjado em liga de grau aeroespacial, com tratamento de superf\u00edcie escovado ou galvanizado. \u00c9 resistente ao desgaste e a arranh\u00f5es, apresentando um brilho fosco ou espelhado que destaca uma textura de alta qualidade.<\/li>\n\n\n\n<li><strong>Pe\u00e7a de cristal<\/strong>: Cristal \u00f3ptico K9 selecionado (dureza \u22656,5 Mohs), que \u00e9 transparente e livre de impurezas. Quando aceso, ele se parece com \"luz e sombra flutuantes\", tornando os logotipos\/padr\u00f5es mais tecnol\u00f3gicos.<\/li>\n<\/ul>\n<\/div>\n\n\n\n<div class=\"wp-block-column is-layout-flow wp-block-column-is-layout-flow\">\n<figure class=\"wp-block-image size-full\"><img alt=\"\" decoding=\"async\" width=\"800\" height=\"800\" src=\"https:\/\/www.usborkeychain.com\/wp-content\/uploads\/led-light-usb-flash-drive-1.jpg\" class=\"wp-image-6336\" srcset=\"https:\/\/www.usborkeychain.com\/wp-content\/uploads\/led-light-usb-flash-drive-1.jpg 800w, https:\/\/www.usborkeychain.com\/wp-content\/uploads\/led-light-usb-flash-drive-1-300x300.jpg 300w, https:\/\/www.usborkeychain.com\/wp-content\/uploads\/led-light-usb-flash-drive-1-150x150.jpg 150w, https:\/\/www.usborkeychain.com\/wp-content\/uploads\/led-light-usb-flash-drive-1-768x768.jpg 768w, https:\/\/www.usborkeychain.com\/wp-content\/uploads\/led-light-usb-flash-drive-1-12x12.jpg 12w, https:\/\/www.usborkeychain.com\/wp-content\/uploads\/led-light-usb-flash-drive-1-600x600.jpg 600w, https:\/\/www.usborkeychain.com\/wp-content\/uploads\/led-light-usb-flash-drive-1-100x100.jpg 100w\" sizes=\"(max-width: 800px) 100vw, 800px\" \/><\/figure>\n<\/div>\n<\/div>\n\n\n\n<div class=\"wp-block-columns is-layout-flex wp-container-core-columns-is-layout-28f84493 wp-block-columns-is-layout-flex\">\n<div class=\"wp-block-column is-vertically-aligned-center is-layout-flow wp-block-column-is-layout-flow\">\n<h3 class=\"wp-block-heading\">Forma<\/h3>\n\n\n\n<ul class=\"wp-block-list\">\n<li><strong>Projeto principal<\/strong>: \"Cristal circular + metal retangular\". O cristal circular atua como a superf\u00edcie emissora de luz (di\u00e2metro de 20 a 25 mm) e a parte retangular de metal abaixo conecta a interface USB e o chaveiro. As formas geom\u00e9tricas sobrepostas criam uma hierarquia visual \"2D\u21923D\".<\/li>\n\n\n\n<li><strong>Design de detalhes<\/strong>: As bordas de metal s\u00e3o chanfradas para uma pegada mais confort\u00e1vel; a jun\u00e7\u00e3o entre o cristal e o metal \u00e9 perfeita, com uma precis\u00e3o artesanal de \u00b10,1 mm.<\/li>\n<\/ul>\n\n\n\n<h3 class=\"wp-block-heading\">Portabilidade<\/h3>\n\n\n\n<p>\u00c9 fornecido como padr\u00e3o com um chaveiro de a\u00e7o inoxid\u00e1vel 304 (di\u00e2metro de 15 mm), que pode ser fixado diretamente nas chaves ou nos z\u00edperes das mochilas.<\/p>\n<\/div>\n\n\n\n<div class=\"wp-block-column is-vertically-aligned-center is-layout-flow wp-block-column-is-layout-flow\">\n<figure class=\"wp-block-image size-full\"><img alt=\"\" decoding=\"async\" width=\"800\" height=\"800\" src=\"https:\/\/www.usborkeychain.com\/wp-content\/uploads\/crystal-light-up-USB-flash-drive.jpg\" class=\"wp-image-6334\" srcset=\"https:\/\/www.usborkeychain.com\/wp-content\/uploads\/crystal-light-up-USB-flash-drive.jpg 800w, https:\/\/www.usborkeychain.com\/wp-content\/uploads\/crystal-light-up-USB-flash-drive-300x300.jpg 300w, https:\/\/www.usborkeychain.com\/wp-content\/uploads\/crystal-light-up-USB-flash-drive-150x150.jpg 150w, https:\/\/www.usborkeychain.com\/wp-content\/uploads\/crystal-light-up-USB-flash-drive-768x768.jpg 768w, https:\/\/www.usborkeychain.com\/wp-content\/uploads\/crystal-light-up-USB-flash-drive-12x12.jpg 12w, https:\/\/www.usborkeychain.com\/wp-content\/uploads\/crystal-light-up-USB-flash-drive-600x600.jpg 600w, https:\/\/www.usborkeychain.com\/wp-content\/uploads\/crystal-light-up-USB-flash-drive-100x100.jpg 100w\" sizes=\"(max-width: 800px) 100vw, 800px\" \/><\/figure>\n<\/div>\n<\/div>\n\n\n\n<h2 class=\"wp-block-heading\">Par\u00e2metros principais da unidade USB<\/h2>\n\n\n\n<figure class=\"wp-block-table\"><table class=\"has-fixed-layout\"><thead><tr><th>Categoria de par\u00e2metro<\/th><th>Especifica\u00e7\u00f5es espec\u00edficas<\/th><\/tr><\/thead><tbody><tr><td>Tipo de interface<\/td><td>USB 2.0 (padr\u00e3o) \/ USB 3.0 \/ Tipo C<\/td><\/tr><tr><td>Op\u00e7\u00f5es de capacidade<\/td><td>8 GB, 16 GB, 32 GB, 64 GB, 128 GB<\/td><\/tr><tr><td>Dimens\u00f5es<\/td><td>Comprimento total de 60 mm (incluindo o chaveiro), di\u00e2metro do cristal de 22 mm<\/td><\/tr><tr><td>Peso<\/td><td>Aproximadamente 28g (metal + cristal + chaveiro)<\/td><\/tr><tr><td>Cor clara<\/td><td>Luz azul (padr\u00e3o), luz vermelha, luz verde, luz branca quente<\/td><\/tr><tr><td>N\u00edvel de prote\u00e7\u00e3o<\/td><td>IP42 (\u00e0 prova de respingos e poeira)<\/td><\/tr><\/tbody><\/table><\/figure>\n\n\n\n<h2 class=\"wp-block-heading\">Servi\u00e7os de personaliza\u00e7\u00e3o<\/h2>\n\n\n\n<div class=\"wp-block-columns is-layout-flex wp-container-core-columns-is-layout-28f84493 wp-block-columns-is-layout-flex\">\n<div class=\"wp-block-column is-vertically-aligned-center is-layout-flow wp-block-column-is-layout-flow\">\n<h3 class=\"wp-block-heading\">Personaliza\u00e7\u00e3o do logotipo<\/h3>\n\n\n\n<ul class=\"wp-block-list\">\n<li><strong>\u00c1rea Crystal<\/strong>: Usando a tecnologia de grava\u00e7\u00e3o interna a laser 3D, os logotipos\/padr\u00f5es s\u00e3o gravados no interior do cristal (precis\u00e3o de 0,01 mm). Quando iluminados, os padr\u00f5es aparecem suspensos e transl\u00facidos, com resist\u00eancia permanente ao desbotamento.<\/li>\n\n\n\n<li><strong>\u00c1rea de metal<\/strong>: Marca\u00e7\u00e3o a laser opcional (linhas finas, adequadas para logotipos simples) ou colora\u00e7\u00e3o por galvanoplastia (cores vibrantes, adequadas para padr\u00f5es complexos). A ades\u00e3o atende ao padr\u00e3o de dureza de l\u00e1pis 4H.<\/li>\n<\/ul>\n<\/div>\n\n\n\n<div class=\"wp-block-column is-vertically-aligned-center is-layout-flow wp-block-column-is-layout-flow\">\n<figure class=\"wp-block-image size-full\"><img alt=\"\" loading=\"lazy\" decoding=\"async\" width=\"800\" height=\"800\" src=\"https:\/\/www.usborkeychain.com\/wp-content\/uploads\/usb-flash-drive-with-led-light-3.png\" class=\"wp-image-6338\" srcset=\"https:\/\/www.usborkeychain.com\/wp-content\/uploads\/usb-flash-drive-with-led-light-3.png 800w, https:\/\/www.usborkeychain.com\/wp-content\/uploads\/usb-flash-drive-with-led-light-3-300x300.png 300w, https:\/\/www.usborkeychain.com\/wp-content\/uploads\/usb-flash-drive-with-led-light-3-150x150.png 150w, https:\/\/www.usborkeychain.com\/wp-content\/uploads\/usb-flash-drive-with-led-light-3-768x768.png 768w, https:\/\/www.usborkeychain.com\/wp-content\/uploads\/usb-flash-drive-with-led-light-3-12x12.png 12w, https:\/\/www.usborkeychain.com\/wp-content\/uploads\/usb-flash-drive-with-led-light-3-600x600.png 600w, https:\/\/www.usborkeychain.com\/wp-content\/uploads\/usb-flash-drive-with-led-light-3-100x100.png 100w\" sizes=\"(max-width: 800px) 100vw, 800px\" \/><\/figure>\n<\/div>\n<\/div>\n\n\n\n<div class=\"wp-block-columns is-layout-flex wp-container-core-columns-is-layout-28f84493 wp-block-columns-is-layout-flex\">\n<div class=\"wp-block-column is-vertically-aligned-center is-layout-flow wp-block-column-is-layout-flow\">\n<figure class=\"wp-block-image size-full\"><img alt=\"\" loading=\"lazy\" decoding=\"async\" width=\"800\" height=\"800\" src=\"https:\/\/www.usborkeychain.com\/wp-content\/uploads\/usb-flash-drive-led-light-2.jpg\" class=\"wp-image-6337\" srcset=\"https:\/\/www.usborkeychain.com\/wp-content\/uploads\/usb-flash-drive-led-light-2.jpg 800w, https:\/\/www.usborkeychain.com\/wp-content\/uploads\/usb-flash-drive-led-light-2-300x300.jpg 300w, https:\/\/www.usborkeychain.com\/wp-content\/uploads\/usb-flash-drive-led-light-2-150x150.jpg 150w, https:\/\/www.usborkeychain.com\/wp-content\/uploads\/usb-flash-drive-led-light-2-768x768.jpg 768w, https:\/\/www.usborkeychain.com\/wp-content\/uploads\/usb-flash-drive-led-light-2-12x12.jpg 12w, https:\/\/www.usborkeychain.com\/wp-content\/uploads\/usb-flash-drive-led-light-2-600x600.jpg 600w, https:\/\/www.usborkeychain.com\/wp-content\/uploads\/usb-flash-drive-led-light-2-100x100.jpg 100w\" sizes=\"(max-width: 800px) 100vw, 800px\" \/><\/figure>\n<\/div>\n\n\n\n<div class=\"wp-block-column is-vertically-aligned-center is-layout-flow wp-block-column-is-layout-flow\">\n<h3 class=\"wp-block-heading\">Personaliza\u00e7\u00e3o de embalagens<\/h3>\n\n\n\n<ul class=\"wp-block-list\">\n<li><strong>Embalagem b\u00e1sica<\/strong>: Caixa de papel fosco (com o nome da marca impresso em UV), simples e ecologicamente correta.<\/li>\n\n\n\n<li><strong>Embalagem Premium<\/strong>: Caixa de presente de couro (Nappa\/pebble grain), combinada com t\u00e9cnicas de estampagem e grava\u00e7\u00e3o em ouro, adequada para presentes comerciais.<\/li>\n\n\n\n<li><strong>Extens\u00f5es de personaliza\u00e7\u00e3o<\/strong>: Suporta a incorpora\u00e7\u00e3o de cart\u00f5es de felicita\u00e7\u00f5es e folhetos da marca na caixa de presente para criar uma \"solu\u00e7\u00e3o de presente integrada\".<\/li>\n<\/ul>\n<\/div>\n<\/div>\n\n\n\n<h2 class=\"wp-block-heading\">Quem paga pela \"est\u00e9tica + tecnologia\"?<\/h2>\n\n\n\n<div class=\"wp-block-columns is-layout-flex wp-container-core-columns-is-layout-28f84493 wp-block-columns-is-layout-flex\">\n<div class=\"wp-block-column is-vertically-aligned-center is-layout-flow wp-block-column-is-layout-flow\">\n<ul class=\"wp-block-list\">\n<li>Jovens criadores de tend\u00eancias: Como lembran\u00e7as em festivais de m\u00fasica, etc.<\/li>\n\n\n\n<li>Compras corporativas: Como brindes comerciais (por exemplo, reuni\u00f5es anuais, eventos de agradecimento ao cliente).<\/li>\n\n\n\n<li>Colecionadores digitais: O design da unidade USB com ilumina\u00e7\u00e3o de cristal atende aos hobbies de colecionadores.<\/li>\n\n\n\n<li>Setores criativos: Como empresas de publicidade e design.<\/li>\n<\/ul>\n<\/div>\n\n\n\n<div class=\"wp-block-column is-layout-flow wp-block-column-is-layout-flow\">\n<figure class=\"wp-block-image size-full\"><img alt=\"\" loading=\"lazy\" decoding=\"async\" width=\"800\" height=\"800\" src=\"https:\/\/www.usborkeychain.com\/wp-content\/uploads\/crystal-LED-USB-flash-drive.jpg\" class=\"wp-image-6333\" srcset=\"https:\/\/www.usborkeychain.com\/wp-content\/uploads\/crystal-LED-USB-flash-drive.jpg 800w, https:\/\/www.usborkeychain.com\/wp-content\/uploads\/crystal-LED-USB-flash-drive-300x300.jpg 300w, https:\/\/www.usborkeychain.com\/wp-content\/uploads\/crystal-LED-USB-flash-drive-150x150.jpg 150w, https:\/\/www.usborkeychain.com\/wp-content\/uploads\/crystal-LED-USB-flash-drive-768x768.jpg 768w, https:\/\/www.usborkeychain.com\/wp-content\/uploads\/crystal-LED-USB-flash-drive-12x12.jpg 12w, https:\/\/www.usborkeychain.com\/wp-content\/uploads\/crystal-LED-USB-flash-drive-600x600.jpg 600w, https:\/\/www.usborkeychain.com\/wp-content\/uploads\/crystal-LED-USB-flash-drive-100x100.jpg 100w\" sizes=\"(max-width: 800px) 100vw, 800px\" \/><\/figure>\n<\/div>\n<\/div>\n\n\n\n<div class=\"wp-block-columns is-layout-flex wp-container-core-columns-is-layout-28f84493 wp-block-columns-is-layout-flex\">\n<div class=\"wp-block-column is-layout-flow wp-block-column-is-layout-flow\">\n<figure class=\"wp-block-image size-full\"><img alt=\"\" loading=\"lazy\" decoding=\"async\" width=\"800\" height=\"800\" src=\"https:\/\/www.usborkeychain.com\/wp-content\/uploads\/cheap-led-light-usb-flash-drive.png\" class=\"wp-image-6332\" srcset=\"https:\/\/www.usborkeychain.com\/wp-content\/uploads\/cheap-led-light-usb-flash-drive.png 800w, https:\/\/www.usborkeychain.com\/wp-content\/uploads\/cheap-led-light-usb-flash-drive-300x300.png 300w, https:\/\/www.usborkeychain.com\/wp-content\/uploads\/cheap-led-light-usb-flash-drive-150x150.png 150w, https:\/\/www.usborkeychain.com\/wp-content\/uploads\/cheap-led-light-usb-flash-drive-768x768.png 768w, https:\/\/www.usborkeychain.com\/wp-content\/uploads\/cheap-led-light-usb-flash-drive-12x12.png 12w, https:\/\/www.usborkeychain.com\/wp-content\/uploads\/cheap-led-light-usb-flash-drive-600x600.png 600w, https:\/\/www.usborkeychain.com\/wp-content\/uploads\/cheap-led-light-usb-flash-drive-100x100.png 100w\" sizes=\"(max-width: 800px) 100vw, 800px\" \/><\/figure>\n<\/div>\n\n\n\n<div class=\"wp-block-column is-vertically-aligned-center is-layout-flow wp-block-column-is-layout-flow\">\n<p>N\u00e3o importa se voc\u00ea \u00e9 um consumidor em busca de individualidade ou uma empresa envolvida em marketing de marca, o <strong>Unidade USB de cristal iluminada<\/strong> conquistou um nicho exclusivo no mercado digital com suas vantagens diferenciadas de \"est\u00e9tica + praticidade + personaliza\u00e7\u00e3o\".<\/p>\n<\/div>\n<\/div>","protected":false},"excerpt":{"rendered":"<ul>\n<li>Fonte de luz LED<\/li>\n<li>Materiais de metal e cristal<\/li>\n<li>Em forma de cristal circular<\/li>\n<li>Chaveiro de a\u00e7o inoxid\u00e1vel 304<\/li>\n<li>MOQ:100pcs<\/li>\n<\/ul>","protected":false},"featured_media":6336,"comment_status":"open","ping_status":"closed","template":"","meta":{"_seopress_robots_primary_cat":"","_seopress_titles_title":"","_seopress_titles_desc":"","_seopress_robots_index":"","site-sidebar-layout":"default","site-content-layout":"","ast-site-content-layout":"","site-content-style":"default","site-sidebar-style":"default","ast-global-header-display":"","ast-banner-title-visibility":"","ast-main-header-display":"","ast-hfb-above-header-display":"","ast-hfb-below-header-display":"","ast-hfb-mobile-header-display":"","site-post-title":"","ast-breadcrumbs-content":"","ast-featured-img":"","footer-sml-layout":"","theme-transparent-header-meta":"","adv-header-id-meta":"","stick-header-meta":"","header-above-stick-meta":"","header-main-stick-meta":"","header-below-stick-meta":"","astra-migrate-meta-layouts":"default","ast-page-background-enabled":"default","ast-page-background-meta":{"desktop":{"background-color":"var(--ast-global-color-5)","background-image":"","background-repeat":"repeat","background-position":"center center","background-size":"auto","background-attachment":"scroll","background-type":"","background-media":"","overlay-type":"","overlay-color":"","overlay-opacity":"","overlay-gradient":""},"tablet":{"background-color":"","background-image":"","background-repeat":"repeat","background-position":"center center","background-size":"auto","background-attachment":"scroll","background-type":"","background-media":"","overlay-type":"","overlay-color":"","overlay-opacity":"","overlay-gradient":""},"mobile":{"background-color":"","background-image":"","background-repeat":"repeat","background-position":"center center","background-size":"auto","background-attachment":"scroll","background-type":"","background-media":"","overlay-type":"","overlay-color":"","overlay-opacity":"","overlay-gradient":""}},"ast-content-background-meta":{"desktop":{"background-color":"var(--ast-global-color-4)","background-image":"","background-repeat":"repeat","background-position":"center center","background-size":"auto","background-attachment":"scroll","background-type":"","background-media":"","overlay-type":"","overlay-color":"","overlay-opacity":"","overlay-gradient":""},"tablet":{"background-color":"var(--ast-global-color-4)","background-image":"","background-repeat":"repeat","background-position":"center center","background-size":"auto","background-attachment":"scroll","background-type":"","background-media":"","overlay-type":"","overlay-color":"","overlay-opacity":"","overlay-gradient":""},"mobile":{"background-color":"var(--ast-global-color-4)","background-image":"","background-repeat":"repeat","background-position":"center center","background-size":"auto","background-attachment":"scroll","background-type":"","background-media":"","overlay-type":"","overlay-color":"","overlay-opacity":"","overlay-gradient":""}}},"product_brand":[],"product_cat":[174],"product_tag":[391],"class_list":{"0":"post-6329","1":"product","2":"type-product","3":"status-publish","4":"has-post-thumbnail","6":"product_cat-crystal-usb-pendrive","7":"product_tag-led-crystal-usb-flash-drive","8":"desktop-align-left","9":"tablet-align-left","10":"mobile-align-left","12":"first","13":"instock","14":"shipping-taxable","15":"product-type-simple"},"_links":{"self":[{"href":"https:\/\/www.usborkeychain.com\/pt\/wp-json\/wp\/v2\/product\/6329","targetHints":{"allow":["GET"]}}],"collection":[{"href":"https:\/\/www.usborkeychain.com\/pt\/wp-json\/wp\/v2\/product"}],"about":[{"href":"https:\/\/www.usborkeychain.com\/pt\/wp-json\/wp\/v2\/types\/product"}],"replies":[{"embeddable":true,"href":"https:\/\/www.usborkeychain.com\/pt\/wp-json\/wp\/v2\/comments?post=6329"}],"wp:featuredmedia":[{"embeddable":true,"href":"https:\/\/www.usborkeychain.com\/pt\/wp-json\/wp\/v2\/media\/6336"}],"wp:attachment":[{"href":"https:\/\/www.usborkeychain.com\/pt\/wp-json\/wp\/v2\/media?parent=6329"}],"wp:term":[{"taxonomy":"product_brand","embeddable":true,"href":"https:\/\/www.usborkeychain.com\/pt\/wp-json\/wp\/v2\/product_brand?post=6329"},{"taxonomy":"product_cat","embeddable":true,"href":"https:\/\/www.usborkeychain.com\/pt\/wp-json\/wp\/v2\/product_cat?post=6329"},{"taxonomy":"product_tag","embeddable":true,"href":"https:\/\/www.usborkeychain.com\/pt\/wp-json\/wp\/v2\/product_tag?post=6329"}],"curies":[{"name":"wp","href":"https:\/\/api.w.org\/{rel}","templated":true}]}}