{"id":6342,"date":"2025-08-09T13:02:46","date_gmt":"2025-08-09T13:02:46","guid":{"rendered":"https:\/\/www.usborkeychain.com\/?post_type=product&#038;p=6342"},"modified":"2025-08-09T13:23:34","modified_gmt":"2025-08-09T13:23:34","slug":"wooden-crystal-usb-flash-drive","status":"publish","type":"product","link":"https:\/\/www.usborkeychain.com\/pt\/produto\/wooden-crystal-usb-flash-drive\/","title":{"rendered":"Unidade flash USB de cristal de madeira"},"content":{"rendered":"<div class=\"wp-block-columns are-vertically-aligned-center is-layout-flex wp-container-core-columns-is-layout-28f84493 wp-block-columns-is-layout-flex\">\n<div class=\"wp-block-column is-vertically-aligned-center is-layout-flow wp-block-column-is-layout-flow\">\n<figure class=\"wp-block-image size-full\"><img alt=\"\" fetchpriority=\"high\" decoding=\"async\" width=\"800\" height=\"800\" src=\"https:\/\/www.usborkeychain.com\/wp-content\/uploads\/crystal-and-wood-usb-flash-drive.jpg\" class=\"wp-image-6350\" srcset=\"https:\/\/www.usborkeychain.com\/wp-content\/uploads\/crystal-and-wood-usb-flash-drive.jpg 800w, https:\/\/www.usborkeychain.com\/wp-content\/uploads\/crystal-and-wood-usb-flash-drive-300x300.jpg 300w, https:\/\/www.usborkeychain.com\/wp-content\/uploads\/crystal-and-wood-usb-flash-drive-150x150.jpg 150w, https:\/\/www.usborkeychain.com\/wp-content\/uploads\/crystal-and-wood-usb-flash-drive-768x768.jpg 768w, https:\/\/www.usborkeychain.com\/wp-content\/uploads\/crystal-and-wood-usb-flash-drive-12x12.jpg 12w, https:\/\/www.usborkeychain.com\/wp-content\/uploads\/crystal-and-wood-usb-flash-drive-600x600.jpg 600w, https:\/\/www.usborkeychain.com\/wp-content\/uploads\/crystal-and-wood-usb-flash-drive-100x100.jpg 100w\" sizes=\"(max-width: 800px) 100vw, 800px\" \/><\/figure>\n<\/div>\n\n\n\n<div class=\"wp-block-column is-vertically-aligned-center is-layout-flow wp-block-column-is-layout-flow\">\n<p>O <strong>Unidade flash USB de cristal de madeira<\/strong> apresenta uma combina\u00e7\u00e3o de \"madeira s\u00f3lida natural + cristal de alta transpar\u00eancia\".<\/p>\n\n\n\n<p>Pe\u00e7a de madeira maci\u00e7a: <strong>5 tipos de madeira natural<\/strong> s\u00e3o cuidadosamente selecionados, cada um com gr\u00e3o e cor exclusivos:<\/p>\n\n\n\n<ul class=\"wp-block-list\">\n<li>Nogueira: Marrom escuro com gr\u00e3o fino e suave, exalando um temperamento calmo.<\/li>\n\n\n\n<li>Cerejeira: Marrom quente com um gr\u00e3o delicado e acetinado, proporcionando uma sensa\u00e7\u00e3o de calor.<\/li>\n\n\n\n<li>Maple: bege claro com gr\u00e3o leve e macio, exibindo uma vibra\u00e7\u00e3o fresca.<\/li>\n\n\n\n<li>Carvalho: Cor de madeira clara com gr\u00e3o natural e \u00e1spero, emitindo um charme r\u00fastico.<\/li>\n\n\n\n<li>Bambu: Amarelo claro com padr\u00f5es claros de juntas de bambu, interpretando a vitalidade natural.<\/li>\n<\/ul>\n<\/div>\n<\/div>\n\n\n\n<div class=\"wp-block-columns is-layout-flex wp-container-core-columns-is-layout-28f84493 wp-block-columns-is-layout-flex\">\n<div class=\"wp-block-column is-vertically-aligned-center is-layout-flow wp-block-column-is-layout-flow\">\n<figure class=\"wp-block-image size-full\"><img alt=\"\" decoding=\"async\" width=\"800\" height=\"800\" src=\"https:\/\/www.usborkeychain.com\/wp-content\/uploads\/china-acrylic-usb-flash-drives.jpg\" class=\"wp-image-6349\" srcset=\"https:\/\/www.usborkeychain.com\/wp-content\/uploads\/china-acrylic-usb-flash-drives.jpg 800w, https:\/\/www.usborkeychain.com\/wp-content\/uploads\/china-acrylic-usb-flash-drives-300x300.jpg 300w, https:\/\/www.usborkeychain.com\/wp-content\/uploads\/china-acrylic-usb-flash-drives-150x150.jpg 150w, https:\/\/www.usborkeychain.com\/wp-content\/uploads\/china-acrylic-usb-flash-drives-768x768.jpg 768w, https:\/\/www.usborkeychain.com\/wp-content\/uploads\/china-acrylic-usb-flash-drives-12x12.jpg 12w, https:\/\/www.usborkeychain.com\/wp-content\/uploads\/china-acrylic-usb-flash-drives-600x600.jpg 600w, https:\/\/www.usborkeychain.com\/wp-content\/uploads\/china-acrylic-usb-flash-drives-100x100.jpg 100w\" sizes=\"(max-width: 800px) 100vw, 800px\" \/><\/figure>\n<\/div>\n\n\n\n<div class=\"wp-block-column is-vertically-aligned-center is-layout-flow wp-block-column-is-layout-flow\">\n<p>A madeira passa por um processo de tr\u00eas etapas de desidrata\u00e7\u00e3o, lixamento e polimento para manter sua textura original e seu toque quente, sendo ecologicamente correta e livre de odores.<\/p>\n\n\n\n<p><strong>Pe\u00e7a de cristal<\/strong>: Feito de cristal \u00f3ptico de alta pureza com uma transpar\u00eancia de 99,9%. Ap\u00f3s o corte e o polimento precisos, suas bordas s\u00e3o t\u00e3o lisas quanto um espelho, apresentando um efeito visual cristalino ao refratar a luz.<\/p>\n\n\n\n<p>O \"calor r\u00fastico\" da madeira maci\u00e7a e a \"claridade cristalina\" do cristal formam um contraste visual impressionante. A junta \u00e9 tratada com um trabalho artesanal sem emendas (colada com adesivo ecol\u00f3gico + cura em temperatura constante), o que a torna dur\u00e1vel e resistente. Ele n\u00e3o apenas cumpre a fun\u00e7\u00e3o de armazenamento, mas tamb\u00e9m serve como um acess\u00f3rio est\u00e9tico para a mesa.<\/p>\n<\/div>\n<\/div>\n\n\n\n<h2 class=\"wp-block-heading\">Par\u00e2metros principais da unidade flash USB<\/h2>\n\n\n\n<figure class=\"wp-block-table\"><table class=\"has-fixed-layout\"><thead><tr><th>Indicador<\/th><th>Detalhes do par\u00e2metro<\/th><\/tr><\/thead><tbody><tr><td>Capacidade<\/td><td>8GB \/ 16GB \/ 32GB \/ 64GB \/ 128GB<\/td><\/tr><tr><td>Tipo de interface<\/td><td>USB 3.0 (compat\u00edvel com USB 2.0), Tipo C (op\u00e7\u00f5es de interface dupla)<\/td><\/tr><tr><td>Dimens\u00f5es (C\u00d7L\u00d7A)<\/td><td>54mm\u00d716mm\u00d76mm<\/td><\/tr><tr><td>Peso<\/td><td>Aproximadamente 22-25g<\/td><\/tr><\/tbody><\/table><\/figure>\n\n\n\n<h2 class=\"wp-block-heading\">Servi\u00e7os de personaliza\u00e7\u00e3o<\/h2>\n\n\n\n<p>Oferece suporte \u00e0 personaliza\u00e7\u00e3o de logotipos corporativos, assinaturas pessoais e padr\u00f5es exclusivos, atendendo a cen\u00e1rios como brindes comerciais, promo\u00e7\u00e3o de marca e cole\u00e7\u00e3o pessoal.<\/p>\n\n\n\n<p>T\u00e9cnicas de personaliza\u00e7\u00e3o:<\/p>\n\n\n\n<ul class=\"wp-block-list\">\n<li>Extremidade de madeira maci\u00e7a: Adota a tecnologia de grava\u00e7\u00e3o a laser com uma profundidade de grava\u00e7\u00e3o de 0,1 a 0,2 mm, garantindo que o logotipo se misture naturalmente com o gr\u00e3o da madeira (logotipos de cores claras s\u00e3o recomendados para madeira escura e logotipos de cores escuras para madeira clara para aumentar o contraste).<\/li>\n\n\n\n<li>Extremidade do cristal: Grava\u00e7\u00e3o interna a laser 3D opcional (o logotipo flutua dentro do cristal, apresentando forte efeito tridimensional e nunca caindo) ou impress\u00e3o em tela de seda na superf\u00edcie (cores vibrantes, adequadas para padr\u00f5es simples).<\/li>\n\n\n\n<li>T\u00e9cnica de uni\u00e3o: Colada com adesivo de grau ecol\u00f3gico, submetida a testes de cura em temperatura constante (resist\u00eancia \u00e0 tra\u00e7\u00e3o \u226550N), o que faz com que n\u00e3o caia facilmente durante o uso di\u00e1rio.<\/li>\n<\/ul>\n\n\n\n<div class=\"wp-block-columns is-layout-flex wp-container-core-columns-is-layout-28f84493 wp-block-columns-is-layout-flex\">\n<div class=\"wp-block-column is-layout-flow wp-block-column-is-layout-flow\">\n<figure class=\"wp-block-image size-full\"><img alt=\"\" decoding=\"async\" width=\"800\" height=\"800\" src=\"https:\/\/www.usborkeychain.com\/wp-content\/uploads\/buy-crystal-usb-flash-drive-1.png\" class=\"wp-image-6347\" srcset=\"https:\/\/www.usborkeychain.com\/wp-content\/uploads\/buy-crystal-usb-flash-drive-1.png 800w, https:\/\/www.usborkeychain.com\/wp-content\/uploads\/buy-crystal-usb-flash-drive-1-300x300.png 300w, https:\/\/www.usborkeychain.com\/wp-content\/uploads\/buy-crystal-usb-flash-drive-1-150x150.png 150w, https:\/\/www.usborkeychain.com\/wp-content\/uploads\/buy-crystal-usb-flash-drive-1-768x768.png 768w, https:\/\/www.usborkeychain.com\/wp-content\/uploads\/buy-crystal-usb-flash-drive-1-12x12.png 12w, https:\/\/www.usborkeychain.com\/wp-content\/uploads\/buy-crystal-usb-flash-drive-1-600x600.png 600w, https:\/\/www.usborkeychain.com\/wp-content\/uploads\/buy-crystal-usb-flash-drive-1-100x100.png 100w\" sizes=\"(max-width: 800px) 100vw, 800px\" \/><\/figure>\n<\/div>\n\n\n\n<div class=\"wp-block-column is-layout-flow wp-block-column-is-layout-flow\">\n<figure class=\"wp-block-image size-full\"><img alt=\"\" loading=\"lazy\" decoding=\"async\" width=\"800\" height=\"800\" src=\"https:\/\/www.usborkeychain.com\/wp-content\/uploads\/usb-flash-drive-crystal-manufacturers-in-china.png\" class=\"wp-image-6356\" srcset=\"https:\/\/www.usborkeychain.com\/wp-content\/uploads\/usb-flash-drive-crystal-manufacturers-in-china.png 800w, https:\/\/www.usborkeychain.com\/wp-content\/uploads\/usb-flash-drive-crystal-manufacturers-in-china-300x300.png 300w, https:\/\/www.usborkeychain.com\/wp-content\/uploads\/usb-flash-drive-crystal-manufacturers-in-china-150x150.png 150w, https:\/\/www.usborkeychain.com\/wp-content\/uploads\/usb-flash-drive-crystal-manufacturers-in-china-768x768.png 768w, https:\/\/www.usborkeychain.com\/wp-content\/uploads\/usb-flash-drive-crystal-manufacturers-in-china-12x12.png 12w, https:\/\/www.usborkeychain.com\/wp-content\/uploads\/usb-flash-drive-crystal-manufacturers-in-china-600x600.png 600w, https:\/\/www.usborkeychain.com\/wp-content\/uploads\/usb-flash-drive-crystal-manufacturers-in-china-100x100.png 100w\" sizes=\"(max-width: 800px) 100vw, 800px\" \/><\/figure>\n<\/div>\n\n\n\n<div class=\"wp-block-column is-layout-flow wp-block-column-is-layout-flow\">\n<figure class=\"wp-block-image size-full\"><img alt=\"\" loading=\"lazy\" decoding=\"async\" width=\"800\" height=\"800\" src=\"https:\/\/www.usborkeychain.com\/wp-content\/uploads\/acrylic-usb-flash-drives-factory.jpg\" class=\"wp-image-6345\" srcset=\"https:\/\/www.usborkeychain.com\/wp-content\/uploads\/acrylic-usb-flash-drives-factory.jpg 800w, https:\/\/www.usborkeychain.com\/wp-content\/uploads\/acrylic-usb-flash-drives-factory-300x300.jpg 300w, https:\/\/www.usborkeychain.com\/wp-content\/uploads\/acrylic-usb-flash-drives-factory-150x150.jpg 150w, https:\/\/www.usborkeychain.com\/wp-content\/uploads\/acrylic-usb-flash-drives-factory-768x768.jpg 768w, https:\/\/www.usborkeychain.com\/wp-content\/uploads\/acrylic-usb-flash-drives-factory-12x12.jpg 12w, https:\/\/www.usborkeychain.com\/wp-content\/uploads\/acrylic-usb-flash-drives-factory-600x600.jpg 600w, https:\/\/www.usborkeychain.com\/wp-content\/uploads\/acrylic-usb-flash-drives-factory-100x100.jpg 100w\" sizes=\"(max-width: 800px) 100vw, 800px\" \/><\/figure>\n<\/div>\n<\/div>\n\n\n\n<h2 class=\"wp-block-heading\">Quais grupos gostam particularmente dele?<\/h2>\n\n\n\n<ul class=\"wp-block-list\">\n<li>Elites empresariais: A textura de madeira atende \u00e0 demanda por presentes de alta qualidade para reuni\u00f5es.<\/li>\n\n\n\n<li>Designers: A colis\u00e3o de materiais inspira ideias criativas.<\/li>\n\n\n\n<li>Defensores do meio ambiente: Madeira natural + embalagem recicl\u00e1vel.<\/li>\n\n\n\n<li>Colecionadores digitais: Valor colecion\u00e1vel de edi\u00e7\u00f5es limitadas de cores de madeira.<\/li>\n<\/ul>\n\n\n\n<div class=\"wp-block-columns is-layout-flex wp-container-core-columns-is-layout-28f84493 wp-block-columns-is-layout-flex\">\n<div class=\"wp-block-column is-layout-flow wp-block-column-is-layout-flow\">\n<figure class=\"wp-block-image size-full\"><img alt=\"\" fetchpriority=\"high\" decoding=\"async\" width=\"800\" height=\"800\" src=\"https:\/\/www.usborkeychain.com\/wp-content\/uploads\/crystal-and-wood-usb-flash-drive.jpg\" class=\"wp-image-6350\" srcset=\"https:\/\/www.usborkeychain.com\/wp-content\/uploads\/crystal-and-wood-usb-flash-drive.jpg 800w, https:\/\/www.usborkeychain.com\/wp-content\/uploads\/crystal-and-wood-usb-flash-drive-300x300.jpg 300w, https:\/\/www.usborkeychain.com\/wp-content\/uploads\/crystal-and-wood-usb-flash-drive-150x150.jpg 150w, https:\/\/www.usborkeychain.com\/wp-content\/uploads\/crystal-and-wood-usb-flash-drive-768x768.jpg 768w, https:\/\/www.usborkeychain.com\/wp-content\/uploads\/crystal-and-wood-usb-flash-drive-12x12.jpg 12w, https:\/\/www.usborkeychain.com\/wp-content\/uploads\/crystal-and-wood-usb-flash-drive-600x600.jpg 600w, https:\/\/www.usborkeychain.com\/wp-content\/uploads\/crystal-and-wood-usb-flash-drive-100x100.jpg 100w\" sizes=\"(max-width: 800px) 100vw, 800px\" \/><\/figure>\n<\/div>\n\n\n\n<div class=\"wp-block-column is-layout-flow wp-block-column-is-layout-flow\">\n<figure class=\"wp-block-image size-full\"><img alt=\"\" loading=\"lazy\" decoding=\"async\" width=\"800\" height=\"800\" src=\"https:\/\/www.usborkeychain.com\/wp-content\/uploads\/crystal-usb-flash-drive-factory.jpg\" class=\"wp-image-6352\" srcset=\"https:\/\/www.usborkeychain.com\/wp-content\/uploads\/crystal-usb-flash-drive-factory.jpg 800w, https:\/\/www.usborkeychain.com\/wp-content\/uploads\/crystal-usb-flash-drive-factory-300x300.jpg 300w, https:\/\/www.usborkeychain.com\/wp-content\/uploads\/crystal-usb-flash-drive-factory-150x150.jpg 150w, https:\/\/www.usborkeychain.com\/wp-content\/uploads\/crystal-usb-flash-drive-factory-768x768.jpg 768w, https:\/\/www.usborkeychain.com\/wp-content\/uploads\/crystal-usb-flash-drive-factory-12x12.jpg 12w, https:\/\/www.usborkeychain.com\/wp-content\/uploads\/crystal-usb-flash-drive-factory-600x600.jpg 600w, https:\/\/www.usborkeychain.com\/wp-content\/uploads\/crystal-usb-flash-drive-factory-100x100.jpg 100w\" sizes=\"(max-width: 800px) 100vw, 800px\" \/><\/figure>\n<\/div>\n\n\n\n<div class=\"wp-block-column is-layout-flow wp-block-column-is-layout-flow\">\n<figure class=\"wp-block-image size-full\"><img alt=\"\" loading=\"lazy\" decoding=\"async\" width=\"800\" height=\"800\" src=\"https:\/\/www.usborkeychain.com\/wp-content\/uploads\/acrylic-usb-flash-drives.jpg\" class=\"wp-image-6346\" srcset=\"https:\/\/www.usborkeychain.com\/wp-content\/uploads\/acrylic-usb-flash-drives.jpg 800w, https:\/\/www.usborkeychain.com\/wp-content\/uploads\/acrylic-usb-flash-drives-300x300.jpg 300w, https:\/\/www.usborkeychain.com\/wp-content\/uploads\/acrylic-usb-flash-drives-150x150.jpg 150w, https:\/\/www.usborkeychain.com\/wp-content\/uploads\/acrylic-usb-flash-drives-768x768.jpg 768w, https:\/\/www.usborkeychain.com\/wp-content\/uploads\/acrylic-usb-flash-drives-12x12.jpg 12w, https:\/\/www.usborkeychain.com\/wp-content\/uploads\/acrylic-usb-flash-drives-600x600.jpg 600w, https:\/\/www.usborkeychain.com\/wp-content\/uploads\/acrylic-usb-flash-drives-100x100.jpg 100w\" sizes=\"(max-width: 800px) 100vw, 800px\" \/><\/figure>\n<\/div>\n<\/div>\n\n\n\n<div class=\"wp-block-columns is-layout-flex wp-container-core-columns-is-layout-28f84493 wp-block-columns-is-layout-flex\">\n<div class=\"wp-block-column is-layout-flow wp-block-column-is-layout-flow\">\n<figure class=\"wp-block-image size-full\"><img alt=\"\" loading=\"lazy\" decoding=\"async\" width=\"800\" height=\"800\" src=\"https:\/\/www.usborkeychain.com\/wp-content\/uploads\/crystal-glass-usb-flash-drive.jpg\" class=\"wp-image-6351\" srcset=\"https:\/\/www.usborkeychain.com\/wp-content\/uploads\/crystal-glass-usb-flash-drive.jpg 800w, https:\/\/www.usborkeychain.com\/wp-content\/uploads\/crystal-glass-usb-flash-drive-300x300.jpg 300w, https:\/\/www.usborkeychain.com\/wp-content\/uploads\/crystal-glass-usb-flash-drive-150x150.jpg 150w, https:\/\/www.usborkeychain.com\/wp-content\/uploads\/crystal-glass-usb-flash-drive-768x768.jpg 768w, https:\/\/www.usborkeychain.com\/wp-content\/uploads\/crystal-glass-usb-flash-drive-12x12.jpg 12w, https:\/\/www.usborkeychain.com\/wp-content\/uploads\/crystal-glass-usb-flash-drive-600x600.jpg 600w, https:\/\/www.usborkeychain.com\/wp-content\/uploads\/crystal-glass-usb-flash-drive-100x100.jpg 100w\" sizes=\"(max-width: 800px) 100vw, 800px\" \/><\/figure>\n<\/div>\n\n\n\n<div class=\"wp-block-column is-layout-flow wp-block-column-is-layout-flow\">\n<figure class=\"wp-block-image size-full\"><img alt=\"\" loading=\"lazy\" decoding=\"async\" width=\"800\" height=\"800\" src=\"https:\/\/www.usborkeychain.com\/wp-content\/uploads\/cheap-acrylic-usb-flash-drives.jpg\" class=\"wp-image-6348\" srcset=\"https:\/\/www.usborkeychain.com\/wp-content\/uploads\/cheap-acrylic-usb-flash-drives.jpg 800w, https:\/\/www.usborkeychain.com\/wp-content\/uploads\/cheap-acrylic-usb-flash-drives-300x300.jpg 300w, https:\/\/www.usborkeychain.com\/wp-content\/uploads\/cheap-acrylic-usb-flash-drives-150x150.jpg 150w, https:\/\/www.usborkeychain.com\/wp-content\/uploads\/cheap-acrylic-usb-flash-drives-768x768.jpg 768w, https:\/\/www.usborkeychain.com\/wp-content\/uploads\/cheap-acrylic-usb-flash-drives-12x12.jpg 12w, https:\/\/www.usborkeychain.com\/wp-content\/uploads\/cheap-acrylic-usb-flash-drives-600x600.jpg 600w, https:\/\/www.usborkeychain.com\/wp-content\/uploads\/cheap-acrylic-usb-flash-drives-100x100.jpg 100w\" sizes=\"(max-width: 800px) 100vw, 800px\" \/><\/figure>\n<\/div>\n\n\n\n<div class=\"wp-block-column is-layout-flow wp-block-column-is-layout-flow\">\n<figure class=\"wp-block-image size-full\"><img alt=\"\" loading=\"lazy\" decoding=\"async\" width=\"800\" height=\"800\" src=\"https:\/\/www.usborkeychain.com\/wp-content\/uploads\/usb-flash-drive-crystal-factory.jpg\" class=\"wp-image-6355\" srcset=\"https:\/\/www.usborkeychain.com\/wp-content\/uploads\/usb-flash-drive-crystal-factory.jpg 800w, https:\/\/www.usborkeychain.com\/wp-content\/uploads\/usb-flash-drive-crystal-factory-300x300.jpg 300w, https:\/\/www.usborkeychain.com\/wp-content\/uploads\/usb-flash-drive-crystal-factory-150x150.jpg 150w, https:\/\/www.usborkeychain.com\/wp-content\/uploads\/usb-flash-drive-crystal-factory-768x768.jpg 768w, https:\/\/www.usborkeychain.com\/wp-content\/uploads\/usb-flash-drive-crystal-factory-12x12.jpg 12w, https:\/\/www.usborkeychain.com\/wp-content\/uploads\/usb-flash-drive-crystal-factory-600x600.jpg 600w, https:\/\/www.usborkeychain.com\/wp-content\/uploads\/usb-flash-drive-crystal-factory-100x100.jpg 100w\" sizes=\"(max-width: 800px) 100vw, 800px\" \/><\/figure>\n<\/div>\n<\/div>\n\n\n\n<h2 class=\"wp-block-heading\">Tipos de embalagem dispon\u00edveis<\/h2>\n\n\n\n<div class=\"wp-block-columns is-layout-flex wp-container-core-columns-is-layout-28f84493 wp-block-columns-is-layout-flex\">\n<div class=\"wp-block-column is-vertically-aligned-center is-layout-flow wp-block-column-is-layout-flow\">\n<figure class=\"wp-block-image size-full\"><img alt=\"\" loading=\"lazy\" decoding=\"async\" width=\"800\" height=\"800\" src=\"https:\/\/www.usborkeychain.com\/wp-content\/uploads\/crystal-usb-flash-drive-1.jpg\" class=\"wp-image-6353\" srcset=\"https:\/\/www.usborkeychain.com\/wp-content\/uploads\/crystal-usb-flash-drive-1.jpg 800w, https:\/\/www.usborkeychain.com\/wp-content\/uploads\/crystal-usb-flash-drive-1-300x300.jpg 300w, https:\/\/www.usborkeychain.com\/wp-content\/uploads\/crystal-usb-flash-drive-1-150x150.jpg 150w, https:\/\/www.usborkeychain.com\/wp-content\/uploads\/crystal-usb-flash-drive-1-768x768.jpg 768w, https:\/\/www.usborkeychain.com\/wp-content\/uploads\/crystal-usb-flash-drive-1-12x12.jpg 12w, https:\/\/www.usborkeychain.com\/wp-content\/uploads\/crystal-usb-flash-drive-1-600x600.jpg 600w, https:\/\/www.usborkeychain.com\/wp-content\/uploads\/crystal-usb-flash-drive-1-100x100.jpg 100w\" sizes=\"(max-width: 800px) 100vw, 800px\" \/><\/figure>\n<\/div>\n\n\n\n<div class=\"wp-block-column is-vertically-aligned-center is-layout-flow wp-block-column-is-layout-flow\">\n<h3 class=\"wp-block-heading\">Embalagem b\u00e1sica<\/h3>\n\n\n\n<p>Adota uma caixa de presente preta fosca com um revestimento interno de esponja de alta densidade para amortecer efetivamente os impactos. A superf\u00edcie da caixa permite a grava\u00e7\u00e3o\/estampagem em ouro dos nomes das marcas, sendo simples e elegante.<\/p>\n\n\n\n<h3 class=\"wp-block-heading\">Caixa de madeira personalizada<\/h3>\n\n\n\n<p>Caixa de presente opcional de madeira maci\u00e7a na mesma cor de madeira (por exemplo, uma unidade USB de nogueira combinada com uma caixa de nogueira). O corpo da caixa passa por lixamento e lubrifica\u00e7\u00e3o, com o gr\u00e3o ecoando o da unidade USB para obter uma textura unificada. No interior da caixa, est\u00e3o dispon\u00edveis logotipos personalizados impressos em serigrafia e forro de flanela, criando uma experi\u00eancia de alta qualidade \"full wood series\".<\/p>\n<\/div>\n<\/div>\n\n\n\n<div class=\"wp-block-columns is-layout-flex wp-container-core-columns-is-layout-28f84493 wp-block-columns-is-layout-flex\">\n<div class=\"wp-block-column is-vertically-aligned-center is-layout-flow wp-block-column-is-layout-flow\">\n<p>O <strong>Unidade flash USB de cristal de madeira<\/strong>Com madeira maci\u00e7a natural e cristal de alta transpar\u00eancia, elimina a frieza dos dispositivos eletr\u00f4nicos. Ele tem capacidade de 8 GB a 128 GB, com interfaces compat\u00edveis com os principais dispositivos para atender \u00e0s necessidades di\u00e1rias de armazenamento. Do logotipo \u00e0 embalagem, ele oferece personaliza\u00e7\u00e3o de processo completo, adequado para v\u00e1rios cen\u00e1rios, como neg\u00f3cios, cole\u00e7\u00f5es e presentes. Seja para uso pessoal ou como um presente corporativo, o <strong>Unidade flash USB de cristal de madeira<\/strong> \u00e9 sua escolha exclusiva.<\/p>\n<\/div>\n\n\n\n<div class=\"wp-block-column is-vertically-aligned-center is-layout-flow wp-block-column-is-layout-flow\">\n<figure class=\"wp-block-image size-large\"><img alt=\"\" loading=\"lazy\" decoding=\"async\" width=\"800\" height=\"800\" src=\"https:\/\/www.usborkeychain.com\/wp-content\/uploads\/crystal-usb-flash-drives-1-800x800.jpg\" class=\"wp-image-6354\" srcset=\"https:\/\/www.usborkeychain.com\/wp-content\/uploads\/crystal-usb-flash-drives-1-800x800.jpg 800w, https:\/\/www.usborkeychain.com\/wp-content\/uploads\/crystal-usb-flash-drives-1-300x300.jpg 300w, https:\/\/www.usborkeychain.com\/wp-content\/uploads\/crystal-usb-flash-drives-1-150x150.jpg 150w, https:\/\/www.usborkeychain.com\/wp-content\/uploads\/crystal-usb-flash-drives-1-768x768.jpg 768w, https:\/\/www.usborkeychain.com\/wp-content\/uploads\/crystal-usb-flash-drives-1-12x12.jpg 12w, https:\/\/www.usborkeychain.com\/wp-content\/uploads\/crystal-usb-flash-drives-1-600x600.jpg 600w, https:\/\/www.usborkeychain.com\/wp-content\/uploads\/crystal-usb-flash-drives-1-100x100.jpg 100w, https:\/\/www.usborkeychain.com\/wp-content\/uploads\/crystal-usb-flash-drives-1.jpg 1000w\" sizes=\"(max-width: 800px) 100vw, 800px\" \/><\/figure>\n<\/div>\n<\/div>","protected":false},"excerpt":{"rendered":"<ul>\n<li>Madeira maci\u00e7a natural<\/li>\n<li>Cristal de alta transpar\u00eancia<\/li>\n<li>Abrange a capacidade de 8 GB a 128 GB<\/li>\n<li>Personaliza\u00e7\u00e3o de logotipo e embalagem<\/li>\n<li>MOQ: 100 unidades<\/li>\n<\/ul>","protected":false},"featured_media":6349,"comment_status":"open","ping_status":"closed","template":"","meta":{"_seopress_robots_primary_cat":"","_seopress_titles_title":"","_seopress_titles_desc":"","_seopress_robots_index":"","site-sidebar-layout":"default","site-content-layout":"","ast-site-content-layout":"","site-content-style":"default","site-sidebar-style":"default","ast-global-header-display":"","ast-banner-title-visibility":"","ast-main-header-display":"","ast-hfb-above-header-display":"","ast-hfb-below-header-display":"","ast-hfb-mobile-header-display":"","site-post-title":"","ast-breadcrumbs-content":"","ast-featured-img":"","footer-sml-layout":"","theme-transparent-header-meta":"","adv-header-id-meta":"","stick-header-meta":"","header-above-stick-meta":"","header-main-stick-meta":"","header-below-stick-meta":"","astra-migrate-meta-layouts":"default","ast-page-background-enabled":"default","ast-page-background-meta":{"desktop":{"background-color":"var(--ast-global-color-5)","background-image":"","background-repeat":"repeat","background-position":"center center","background-size":"auto","background-attachment":"scroll","background-type":"","background-media":"","overlay-type":"","overlay-color":"","overlay-opacity":"","overlay-gradient":""},"tablet":{"background-color":"","background-image":"","background-repeat":"repeat","background-position":"center center","background-size":"auto","background-attachment":"scroll","background-type":"","background-media":"","overlay-type":"","overlay-color":"","overlay-opacity":"","overlay-gradient":""},"mobile":{"background-color":"","background-image":"","background-repeat":"repeat","background-position":"center center","background-size":"auto","background-attachment":"scroll","background-type":"","background-media":"","overlay-type":"","overlay-color":"","overlay-opacity":"","overlay-gradient":""}},"ast-content-background-meta":{"desktop":{"background-color":"var(--ast-global-color-4)","background-image":"","background-repeat":"repeat","background-position":"center center","background-size":"auto","background-attachment":"scroll","background-type":"","background-media":"","overlay-type":"","overlay-color":"","overlay-opacity":"","overlay-gradient":""},"tablet":{"background-color":"var(--ast-global-color-4)","background-image":"","background-repeat":"repeat","background-position":"center center","background-size":"auto","background-attachment":"scroll","background-type":"","background-media":"","overlay-type":"","overlay-color":"","overlay-opacity":"","overlay-gradient":""},"mobile":{"background-color":"var(--ast-global-color-4)","background-image":"","background-repeat":"repeat","background-position":"center center","background-size":"auto","background-attachment":"scroll","background-type":"","background-media":"","overlay-type":"","overlay-color":"","overlay-opacity":"","overlay-gradient":""}}},"product_brand":[],"product_cat":[174],"product_tag":[392],"class_list":{"0":"post-6342","1":"product","2":"type-product","3":"status-publish","4":"has-post-thumbnail","6":"product_cat-crystal-usb-pendrive","7":"product_tag-wooden-crystal-usb-flash-drive","8":"desktop-align-left","9":"tablet-align-left","10":"mobile-align-left","12":"first","13":"instock","14":"shipping-taxable","15":"product-type-simple"},"_links":{"self":[{"href":"https:\/\/www.usborkeychain.com\/pt\/wp-json\/wp\/v2\/product\/6342","targetHints":{"allow":["GET"]}}],"collection":[{"href":"https:\/\/www.usborkeychain.com\/pt\/wp-json\/wp\/v2\/product"}],"about":[{"href":"https:\/\/www.usborkeychain.com\/pt\/wp-json\/wp\/v2\/types\/product"}],"replies":[{"embeddable":true,"href":"https:\/\/www.usborkeychain.com\/pt\/wp-json\/wp\/v2\/comments?post=6342"}],"wp:featuredmedia":[{"embeddable":true,"href":"https:\/\/www.usborkeychain.com\/pt\/wp-json\/wp\/v2\/media\/6349"}],"wp:attachment":[{"href":"https:\/\/www.usborkeychain.com\/pt\/wp-json\/wp\/v2\/media?parent=6342"}],"wp:term":[{"taxonomy":"product_brand","embeddable":true,"href":"https:\/\/www.usborkeychain.com\/pt\/wp-json\/wp\/v2\/product_brand?post=6342"},{"taxonomy":"product_cat","embeddable":true,"href":"https:\/\/www.usborkeychain.com\/pt\/wp-json\/wp\/v2\/product_cat?post=6342"},{"taxonomy":"product_tag","embeddable":true,"href":"https:\/\/www.usborkeychain.com\/pt\/wp-json\/wp\/v2\/product_tag?post=6342"}],"curies":[{"name":"wp","href":"https:\/\/api.w.org\/{rel}","templated":true}]}}