{"id":6383,"date":"2025-08-09T15:21:16","date_gmt":"2025-08-09T15:21:16","guid":{"rendered":"https:\/\/www.usborkeychain.com\/?post_type=product&#038;p=6383"},"modified":"2025-08-16T03:06:01","modified_gmt":"2025-08-16T03:06:01","slug":"golden-crystal-usb-flash-drive","status":"publish","type":"product","link":"https:\/\/www.usborkeychain.com\/pt\/produto\/golden-crystal-usb-flash-drive\/","title":{"rendered":"Unidade flash USB Golden Crystal"},"content":{"rendered":"<h2 class=\"wp-block-heading\">Recursos de design da unidade flash USB Golden Crystal<\/h2>\n\n\n\n<div class=\"wp-block-columns is-layout-flex wp-container-core-columns-is-layout-28f84493 wp-block-columns-is-layout-flex\">\n<div class=\"wp-block-column is-vertically-aligned-center is-layout-flow wp-block-column-is-layout-flow\">\n<p>A caixa de metal dourado \u00e9 combinada com um corpo de cristal transparente, criando um forte contraste visual entre o brilho met\u00e1lico e a clareza do cristal. Ele n\u00e3o apenas apresenta qualidade de ponta, mas tamb\u00e9m combina um senso de moda e arte.<\/p>\n\n\n\n<p>Transmiss\u00e3o de alta efici\u00eancia do USB 3.0: A velocidade de leitura chega a 60 MB\/s e a velocidade de grava\u00e7\u00e3o \u00e9 de 15 MB\/s. Em uso pr\u00e1tico, a transfer\u00eancia de um arquivo de v\u00eddeo de 1 GB leva apenas cerca de 17 segundos com o USB 3.0, enquanto leva quase 3 minutos com o USB 2.0. A efici\u00eancia \u00e9 aprimorada v\u00e1rias vezes, reduzindo significativamente o tempo de espera.<\/p>\n<\/div>\n\n\n\n<div class=\"wp-block-column is-vertically-aligned-center is-layout-flow wp-block-column-is-layout-flow\">\n<figure class=\"wp-block-image size-full\"><img alt=\"\" fetchpriority=\"high\" decoding=\"async\" width=\"800\" height=\"800\" src=\"https:\/\/www.usborkeychain.com\/wp-content\/uploads\/buy-crystal-usb-flash-drive-1.jpg\" class=\"wp-image-6386\" srcset=\"https:\/\/www.usborkeychain.com\/wp-content\/uploads\/buy-crystal-usb-flash-drive-1.jpg 800w, https:\/\/www.usborkeychain.com\/wp-content\/uploads\/buy-crystal-usb-flash-drive-1-300x300.jpg 300w, https:\/\/www.usborkeychain.com\/wp-content\/uploads\/buy-crystal-usb-flash-drive-1-150x150.jpg 150w, https:\/\/www.usborkeychain.com\/wp-content\/uploads\/buy-crystal-usb-flash-drive-1-768x768.jpg 768w, https:\/\/www.usborkeychain.com\/wp-content\/uploads\/buy-crystal-usb-flash-drive-1-12x12.jpg 12w, https:\/\/www.usborkeychain.com\/wp-content\/uploads\/buy-crystal-usb-flash-drive-1-600x600.jpg 600w, https:\/\/www.usborkeychain.com\/wp-content\/uploads\/buy-crystal-usb-flash-drive-1-100x100.jpg 100w\" sizes=\"(max-width: 800px) 100vw, 800px\" \/><\/figure>\n<\/div>\n<\/div>\n\n\n\n<h3 class=\"wp-block-heading\">Tabela de par\u00e2metros principais da unidade flash USB<\/h3>\n\n\n\n<figure class=\"wp-block-table\"><table class=\"has-fixed-layout\"><thead><tr><th>Categoria de par\u00e2metro<\/th><th>Detalhes<\/th><\/tr><\/thead><tbody><tr><td>Op\u00e7\u00f5es de capacidade<\/td><td>8 GB, 16 GB, 32 GB, 64 GB, 128 GB<\/td><\/tr><tr><td>Dimens\u00f5es (comprimento \u00d7 largura \u00d7 espessura)<\/td><td>58,42 mm \u00d7 16,51 mm \u00d7 9,65 mm<\/td><\/tr><tr><td>Peso<\/td><td>Aproximadamente 10 gramas<\/td><\/tr><tr><td>Tipo de interface<\/td><td>USB 3.0 (compat\u00edvel com o USB 2.0)<\/td><\/tr><tr><td>Velocidade de leitura\/grava\u00e7\u00e3o<\/td><td>Leitura: \u226460 MB\/s; grava\u00e7\u00e3o: \u226515 MB\/s (a velocidade real \u00e9 afetada por dispositivos e sistemas; consulte as medi\u00e7\u00f5es reais)<\/td><\/tr><tr><td>Material<\/td><td>Metal + Cristal<\/td><\/tr><\/tbody><\/table><\/figure>\n\n\n\n<h2 class=\"wp-block-heading\">Servi\u00e7os de personaliza\u00e7\u00e3o<\/h2>\n\n\n\n<div class=\"wp-block-columns is-layout-flex wp-container-core-columns-is-layout-28f84493 wp-block-columns-is-layout-flex\">\n<div class=\"wp-block-column is-vertically-aligned-center is-layout-flow wp-block-column-is-layout-flow\">\n<figure class=\"wp-block-image size-full\"><img alt=\"\" decoding=\"async\" width=\"800\" height=\"800\" src=\"https:\/\/www.usborkeychain.com\/wp-content\/uploads\/crystal-usb-flash-drive-3.jpg\" class=\"wp-image-6388\" srcset=\"https:\/\/www.usborkeychain.com\/wp-content\/uploads\/crystal-usb-flash-drive-3.jpg 800w, https:\/\/www.usborkeychain.com\/wp-content\/uploads\/crystal-usb-flash-drive-3-300x300.jpg 300w, https:\/\/www.usborkeychain.com\/wp-content\/uploads\/crystal-usb-flash-drive-3-150x150.jpg 150w, https:\/\/www.usborkeychain.com\/wp-content\/uploads\/crystal-usb-flash-drive-3-768x768.jpg 768w, https:\/\/www.usborkeychain.com\/wp-content\/uploads\/crystal-usb-flash-drive-3-12x12.jpg 12w, https:\/\/www.usborkeychain.com\/wp-content\/uploads\/crystal-usb-flash-drive-3-600x600.jpg 600w, https:\/\/www.usborkeychain.com\/wp-content\/uploads\/crystal-usb-flash-drive-3-100x100.jpg 100w\" sizes=\"(max-width: 800px) 100vw, 800px\" \/><\/figure>\n<\/div>\n\n\n\n<div class=\"wp-block-column is-vertically-aligned-center is-layout-flow wp-block-column-is-layout-flow\">\n<h4 class=\"wp-block-heading\">T\u00e9cnicas de personaliza\u00e7\u00e3o do logotipo<\/h4>\n\n\n\n<ul class=\"wp-block-list\">\n<li>Pe\u00e7a de cristal: Adotando a tecnologia de grava\u00e7\u00e3o interna a laser, o LOGOTIPO ou padr\u00e3o \u00e9 incorporado dentro do cristal. O padr\u00e3o permanece n\u00edtido e nunca desbota, al\u00e9m de ter um efeito estereosc\u00f3pico 3D, proporcionando uma experi\u00eancia visual mais exclusiva.<\/li>\n\n\n\n<li>Carca\u00e7a de metal: Suporta grava\u00e7\u00e3o a laser ou impress\u00e3o em tela de seda. O LOGOTIPO \u00e9 reproduzido com precis\u00e3o, e a textura met\u00e1lica \u00e9 integrada ao logotipo, destacando o estilo da marca.<\/li>\n<\/ul>\n\n\n\n<h4 class=\"wp-block-heading\">Suporte: Personaliza\u00e7\u00e3o de cart\u00f5es coloridos<\/h4>\n\n\n\n<p>O cart\u00e3o \"Photo Area\" na caixa de presente pode ser personalizado em v\u00e1rias cores (como as cores VI corporativas, cores tem\u00e1ticas de feriados, etc.). Combinado com o LOGOTIPO, ele forma um s\u00edmbolo visual exclusivo, atendendo a necessidades personalizadas, como brindes corporativos, lembran\u00e7as de eventos e recorda\u00e7\u00f5es pessoais.<\/p>\n<\/div>\n<\/div>\n\n\n\n<h2 class=\"wp-block-heading\">Caixa de embalagem da unidade flash USB Golden Crystal<\/h2>\n\n\n\n<div class=\"wp-block-columns is-layout-flex wp-container-core-columns-is-layout-28f84493 wp-block-columns-is-layout-flex\">\n<div class=\"wp-block-column is-vertically-aligned-center is-layout-flow wp-block-column-is-layout-flow\">\n<h4 class=\"wp-block-heading\">1. Material e estrutura<\/h4>\n\n\n\n<p>\u00c9 usada uma caixa de presente de ferro, com material robusto e forte resist\u00eancia \u00e0 press\u00e3o, que protege efetivamente a unidade flash USB contra colis\u00f5es e arranh\u00f5es. O design da caixa \u00e9 simples e elegante, com a textura met\u00e1lica prateada ecoando a cor dourada do pen drive. <strong>Unidade flash USB<\/strong>, melhorando a nota geral.<\/p>\n\n\n\n<h4 class=\"wp-block-heading\">2. Design em destaque: \u00c1rea de foto transparente<\/h4>\n\n\n\n<p>A tampa da caixa \u00e9 equipada com uma \"\u00e1rea para fotos\" transparente onde podem ser colocados cart\u00f5es personalizados, fotos ou p\u00e1ginas promocionais da marca. Isso n\u00e3o s\u00f3 aumenta a exclusividade do brinde, mas tamb\u00e9m facilita a exibi\u00e7\u00e3o de informa\u00e7\u00f5es sobre a marca, servindo como o \"toque final\" para brindes comerciais.<\/p>\n<\/div>\n\n\n\n<div class=\"wp-block-column is-vertically-aligned-center is-layout-flow wp-block-column-is-layout-flow\">\n<figure class=\"wp-block-image size-full\"><img alt=\"\" decoding=\"async\" width=\"800\" height=\"800\" src=\"https:\/\/www.usborkeychain.com\/wp-content\/uploads\/crystal-usb-flash-drive-bulk-2.jpg\" class=\"wp-image-6387\" srcset=\"https:\/\/www.usborkeychain.com\/wp-content\/uploads\/crystal-usb-flash-drive-bulk-2.jpg 800w, https:\/\/www.usborkeychain.com\/wp-content\/uploads\/crystal-usb-flash-drive-bulk-2-300x300.jpg 300w, https:\/\/www.usborkeychain.com\/wp-content\/uploads\/crystal-usb-flash-drive-bulk-2-150x150.jpg 150w, https:\/\/www.usborkeychain.com\/wp-content\/uploads\/crystal-usb-flash-drive-bulk-2-768x768.jpg 768w, https:\/\/www.usborkeychain.com\/wp-content\/uploads\/crystal-usb-flash-drive-bulk-2-12x12.jpg 12w, https:\/\/www.usborkeychain.com\/wp-content\/uploads\/crystal-usb-flash-drive-bulk-2-600x600.jpg 600w, https:\/\/www.usborkeychain.com\/wp-content\/uploads\/crystal-usb-flash-drive-bulk-2-100x100.jpg 100w\" sizes=\"(max-width: 800px) 100vw, 800px\" \/><\/figure>\n<\/div>\n<\/div>\n\n\n\n<div class=\"wp-block-columns is-layout-flex wp-container-core-columns-is-layout-28f84493 wp-block-columns-is-layout-flex\">\n<div class=\"wp-block-column is-vertically-aligned-center is-layout-flow wp-block-column-is-layout-flow\">\n<figure class=\"wp-block-image size-full\"><img alt=\"\" loading=\"lazy\" decoding=\"async\" width=\"800\" height=\"800\" src=\"https:\/\/www.usborkeychain.com\/wp-content\/uploads\/crystal-usb-flash-drives-3.jpg\" class=\"wp-image-6389\" srcset=\"https:\/\/www.usborkeychain.com\/wp-content\/uploads\/crystal-usb-flash-drives-3.jpg 800w, https:\/\/www.usborkeychain.com\/wp-content\/uploads\/crystal-usb-flash-drives-3-300x300.jpg 300w, https:\/\/www.usborkeychain.com\/wp-content\/uploads\/crystal-usb-flash-drives-3-150x150.jpg 150w, https:\/\/www.usborkeychain.com\/wp-content\/uploads\/crystal-usb-flash-drives-3-768x768.jpg 768w, https:\/\/www.usborkeychain.com\/wp-content\/uploads\/crystal-usb-flash-drives-3-12x12.jpg 12w, https:\/\/www.usborkeychain.com\/wp-content\/uploads\/crystal-usb-flash-drives-3-600x600.jpg 600w, https:\/\/www.usborkeychain.com\/wp-content\/uploads\/crystal-usb-flash-drives-3-100x100.jpg 100w\" sizes=\"(max-width: 800px) 100vw, 800px\" \/><\/figure>\n<\/div>\n\n\n\n<div class=\"wp-block-column is-vertically-aligned-center is-layout-flow wp-block-column-is-layout-flow\">\n<p>O <strong>Unidade flash USB Golden Crystal<\/strong> rompe a homogeneiza\u00e7\u00e3o dos dispositivos de armazenamento tradicionais com seu design leve e luxuoso de metal e cristal. <\/p>\n\n\n\n<p>Combinado com a tecnologia de transmiss\u00e3o de ultra-alta velocidade USB 3.0, ele oferece solu\u00e7\u00f5es de escrit\u00f3rio est\u00e1veis e eficientes na faixa de capacidade de 32 a 128 GB. <\/p>\n\n\n\n<p>Essa unidade flash USB \u00e9 adequada para ocasi\u00f5es como presentes corporativos, comemora\u00e7\u00f5es de anivers\u00e1rio e negocia\u00e7\u00f5es comerciais. Empresas ou indiv\u00edduos com necessidades de personaliza\u00e7\u00e3o podem consultar o atendimento ao cliente.<\/p>\n<\/div>\n<\/div>","protected":false},"excerpt":{"rendered":"<ul>\n<li>Metais met\u00e1licos+cristalinos<\/li>\n<li>Personaliza\u00e7\u00e3o do logotipo e da embalagem<\/li>\n<li>USB 3.0 de velocidade ultra-alta<\/li>\n<li>\"\u00c1rea de foto\" transparente<\/li>\n<li>MOQ:100pcs<\/li>\n<\/ul>","protected":false},"featured_media":6388,"comment_status":"open","ping_status":"closed","template":"","meta":{"_seopress_robots_primary_cat":"","_seopress_titles_title":"","_seopress_titles_desc":"","_seopress_robots_index":"","site-sidebar-layout":"default","site-content-layout":"","ast-site-content-layout":"","site-content-style":"default","site-sidebar-style":"default","ast-global-header-display":"","ast-banner-title-visibility":"","ast-main-header-display":"","ast-hfb-above-header-display":"","ast-hfb-below-header-display":"","ast-hfb-mobile-header-display":"","site-post-title":"","ast-breadcrumbs-content":"","ast-featured-img":"","footer-sml-layout":"","theme-transparent-header-meta":"","adv-header-id-meta":"","stick-header-meta":"","header-above-stick-meta":"","header-main-stick-meta":"","header-below-stick-meta":"","astra-migrate-meta-layouts":"default","ast-page-background-enabled":"default","ast-page-background-meta":{"desktop":{"background-color":"var(--ast-global-color-5)","background-image":"","background-repeat":"repeat","background-position":"center center","background-size":"auto","background-attachment":"scroll","background-type":"","background-media":"","overlay-type":"","overlay-color":"","overlay-opacity":"","overlay-gradient":""},"tablet":{"background-color":"","background-image":"","background-repeat":"repeat","background-position":"center center","background-size":"auto","background-attachment":"scroll","background-type":"","background-media":"","overlay-type":"","overlay-color":"","overlay-opacity":"","overlay-gradient":""},"mobile":{"background-color":"","background-image":"","background-repeat":"repeat","background-position":"center center","background-size":"auto","background-attachment":"scroll","background-type":"","background-media":"","overlay-type":"","overlay-color":"","overlay-opacity":"","overlay-gradient":""}},"ast-content-background-meta":{"desktop":{"background-color":"var(--ast-global-color-4)","background-image":"","background-repeat":"repeat","background-position":"center center","background-size":"auto","background-attachment":"scroll","background-type":"","background-media":"","overlay-type":"","overlay-color":"","overlay-opacity":"","overlay-gradient":""},"tablet":{"background-color":"var(--ast-global-color-4)","background-image":"","background-repeat":"repeat","background-position":"center center","background-size":"auto","background-attachment":"scroll","background-type":"","background-media":"","overlay-type":"","overlay-color":"","overlay-opacity":"","overlay-gradient":""},"mobile":{"background-color":"var(--ast-global-color-4)","background-image":"","background-repeat":"repeat","background-position":"center center","background-size":"auto","background-attachment":"scroll","background-type":"","background-media":"","overlay-type":"","overlay-color":"","overlay-opacity":"","overlay-gradient":""}}},"product_brand":[],"product_cat":[174,103],"product_tag":[394],"class_list":{"0":"post-6383","1":"product","2":"type-product","3":"status-publish","4":"has-post-thumbnail","6":"product_cat-crystal-usb-pendrive","7":"product_cat-usb2-0-usb-pendrive","8":"product_tag-golden-crystal-usb-flash-drive","9":"desktop-align-left","10":"tablet-align-left","11":"mobile-align-left","13":"first","14":"instock","15":"shipping-taxable","16":"product-type-simple"},"_links":{"self":[{"href":"https:\/\/www.usborkeychain.com\/pt\/wp-json\/wp\/v2\/product\/6383","targetHints":{"allow":["GET"]}}],"collection":[{"href":"https:\/\/www.usborkeychain.com\/pt\/wp-json\/wp\/v2\/product"}],"about":[{"href":"https:\/\/www.usborkeychain.com\/pt\/wp-json\/wp\/v2\/types\/product"}],"replies":[{"embeddable":true,"href":"https:\/\/www.usborkeychain.com\/pt\/wp-json\/wp\/v2\/comments?post=6383"}],"wp:featuredmedia":[{"embeddable":true,"href":"https:\/\/www.usborkeychain.com\/pt\/wp-json\/wp\/v2\/media\/6388"}],"wp:attachment":[{"href":"https:\/\/www.usborkeychain.com\/pt\/wp-json\/wp\/v2\/media?parent=6383"}],"wp:term":[{"taxonomy":"product_brand","embeddable":true,"href":"https:\/\/www.usborkeychain.com\/pt\/wp-json\/wp\/v2\/product_brand?post=6383"},{"taxonomy":"product_cat","embeddable":true,"href":"https:\/\/www.usborkeychain.com\/pt\/wp-json\/wp\/v2\/product_cat?post=6383"},{"taxonomy":"product_tag","embeddable":true,"href":"https:\/\/www.usborkeychain.com\/pt\/wp-json\/wp\/v2\/product_tag?post=6383"}],"curies":[{"name":"wp","href":"https:\/\/api.w.org\/{rel}","templated":true}]}}