{"id":6402,"date":"2025-08-10T02:15:16","date_gmt":"2025-08-10T02:15:16","guid":{"rendered":"https:\/\/www.usborkeychain.com\/?post_type=product&#038;p=6402"},"modified":"2025-08-10T02:15:19","modified_gmt":"2025-08-10T02:15:19","slug":"lipstick-crystal-usb-drive","status":"publish","type":"product","link":"https:\/\/www.usborkeychain.com\/pt\/produto\/lipstick-crystal-usb-drive\/","title":{"rendered":"Unidade USB Lipstick Crystal"},"content":{"rendered":"<div class=\"wp-block-columns is-layout-flex wp-container-core-columns-is-layout-28f84493 wp-block-columns-is-layout-flex\">\n<div class=\"wp-block-column is-vertically-aligned-center is-layout-flow wp-block-column-is-layout-flow\">\n<figure class=\"wp-block-image size-large\"><img alt=\"\" fetchpriority=\"high\" decoding=\"async\" width=\"740\" height=\"800\" src=\"https:\/\/www.usborkeychain.com\/wp-content\/uploads\/colorful-Lipstick-crystal-usb-flash-drives-740x800.jpg\" class=\"wp-image-6394\" srcset=\"https:\/\/www.usborkeychain.com\/wp-content\/uploads\/colorful-Lipstick-crystal-usb-flash-drives-740x800.jpg 740w, https:\/\/www.usborkeychain.com\/wp-content\/uploads\/colorful-Lipstick-crystal-usb-flash-drives-277x300.jpg 277w, https:\/\/www.usborkeychain.com\/wp-content\/uploads\/colorful-Lipstick-crystal-usb-flash-drives-768x830.jpg 768w, https:\/\/www.usborkeychain.com\/wp-content\/uploads\/colorful-Lipstick-crystal-usb-flash-drives-11x12.jpg 11w, https:\/\/www.usborkeychain.com\/wp-content\/uploads\/colorful-Lipstick-crystal-usb-flash-drives-600x649.jpg 600w, https:\/\/www.usborkeychain.com\/wp-content\/uploads\/colorful-Lipstick-crystal-usb-flash-drives.jpg 800w\" sizes=\"(max-width: 740px) 100vw, 740px\" \/><\/figure>\n<\/div>\n\n\n\n<div class=\"wp-block-column is-vertically-aligned-center is-layout-flow wp-block-column-is-layout-flow\">\n<h2 class=\"wp-block-heading\">Recursos de design<\/h2>\n\n\n\n<p>O<strong> Unidade USB Lipstick Crystal<\/strong> usa o formato cl\u00e1ssico do batom como prot\u00f3tipo, combinando de forma inteligente o armazenamento tecnol\u00f3gico com a est\u00e9tica da moda, o que o torna um \"tesouro port\u00e1til\" amado pelas mulheres:<\/p>\n\n\n\n<h3 class=\"wp-block-heading\">1. Design do batom bi\u00f4nico<\/h3>\n\n\n\n<p>Com um formato cil\u00edndrico geral, ele reproduz os contornos delicados de um batom. Com um anel de metal e uma corrente de 66 cm, ele pode ser usado como chaveiro em uma bolsa ou como pingente de colar, transformando a unidade USB de uma \"ferramenta\" em um acess\u00f3rio de moda que mostra personalidade onde quer que voc\u00ea v\u00e1.<\/p>\n<\/div>\n<\/div>\n\n\n\n<div class=\"wp-block-columns is-layout-flex wp-container-core-columns-is-layout-28f84493 wp-block-columns-is-layout-flex\">\n<div class=\"wp-block-column is-vertically-aligned-center is-layout-flow wp-block-column-is-layout-flow\">\n<figure class=\"wp-block-image size-full\"><img alt=\"\" decoding=\"async\" width=\"800\" height=\"800\" src=\"https:\/\/www.usborkeychain.com\/wp-content\/uploads\/crystal-usb-flash-drive-bulk-3.jpg\" class=\"wp-image-6395\" srcset=\"https:\/\/www.usborkeychain.com\/wp-content\/uploads\/crystal-usb-flash-drive-bulk-3.jpg 800w, https:\/\/www.usborkeychain.com\/wp-content\/uploads\/crystal-usb-flash-drive-bulk-3-300x300.jpg 300w, https:\/\/www.usborkeychain.com\/wp-content\/uploads\/crystal-usb-flash-drive-bulk-3-150x150.jpg 150w, https:\/\/www.usborkeychain.com\/wp-content\/uploads\/crystal-usb-flash-drive-bulk-3-768x768.jpg 768w, https:\/\/www.usborkeychain.com\/wp-content\/uploads\/crystal-usb-flash-drive-bulk-3-12x12.jpg 12w, https:\/\/www.usborkeychain.com\/wp-content\/uploads\/crystal-usb-flash-drive-bulk-3-600x600.jpg 600w, https:\/\/www.usborkeychain.com\/wp-content\/uploads\/crystal-usb-flash-drive-bulk-3-100x100.jpg 100w\" sizes=\"(max-width: 800px) 100vw, 800px\" \/><\/figure>\n<\/div>\n\n\n\n<div class=\"wp-block-column is-vertically-aligned-center is-layout-flow wp-block-column-is-layout-flow\">\n<h3 class=\"wp-block-heading\">2. Artesanato com incrusta\u00e7\u00f5es de cristal<\/h3>\n\n\n\n<p>O revestimento externo \u00e9 coberto com cristais de imita\u00e7\u00e3o de alta densidade (strass), fixados com seguran\u00e7a em uma base de liga met\u00e1lica por meio de uma tecnologia de incrusta\u00e7\u00e3o precisa para garantir que permane\u00e7am no lugar e mantenham seu brilho ao longo do tempo. Dispon\u00edvel em v\u00e1rias cores - Rosa elegante, Azul fresco, Prata elegante, Ouro luxuoso e Verde menta - para atender a diversas prefer\u00eancias de estilo.<\/p>\n\n\n\n<h3 class=\"wp-block-heading\">3. Garantia de material de alta qualidade<\/h3>\n\n\n\n<p>A concha de liga met\u00e1lica \u00e9 resistente a quedas, ao desgaste e \u00e0 corros\u00e3o, resistindo a arranh\u00f5es mesmo com o uso pesado di\u00e1rio. As facetas de cristal s\u00e3o finamente polidas, criando um efeito luminoso 3D sob a refra\u00e7\u00e3o da luz, com um apelo visual compar\u00e1vel ao de uma joia.<\/p>\n<\/div>\n<\/div>\n\n\n\n<h2 class=\"wp-block-heading\">Par\u00e2metros principais da unidade USB<\/h2>\n\n\n\n<figure class=\"wp-block-table\"><table class=\"has-fixed-layout\"><thead><tr><th>Categoria de par\u00e2metro<\/th><th>Detalhes<\/th><\/tr><\/thead><tbody><tr><td>Op\u00e7\u00f5es de capacidade<\/td><td>8GB \/ 16GB \/ 32GB \/ 64GB \/ 128GB<\/td><\/tr><tr><td>Dimens\u00f5es (incluindo a corrente)<\/td><td>Corpo principal: 47 mm de comprimento \u00d7 18 mm de di\u00e2metro; comprimento da corrente: 66 cm<\/td><\/tr><tr><td>Peso<\/td><td>Aproximadamente 15 gramas<\/td><\/tr><tr><td>Tipo de interface<\/td><td>USB 2.0 (compat\u00edvel com dispositivos USB 3.0)<\/td><\/tr><tr><td>Velocidade de leitura\/grava\u00e7\u00e3o<\/td><td>Leitura: \u226415 MB\/s, grava\u00e7\u00e3o: \u22655 MB\/s (a velocidade real varia de acordo com o dispositivo\/sistema)<\/td><\/tr><tr><td>Material<\/td><td>Liga met\u00e1lica + cristais de imita\u00e7\u00e3o de alta qualidade<\/td><\/tr><tr><td>Op\u00e7\u00f5es de cores<\/td><td>Rosa, azul, prata, ouro, verde menta<\/td><\/tr><\/tbody><\/table><\/figure>\n\n\n\n<h2 class=\"wp-block-heading\">Principais destaques<\/h2>\n\n\n\n<div class=\"wp-block-columns is-layout-flex wp-container-core-columns-is-layout-28f84493 wp-block-columns-is-layout-flex\">\n<div class=\"wp-block-column is-vertically-aligned-center is-layout-flow wp-block-column-is-layout-flow\">\n<figure class=\"wp-block-image size-full\"><img alt=\"\" decoding=\"async\" width=\"800\" height=\"800\" src=\"https:\/\/www.usborkeychain.com\/wp-content\/uploads\/Lipstick-Crystal-USB-Flash-Drive.jpg\" class=\"wp-image-6400\" srcset=\"https:\/\/www.usborkeychain.com\/wp-content\/uploads\/Lipstick-Crystal-USB-Flash-Drive.jpg 800w, https:\/\/www.usborkeychain.com\/wp-content\/uploads\/Lipstick-Crystal-USB-Flash-Drive-300x300.jpg 300w, https:\/\/www.usborkeychain.com\/wp-content\/uploads\/Lipstick-Crystal-USB-Flash-Drive-150x150.jpg 150w, https:\/\/www.usborkeychain.com\/wp-content\/uploads\/Lipstick-Crystal-USB-Flash-Drive-768x768.jpg 768w, https:\/\/www.usborkeychain.com\/wp-content\/uploads\/Lipstick-Crystal-USB-Flash-Drive-12x12.jpg 12w, https:\/\/www.usborkeychain.com\/wp-content\/uploads\/Lipstick-Crystal-USB-Flash-Drive-600x600.jpg 600w, https:\/\/www.usborkeychain.com\/wp-content\/uploads\/Lipstick-Crystal-USB-Flash-Drive-100x100.jpg 100w\" sizes=\"(max-width: 800px) 100vw, 800px\" \/><\/figure>\n<\/div>\n\n\n\n<div class=\"wp-block-column is-vertically-aligned-center is-layout-flow wp-block-column-is-layout-flow\">\n<h3 class=\"wp-block-heading\">1. Design de destaque<\/h3>\n\n\n\n<p>\u00c9 uma ferramenta de armazenamento de alto desempenho (com suporte para armazenamento em v\u00e1rios formatos de documentos, fotos, v\u00eddeos, m\u00fasicas etc.) e um acess\u00f3rio de moda. Pendurado em uma bolsa como uma decora\u00e7\u00e3o chamativa ou usado como um colar exclusivo, ele se livra do estere\u00f3tipo \"desajeitado\" das unidades USB tradicionais.<\/p>\n\n\n\n<h3 class=\"wp-block-heading\">2. Compatibilidade com o cen\u00e1rio completo<\/h3>\n\n\n\n<p>Compat\u00edvel com os sistemas Windows, macOS e Linux. Com um adaptador OTG, ele se conecta perfeitamente a smartphones e tablets, alternando sem esfor\u00e7o entre trabalho, viagens e entretenimento para atender \u00e0s necessidades de transfer\u00eancia de dados de v\u00e1rios dispositivos.<\/p>\n<\/div>\n<\/div>\n\n\n\n<div class=\"wp-block-columns is-layout-flex wp-container-core-columns-is-layout-28f84493 wp-block-columns-is-layout-flex\">\n<div class=\"wp-block-column is-vertically-aligned-center is-layout-flow wp-block-column-is-layout-flow\">\n<figure class=\"wp-block-image size-full\"><img alt=\"\" loading=\"lazy\" decoding=\"async\" width=\"800\" height=\"800\" src=\"https:\/\/www.usborkeychain.com\/wp-content\/uploads\/crystal-usb-flash-drive-factory-2.jpg\" class=\"wp-image-6396\" srcset=\"https:\/\/www.usborkeychain.com\/wp-content\/uploads\/crystal-usb-flash-drive-factory-2.jpg 800w, https:\/\/www.usborkeychain.com\/wp-content\/uploads\/crystal-usb-flash-drive-factory-2-300x300.jpg 300w, https:\/\/www.usborkeychain.com\/wp-content\/uploads\/crystal-usb-flash-drive-factory-2-150x150.jpg 150w, https:\/\/www.usborkeychain.com\/wp-content\/uploads\/crystal-usb-flash-drive-factory-2-768x768.jpg 768w, https:\/\/www.usborkeychain.com\/wp-content\/uploads\/crystal-usb-flash-drive-factory-2-12x12.jpg 12w, https:\/\/www.usborkeychain.com\/wp-content\/uploads\/crystal-usb-flash-drive-factory-2-600x600.jpg 600w, https:\/\/www.usborkeychain.com\/wp-content\/uploads\/crystal-usb-flash-drive-factory-2-100x100.jpg 100w\" sizes=\"(max-width: 800px) 100vw, 800px\" \/><\/figure>\n<\/div>\n\n\n\n<div class=\"wp-block-column is-vertically-aligned-center is-layout-flow wp-block-column-is-layout-flow\">\n<h3 class=\"wp-block-heading\">3. Experi\u00eancia exclusiva e personalizada<\/h3>\n\n\n\n<p>O inv\u00f3lucro de metal suporta grava\u00e7\u00e3o a laser (para logotipos corporativos, assinaturas pessoais, sauda\u00e7\u00f5es de fim de ano etc.), facilitando a cria\u00e7\u00e3o de IPs exclusivos. Seja para colabora\u00e7\u00f5es com a marca, brindes corporativos ou personaliza\u00e7\u00e3o pessoal, isso acrescenta um significado exclusivo \u00e0 unidade USB.<\/p>\n\n\n\n<h3 class=\"wp-block-heading\">4. Embalagem pronta para presente<\/h3>\n\n\n\n<p>Vem em uma caixa de presente premium, sem necessidade de embalagem extra para presentear imediatamente. Perfeito para anivers\u00e1rios, Dia dos Namorados ou agradecimento comercial - considera\u00e7\u00e3o entregue em um pacote elegante.<\/p>\n<\/div>\n<\/div>\n\n\n\n<h2 class=\"wp-block-heading\">Ideal para quais empresas como brindes?<\/h2>\n\n\n\n<div class=\"wp-block-columns is-layout-flex wp-container-core-columns-is-layout-28f84493 wp-block-columns-is-layout-flex\">\n<div class=\"wp-block-column is-vertically-aligned-top is-layout-flow wp-block-column-is-layout-flow\">\n<figure class=\"wp-block-image size-full\"><img alt=\"\" loading=\"lazy\" decoding=\"async\" width=\"800\" height=\"800\" src=\"https:\/\/www.usborkeychain.com\/wp-content\/uploads\/crystal-usb-flash-drive-4.jpg\" class=\"wp-image-6398\" srcset=\"https:\/\/www.usborkeychain.com\/wp-content\/uploads\/crystal-usb-flash-drive-4.jpg 800w, https:\/\/www.usborkeychain.com\/wp-content\/uploads\/crystal-usb-flash-drive-4-300x300.jpg 300w, https:\/\/www.usborkeychain.com\/wp-content\/uploads\/crystal-usb-flash-drive-4-150x150.jpg 150w, https:\/\/www.usborkeychain.com\/wp-content\/uploads\/crystal-usb-flash-drive-4-768x768.jpg 768w, https:\/\/www.usborkeychain.com\/wp-content\/uploads\/crystal-usb-flash-drive-4-12x12.jpg 12w, https:\/\/www.usborkeychain.com\/wp-content\/uploads\/crystal-usb-flash-drive-4-600x600.jpg 600w, https:\/\/www.usborkeychain.com\/wp-content\/uploads\/crystal-usb-flash-drive-4-100x100.jpg 100w\" sizes=\"(max-width: 800px) 100vw, 800px\" \/><\/figure>\n\n\n\n<h3 class=\"wp-block-heading\">Marcas de beleza\/moda<\/h3>\n\n\n\n<p>Coloque batons, perfumes, etc., ou use como benef\u00edcios para membros ou brindes de promo\u00e7\u00e3o de novos produtos.<\/p>\n\n\n\n<h3 class=\"wp-block-heading\"> Marcas de joias\/luzes de luxo<\/h3>\n\n\n\n<p>Aproveite o brilho dos cristais para desenvolver linhas de \"joias tecnol\u00f3gicas\", atraindo jovens consumidores preocupados com o estilo e expandindo os limites dos produtos.<\/p>\n<\/div>\n\n\n\n<div class=\"wp-block-column is-vertically-aligned-top is-layout-flow wp-block-column-is-layout-flow\">\n<figure class=\"wp-block-image size-full\"><img alt=\"\" loading=\"lazy\" decoding=\"async\" width=\"800\" height=\"800\" src=\"https:\/\/www.usborkeychain.com\/wp-content\/uploads\/buy-crystal-usb-flash-drive-2.jpg\" class=\"wp-image-6393\" srcset=\"https:\/\/www.usborkeychain.com\/wp-content\/uploads\/buy-crystal-usb-flash-drive-2.jpg 800w, https:\/\/www.usborkeychain.com\/wp-content\/uploads\/buy-crystal-usb-flash-drive-2-300x300.jpg 300w, https:\/\/www.usborkeychain.com\/wp-content\/uploads\/buy-crystal-usb-flash-drive-2-150x150.jpg 150w, https:\/\/www.usborkeychain.com\/wp-content\/uploads\/buy-crystal-usb-flash-drive-2-768x768.jpg 768w, https:\/\/www.usborkeychain.com\/wp-content\/uploads\/buy-crystal-usb-flash-drive-2-12x12.jpg 12w, https:\/\/www.usborkeychain.com\/wp-content\/uploads\/buy-crystal-usb-flash-drive-2-600x600.jpg 600w, https:\/\/www.usborkeychain.com\/wp-content\/uploads\/buy-crystal-usb-flash-drive-2-100x100.jpg 100w\" sizes=\"(max-width: 800px) 100vw, 800px\" \/><\/figure>\n\n\n\n<h3 class=\"wp-block-heading\">Clientes corporativos<\/h3>\n\n\n\n<p>Personalize com logotipos de empresas para reuni\u00f5es de neg\u00f3cios, benef\u00edcios para funcion\u00e1rios ou agradecimento a clientes.<\/p>\n\n\n\n<h3 class=\"wp-block-heading\">Presentes pessoais<\/h3>\n\n\n\n<p>Presenteie suas melhores amigas, namoradas ou m\u00e3es. Esse \"batom para armazenamento de dados\" combina romance com praticidade, atendendo perfeitamente ao gosto das mulheres.<\/p>\n<\/div>\n<\/div>\n\n\n\n<h2 class=\"wp-block-heading\">A durabilidade combina com o custo-benef\u00edcio<\/h2>\n\n\n\n<div class=\"wp-block-columns is-layout-flex wp-container-core-columns-is-layout-28f84493 wp-block-columns-is-layout-flex\">\n<div class=\"wp-block-column is-vertically-aligned-center is-layout-flow wp-block-column-is-layout-flow\">\n<figure class=\"wp-block-image size-full\"><img alt=\"\" loading=\"lazy\" decoding=\"async\" width=\"800\" height=\"800\" src=\"https:\/\/www.usborkeychain.com\/wp-content\/uploads\/crystal-usb-flash-drives-4.jpg\" class=\"wp-image-6399\" srcset=\"https:\/\/www.usborkeychain.com\/wp-content\/uploads\/crystal-usb-flash-drives-4.jpg 800w, https:\/\/www.usborkeychain.com\/wp-content\/uploads\/crystal-usb-flash-drives-4-300x300.jpg 300w, https:\/\/www.usborkeychain.com\/wp-content\/uploads\/crystal-usb-flash-drives-4-150x150.jpg 150w, https:\/\/www.usborkeychain.com\/wp-content\/uploads\/crystal-usb-flash-drives-4-768x768.jpg 768w, https:\/\/www.usborkeychain.com\/wp-content\/uploads\/crystal-usb-flash-drives-4-12x12.jpg 12w, https:\/\/www.usborkeychain.com\/wp-content\/uploads\/crystal-usb-flash-drives-4-600x600.jpg 600w, https:\/\/www.usborkeychain.com\/wp-content\/uploads\/crystal-usb-flash-drives-4-100x100.jpg 100w\" sizes=\"(max-width: 800px) 100vw, 800px\" \/><\/figure>\n<\/div>\n\n\n\n<div class=\"wp-block-column is-vertically-aligned-center is-layout-flow wp-block-column-is-layout-flow\">\n<ul class=\"wp-block-list\">\n<li><strong>Resistente e dur\u00e1vel<\/strong>: O inv\u00f3lucro de liga met\u00e1lica resiste a quedas e choques di\u00e1rios; a incrusta\u00e7\u00e3o de cristal est\u00e1vel mant\u00e9m o brilho por muito tempo, evitando a armadilha do \"bonito, mas in\u00fatil\".<\/li>\n\n\n\n<li><strong>Altamente econ\u00f4mico<\/strong>: Mais pr\u00e1tico do que uma joia pura (ele armazena dados) e mais elegante do que as unidades USB comuns (\u00e9 uma declara\u00e7\u00e3o de moda), oferecendo o dobro do valor pelo pre\u00e7o.<\/li>\n\n\n\n<li><strong>Vers\u00e1til<\/strong>: Armazena arquivos de trabalho, fotos de viagens e listas de reprodu\u00e7\u00e3o pessoais, ao mesmo tempo em que se encaixa perfeitamente em festas, deslocamentos e encontros como uma ferramenta e um acess\u00f3rio.<\/li>\n<\/ul>\n<\/div>\n<\/div>\n\n\n\n<div class=\"wp-block-columns is-layout-flex wp-container-core-columns-is-layout-28f84493 wp-block-columns-is-layout-flex\">\n<div class=\"wp-block-column is-vertically-aligned-center is-layout-flow wp-block-column-is-layout-flow\">\n<p>O <strong>Unidade USB Lipstick Crystal<\/strong> redefine o design tradicional do USB com um formato de batom 1:1. Sua concha de cristal multicolorida (5 tons padr\u00e3o + op\u00e7\u00f5es personalizadas), a corrente funcional de 66 cm e o tamanho compacto (4,7 x 1,8 cm) atendem com precis\u00e3o \u00e0s necessidades das mulheres em termos de est\u00e9tica, portabilidade e ritual. <\/p>\n\n\n\n<p>Com armazenamento de at\u00e9 128 GB e personaliza\u00e7\u00e3o de n\u00edvel empresarial (grava\u00e7\u00e3o a laser do LOGOTIPO\/cores exclusivas), \u00e9 um presente de alta convers\u00e3o para os setores de beleza, casamento e moda. <\/p>\n\n\n\n<p>Seja como um acess\u00f3rio di\u00e1rio ou uma lembran\u00e7a emocional para momentos especiais, esse produto prova que a tecnologia pode ser uma \"obra de arte em sua bolsa\".<\/p>\n\n\n\n<p>Para personaliza\u00e7\u00e3o em massa ou mais detalhes, entre em contato com o atendimento ao cliente para obter um plano exclusivo!<\/p>\n<\/div>\n\n\n\n<div class=\"wp-block-column is-vertically-aligned-center is-layout-flow wp-block-column-is-layout-flow\">\n<figure class=\"wp-block-image size-full\"><img alt=\"\" loading=\"lazy\" decoding=\"async\" width=\"800\" height=\"800\" src=\"https:\/\/www.usborkeychain.com\/wp-content\/uploads\/crystal-usb-flash-drive-keychain.jpg\" class=\"wp-image-6397\" srcset=\"https:\/\/www.usborkeychain.com\/wp-content\/uploads\/crystal-usb-flash-drive-keychain.jpg 800w, https:\/\/www.usborkeychain.com\/wp-content\/uploads\/crystal-usb-flash-drive-keychain-300x300.jpg 300w, https:\/\/www.usborkeychain.com\/wp-content\/uploads\/crystal-usb-flash-drive-keychain-150x150.jpg 150w, https:\/\/www.usborkeychain.com\/wp-content\/uploads\/crystal-usb-flash-drive-keychain-768x768.jpg 768w, https:\/\/www.usborkeychain.com\/wp-content\/uploads\/crystal-usb-flash-drive-keychain-12x12.jpg 12w, https:\/\/www.usborkeychain.com\/wp-content\/uploads\/crystal-usb-flash-drive-keychain-600x600.jpg 600w, https:\/\/www.usborkeychain.com\/wp-content\/uploads\/crystal-usb-flash-drive-keychain-100x100.jpg 100w\" sizes=\"(max-width: 800px) 100vw, 800px\" \/><\/figure>\n<\/div>\n<\/div>","protected":false},"excerpt":{"rendered":"<ul>\n<li>Tesouro port\u00e1til<\/li>\n<li>O formato cl\u00e1ssico do batom<\/li>\n<li>Cristais de imita\u00e7\u00e3o de alta densidade<\/li>\n<li>Carca\u00e7a de liga met\u00e1lica<\/li>\n<li>MOQ:100pcs<\/li>\n<\/ul>","protected":false},"featured_media":6400,"comment_status":"open","ping_status":"closed","template":"","meta":{"_seopress_robots_primary_cat":"","_seopress_titles_title":"","_seopress_titles_desc":"","_seopress_robots_index":"","site-sidebar-layout":"default","site-content-layout":"","ast-site-content-layout":"","site-content-style":"default","site-sidebar-style":"default","ast-global-header-display":"","ast-banner-title-visibility":"","ast-main-header-display":"","ast-hfb-above-header-display":"","ast-hfb-below-header-display":"","ast-hfb-mobile-header-display":"","site-post-title":"","ast-breadcrumbs-content":"","ast-featured-img":"","footer-sml-layout":"","theme-transparent-header-meta":"","adv-header-id-meta":"","stick-header-meta":"","header-above-stick-meta":"","header-main-stick-meta":"","header-below-stick-meta":"","astra-migrate-meta-layouts":"default","ast-page-background-enabled":"default","ast-page-background-meta":{"desktop":{"background-color":"var(--ast-global-color-5)","background-image":"","background-repeat":"repeat","background-position":"center center","background-size":"auto","background-attachment":"scroll","background-type":"","background-media":"","overlay-type":"","overlay-color":"","overlay-opacity":"","overlay-gradient":""},"tablet":{"background-color":"","background-image":"","background-repeat":"repeat","background-position":"center center","background-size":"auto","background-attachment":"scroll","background-type":"","background-media":"","overlay-type":"","overlay-color":"","overlay-opacity":"","overlay-gradient":""},"mobile":{"background-color":"","background-image":"","background-repeat":"repeat","background-position":"center center","background-size":"auto","background-attachment":"scroll","background-type":"","background-media":"","overlay-type":"","overlay-color":"","overlay-opacity":"","overlay-gradient":""}},"ast-content-background-meta":{"desktop":{"background-color":"var(--ast-global-color-4)","background-image":"","background-repeat":"repeat","background-position":"center center","background-size":"auto","background-attachment":"scroll","background-type":"","background-media":"","overlay-type":"","overlay-color":"","overlay-opacity":"","overlay-gradient":""},"tablet":{"background-color":"var(--ast-global-color-4)","background-image":"","background-repeat":"repeat","background-position":"center center","background-size":"auto","background-attachment":"scroll","background-type":"","background-media":"","overlay-type":"","overlay-color":"","overlay-opacity":"","overlay-gradient":""},"mobile":{"background-color":"var(--ast-global-color-4)","background-image":"","background-repeat":"repeat","background-position":"center center","background-size":"auto","background-attachment":"scroll","background-type":"","background-media":"","overlay-type":"","overlay-color":"","overlay-opacity":"","overlay-gradient":""}}},"product_brand":[],"product_cat":[174],"product_tag":[],"class_list":{"0":"post-6402","1":"product","2":"type-product","3":"status-publish","4":"has-post-thumbnail","6":"product_cat-crystal-usb-pendrive","7":"desktop-align-left","8":"tablet-align-left","9":"mobile-align-left","11":"first","12":"instock","13":"shipping-taxable","14":"product-type-simple"},"_links":{"self":[{"href":"https:\/\/www.usborkeychain.com\/pt\/wp-json\/wp\/v2\/product\/6402","targetHints":{"allow":["GET"]}}],"collection":[{"href":"https:\/\/www.usborkeychain.com\/pt\/wp-json\/wp\/v2\/product"}],"about":[{"href":"https:\/\/www.usborkeychain.com\/pt\/wp-json\/wp\/v2\/types\/product"}],"replies":[{"embeddable":true,"href":"https:\/\/www.usborkeychain.com\/pt\/wp-json\/wp\/v2\/comments?post=6402"}],"wp:featuredmedia":[{"embeddable":true,"href":"https:\/\/www.usborkeychain.com\/pt\/wp-json\/wp\/v2\/media\/6400"}],"wp:attachment":[{"href":"https:\/\/www.usborkeychain.com\/pt\/wp-json\/wp\/v2\/media?parent=6402"}],"wp:term":[{"taxonomy":"product_brand","embeddable":true,"href":"https:\/\/www.usborkeychain.com\/pt\/wp-json\/wp\/v2\/product_brand?post=6402"},{"taxonomy":"product_cat","embeddable":true,"href":"https:\/\/www.usborkeychain.com\/pt\/wp-json\/wp\/v2\/product_cat?post=6402"},{"taxonomy":"product_tag","embeddable":true,"href":"https:\/\/www.usborkeychain.com\/pt\/wp-json\/wp\/v2\/product_tag?post=6402"}],"curies":[{"name":"wp","href":"https:\/\/api.w.org\/{rel}","templated":true}]}}