{"id":6405,"date":"2025-08-10T02:34:18","date_gmt":"2025-08-10T02:34:18","guid":{"rendered":"https:\/\/www.usborkeychain.com\/?post_type=product&#038;p=6405"},"modified":"2025-08-10T02:37:14","modified_gmt":"2025-08-10T02:37:14","slug":"cylindrical-crystal-usb-flash-drive","status":"publish","type":"product","link":"https:\/\/www.usborkeychain.com\/pt\/produto\/cylindrical-crystal-usb-flash-drive\/","title":{"rendered":"Unidade flash USB cil\u00edndrica de cristal"},"content":{"rendered":"<p>O <strong>Unidade flash USB cil\u00edndrica de cristal<\/strong> apresenta uma estrutura cil\u00edndrica integrada, com tampas com textura de metal embutidas em ambas as extremidades. A c\u00e2mara central transparente cont\u00e9m contas de cristal cintilantes. Quando a luz passa por ela, os cristais refratam um brilho vibrante, quebrando a \"sensa\u00e7\u00e3o utilit\u00e1ria\" dos drives USB tradicionais. Equipado com um chaveiro de a\u00e7o inoxid\u00e1vel na extremidade, ele pode ser preso diretamente a chaves ou mochilas, servindo tanto como uma ferramenta de armazenamento quanto como um pequeno ornamento port\u00e1til, equilibrando portabilidade e est\u00e9tica.<\/p>\n\n\n\n<div class=\"wp-block-columns is-layout-flex wp-container-core-columns-is-layout-28f84493 wp-block-columns-is-layout-flex\">\n<div class=\"wp-block-column is-vertically-aligned-center is-layout-flow wp-block-column-is-layout-flow\">\n<h3 class=\"wp-block-heading\">Tampas de extremidade de metal<\/h3>\n\n\n\n<p>Fabricados em liga de alum\u00ednio de grau aeroespacial, tratados com tecnologia de anodiza\u00e7\u00e3o, s\u00e3o resistentes ao desgaste, \u00e0 ferrugem, com textura suave e resistentes a impress\u00f5es digitais.<\/p>\n\n\n\n<h3 class=\"wp-block-heading\">C\u00e2mara transparente<\/h3>\n\n\n\n<p>Fabricado em material acr\u00edlico de alta transpar\u00eancia, \u00e9 mais resistente a estilha\u00e7os do que o vidro, exibindo claramente os cristais internos e resistente ao amarelamento com o uso prolongado.<\/p>\n\n\n\n<h3 class=\"wp-block-heading\">Contas de cristal<\/h3>\n\n\n\n<p>Usando cristais altamente simulados (cristais reais s\u00e3o opcionais para modelos premium), eles s\u00e3o primorosamente cortados com excelentes efeitos de refra\u00e7\u00e3o.<\/p>\n\n\n\n<h3 class=\"wp-block-heading\">Chaveiro<\/h3>\n\n\n\n<p>A corrente de a\u00e7o inoxid\u00e1vel 304 tem grande capacidade de suporte de carga e n\u00e3o \u00e9 f\u00e1cil de quebrar, garantindo um transporte di\u00e1rio est\u00e1vel.<\/p>\n<\/div>\n\n\n\n<div class=\"wp-block-column is-vertically-aligned-center is-layout-flow wp-block-column-is-layout-flow\">\n<figure class=\"wp-block-image size-full\"><img alt=\"\" fetchpriority=\"high\" decoding=\"async\" width=\"800\" height=\"800\" src=\"https:\/\/www.usborkeychain.com\/wp-content\/uploads\/crystal-usb-flash-drive-5.jpg\" class=\"wp-image-6408\" srcset=\"https:\/\/www.usborkeychain.com\/wp-content\/uploads\/crystal-usb-flash-drive-5.jpg 800w, https:\/\/www.usborkeychain.com\/wp-content\/uploads\/crystal-usb-flash-drive-5-300x300.jpg 300w, https:\/\/www.usborkeychain.com\/wp-content\/uploads\/crystal-usb-flash-drive-5-150x150.jpg 150w, https:\/\/www.usborkeychain.com\/wp-content\/uploads\/crystal-usb-flash-drive-5-768x768.jpg 768w, https:\/\/www.usborkeychain.com\/wp-content\/uploads\/crystal-usb-flash-drive-5-12x12.jpg 12w, https:\/\/www.usborkeychain.com\/wp-content\/uploads\/crystal-usb-flash-drive-5-600x600.jpg 600w, https:\/\/www.usborkeychain.com\/wp-content\/uploads\/crystal-usb-flash-drive-5-100x100.jpg 100w\" sizes=\"(max-width: 800px) 100vw, 800px\" \/><\/figure>\n<\/div>\n<\/div>\n\n\n\n<h2 class=\"wp-block-heading\">Par\u00e2metros principais da unidade USB<\/h2>\n\n\n\n<div class=\"wp-block-columns are-vertically-aligned-top is-layout-flex wp-container-core-columns-is-layout-28f84493 wp-block-columns-is-layout-flex\">\n<div class=\"wp-block-column is-vertically-aligned-top is-layout-flow wp-block-column-is-layout-flow\">\n<figure class=\"wp-block-image size-full\"><img alt=\"\" decoding=\"async\" width=\"800\" height=\"800\" src=\"https:\/\/www.usborkeychain.com\/wp-content\/uploads\/crystal-usb-flash-drives-5.jpg\" class=\"wp-image-6409\" srcset=\"https:\/\/www.usborkeychain.com\/wp-content\/uploads\/crystal-usb-flash-drives-5.jpg 800w, https:\/\/www.usborkeychain.com\/wp-content\/uploads\/crystal-usb-flash-drives-5-300x300.jpg 300w, https:\/\/www.usborkeychain.com\/wp-content\/uploads\/crystal-usb-flash-drives-5-150x150.jpg 150w, https:\/\/www.usborkeychain.com\/wp-content\/uploads\/crystal-usb-flash-drives-5-768x768.jpg 768w, https:\/\/www.usborkeychain.com\/wp-content\/uploads\/crystal-usb-flash-drives-5-12x12.jpg 12w, https:\/\/www.usborkeychain.com\/wp-content\/uploads\/crystal-usb-flash-drives-5-600x600.jpg 600w, https:\/\/www.usborkeychain.com\/wp-content\/uploads\/crystal-usb-flash-drives-5-100x100.jpg 100w\" sizes=\"(max-width: 800px) 100vw, 800px\" \/><\/figure>\n<\/div>\n\n\n\n<div class=\"wp-block-column is-vertically-aligned-top is-layout-flow wp-block-column-is-layout-flow\">\n<ol class=\"wp-block-list\">\n<li><strong>Op\u00e7\u00f5es flex\u00edveis de capacidade<\/strong>: Abrangendo toda a gama de 8 GB a 128 GB. 8 GB\/16 GB atendem \u00e0s necessidades de armazenamento de documentos, enquanto 32 GB-128 GB s\u00e3o adequados para dados de grande volume, como v\u00eddeos de alta defini\u00e7\u00e3o e arquivos de design.<\/li>\n\n\n\n<li><strong>Interface e velocidade<\/strong>: As principais op\u00e7\u00f5es s\u00e3o USB 2.0 (econ\u00f4mico, com velocidade de leitura de 15-25 MB\/s e velocidade de grava\u00e7\u00e3o de 5-10 MB\/s) e USB 3.0 (alta velocidade, com velocidade de leitura de 30-60 MB\/s e velocidade de grava\u00e7\u00e3o de 10-30 MB\/s). Ele \u00e9 compat\u00edvel com os sistemas Windows, Mac e Linux, suportando plug-and-play.<\/li>\n\n\n\n<li><strong>Prote\u00e7\u00e3o aprimorada<\/strong>: Alguns modelos adotam um design com veda\u00e7\u00e3o met\u00e1lica, que oferece resist\u00eancia \u00e0 \u00e1gua e \u00e0 poeira, o que aumenta a seguran\u00e7a para uso externo.<\/li>\n<\/ol>\n<\/div>\n<\/div>\n\n\n\n<h2 class=\"wp-block-heading\">Quem est\u00e1 escolhendo?<\/h2>\n\n\n\n<div class=\"wp-block-columns is-layout-flex wp-container-core-columns-is-layout-28f84493 wp-block-columns-is-layout-flex\">\n<div class=\"wp-block-column is-vertically-aligned-center is-layout-flow wp-block-column-is-layout-flow\">\n<ul class=\"wp-block-list\">\n<li><strong>Clientes corporativos<\/strong>: Uma escolha frequente como brindes comerciais (para reuni\u00f5es anuais, agradecimento ao cliente e brindes de coopera\u00e7\u00e3o). Gravado a laser com os logotipos da marca, ele transmite uma textura de alta qualidade e fortalece a impress\u00e3o da marca.<\/li>\n\n\n\n<li><strong>Organizadores do evento<\/strong>: Unidades USB personalizadas como lembran\u00e7as em exposi\u00e7\u00f5es, confer\u00eancias e outras ocasi\u00f5es, que s\u00e3o pr\u00e1ticas e memor\u00e1veis, aprimorando o estilo do evento.<\/li>\n\n\n\n<li><strong>Usu\u00e1rios individuais<\/strong>: Usado para presentes personalizados (lembran\u00e7as de casais, presentes de formatura, surpresas de anivers\u00e1rio) com nomes e mensagens de b\u00ean\u00e7\u00e3o gravados, fazendo com que a ferramenta de armazenamento carregue emo\u00e7\u00f5es.<\/li>\n<\/ul>\n\n\n\n<p>Com as tr\u00eas vantagens de \"est\u00e9tica + praticidade + personaliza\u00e7\u00e3o\", o <strong>Unidade flash USB cil\u00edndrica de cristal<\/strong> tornou-se o \"\u00edcone de estilo\" entre os dispositivos de armazenamento. Ao comprar, voc\u00ea pode escolher o modelo exclusivo de acordo com suas necessidades de capacidade, velocidade de interface e personaliza\u00e7\u00e3o!<\/p>\n<\/div>\n\n\n\n<div class=\"wp-block-column is-vertically-aligned-center is-layout-flow wp-block-column-is-layout-flow\">\n<figure class=\"wp-block-image size-full\"><img alt=\"\" decoding=\"async\" width=\"800\" height=\"800\" src=\"https:\/\/www.usborkeychain.com\/wp-content\/uploads\/LY1GSJ22-1.jpg\" class=\"wp-image-6410\" srcset=\"https:\/\/www.usborkeychain.com\/wp-content\/uploads\/LY1GSJ22-1.jpg 800w, https:\/\/www.usborkeychain.com\/wp-content\/uploads\/LY1GSJ22-1-300x300.jpg 300w, https:\/\/www.usborkeychain.com\/wp-content\/uploads\/LY1GSJ22-1-150x150.jpg 150w, https:\/\/www.usborkeychain.com\/wp-content\/uploads\/LY1GSJ22-1-768x768.jpg 768w, https:\/\/www.usborkeychain.com\/wp-content\/uploads\/LY1GSJ22-1-12x12.jpg 12w, https:\/\/www.usborkeychain.com\/wp-content\/uploads\/LY1GSJ22-1-600x600.jpg 600w, https:\/\/www.usborkeychain.com\/wp-content\/uploads\/LY1GSJ22-1-100x100.jpg 100w\" sizes=\"(max-width: 800px) 100vw, 800px\" \/><\/figure>\n<\/div>\n<\/div>","protected":false},"excerpt":{"rendered":"<ul>\n<li>Liga de alum\u00ednio de grau aeroespacial<\/li>\n<li>Material acr\u00edlico<\/li>\n<li>Cristais simulados<\/li>\n<li>Chaveiro<\/li>\n<li>MOQ:100pcs<\/li>\n<\/ul>","protected":false},"featured_media":6408,"comment_status":"open","ping_status":"closed","template":"","meta":{"_seopress_robots_primary_cat":"","_seopress_titles_title":"","_seopress_titles_desc":"","_seopress_robots_index":"","site-sidebar-layout":"default","site-content-layout":"","ast-site-content-layout":"","site-content-style":"default","site-sidebar-style":"default","ast-global-header-display":"","ast-banner-title-visibility":"","ast-main-header-display":"","ast-hfb-above-header-display":"","ast-hfb-below-header-display":"","ast-hfb-mobile-header-display":"","site-post-title":"","ast-breadcrumbs-content":"","ast-featured-img":"","footer-sml-layout":"","theme-transparent-header-meta":"","adv-header-id-meta":"","stick-header-meta":"","header-above-stick-meta":"","header-main-stick-meta":"","header-below-stick-meta":"","astra-migrate-meta-layouts":"default","ast-page-background-enabled":"default","ast-page-background-meta":{"desktop":{"background-color":"var(--ast-global-color-5)","background-image":"","background-repeat":"repeat","background-position":"center center","background-size":"auto","background-attachment":"scroll","background-type":"","background-media":"","overlay-type":"","overlay-color":"","overlay-opacity":"","overlay-gradient":""},"tablet":{"background-color":"","background-image":"","background-repeat":"repeat","background-position":"center center","background-size":"auto","background-attachment":"scroll","background-type":"","background-media":"","overlay-type":"","overlay-color":"","overlay-opacity":"","overlay-gradient":""},"mobile":{"background-color":"","background-image":"","background-repeat":"repeat","background-position":"center center","background-size":"auto","background-attachment":"scroll","background-type":"","background-media":"","overlay-type":"","overlay-color":"","overlay-opacity":"","overlay-gradient":""}},"ast-content-background-meta":{"desktop":{"background-color":"var(--ast-global-color-4)","background-image":"","background-repeat":"repeat","background-position":"center center","background-size":"auto","background-attachment":"scroll","background-type":"","background-media":"","overlay-type":"","overlay-color":"","overlay-opacity":"","overlay-gradient":""},"tablet":{"background-color":"var(--ast-global-color-4)","background-image":"","background-repeat":"repeat","background-position":"center center","background-size":"auto","background-attachment":"scroll","background-type":"","background-media":"","overlay-type":"","overlay-color":"","overlay-opacity":"","overlay-gradient":""},"mobile":{"background-color":"var(--ast-global-color-4)","background-image":"","background-repeat":"repeat","background-position":"center center","background-size":"auto","background-attachment":"scroll","background-type":"","background-media":"","overlay-type":"","overlay-color":"","overlay-opacity":"","overlay-gradient":""}}},"product_brand":[],"product_cat":[174],"product_tag":[],"class_list":{"0":"post-6405","1":"product","2":"type-product","3":"status-publish","4":"has-post-thumbnail","6":"product_cat-crystal-usb-pendrive","7":"desktop-align-left","8":"tablet-align-left","9":"mobile-align-left","11":"first","12":"instock","13":"shipping-taxable","14":"product-type-simple"},"_links":{"self":[{"href":"https:\/\/www.usborkeychain.com\/pt\/wp-json\/wp\/v2\/product\/6405","targetHints":{"allow":["GET"]}}],"collection":[{"href":"https:\/\/www.usborkeychain.com\/pt\/wp-json\/wp\/v2\/product"}],"about":[{"href":"https:\/\/www.usborkeychain.com\/pt\/wp-json\/wp\/v2\/types\/product"}],"replies":[{"embeddable":true,"href":"https:\/\/www.usborkeychain.com\/pt\/wp-json\/wp\/v2\/comments?post=6405"}],"wp:featuredmedia":[{"embeddable":true,"href":"https:\/\/www.usborkeychain.com\/pt\/wp-json\/wp\/v2\/media\/6408"}],"wp:attachment":[{"href":"https:\/\/www.usborkeychain.com\/pt\/wp-json\/wp\/v2\/media?parent=6405"}],"wp:term":[{"taxonomy":"product_brand","embeddable":true,"href":"https:\/\/www.usborkeychain.com\/pt\/wp-json\/wp\/v2\/product_brand?post=6405"},{"taxonomy":"product_cat","embeddable":true,"href":"https:\/\/www.usborkeychain.com\/pt\/wp-json\/wp\/v2\/product_cat?post=6405"},{"taxonomy":"product_tag","embeddable":true,"href":"https:\/\/www.usborkeychain.com\/pt\/wp-json\/wp\/v2\/product_tag?post=6405"}],"curies":[{"name":"wp","href":"https:\/\/api.w.org\/{rel}","templated":true}]}}