{"id":6411,"date":"2025-08-10T03:07:57","date_gmt":"2025-08-10T03:07:57","guid":{"rendered":"https:\/\/www.usborkeychain.com\/?post_type=product&#038;p=6411"},"modified":"2025-08-10T03:08:00","modified_gmt":"2025-08-10T03:08:00","slug":"cube-shaped-crystal-usb-drive","status":"publish","type":"product","link":"https:\/\/www.usborkeychain.com\/pt\/produto\/cube-shaped-crystal-usb-drive\/","title":{"rendered":"Unidade USB de cristal em formato de cubo"},"content":{"rendered":"<div class=\"wp-block-columns is-layout-flex wp-container-core-columns-is-layout-28f84493 wp-block-columns-is-layout-flex\">\n<div class=\"wp-block-column is-vertically-aligned-center is-layout-flow wp-block-column-is-layout-flow\">\n<figure class=\"wp-block-image size-full\"><img alt=\"\" fetchpriority=\"high\" decoding=\"async\" width=\"800\" height=\"800\" src=\"https:\/\/www.usborkeychain.com\/wp-content\/uploads\/crystal-usb-flash-drive-6.jpg\" class=\"wp-image-6414\" srcset=\"https:\/\/www.usborkeychain.com\/wp-content\/uploads\/crystal-usb-flash-drive-6.jpg 800w, https:\/\/www.usborkeychain.com\/wp-content\/uploads\/crystal-usb-flash-drive-6-300x300.jpg 300w, https:\/\/www.usborkeychain.com\/wp-content\/uploads\/crystal-usb-flash-drive-6-150x150.jpg 150w, https:\/\/www.usborkeychain.com\/wp-content\/uploads\/crystal-usb-flash-drive-6-768x768.jpg 768w, https:\/\/www.usborkeychain.com\/wp-content\/uploads\/crystal-usb-flash-drive-6-12x12.jpg 12w, https:\/\/www.usborkeychain.com\/wp-content\/uploads\/crystal-usb-flash-drive-6-600x600.jpg 600w, https:\/\/www.usborkeychain.com\/wp-content\/uploads\/crystal-usb-flash-drive-6-100x100.jpg 100w\" sizes=\"(max-width: 800px) 100vw, 800px\" \/><\/figure>\n<\/div>\n\n\n\n<div class=\"wp-block-column is-vertically-aligned-center is-layout-flow wp-block-column-is-layout-flow\">\n<p>O<strong> Unidade USB de cristal em forma de cubo<\/strong> apresenta uma combina\u00e7\u00e3o de material duplo de \"tampa de liga met\u00e1lica + corpo de cristal de alta transpar\u00eancia\":<\/p>\n\n\n\n<p><strong>Tampa de liga met\u00e1lica<\/strong>: Fabricado em liga de alum\u00ednio de grau aeroespacial, tratado com tecnologia de anodiza\u00e7\u00e3o, tem uma dureza de superf\u00edcie de HV300+, o que o torna resistente ao desgaste, a arranh\u00f5es e altamente resistente \u00e0 oxida\u00e7\u00e3o. Isso protege efetivamente contra a oxida\u00e7\u00e3o e os arranh\u00f5es di\u00e1rios. <\/p>\n\n\n\n<p>A estrutura da tampa de rosca (alguns modelos suportam atra\u00e7\u00e3o magn\u00e9tica) se encaixa firmemente, com uma classifica\u00e7\u00e3o de prote\u00e7\u00e3o IP54, garantindo resist\u00eancia \u00e0 poeira e a respingos para aumentar a vida \u00fatil da interface USB.<\/p>\n<\/div>\n<\/div>\n\n\n\n<div class=\"wp-block-columns is-layout-flex wp-container-core-columns-is-layout-28f84493 wp-block-columns-is-layout-flex\">\n<div class=\"wp-block-column is-vertically-aligned-center is-layout-flow wp-block-column-is-layout-flow\">\n<p><strong>Corpo de cristal<\/strong>: Fabricado em cristal \u00f3ptico K9 com \u00edndice de refra\u00e7\u00e3o de 1,516 e transmit\u00e2ncia de luz superior a 92%. A precis\u00e3o de corte do cubo chega a \u00b10,05 mm, com seis lados regulares. Sob refra\u00e7\u00e3o de luz, apresenta um efeito visual cristalino, semelhante a um \"selo de cristal\" personalizado.<\/p>\n\n\n\n<p><strong>Est\u00e9tica geom\u00e9trica<\/strong>: O formato de cubo incorpora um \"estilo comercial minimalista\". Com um tamanho t\u00edpico de 20 mm \u00d7 20 mm \u00d7 20 mm, suas propor\u00e7\u00f5es regulares oferecem uma pegada confort\u00e1vel e uma apar\u00eancia visualmente requintada e sofisticada.<\/p>\n\n\n\n<p><strong>Portabilidade aprimorada<\/strong>: Equipado com um chaveiro de metal padr\u00e3o e um design de anel girat\u00f3rio de 360\u00b0, ele pode ser facilmente preso a chaves ou mochilas para \"armazenamento em movimento\".<\/p>\n<\/div>\n\n\n\n<div class=\"wp-block-column is-vertically-aligned-center is-layout-flow wp-block-column-is-layout-flow\">\n<figure class=\"wp-block-image size-full\"><img alt=\"\" decoding=\"async\" width=\"800\" height=\"800\" src=\"https:\/\/www.usborkeychain.com\/wp-content\/uploads\/Custom-Cube-Crystal-USB-Flash-Drive.jpg\" class=\"wp-image-6415\" srcset=\"https:\/\/www.usborkeychain.com\/wp-content\/uploads\/Custom-Cube-Crystal-USB-Flash-Drive.jpg 800w, https:\/\/www.usborkeychain.com\/wp-content\/uploads\/Custom-Cube-Crystal-USB-Flash-Drive-300x300.jpg 300w, https:\/\/www.usborkeychain.com\/wp-content\/uploads\/Custom-Cube-Crystal-USB-Flash-Drive-150x150.jpg 150w, https:\/\/www.usborkeychain.com\/wp-content\/uploads\/Custom-Cube-Crystal-USB-Flash-Drive-768x768.jpg 768w, https:\/\/www.usborkeychain.com\/wp-content\/uploads\/Custom-Cube-Crystal-USB-Flash-Drive-12x12.jpg 12w, https:\/\/www.usborkeychain.com\/wp-content\/uploads\/Custom-Cube-Crystal-USB-Flash-Drive-600x600.jpg 600w, https:\/\/www.usborkeychain.com\/wp-content\/uploads\/Custom-Cube-Crystal-USB-Flash-Drive-100x100.jpg 100w\" sizes=\"(max-width: 800px) 100vw, 800px\" \/><\/figure>\n<\/div>\n<\/div>\n\n\n\n<h2 class=\"wp-block-heading\">Par\u00e2metros principais da unidade USB<\/h2>\n\n\n\n<figure class=\"wp-block-table\"><table class=\"has-fixed-layout\"><thead><tr><th>Item de par\u00e2metro<\/th><th>Especifica\u00e7\u00e3o t\u00e9cnica<\/th><\/tr><\/thead><tbody><tr><td>Op\u00e7\u00f5es de capacidade<\/td><td>8GB \/ 16GB \/ 32GB \/ 64GB \/ 128GB<\/td><\/tr><tr><td>Interface USB<\/td><td>USB 2.0 \/ USB 3.0<\/td><\/tr><tr><td>Tamanho do cristal (comprimento do lado do cubo)<\/td><td>20mm\u00d720mm\u00d720mm<\/td><\/tr><tr><td>Tamanho da tampa de metal<\/td><td>Di\u00e2metro de 12 mm, altura de 8 mm<\/td><\/tr><tr><td>Peso total<\/td><td>Aproximadamente 25 g (incluindo o chaveiro)<\/td><\/tr><tr><td>Material de cristal<\/td><td>Cristal \u00f3ptico K9 (dureza Mohs 5,5, resistente ao desgaste di\u00e1rio)<\/td><\/tr><tr><td>Material met\u00e1lico<\/td><td>Liga de alum\u00ednio (com camada anti-oxida\u00e7\u00e3o galvanizada na superf\u00edcie)<\/td><\/tr><\/tbody><\/table><\/figure>\n\n\n\n<h2 class=\"wp-block-heading\">Personaliza\u00e7\u00e3o do logotipo e princ\u00edpio de ilumina\u00e7\u00e3o<\/h2>\n\n\n\n<div class=\"wp-block-columns is-layout-flex wp-container-core-columns-is-layout-28f84493 wp-block-columns-is-layout-flex\">\n<div class=\"wp-block-column is-vertically-aligned-center is-layout-flow wp-block-column-is-layout-flow\">\n<figure class=\"wp-block-image size-full\"><img alt=\"\" decoding=\"async\" width=\"800\" height=\"800\" src=\"https:\/\/www.usborkeychain.com\/wp-content\/uploads\/Personalized-Cube-Acrylic-Crystal-USB-Drive.jpg\" class=\"wp-image-6418\" srcset=\"https:\/\/www.usborkeychain.com\/wp-content\/uploads\/Personalized-Cube-Acrylic-Crystal-USB-Drive.jpg 800w, https:\/\/www.usborkeychain.com\/wp-content\/uploads\/Personalized-Cube-Acrylic-Crystal-USB-Drive-300x300.jpg 300w, https:\/\/www.usborkeychain.com\/wp-content\/uploads\/Personalized-Cube-Acrylic-Crystal-USB-Drive-150x150.jpg 150w, https:\/\/www.usborkeychain.com\/wp-content\/uploads\/Personalized-Cube-Acrylic-Crystal-USB-Drive-768x768.jpg 768w, https:\/\/www.usborkeychain.com\/wp-content\/uploads\/Personalized-Cube-Acrylic-Crystal-USB-Drive-12x12.jpg 12w, https:\/\/www.usborkeychain.com\/wp-content\/uploads\/Personalized-Cube-Acrylic-Crystal-USB-Drive-600x600.jpg 600w, https:\/\/www.usborkeychain.com\/wp-content\/uploads\/Personalized-Cube-Acrylic-Crystal-USB-Drive-100x100.jpg 100w\" sizes=\"(max-width: 800px) 100vw, 800px\" \/><\/figure>\n\n\n\n<h3 class=\"wp-block-heading\">Tipos de logotipo personaliz\u00e1veis<\/h3>\n\n\n\n<ol class=\"wp-block-list\">\n<li><strong>Logotipo interno esculpido em 3D<\/strong>: Padr\u00f5es ou textos em 3D s\u00e3o esculpidos a laser dentro do cristal. Aproveitando a propriedade de refra\u00e7\u00e3o da luz do cristal, ele cria um efeito visual flutuante com uma precis\u00e3o de 0,1 mm, suportando gr\u00e1ficos complexos (por exemplo, logotipos corporativos, modelos de produtos).<\/li>\n\n\n\n<li><strong>Grava\u00e7\u00e3o a laser plana<\/strong>: O texto ou os padr\u00f5es s\u00e3o gravados na superf\u00edcie do cristal com uma profundidade de \u22640,2 mm, apresentando bordas suaves. Adequado para slogans simples, assinaturas e outros designs minimalistas.<\/li>\n\n\n\n<li><strong>Personaliza\u00e7\u00e3o da luz colorida<\/strong>: As luzes LED RGB ou monocrom\u00e1ticas integradas podem corresponder \u00e0s cores VI corporativas (por exemplo, laranja da Huawei, azul da Tencent), obtendo uma \"ilumina\u00e7\u00e3o com a cor da marca\".<\/li>\n<\/ol>\n<\/div>\n\n\n\n<div class=\"wp-block-column is-layout-flow wp-block-column-is-layout-flow\">\n<figure class=\"wp-block-image size-full\"><img alt=\"\" loading=\"lazy\" decoding=\"async\" width=\"800\" height=\"800\" src=\"https:\/\/www.usborkeychain.com\/wp-content\/uploads\/Customized-Cube-Crystal-USB-Flash-Drive-with-LED-Light.jpg\" class=\"wp-image-6416\" srcset=\"https:\/\/www.usborkeychain.com\/wp-content\/uploads\/Customized-Cube-Crystal-USB-Flash-Drive-with-LED-Light.jpg 800w, https:\/\/www.usborkeychain.com\/wp-content\/uploads\/Customized-Cube-Crystal-USB-Flash-Drive-with-LED-Light-300x300.jpg 300w, https:\/\/www.usborkeychain.com\/wp-content\/uploads\/Customized-Cube-Crystal-USB-Flash-Drive-with-LED-Light-150x150.jpg 150w, https:\/\/www.usborkeychain.com\/wp-content\/uploads\/Customized-Cube-Crystal-USB-Flash-Drive-with-LED-Light-768x768.jpg 768w, https:\/\/www.usborkeychain.com\/wp-content\/uploads\/Customized-Cube-Crystal-USB-Flash-Drive-with-LED-Light-12x12.jpg 12w, https:\/\/www.usborkeychain.com\/wp-content\/uploads\/Customized-Cube-Crystal-USB-Flash-Drive-with-LED-Light-600x600.jpg 600w, https:\/\/www.usborkeychain.com\/wp-content\/uploads\/Customized-Cube-Crystal-USB-Flash-Drive-with-LED-Light-100x100.jpg 100w\" sizes=\"(max-width: 800px) 100vw, 800px\" \/><\/figure>\n\n\n\n<h3 class=\"wp-block-heading\">Princ\u00edpio da ilumina\u00e7\u00e3o do logotipo<\/h3>\n\n\n\n<p>Uma microesfera de LED (consumo de energia \u22645mW) est\u00e1 integrada dentro do cristal e \u00e9 ativada por meio de uma fonte de alimenta\u00e7\u00e3o USB (ou de uma bateria de bot\u00e3o integrada opcional). Utilizando a propriedade de guia de luz do cristal K9 (em que a luz se propaga por meio da reflex\u00e3o interna total), a fonte de luz LED ilumina uniformemente o logotipo interno. Em ambientes escuros, o brilho atinge 500cd\/\u33a1 com halos suaves nas bordas, destacando a sensa\u00e7\u00e3o de tecnologia e evitando o ofuscamento.<\/p>\n<\/div>\n<\/div>\n\n\n\n<h2 class=\"wp-block-heading\">Para quem essa unidade USB \u00e9 adequada?<\/h2>\n\n\n\n<div class=\"wp-block-columns is-layout-flex wp-container-core-columns-is-layout-28f84493 wp-block-columns-is-layout-flex\">\n<div class=\"wp-block-column is-layout-flow wp-block-column-is-layout-flow\">\n<figure class=\"wp-block-image size-full\"><img alt=\"\" loading=\"lazy\" decoding=\"async\" width=\"800\" height=\"800\" src=\"https:\/\/www.usborkeychain.com\/wp-content\/uploads\/Personalized-Cube-Acrylic-Crystal-USB-Drive-with-LED-Light.jpg\" class=\"wp-image-6417\" srcset=\"https:\/\/www.usborkeychain.com\/wp-content\/uploads\/Personalized-Cube-Acrylic-Crystal-USB-Drive-with-LED-Light.jpg 800w, https:\/\/www.usborkeychain.com\/wp-content\/uploads\/Personalized-Cube-Acrylic-Crystal-USB-Drive-with-LED-Light-300x300.jpg 300w, https:\/\/www.usborkeychain.com\/wp-content\/uploads\/Personalized-Cube-Acrylic-Crystal-USB-Drive-with-LED-Light-150x150.jpg 150w, https:\/\/www.usborkeychain.com\/wp-content\/uploads\/Personalized-Cube-Acrylic-Crystal-USB-Drive-with-LED-Light-768x768.jpg 768w, https:\/\/www.usborkeychain.com\/wp-content\/uploads\/Personalized-Cube-Acrylic-Crystal-USB-Drive-with-LED-Light-12x12.jpg 12w, https:\/\/www.usborkeychain.com\/wp-content\/uploads\/Personalized-Cube-Acrylic-Crystal-USB-Drive-with-LED-Light-600x600.jpg 600w, https:\/\/www.usborkeychain.com\/wp-content\/uploads\/Personalized-Cube-Acrylic-Crystal-USB-Drive-with-LED-Light-100x100.jpg 100w\" sizes=\"(max-width: 800px) 100vw, 800px\" \/><\/figure>\n<\/div>\n\n\n\n<div class=\"wp-block-column is-vertically-aligned-center is-layout-flow wp-block-column-is-layout-flow\">\n<ul class=\"wp-block-list\">\n<li><strong>Setor de tecnologia<\/strong>:  Huawei, Xiaomi, por exemplo.<\/li>\n\n\n\n<li><strong>Marcas automotivas<\/strong>Mercedes-Benz, BMW, por exemplo.<\/li>\n\n\n\n<li><strong>Finan\u00e7as\/Ind\u00fastria de artigos de luxo<\/strong>: Ideal para aprecia\u00e7\u00e3o de clientes VIP e eventos de marca compartilhada<\/li>\n\n\n\n<li><strong>Presentes comerciais<\/strong>: Trocas entre executivos, presentes para clientes importantes<\/li>\n\n\n\n<li><strong>Cen\u00e1rios comemorativos<\/strong>: Lembran\u00e7as de formatura (com o nome da classe\/escola gravado em seu interior), lembrancinhas de casamento (com a data e os nomes gravados)<\/li>\n\n\n\n<li><strong>Pr\u00eamios do evento<\/strong>: Pr\u00eamios para c\u00fapulas do setor, lan\u00e7amentos de novos produtos<\/li>\n<\/ul>\n\n\n\n<p>O <strong>Unidade USB de cristal em forma de cubo<\/strong>A tecnologia K9, combinando cristal K9 e liga de alum\u00ednio, oferece personaliza\u00e7\u00e3o abrangente, desde a capacidade e a interface at\u00e9 os efeitos de ilumina\u00e7\u00e3o do logotipo, atendendo \u00e0s necessidades de v\u00e1rias empresas e indiv\u00edduos. Para personaliza\u00e7\u00e3o em massa, <strong>Youshan <\/strong>A empresa est\u00e1 dispon\u00edvel como uma op\u00e7\u00e3o.<\/p>\n<\/div>\n<\/div>","protected":false},"excerpt":{"rendered":"<ul>\n<li>Unidade USB de cristal com luz de LED<\/li>\n<li>Cristais simulados<\/li>\n<li>Liga de alum\u00ednio<\/li>\n<li>Com chaveiro<\/li>\n<li>MOQ:100pcs<\/li>\n<\/ul>","protected":false},"featured_media":6415,"comment_status":"open","ping_status":"closed","template":"","meta":{"_seopress_robots_primary_cat":"","_seopress_titles_title":"","_seopress_titles_desc":"","_seopress_robots_index":"","site-sidebar-layout":"default","site-content-layout":"","ast-site-content-layout":"","site-content-style":"default","site-sidebar-style":"default","ast-global-header-display":"","ast-banner-title-visibility":"","ast-main-header-display":"","ast-hfb-above-header-display":"","ast-hfb-below-header-display":"","ast-hfb-mobile-header-display":"","site-post-title":"","ast-breadcrumbs-content":"","ast-featured-img":"","footer-sml-layout":"","theme-transparent-header-meta":"","adv-header-id-meta":"","stick-header-meta":"","header-above-stick-meta":"","header-main-stick-meta":"","header-below-stick-meta":"","astra-migrate-meta-layouts":"default","ast-page-background-enabled":"default","ast-page-background-meta":{"desktop":{"background-color":"var(--ast-global-color-5)","background-image":"","background-repeat":"repeat","background-position":"center center","background-size":"auto","background-attachment":"scroll","background-type":"","background-media":"","overlay-type":"","overlay-color":"","overlay-opacity":"","overlay-gradient":""},"tablet":{"background-color":"","background-image":"","background-repeat":"repeat","background-position":"center center","background-size":"auto","background-attachment":"scroll","background-type":"","background-media":"","overlay-type":"","overlay-color":"","overlay-opacity":"","overlay-gradient":""},"mobile":{"background-color":"","background-image":"","background-repeat":"repeat","background-position":"center center","background-size":"auto","background-attachment":"scroll","background-type":"","background-media":"","overlay-type":"","overlay-color":"","overlay-opacity":"","overlay-gradient":""}},"ast-content-background-meta":{"desktop":{"background-color":"var(--ast-global-color-4)","background-image":"","background-repeat":"repeat","background-position":"center center","background-size":"auto","background-attachment":"scroll","background-type":"","background-media":"","overlay-type":"","overlay-color":"","overlay-opacity":"","overlay-gradient":""},"tablet":{"background-color":"var(--ast-global-color-4)","background-image":"","background-repeat":"repeat","background-position":"center center","background-size":"auto","background-attachment":"scroll","background-type":"","background-media":"","overlay-type":"","overlay-color":"","overlay-opacity":"","overlay-gradient":""},"mobile":{"background-color":"var(--ast-global-color-4)","background-image":"","background-repeat":"repeat","background-position":"center center","background-size":"auto","background-attachment":"scroll","background-type":"","background-media":"","overlay-type":"","overlay-color":"","overlay-opacity":"","overlay-gradient":""}}},"product_brand":[],"product_cat":[174],"product_tag":[],"class_list":{"0":"post-6411","1":"product","2":"type-product","3":"status-publish","4":"has-post-thumbnail","6":"product_cat-crystal-usb-pendrive","7":"desktop-align-left","8":"tablet-align-left","9":"mobile-align-left","11":"first","12":"instock","13":"shipping-taxable","14":"product-type-simple"},"_links":{"self":[{"href":"https:\/\/www.usborkeychain.com\/pt\/wp-json\/wp\/v2\/product\/6411","targetHints":{"allow":["GET"]}}],"collection":[{"href":"https:\/\/www.usborkeychain.com\/pt\/wp-json\/wp\/v2\/product"}],"about":[{"href":"https:\/\/www.usborkeychain.com\/pt\/wp-json\/wp\/v2\/types\/product"}],"replies":[{"embeddable":true,"href":"https:\/\/www.usborkeychain.com\/pt\/wp-json\/wp\/v2\/comments?post=6411"}],"wp:featuredmedia":[{"embeddable":true,"href":"https:\/\/www.usborkeychain.com\/pt\/wp-json\/wp\/v2\/media\/6415"}],"wp:attachment":[{"href":"https:\/\/www.usborkeychain.com\/pt\/wp-json\/wp\/v2\/media?parent=6411"}],"wp:term":[{"taxonomy":"product_brand","embeddable":true,"href":"https:\/\/www.usborkeychain.com\/pt\/wp-json\/wp\/v2\/product_brand?post=6411"},{"taxonomy":"product_cat","embeddable":true,"href":"https:\/\/www.usborkeychain.com\/pt\/wp-json\/wp\/v2\/product_cat?post=6411"},{"taxonomy":"product_tag","embeddable":true,"href":"https:\/\/www.usborkeychain.com\/pt\/wp-json\/wp\/v2\/product_tag?post=6411"}],"curies":[{"name":"wp","href":"https:\/\/api.w.org\/{rel}","templated":true}]}}