{"id":6419,"date":"2025-08-10T03:43:01","date_gmt":"2025-08-10T03:43:01","guid":{"rendered":"https:\/\/www.usborkeychain.com\/?post_type=product&#038;p=6419"},"modified":"2025-08-10T03:43:04","modified_gmt":"2025-08-10T03:43:04","slug":"diamond-crystal-usb-drive","status":"publish","type":"product","link":"https:\/\/www.usborkeychain.com\/pt\/produto\/diamond-crystal-usb-drive\/","title":{"rendered":"Unidade USB Diamond Crystal"},"content":{"rendered":"<div class=\"wp-block-columns is-layout-flex wp-container-core-columns-is-layout-28f84493 wp-block-columns-is-layout-flex\">\n<div class=\"wp-block-column is-vertically-aligned-center is-layout-flow wp-block-column-is-layout-flow\">\n<figure class=\"wp-block-image size-full\"><img fetchpriority=\"high\" decoding=\"async\" width=\"800\" height=\"800\" src=\"https:\/\/www.usborkeychain.com\/wp-content\/uploads\/Personalized-diamond-shaped-USB-flash-Drive-in-Crystal-Acrylic.jpg\" alt=\"Diamond Crystal USB Drive\" class=\"wp-image-6426\" srcset=\"https:\/\/www.usborkeychain.com\/wp-content\/uploads\/Personalized-diamond-shaped-USB-flash-Drive-in-Crystal-Acrylic.jpg 800w, https:\/\/www.usborkeychain.com\/wp-content\/uploads\/Personalized-diamond-shaped-USB-flash-Drive-in-Crystal-Acrylic-300x300.jpg 300w, https:\/\/www.usborkeychain.com\/wp-content\/uploads\/Personalized-diamond-shaped-USB-flash-Drive-in-Crystal-Acrylic-150x150.jpg 150w, https:\/\/www.usborkeychain.com\/wp-content\/uploads\/Personalized-diamond-shaped-USB-flash-Drive-in-Crystal-Acrylic-768x768.jpg 768w, https:\/\/www.usborkeychain.com\/wp-content\/uploads\/Personalized-diamond-shaped-USB-flash-Drive-in-Crystal-Acrylic-12x12.jpg 12w, https:\/\/www.usborkeychain.com\/wp-content\/uploads\/Personalized-diamond-shaped-USB-flash-Drive-in-Crystal-Acrylic-600x600.jpg 600w, https:\/\/www.usborkeychain.com\/wp-content\/uploads\/Personalized-diamond-shaped-USB-flash-Drive-in-Crystal-Acrylic-100x100.jpg 100w\" sizes=\"(max-width: 800px) 100vw, 800px\" \/><\/figure>\n<\/div>\n\n\n\n<div class=\"wp-block-column is-vertically-aligned-center is-layout-flow wp-block-column-is-layout-flow\">\n<p>No mercado de armazenamento m\u00f3vel, a <strong>Unidade USB Diamond Crystal<\/strong>Com seu design inovador de \"formato de diamante + textura met\u00e1lica\", rompe a impress\u00e3o med\u00edocre das unidades USB tradicionais e se tornou um produto de refer\u00eancia para presentes comerciais, comunica\u00e7\u00e3o de marca e cole\u00e7\u00f5es pessoais.<\/p>\n\n\n\n<p>Concha de metal: Feito de <strong>liga de alum\u00ednio para aeronaves<\/strong> (convencional) ou a\u00e7o inoxid\u00e1vel 316L (opcional de alta qualidade), processado por tecnologia de anodiza\u00e7\u00e3o\/eletrodeposi\u00e7\u00e3o: A dureza da superf\u00edcie atinge HV300+, que \u00e9 resistente ao desgaste, a arranh\u00f5es e \u00e0 oxida\u00e7\u00e3o, resistindo a marcas de uso di\u00e1rio. Ele adota uma tampa de rosca\/estrutura magn\u00e9tica (dependendo do modelo) com veda\u00e7\u00e3o herm\u00e9tica e foi aprovado na certifica\u00e7\u00e3o de prote\u00e7\u00e3o IP54, sendo \u00e0 prova de poeira e respingos para prolongar a vida \u00fatil da interface USB.<\/p>\n<\/div>\n<\/div>\n\n\n\n<div class=\"wp-block-columns is-layout-flex wp-container-core-columns-is-layout-28f84493 wp-block-columns-is-layout-flex\">\n<div class=\"wp-block-column is-vertically-aligned-center is-layout-flow wp-block-column-is-layout-flow\">\n<figure class=\"wp-block-image size-full\"><img alt=\"\" decoding=\"async\" width=\"800\" height=\"800\" src=\"https:\/\/www.usborkeychain.com\/wp-content\/uploads\/Custom-diamond-jewelry-Shaped-Crystal-USB-Flash-Drive.jpg\" class=\"wp-image-6422\" srcset=\"https:\/\/www.usborkeychain.com\/wp-content\/uploads\/Custom-diamond-jewelry-Shaped-Crystal-USB-Flash-Drive.jpg 800w, https:\/\/www.usborkeychain.com\/wp-content\/uploads\/Custom-diamond-jewelry-Shaped-Crystal-USB-Flash-Drive-300x300.jpg 300w, https:\/\/www.usborkeychain.com\/wp-content\/uploads\/Custom-diamond-jewelry-Shaped-Crystal-USB-Flash-Drive-150x150.jpg 150w, https:\/\/www.usborkeychain.com\/wp-content\/uploads\/Custom-diamond-jewelry-Shaped-Crystal-USB-Flash-Drive-768x768.jpg 768w, https:\/\/www.usborkeychain.com\/wp-content\/uploads\/Custom-diamond-jewelry-Shaped-Crystal-USB-Flash-Drive-12x12.jpg 12w, https:\/\/www.usborkeychain.com\/wp-content\/uploads\/Custom-diamond-jewelry-Shaped-Crystal-USB-Flash-Drive-600x600.jpg 600w, https:\/\/www.usborkeychain.com\/wp-content\/uploads\/Custom-diamond-jewelry-Shaped-Crystal-USB-Flash-Drive-100x100.jpg 100w\" sizes=\"(max-width: 800px) 100vw, 800px\" \/><\/figure>\n<\/div>\n\n\n\n<div class=\"wp-block-column is-vertically-aligned-center is-layout-flow wp-block-column-is-layout-flow\">\n<p><strong>Corpo de cristal em forma de diamante<\/strong>: Feito de cristal \u00f3ptico K9 (material de grau \u00f3ptico com \u00edndice de refra\u00e7\u00e3o de 1,516 e transmit\u00e2ncia de luz \u226592%), esculpido com tecnologia de corte de diamante. <\/p>\n\n\n\n<p>A precis\u00e3o das bordas multifacetadas \u00e9 controlada em \u00b10,05 mm, exibindo um brilho intenso sob a refra\u00e7\u00e3o da luz, exatamente como um mini diamante. Com uma dureza Mohs de 5,5, \u00e9 resistente ao desgaste di\u00e1rio e permanece transparente ap\u00f3s o uso prolongado.<\/p>\n<\/div>\n<\/div>\n\n\n\n<h2 class=\"wp-block-heading\">Tabela de par\u00e2metros do n\u00facleo da unidade USB<\/h2>\n\n\n\n<figure class=\"wp-block-table\"><table class=\"has-fixed-layout\"><thead><tr><th>Item de par\u00e2metro<\/th><th>Especifica\u00e7\u00e3o t\u00e9cnica<\/th><\/tr><\/thead><tbody><tr><td>Vers\u00e3o de capacidade<\/td><td>8GB \/ 16GB \/ 32GB \/ 64GB \/ 128GB<\/td><\/tr><tr><td>Interface USB<\/td><td>USB 2.0\/ USB 3.0 \/ USB 3.1<\/td><\/tr><tr><td>Tamanho do cristal<\/td><td>Em forma de diamante: di\u00e2metro inferior de 15 mm, altura de 12 mm (personaliz\u00e1vel)<\/td><\/tr><tr><td>Tamanho da concha de metal<\/td><td>Di\u00e2metro de 10 mm, comprimento de 18 mm<\/td><\/tr><tr><td>Peso total<\/td><td>Aproximadamente 22 g (incluindo a concha de metal)<\/td><\/tr><tr><td>Material de cristal<\/td><td>Cristal \u00f3ptico K9 (dureza Mohs 5,5, resistente ao desgaste)<\/td><\/tr><tr><td>Material met\u00e1lico<\/td><td>Liga de alum\u00ednio (com camada anti-oxida\u00e7\u00e3o galvanizada) \/ a\u00e7o inoxid\u00e1vel (opcional)<\/td><\/tr><tr><td>LED embutido (opcional)<\/td><td>Consumo de energia \u22645mW, compat\u00edvel com RGB \/ cor \u00fanica (personaliz\u00e1vel com cores VI corporativas)<\/td><\/tr><\/tbody><\/table><\/figure>\n\n\n\n<h2 class=\"wp-block-heading\">Personaliza\u00e7\u00e3o do logotipo<\/h2>\n\n\n\n<div class=\"wp-block-columns is-layout-flex wp-container-core-columns-is-layout-28f84493 wp-block-columns-is-layout-flex\">\n<div class=\"wp-block-column is-layout-flow wp-block-column-is-layout-flow\">\n<figure class=\"wp-block-image size-full\"><img alt=\"\" decoding=\"async\" width=\"800\" height=\"800\" src=\"https:\/\/www.usborkeychain.com\/wp-content\/uploads\/diamond-Shaped-Crystal-USB-Flash-Drive-custom-logo.jpg\" class=\"wp-image-6425\" srcset=\"https:\/\/www.usborkeychain.com\/wp-content\/uploads\/diamond-Shaped-Crystal-USB-Flash-Drive-custom-logo.jpg 800w, https:\/\/www.usborkeychain.com\/wp-content\/uploads\/diamond-Shaped-Crystal-USB-Flash-Drive-custom-logo-300x300.jpg 300w, https:\/\/www.usborkeychain.com\/wp-content\/uploads\/diamond-Shaped-Crystal-USB-Flash-Drive-custom-logo-150x150.jpg 150w, https:\/\/www.usborkeychain.com\/wp-content\/uploads\/diamond-Shaped-Crystal-USB-Flash-Drive-custom-logo-768x768.jpg 768w, https:\/\/www.usborkeychain.com\/wp-content\/uploads\/diamond-Shaped-Crystal-USB-Flash-Drive-custom-logo-12x12.jpg 12w, https:\/\/www.usborkeychain.com\/wp-content\/uploads\/diamond-Shaped-Crystal-USB-Flash-Drive-custom-logo-600x600.jpg 600w, https:\/\/www.usborkeychain.com\/wp-content\/uploads\/diamond-Shaped-Crystal-USB-Flash-Drive-custom-logo-100x100.jpg 100w\" sizes=\"(max-width: 800px) 100vw, 800px\" \/><\/figure>\n\n\n\n<h3 class=\"wp-block-heading\">1. Posi\u00e7\u00e3o de personaliza\u00e7\u00e3o e habilidade<\/h3>\n\n\n\n<ul class=\"wp-block-list\">\n<li>Superf\u00edcie do inv\u00f3lucro met\u00e1lico:\n<ul class=\"wp-block-list\">\n<li>Grava\u00e7\u00e3o a laser: Com uma precis\u00e3o de 0,1 mm, adequado para padr\u00f5es\/textos complexos, apresentando uma textura fosca.<\/li>\n\n\n\n<li>Impress\u00e3o em tela de seda: Apresenta cores brilhantes, \u00e9 adequada para logotipos de grande porte e suporta o efeito de espelho.<\/li>\n<\/ul>\n<\/li>\n\n\n\n<li>Dentro do cristal:\n<ul class=\"wp-block-list\">\n<li>Grava\u00e7\u00e3o interna a laser 3D: \"Suspende\" padr\u00f5es\/texto dentro do cristal com uma precis\u00e3o de 0,1 mm. Cria luz e sombra tridimensionais utilizando a propriedade de refra\u00e7\u00e3o da luz do cristal, adequada para designs complexos, como logotipos de marcas e s\u00edmbolos comemorativos.<\/li>\n<\/ul>\n<\/li>\n<\/ul>\n<\/div>\n\n\n\n<div class=\"wp-block-column is-layout-flow wp-block-column-is-layout-flow\">\n<figure class=\"wp-block-image size-full\"><img alt=\"\" loading=\"lazy\" decoding=\"async\" width=\"800\" height=\"800\" src=\"https:\/\/www.usborkeychain.com\/wp-content\/uploads\/Custom-Pentagon-Crystal-USB-Drive-with-Sub-Surface-Engraving-and-Optional-LED-Light.jpg\" class=\"wp-image-6423\" srcset=\"https:\/\/www.usborkeychain.com\/wp-content\/uploads\/Custom-Pentagon-Crystal-USB-Drive-with-Sub-Surface-Engraving-and-Optional-LED-Light.jpg 800w, https:\/\/www.usborkeychain.com\/wp-content\/uploads\/Custom-Pentagon-Crystal-USB-Drive-with-Sub-Surface-Engraving-and-Optional-LED-Light-300x300.jpg 300w, https:\/\/www.usborkeychain.com\/wp-content\/uploads\/Custom-Pentagon-Crystal-USB-Drive-with-Sub-Surface-Engraving-and-Optional-LED-Light-150x150.jpg 150w, https:\/\/www.usborkeychain.com\/wp-content\/uploads\/Custom-Pentagon-Crystal-USB-Drive-with-Sub-Surface-Engraving-and-Optional-LED-Light-768x768.jpg 768w, https:\/\/www.usborkeychain.com\/wp-content\/uploads\/Custom-Pentagon-Crystal-USB-Drive-with-Sub-Surface-Engraving-and-Optional-LED-Light-12x12.jpg 12w, https:\/\/www.usborkeychain.com\/wp-content\/uploads\/Custom-Pentagon-Crystal-USB-Drive-with-Sub-Surface-Engraving-and-Optional-LED-Light-600x600.jpg 600w, https:\/\/www.usborkeychain.com\/wp-content\/uploads\/Custom-Pentagon-Crystal-USB-Drive-with-Sub-Surface-Engraving-and-Optional-LED-Light-100x100.jpg 100w\" sizes=\"(max-width: 800px) 100vw, 800px\" \/><\/figure>\n\n\n\n<h3 class=\"wp-block-heading\">2. Personaliza\u00e7\u00e3o da luz de LED: Senso aprimorado de tecnologia<\/h3>\n\n\n\n<p>Micro LEDs embutidos (opcional), acionados por fonte de alimenta\u00e7\u00e3o USB ou bateria de bot\u00e3o embutida:<\/p>\n\n\n\n<ul class=\"wp-block-list\">\n<li>Com a propriedade de transmiss\u00e3o de luz de reflex\u00e3o total do cristal K9, o logotipo interno alcan\u00e7a um \"efeito luminoso\".<\/li>\n\n\n\n<li>O brilho chega a 500cd\/\u33a1 em ambientes escuros, com halos suaves nas bordas, mostrando uma sensa\u00e7\u00e3o de tecnologia e evitando o ofuscamento.<\/li>\n\n\n\n<li>Suporta a personaliza\u00e7\u00e3o com cores VI corporativas (como laranja da Huawei, azul da Tencent) para fortalecer os s\u00edmbolos da marca.<\/li>\n<\/ul>\n<\/div>\n<\/div>\n\n\n\n<h2 class=\"wp-block-heading\">Por que ele \u00e9 melhor do que os drives USB comuns?<\/h2>\n\n\n\n<div class=\"wp-block-columns are-vertically-aligned-center is-layout-flex wp-container-core-columns-is-layout-28f84493 wp-block-columns-is-layout-flex\">\n<div class=\"wp-block-column is-vertically-aligned-center is-layout-flow wp-block-column-is-layout-flow\">\n<figure class=\"wp-block-image size-full\"><img alt=\"\" loading=\"lazy\" decoding=\"async\" width=\"800\" height=\"800\" src=\"https:\/\/www.usborkeychain.com\/wp-content\/uploads\/diamond-Shaped-Crystal-USB-Flash-Drive-\u2013-Clear-Acrylic-LED-Light.jpg\" class=\"wp-image-6424\" srcset=\"https:\/\/www.usborkeychain.com\/wp-content\/uploads\/diamond-Shaped-Crystal-USB-Flash-Drive-\u2013-Clear-Acrylic-LED-Light.jpg 800w, https:\/\/www.usborkeychain.com\/wp-content\/uploads\/diamond-Shaped-Crystal-USB-Flash-Drive-\u2013-Clear-Acrylic-LED-Light-300x300.jpg 300w, https:\/\/www.usborkeychain.com\/wp-content\/uploads\/diamond-Shaped-Crystal-USB-Flash-Drive-\u2013-Clear-Acrylic-LED-Light-150x150.jpg 150w, https:\/\/www.usborkeychain.com\/wp-content\/uploads\/diamond-Shaped-Crystal-USB-Flash-Drive-\u2013-Clear-Acrylic-LED-Light-768x768.jpg 768w, https:\/\/www.usborkeychain.com\/wp-content\/uploads\/diamond-Shaped-Crystal-USB-Flash-Drive-\u2013-Clear-Acrylic-LED-Light-12x12.jpg 12w, https:\/\/www.usborkeychain.com\/wp-content\/uploads\/diamond-Shaped-Crystal-USB-Flash-Drive-\u2013-Clear-Acrylic-LED-Light-600x600.jpg 600w, https:\/\/www.usborkeychain.com\/wp-content\/uploads\/diamond-Shaped-Crystal-USB-Flash-Drive-\u2013-Clear-Acrylic-LED-Light-100x100.jpg 100w\" sizes=\"(max-width: 800px) 100vw, 800px\" \/><\/figure>\n<\/div>\n\n\n\n<div class=\"wp-block-column is-vertically-aligned-center is-layout-flow wp-block-column-is-layout-flow\">\n<ol class=\"wp-block-list\">\n<li>Diferencia\u00e7\u00e3o visual:<br>O corte de diamante combinado com a transpar\u00eancia cristalina rompe com a mediocridade do \"pl\u00e1stico\/metal puro\" e se destaca de v\u00e1rias unidades USB, tornando-o naturalmente adequado para \"cen\u00e1rios de alta qualidade\".<\/li>\n\n\n\n<li>Cobertura completa da cena:<\/li>\n<\/ol>\n\n\n\n<ul class=\"wp-block-list\">\n<li>Presentes comerciais: As empresas os oferecem a clientes de alto n\u00edvel para destacar a eleg\u00e2ncia da marca.<\/li>\n\n\n\n<li>Atividades de marca: Os logotipos personalizados tornam-se os \"pontos de mem\u00f3ria\" dos eventos.<\/li>\n\n\n\n<li>Cole\u00e7\u00e3o pessoal: Comemora\u00e7\u00f5es gravadas (como casamentos, formaturas) t\u00eam valor emocional.<\/li>\n<\/ul>\n\n\n\n<ol start=\"3\" class=\"wp-block-list\">\n<li>Equil\u00edbrio entre portabilidade e estilo:<br>Equipado com um chaveiro\/anel de metal opcional, pode ser pendurado em bolsas. N\u00e3o se trata apenas de uma ferramenta de armazenamento, mas tamb\u00e9m de um \"acess\u00f3rio de moda\" para mostrar seu bom gosto a qualquer momento.<\/li>\n<\/ol>\n<\/div>\n<\/div>","protected":false},"excerpt":{"rendered":"<ul>\n<li>Em forma de diamante<\/li>\n<li>Liga de alum\u00ednio<\/li>\n<li>Material met\u00e1lico<\/li>\n<li>LOGOTIPO com luz LED<\/li>\n<li>MOQ:100pcs<\/li>\n<\/ul>","protected":false},"featured_media":6426,"comment_status":"open","ping_status":"closed","template":"","meta":{"_seopress_robots_primary_cat":"","_seopress_titles_title":"","_seopress_titles_desc":"","_seopress_robots_index":"","site-sidebar-layout":"default","site-content-layout":"","ast-site-content-layout":"","site-content-style":"default","site-sidebar-style":"default","ast-global-header-display":"","ast-banner-title-visibility":"","ast-main-header-display":"","ast-hfb-above-header-display":"","ast-hfb-below-header-display":"","ast-hfb-mobile-header-display":"","site-post-title":"","ast-breadcrumbs-content":"","ast-featured-img":"","footer-sml-layout":"","theme-transparent-header-meta":"","adv-header-id-meta":"","stick-header-meta":"","header-above-stick-meta":"","header-main-stick-meta":"","header-below-stick-meta":"","astra-migrate-meta-layouts":"default","ast-page-background-enabled":"default","ast-page-background-meta":{"desktop":{"background-color":"var(--ast-global-color-5)","background-image":"","background-repeat":"repeat","background-position":"center center","background-size":"auto","background-attachment":"scroll","background-type":"","background-media":"","overlay-type":"","overlay-color":"","overlay-opacity":"","overlay-gradient":""},"tablet":{"background-color":"","background-image":"","background-repeat":"repeat","background-position":"center center","background-size":"auto","background-attachment":"scroll","background-type":"","background-media":"","overlay-type":"","overlay-color":"","overlay-opacity":"","overlay-gradient":""},"mobile":{"background-color":"","background-image":"","background-repeat":"repeat","background-position":"center center","background-size":"auto","background-attachment":"scroll","background-type":"","background-media":"","overlay-type":"","overlay-color":"","overlay-opacity":"","overlay-gradient":""}},"ast-content-background-meta":{"desktop":{"background-color":"var(--ast-global-color-4)","background-image":"","background-repeat":"repeat","background-position":"center center","background-size":"auto","background-attachment":"scroll","background-type":"","background-media":"","overlay-type":"","overlay-color":"","overlay-opacity":"","overlay-gradient":""},"tablet":{"background-color":"var(--ast-global-color-4)","background-image":"","background-repeat":"repeat","background-position":"center center","background-size":"auto","background-attachment":"scroll","background-type":"","background-media":"","overlay-type":"","overlay-color":"","overlay-opacity":"","overlay-gradient":""},"mobile":{"background-color":"var(--ast-global-color-4)","background-image":"","background-repeat":"repeat","background-position":"center center","background-size":"auto","background-attachment":"scroll","background-type":"","background-media":"","overlay-type":"","overlay-color":"","overlay-opacity":"","overlay-gradient":""}}},"product_brand":[],"product_cat":[174],"product_tag":[395],"class_list":{"0":"post-6419","1":"product","2":"type-product","3":"status-publish","4":"has-post-thumbnail","6":"product_cat-crystal-usb-pendrive","7":"product_tag-diamond-crystal-usb-drive","8":"desktop-align-left","9":"tablet-align-left","10":"mobile-align-left","12":"first","13":"instock","14":"shipping-taxable","15":"product-type-simple"},"_links":{"self":[{"href":"https:\/\/www.usborkeychain.com\/pt\/wp-json\/wp\/v2\/product\/6419","targetHints":{"allow":["GET"]}}],"collection":[{"href":"https:\/\/www.usborkeychain.com\/pt\/wp-json\/wp\/v2\/product"}],"about":[{"href":"https:\/\/www.usborkeychain.com\/pt\/wp-json\/wp\/v2\/types\/product"}],"replies":[{"embeddable":true,"href":"https:\/\/www.usborkeychain.com\/pt\/wp-json\/wp\/v2\/comments?post=6419"}],"wp:featuredmedia":[{"embeddable":true,"href":"https:\/\/www.usborkeychain.com\/pt\/wp-json\/wp\/v2\/media\/6426"}],"wp:attachment":[{"href":"https:\/\/www.usborkeychain.com\/pt\/wp-json\/wp\/v2\/media?parent=6419"}],"wp:term":[{"taxonomy":"product_brand","embeddable":true,"href":"https:\/\/www.usborkeychain.com\/pt\/wp-json\/wp\/v2\/product_brand?post=6419"},{"taxonomy":"product_cat","embeddable":true,"href":"https:\/\/www.usborkeychain.com\/pt\/wp-json\/wp\/v2\/product_cat?post=6419"},{"taxonomy":"product_tag","embeddable":true,"href":"https:\/\/www.usborkeychain.com\/pt\/wp-json\/wp\/v2\/product_tag?post=6419"}],"curies":[{"name":"wp","href":"https:\/\/api.w.org\/{rel}","templated":true}]}}