{"id":6636,"date":"2025-08-12T12:51:36","date_gmt":"2025-08-12T12:51:36","guid":{"rendered":"https:\/\/www.usborkeychain.com\/?post_type=product&#038;p=6636"},"modified":"2025-08-14T12:08:28","modified_gmt":"2025-08-14T12:08:28","slug":"triangle-metal-carabiner-usb-drive","status":"publish","type":"product","link":"https:\/\/www.usborkeychain.com\/pt\/produto\/triangle-metal-carabiner-usb-drive\/","title":{"rendered":"Unidade USB com mosquet\u00e3o de metal triangular"},"content":{"rendered":"<p><\/p>\n\n\n\n<div class=\"wp-block-columns is-layout-flex wp-container-core-columns-is-layout-28f84493 wp-block-columns-is-layout-flex\">\n<div class=\"wp-block-column is-layout-flow wp-block-column-is-layout-flow\">\n<figure class=\"wp-block-image size-full\"><img fetchpriority=\"high\" decoding=\"async\" width=\"800\" height=\"800\" src=\"https:\/\/www.usborkeychain.com\/wp-content\/uploads\/USB-Stick-Carabiner.png\" alt=\"USB-Stick Carabiner\" class=\"wp-image-6643\" srcset=\"https:\/\/www.usborkeychain.com\/wp-content\/uploads\/USB-Stick-Carabiner.png 800w, https:\/\/www.usborkeychain.com\/wp-content\/uploads\/USB-Stick-Carabiner-300x300.png 300w, https:\/\/www.usborkeychain.com\/wp-content\/uploads\/USB-Stick-Carabiner-150x150.png 150w, https:\/\/www.usborkeychain.com\/wp-content\/uploads\/USB-Stick-Carabiner-768x768.png 768w, https:\/\/www.usborkeychain.com\/wp-content\/uploads\/USB-Stick-Carabiner-12x12.png 12w, https:\/\/www.usborkeychain.com\/wp-content\/uploads\/USB-Stick-Carabiner-600x600.png 600w, https:\/\/www.usborkeychain.com\/wp-content\/uploads\/USB-Stick-Carabiner-100x100.png 100w\" sizes=\"(max-width: 800px) 100vw, 800px\" \/><\/figure>\n<\/div>\n\n\n\n<div class=\"wp-block-column is-vertically-aligned-center is-layout-flow wp-block-column-is-layout-flow\">\n<p>O ic\u00f4nico design de mosquet\u00e3o triangular do pendrive Triangle Metal Carabiner \u00e9 altamente reconhec\u00edvel, quebrando a forma mon\u00f3tona dos pendrives tradicionais. <\/p>\n\n\n\n<p>Ele n\u00e3o \u00e9 apenas um dispositivo de armazenamento de alto desempenho, mas tamb\u00e9m um mosquet\u00e3o resistente e dur\u00e1vel, com total praticidade. Quer seja pendurado diariamente em um chaveiro para facilitar o acesso ou usado como decora\u00e7\u00e3o pessoal em uma bolsa ao sair, ele exala um sabor \u00fanico.<\/p>\n<\/div>\n<\/div>\n\n\n\n<p>A unidade USB Triangle Metal Carabiner \u00e9 feita de uma combina\u00e7\u00e3o de metal e pl\u00e1stico, apresentando a textura s\u00f3lida do metal e a caracter\u00edstica de leveza do pl\u00e1stico. Entre elas, a parte de pl\u00e1stico permite a personaliza\u00e7\u00e3o em v\u00e1rias cores. Voc\u00ea pode escolher vermelho brilhante, preto calmo, azul fresco, etc., de acordo com suas necessidades, para atender aos requisitos de correspond\u00eancia de diferentes cen\u00e1rios. O produto adota um design plug-and-play, que \u00e9 f\u00e1cil de operar. A estrutura da fivela triangular foi projetada de forma razo\u00e1vel, abrindo e fechando suavemente, e pode ser fixada com firmeza em v\u00e1rios objetos, o que aumenta muito a conveni\u00eancia do transporte e permite acessar a unidade USB a qualquer hora e em qualquer lugar.<\/p>\n\n\n\n<div class=\"wp-block-columns is-layout-flex wp-container-core-columns-is-layout-28f84493 wp-block-columns-is-layout-flex\">\n<div class=\"wp-block-column is-layout-flow wp-block-column-is-layout-flow\">\n<figure class=\"wp-block-image size-full\"><img alt=\"\" decoding=\"async\" width=\"800\" height=\"800\" src=\"https:\/\/www.usborkeychain.com\/wp-content\/uploads\/Carabiner-Snap-Hook-Shaped-USB-Drives.png\" class=\"wp-image-6639\" srcset=\"https:\/\/www.usborkeychain.com\/wp-content\/uploads\/Carabiner-Snap-Hook-Shaped-USB-Drives.png 800w, https:\/\/www.usborkeychain.com\/wp-content\/uploads\/Carabiner-Snap-Hook-Shaped-USB-Drives-300x300.png 300w, https:\/\/www.usborkeychain.com\/wp-content\/uploads\/Carabiner-Snap-Hook-Shaped-USB-Drives-150x150.png 150w, https:\/\/www.usborkeychain.com\/wp-content\/uploads\/Carabiner-Snap-Hook-Shaped-USB-Drives-768x768.png 768w, https:\/\/www.usborkeychain.com\/wp-content\/uploads\/Carabiner-Snap-Hook-Shaped-USB-Drives-12x12.png 12w, https:\/\/www.usborkeychain.com\/wp-content\/uploads\/Carabiner-Snap-Hook-Shaped-USB-Drives-600x600.png 600w, https:\/\/www.usborkeychain.com\/wp-content\/uploads\/Carabiner-Snap-Hook-Shaped-USB-Drives-100x100.png 100w\" sizes=\"(max-width: 800px) 100vw, 800px\" \/><\/figure>\n<\/div>\n\n\n\n<div class=\"wp-block-column is-layout-flow wp-block-column-is-layout-flow\">\n<figure class=\"wp-block-image size-full\"><img alt=\"\" decoding=\"async\" width=\"800\" height=\"800\" src=\"https:\/\/www.usborkeychain.com\/wp-content\/uploads\/Custom-Metal-Snap-Hook-Carabiner-Shaped-USB-Flash-Drives.png\" class=\"wp-image-6640\" srcset=\"https:\/\/www.usborkeychain.com\/wp-content\/uploads\/Custom-Metal-Snap-Hook-Carabiner-Shaped-USB-Flash-Drives.png 800w, https:\/\/www.usborkeychain.com\/wp-content\/uploads\/Custom-Metal-Snap-Hook-Carabiner-Shaped-USB-Flash-Drives-300x300.png 300w, https:\/\/www.usborkeychain.com\/wp-content\/uploads\/Custom-Metal-Snap-Hook-Carabiner-Shaped-USB-Flash-Drives-150x150.png 150w, https:\/\/www.usborkeychain.com\/wp-content\/uploads\/Custom-Metal-Snap-Hook-Carabiner-Shaped-USB-Flash-Drives-768x768.png 768w, https:\/\/www.usborkeychain.com\/wp-content\/uploads\/Custom-Metal-Snap-Hook-Carabiner-Shaped-USB-Flash-Drives-12x12.png 12w, https:\/\/www.usborkeychain.com\/wp-content\/uploads\/Custom-Metal-Snap-Hook-Carabiner-Shaped-USB-Flash-Drives-600x600.png 600w, https:\/\/www.usborkeychain.com\/wp-content\/uploads\/Custom-Metal-Snap-Hook-Carabiner-Shaped-USB-Flash-Drives-100x100.png 100w\" sizes=\"(max-width: 800px) 100vw, 800px\" \/><\/figure>\n<\/div>\n<\/div>\n\n\n\n<figure class=\"wp-block-table\"><table class=\"has-fixed-layout\"><thead><tr><th>Nome do par\u00e2metro<\/th><th>Detalhes<\/th><\/tr><\/thead><tbody><tr><td>Capacidade de armazenamento<\/td><td>8 GB, 16 GB, 32 GB, 64 GB, 128 GB, 256 GB<\/td><\/tr><tr><td>Tipo de interface<\/td><td>USB 2.0, USB 3.0, USB 3.1 (opcional)<\/td><\/tr><tr><td>Velocidade de leitura<\/td><td>USB 2.0: at\u00e9 15-20 MB\/s; USB 3.0 e superior: at\u00e9 80-100 MB\/s<\/td><\/tr><tr><td>Velocidade de escrita<\/td><td>USB 2.0: at\u00e9 8-10 MB\/s; USB 3.0 e superior: at\u00e9 30-40 MB\/s<\/td><\/tr><tr><td>Temperatura operacional<\/td><td>-20\u2103 a 60\u2103<\/td><\/tr><tr><td>Temperatura de armazenamento<\/td><td>-40\u2103 a 85\u2103<\/td><\/tr><tr><td>Material met\u00e1lico<\/td><td>Liga de alum\u00ednio<\/td><\/tr><tr><td>Comprimento do lado do tri\u00e2ngulo<\/td><td>2,5 cm<\/td><\/tr><tr><td>Peso<\/td><td>15g<\/td><\/tr><tr><td>Classifica\u00e7\u00e3o \u00e0 prova d'\u00e1gua<\/td><td>IP54<\/td><\/tr><\/tbody><\/table><\/figure>\n\n\n\n<p>Essa unidade USB com mosquet\u00e3o de metal triangular \u00e9 muito adequada como presente para v\u00e1rios setores:<\/p>\n\n\n\n<p>Para o setor de produtos para atividades ao ar livre, ele se encaixa perfeitamente nos cen\u00e1rios de atividades ao ar livre, como montanhismo e camping. A fun\u00e7\u00e3o pr\u00e1tica de armazenamento e o design que pode ser usado como mosquet\u00e3o atendem \u00e0s necessidades dos entusiastas de atividades ao ar livre e, como presente, podem aumentar o valor agregado dos produtos.<\/p>\n\n\n\n<p>No setor de esportes e condicionamento f\u00edsico, os entusiastas do esporte podem precisar armazenar dados esportivos, planos de condicionamento f\u00edsico, etc., antes e depois do exerc\u00edcio. Essa unidade USB \u00e9 f\u00e1cil de transportar e pode ser pendurada em uma bolsa esportiva. Como presente para membros, ele pode aumentar a fidelidade do usu\u00e1rio.<\/p>\n\n\n\n<div class=\"wp-block-columns is-layout-flex wp-container-core-columns-is-layout-28f84493 wp-block-columns-is-layout-flex\">\n<div class=\"wp-block-column is-layout-flow wp-block-column-is-layout-flow\">\n<figure class=\"wp-block-image size-full\"><img alt=\"\" loading=\"lazy\" decoding=\"async\" width=\"800\" height=\"800\" src=\"https:\/\/www.usborkeychain.com\/wp-content\/uploads\/USB-Stick-aus-Metall-mit-praktischer-Doppelfunktion.png\" class=\"wp-image-6642\" srcset=\"https:\/\/www.usborkeychain.com\/wp-content\/uploads\/USB-Stick-aus-Metall-mit-praktischer-Doppelfunktion.png 800w, https:\/\/www.usborkeychain.com\/wp-content\/uploads\/USB-Stick-aus-Metall-mit-praktischer-Doppelfunktion-300x300.png 300w, https:\/\/www.usborkeychain.com\/wp-content\/uploads\/USB-Stick-aus-Metall-mit-praktischer-Doppelfunktion-150x150.png 150w, https:\/\/www.usborkeychain.com\/wp-content\/uploads\/USB-Stick-aus-Metall-mit-praktischer-Doppelfunktion-768x768.png 768w, https:\/\/www.usborkeychain.com\/wp-content\/uploads\/USB-Stick-aus-Metall-mit-praktischer-Doppelfunktion-12x12.png 12w, https:\/\/www.usborkeychain.com\/wp-content\/uploads\/USB-Stick-aus-Metall-mit-praktischer-Doppelfunktion-600x600.png 600w, https:\/\/www.usborkeychain.com\/wp-content\/uploads\/USB-Stick-aus-Metall-mit-praktischer-Doppelfunktion-100x100.png 100w\" sizes=\"(max-width: 800px) 100vw, 800px\" \/><\/figure>\n<\/div>\n\n\n\n<div class=\"wp-block-column is-layout-flow wp-block-column-is-layout-flow\">\n<figure class=\"wp-block-image size-full\"><img alt=\"Metal Carabiner Shape USB Flash Drive\" loading=\"lazy\" decoding=\"async\" width=\"800\" height=\"800\" src=\"https:\/\/www.usborkeychain.com\/wp-content\/uploads\/Metal-Carabiner-Shape-USB-Flash-Drive.png\" class=\"wp-image-6641\" srcset=\"https:\/\/www.usborkeychain.com\/wp-content\/uploads\/Metal-Carabiner-Shape-USB-Flash-Drive.png 800w, https:\/\/www.usborkeychain.com\/wp-content\/uploads\/Metal-Carabiner-Shape-USB-Flash-Drive-300x300.png 300w, https:\/\/www.usborkeychain.com\/wp-content\/uploads\/Metal-Carabiner-Shape-USB-Flash-Drive-150x150.png 150w, https:\/\/www.usborkeychain.com\/wp-content\/uploads\/Metal-Carabiner-Shape-USB-Flash-Drive-768x768.png 768w, https:\/\/www.usborkeychain.com\/wp-content\/uploads\/Metal-Carabiner-Shape-USB-Flash-Drive-12x12.png 12w, https:\/\/www.usborkeychain.com\/wp-content\/uploads\/Metal-Carabiner-Shape-USB-Flash-Drive-600x600.png 600w, https:\/\/www.usborkeychain.com\/wp-content\/uploads\/Metal-Carabiner-Shape-USB-Flash-Drive-100x100.png 100w\" sizes=\"(max-width: 800px) 100vw, 800px\" \/><\/figure>\n<\/div>\n<\/div>\n\n\n\n<p>Em atividades corporativas de forma\u00e7\u00e3o de equipes, tamb\u00e9m \u00e9 uma boa op\u00e7\u00e3o. O design triangular simboliza a estabilidade e a coopera\u00e7\u00e3o da equipe. Depois de personalizar o LOGOTIPO corporativo, ele pode n\u00e3o s\u00f3 servir como lembran\u00e7a da atividade, mas tamb\u00e9m fazer com que os funcion\u00e1rios sintam o cuidado da empresa no uso di\u00e1rio.<\/p>\n\n\n\n<p>Para as institui\u00e7\u00f5es de pesquisa de jovens, durante o processo de pesquisa, \u00e9 necess\u00e1rio armazenar materiais de aprendizagem, fotos, v\u00eddeos etc. Essa unidade USB \u00e9 moderna e pr\u00e1tica e pode ser adorada pelos adolescentes, o que a torna adequada como lembran\u00e7a de pesquisa.<\/p>\n\n\n\n<p>Essa unidade USB Triangle Metal Carabiner integra design criativo, fun\u00e7\u00f5es pr\u00e1ticas e materiais de alta qualidade. As v\u00e1rias capacidades de armazenamento e op\u00e7\u00f5es de interface podem atender \u00e0s necessidades de armazenamento de diferentes usu\u00e1rios. Os ricos cen\u00e1rios aplic\u00e1veis o tornam extremamente valioso, seja para uso pessoal ou como presente, al\u00e9m de ser um produto econ\u00f4mico.<\/p>","protected":false},"excerpt":{"rendered":"<ul>\n<li>Forma de tri\u00e2ngulo<\/li>\n<li>Metal + Pl\u00e1stico<\/li>\n<li>Unidade USB tipo mosquet\u00e3o<\/li>\n<li>MOQ:100pcs<\/li>\n<li>Muitas cores podem ser escolhidas<\/li>\n<\/ul>","protected":false},"featured_media":6641,"comment_status":"open","ping_status":"closed","template":"","meta":{"_seopress_robots_primary_cat":"","_seopress_titles_title":"","_seopress_titles_desc":"","_seopress_robots_index":"","site-sidebar-layout":"default","site-content-layout":"","ast-site-content-layout":"","site-content-style":"default","site-sidebar-style":"default","ast-global-header-display":"","ast-banner-title-visibility":"","ast-main-header-display":"","ast-hfb-above-header-display":"","ast-hfb-below-header-display":"","ast-hfb-mobile-header-display":"","site-post-title":"","ast-breadcrumbs-content":"","ast-featured-img":"","footer-sml-layout":"","theme-transparent-header-meta":"","adv-header-id-meta":"","stick-header-meta":"","header-above-stick-meta":"","header-main-stick-meta":"","header-below-stick-meta":"","astra-migrate-meta-layouts":"default","ast-page-background-enabled":"default","ast-page-background-meta":{"desktop":{"background-color":"var(--ast-global-color-5)","background-image":"","background-repeat":"repeat","background-position":"center center","background-size":"auto","background-attachment":"scroll","background-type":"","background-media":"","overlay-type":"","overlay-color":"","overlay-opacity":"","overlay-gradient":""},"tablet":{"background-color":"","background-image":"","background-repeat":"repeat","background-position":"center center","background-size":"auto","background-attachment":"scroll","background-type":"","background-media":"","overlay-type":"","overlay-color":"","overlay-opacity":"","overlay-gradient":""},"mobile":{"background-color":"","background-image":"","background-repeat":"repeat","background-position":"center center","background-size":"auto","background-attachment":"scroll","background-type":"","background-media":"","overlay-type":"","overlay-color":"","overlay-opacity":"","overlay-gradient":""}},"ast-content-background-meta":{"desktop":{"background-color":"var(--ast-global-color-4)","background-image":"","background-repeat":"repeat","background-position":"center center","background-size":"auto","background-attachment":"scroll","background-type":"","background-media":"","overlay-type":"","overlay-color":"","overlay-opacity":"","overlay-gradient":""},"tablet":{"background-color":"var(--ast-global-color-4)","background-image":"","background-repeat":"repeat","background-position":"center center","background-size":"auto","background-attachment":"scroll","background-type":"","background-media":"","overlay-type":"","overlay-color":"","overlay-opacity":"","overlay-gradient":""},"mobile":{"background-color":"var(--ast-global-color-4)","background-image":"","background-repeat":"repeat","background-position":"center center","background-size":"auto","background-attachment":"scroll","background-type":"","background-media":"","overlay-type":"","overlay-color":"","overlay-opacity":"","overlay-gradient":""}}},"product_brand":[],"product_cat":[89],"product_tag":[397],"class_list":{"0":"post-6636","1":"product","2":"type-product","3":"status-publish","4":"has-post-thumbnail","6":"product_cat-metal-usb-pendrive","7":"product_tag-zinc-alloy-usb-pen-drive","8":"desktop-align-left","9":"tablet-align-left","10":"mobile-align-left","12":"first","13":"instock","14":"shipping-taxable","15":"product-type-simple"},"_links":{"self":[{"href":"https:\/\/www.usborkeychain.com\/pt\/wp-json\/wp\/v2\/product\/6636","targetHints":{"allow":["GET"]}}],"collection":[{"href":"https:\/\/www.usborkeychain.com\/pt\/wp-json\/wp\/v2\/product"}],"about":[{"href":"https:\/\/www.usborkeychain.com\/pt\/wp-json\/wp\/v2\/types\/product"}],"replies":[{"embeddable":true,"href":"https:\/\/www.usborkeychain.com\/pt\/wp-json\/wp\/v2\/comments?post=6636"}],"wp:featuredmedia":[{"embeddable":true,"href":"https:\/\/www.usborkeychain.com\/pt\/wp-json\/wp\/v2\/media\/6641"}],"wp:attachment":[{"href":"https:\/\/www.usborkeychain.com\/pt\/wp-json\/wp\/v2\/media?parent=6636"}],"wp:term":[{"taxonomy":"product_brand","embeddable":true,"href":"https:\/\/www.usborkeychain.com\/pt\/wp-json\/wp\/v2\/product_brand?post=6636"},{"taxonomy":"product_cat","embeddable":true,"href":"https:\/\/www.usborkeychain.com\/pt\/wp-json\/wp\/v2\/product_cat?post=6636"},{"taxonomy":"product_tag","embeddable":true,"href":"https:\/\/www.usborkeychain.com\/pt\/wp-json\/wp\/v2\/product_tag?post=6636"}],"curies":[{"name":"wp","href":"https:\/\/api.w.org\/{rel}","templated":true}]}}