{"id":6808,"date":"2025-08-14T02:03:54","date_gmt":"2025-08-14T02:03:54","guid":{"rendered":"https:\/\/www.usborkeychain.com\/?post_type=product&#038;p=6808"},"modified":"2025-08-14T02:05:25","modified_gmt":"2025-08-14T02:05:25","slug":"eco-friendly-bar-shaped-usb-drive","status":"publish","type":"product","link":"https:\/\/www.usborkeychain.com\/pt\/produto\/eco-friendly-bar-shaped-usb-drive\/","title":{"rendered":"Unidade USB ecol\u00f3gica em forma de barra"},"content":{"rendered":"<div class=\"wp-block-columns is-layout-flex wp-container-core-columns-is-layout-28f84493 wp-block-columns-is-layout-flex\">\n<div class=\"wp-block-column is-vertically-aligned-center is-layout-flow wp-block-column-is-layout-flow\">\n<p>O <strong>Unidade USB ecol\u00f3gica em forma de barra<\/strong> \u00e9 feito de materiais biodegrad\u00e1veis de base biol\u00f3gica (incluindo materiais compostos de fibra de bambu\/amido de milho), reduzindo o uso de pl\u00e1sticos derivados de petr\u00f3leo na fonte. Ap\u00f3s ser descartado, o produto pode se biodegradar naturalmente, minimizando a polui\u00e7\u00e3o ambiental de longo prazo, o que est\u00e1 de acordo com o conceito verde da era do \"carbono duplo\".<\/p>\n\n\n\n<p>Em termos de apar\u00eancia, ele segue o princ\u00edpio \"menos \u00e9 mais\", com um perfil fino em forma de barra medindo 12,5\u00d738\u00d75,5 mm e uma espessura equivalente \u00e0 de tr\u00eas cart\u00f5es de cr\u00e9dito. Ele apresenta uma tampa deslizante oculta \u00e0 prova de poeira na lateral, que protege a porta USB de forma eficaz, combinando est\u00e9tica e praticidade.<\/p>\n<\/div>\n\n\n\n<div class=\"wp-block-column is-vertically-aligned-center is-layout-flow wp-block-column-is-layout-flow\">\n<figure class=\"wp-block-image size-full\"><img fetchpriority=\"high\" decoding=\"async\" width=\"800\" height=\"800\" src=\"https:\/\/www.usborkeychain.com\/wp-content\/uploads\/eco-friendly-usb-flash-drives-2.jpg\" alt=\"Eco Friendly USB Drive\" class=\"wp-image-6816\" srcset=\"https:\/\/www.usborkeychain.com\/wp-content\/uploads\/eco-friendly-usb-flash-drives-2.jpg 800w, https:\/\/www.usborkeychain.com\/wp-content\/uploads\/eco-friendly-usb-flash-drives-2-300x300.jpg 300w, https:\/\/www.usborkeychain.com\/wp-content\/uploads\/eco-friendly-usb-flash-drives-2-150x150.jpg 150w, https:\/\/www.usborkeychain.com\/wp-content\/uploads\/eco-friendly-usb-flash-drives-2-768x768.jpg 768w, https:\/\/www.usborkeychain.com\/wp-content\/uploads\/eco-friendly-usb-flash-drives-2-12x12.jpg 12w, https:\/\/www.usborkeychain.com\/wp-content\/uploads\/eco-friendly-usb-flash-drives-2-600x600.jpg 600w, https:\/\/www.usborkeychain.com\/wp-content\/uploads\/eco-friendly-usb-flash-drives-2-100x100.jpg 100w\" sizes=\"(max-width: 800px) 100vw, 800px\" \/><\/figure>\n<\/div>\n<\/div>\n\n\n\n<div class=\"wp-block-columns is-layout-flex wp-container-core-columns-is-layout-28f84493 wp-block-columns-is-layout-flex\">\n<div class=\"wp-block-column is-vertically-aligned-center is-layout-flow wp-block-column-is-layout-flow\">\n<p>Ele vem em cinco cores tem\u00e1ticas (rosa claro, azul claro, amarelo quente, verde menta e branco neblina). Os tons de cores s\u00e3o suaves com texturas sutis de materiais naturais.<\/p>\n\n\n\n<p>O <strong>LOGOTIPO<\/strong> pode ser impresso na frente e no verso usando a tecnologia de impress\u00e3o em tela de seda. Ele suporta tintas ecol\u00f3gicas de cor \u00fanica (ouro\/prata\/preto) sem adicionar polui\u00e7\u00e3o de revestimento extra.<\/p>\n<\/div>\n\n\n\n<div class=\"wp-block-column is-vertically-aligned-center is-layout-flow wp-block-column-is-layout-flow\">\n<figure class=\"wp-block-image size-full\"><img alt=\"\" decoding=\"async\" width=\"800\" height=\"800\" src=\"https:\/\/www.usborkeychain.com\/wp-content\/uploads\/eco-friendly-usb-drives-4.jpg\" class=\"wp-image-6812\" srcset=\"https:\/\/www.usborkeychain.com\/wp-content\/uploads\/eco-friendly-usb-drives-4.jpg 800w, https:\/\/www.usborkeychain.com\/wp-content\/uploads\/eco-friendly-usb-drives-4-300x300.jpg 300w, https:\/\/www.usborkeychain.com\/wp-content\/uploads\/eco-friendly-usb-drives-4-150x150.jpg 150w, https:\/\/www.usborkeychain.com\/wp-content\/uploads\/eco-friendly-usb-drives-4-768x768.jpg 768w, https:\/\/www.usborkeychain.com\/wp-content\/uploads\/eco-friendly-usb-drives-4-12x12.jpg 12w, https:\/\/www.usborkeychain.com\/wp-content\/uploads\/eco-friendly-usb-drives-4-600x600.jpg 600w, https:\/\/www.usborkeychain.com\/wp-content\/uploads\/eco-friendly-usb-drives-4-100x100.jpg 100w\" sizes=\"(max-width: 800px) 100vw, 800px\" \/><\/figure>\n<\/div>\n<\/div>\n\n\n\n<h3 class=\"wp-block-heading\">Par\u00e2metros principais da unidade USB em forma de barra<\/h3>\n\n\n\n<figure class=\"wp-block-table\"><table class=\"has-fixed-layout\"><thead><tr><th>Categoria de par\u00e2metro<\/th><th>Detalhes<\/th><\/tr><\/thead><tbody><tr><td>Capacidade de armazenamento<\/td><td>8GB \/ 16GB \/ 32GB \/ 64GB \/ 128GB<\/td><\/tr><tr><td>Dimens\u00f5es f\u00edsicas (comprimento \u00d7 largura \u00d7 espessura)<\/td><td>38 mm \u00d7 12,5 mm \u00d7 5,5 mm<\/td><\/tr><tr><td>Peso<\/td><td>Aproximadamente 2g<\/td><\/tr><tr><td>Tipo de interface<\/td><td>USB 2.0, USB 3.0<\/td><\/tr><tr><td>Certifica\u00e7\u00f5es ambientais<\/td><td>Em conformidade com os padr\u00f5es de biodegrada\u00e7\u00e3o RoHS da UE e ASTM D6400 dos EUA<\/td><\/tr><\/tbody><\/table><\/figure>\n\n\n\n<h3 class=\"wp-block-heading\">Servi\u00e7os de personaliza\u00e7\u00e3o<\/h3>\n\n\n\n<div class=\"wp-block-columns is-layout-flex wp-container-core-columns-is-layout-28f84493 wp-block-columns-is-layout-flex\">\n<div class=\"wp-block-column is-vertically-aligned-center is-layout-flow wp-block-column-is-layout-flow\">\n<figure class=\"wp-block-image size-full\"><img alt=\"\" decoding=\"async\" width=\"800\" height=\"800\" src=\"https:\/\/www.usborkeychain.com\/wp-content\/uploads\/eco-friendly-usb-5.jpg\" class=\"wp-image-6815\" srcset=\"https:\/\/www.usborkeychain.com\/wp-content\/uploads\/eco-friendly-usb-5.jpg 800w, https:\/\/www.usborkeychain.com\/wp-content\/uploads\/eco-friendly-usb-5-300x300.jpg 300w, https:\/\/www.usborkeychain.com\/wp-content\/uploads\/eco-friendly-usb-5-150x150.jpg 150w, https:\/\/www.usborkeychain.com\/wp-content\/uploads\/eco-friendly-usb-5-768x768.jpg 768w, https:\/\/www.usborkeychain.com\/wp-content\/uploads\/eco-friendly-usb-5-12x12.jpg 12w, https:\/\/www.usborkeychain.com\/wp-content\/uploads\/eco-friendly-usb-5-600x600.jpg 600w, https:\/\/www.usborkeychain.com\/wp-content\/uploads\/eco-friendly-usb-5-100x100.jpg 100w\" sizes=\"(max-width: 800px) 100vw, 800px\" \/><\/figure>\n<\/div>\n\n\n\n<div class=\"wp-block-column is-vertically-aligned-center is-layout-flow wp-block-column-is-layout-flow\">\n<p><strong>Personaliza\u00e7\u00e3o do logotipo<\/strong>: Suporta impress\u00e3o em \u00e1rea total em ambos os lados (logotipo da marca na frente + slogan\/padr\u00e3o no verso), atendendo \u00e0s necessidades duplas das empresas de \"exposi\u00e7\u00e3o da marca + express\u00e3o criativa\".<\/p>\n\n\n\n<p><strong>Personaliza\u00e7\u00e3o de cores<\/strong>: Al\u00e9m das 5 cores de concha padr\u00e3o, cores personalizadas est\u00e3o dispon\u00edveis para pedidos em massa (quantidade m\u00ednima de pedido \u2265 100 unidades).<\/p>\n\n\n\n<p><strong>Tecnologia de impress\u00e3o<\/strong>: Adota a tecnologia de impress\u00e3o em tela UV, que garante forte ades\u00e3o da tinta e resist\u00eancia ao desgaste. Mesmo com o uso prolongado, o LOGOTIPO permanece claro como novo, evitando o problema de desbotamento da impress\u00e3o tradicional.<\/p>\n<\/div>\n<\/div>\n\n\n\n<h3 class=\"wp-block-heading\">Por que escolher esta unidade USB ecol\u00f3gica?<\/h3>\n\n\n\n<div class=\"wp-block-columns is-layout-flex wp-container-core-columns-is-layout-28f84493 wp-block-columns-is-layout-flex\">\n<div class=\"wp-block-column is-vertically-aligned-center is-layout-flow wp-block-column-is-layout-flow\">\n<ul class=\"wp-block-list\">\n<li>Profissionais com consci\u00eancia ecol\u00f3gica: Priorize produtos biodegrad\u00e1veis para reduzir a pegada de carbono;<\/li>\n\n\n\n<li>Compradores corporativos: Use-o como um brinde da marca (como em reuni\u00f5es anuais, lembran\u00e7as de exposi\u00e7\u00f5es) para transmitir o conceito de \"escrit\u00f3rio verde\";<\/li>\n\n\n\n<li>Entusiastas do design: Apreciam o design minimalista e a textura natural, satisfazendo a est\u00e9tica personalizada;<\/li>\n\n\n\n<li>Estudantes\/profissionais: O design leve facilita o transporte e \u00e9 adequado para cen\u00e1rios de escrit\u00f3rio m\u00f3vel.<\/li>\n<\/ul>\n<\/div>\n\n\n\n<div class=\"wp-block-column is-vertically-aligned-center is-layout-flow wp-block-column-is-layout-flow\">\n<figure class=\"wp-block-image size-full\"><img alt=\"\" loading=\"lazy\" decoding=\"async\" width=\"800\" height=\"800\" src=\"https:\/\/www.usborkeychain.com\/wp-content\/uploads\/eco-friendly-usb-drive-3.jpg\" class=\"wp-image-6811\" srcset=\"https:\/\/www.usborkeychain.com\/wp-content\/uploads\/eco-friendly-usb-drive-3.jpg 800w, https:\/\/www.usborkeychain.com\/wp-content\/uploads\/eco-friendly-usb-drive-3-300x300.jpg 300w, https:\/\/www.usborkeychain.com\/wp-content\/uploads\/eco-friendly-usb-drive-3-150x150.jpg 150w, https:\/\/www.usborkeychain.com\/wp-content\/uploads\/eco-friendly-usb-drive-3-768x768.jpg 768w, https:\/\/www.usborkeychain.com\/wp-content\/uploads\/eco-friendly-usb-drive-3-12x12.jpg 12w, https:\/\/www.usborkeychain.com\/wp-content\/uploads\/eco-friendly-usb-drive-3-600x600.jpg 600w, https:\/\/www.usborkeychain.com\/wp-content\/uploads\/eco-friendly-usb-drive-3-100x100.jpg 100w\" sizes=\"(max-width: 800px) 100vw, 800px\" \/><\/figure>\n<\/div>\n<\/div>\n\n\n\n<h3 class=\"wp-block-heading\">Quais s\u00e3o as vantagens em rela\u00e7\u00e3o aos drives USB tradicionais?<\/h3>\n\n\n\n<figure class=\"wp-block-table\"><table class=\"has-fixed-layout\"><thead><tr><th>Dimens\u00e3o<\/th><th>Unidade USB ecol\u00f3gica em forma de barra<\/th><th>Unidade USB de pl\u00e1stico tradicional<\/th><\/tr><\/thead><tbody><tr><td>Desempenho ambiental<\/td><td>Biodegrad\u00e1vel, reduzindo a polui\u00e7\u00e3o pl\u00e1stica<\/td><td>Materiais \u00e0 base de petr\u00f3leo, n\u00e3o biodegrad\u00e1veis por s\u00e9culos<\/td><\/tr><tr><td>Experi\u00eancia em design<\/td><td>Formato minimalista da barra + textura natural, melhor apar\u00eancia<\/td><td>Forma \u00fanica, textura pl\u00e1stica barata<\/td><\/tr><tr><td>Flexibilidade de personaliza\u00e7\u00e3o<\/td><td>Personaliza\u00e7\u00e3o frente e verso + colorida, exposi\u00e7\u00e3o mais abrangente da marca<\/td><td>Principalmente impress\u00e3o em um \u00fanico lado, poucas op\u00e7\u00f5es de cores<\/td><\/tr><tr><td>Portabilidade<\/td><td>2 g de peso leve, pr\u00f3ximo \u00e0 \"sensa\u00e7\u00e3o de leveza\"<\/td><td>Peso \u2265 3g, um pouco inc\u00f4modo para carregar<\/td><\/tr><\/tbody><\/table><\/figure>\n\n\n\n<div class=\"wp-block-columns is-layout-flex wp-container-core-columns-is-layout-28f84493 wp-block-columns-is-layout-flex\">\n<div class=\"wp-block-column is-layout-flow wp-block-column-is-layout-flow\">\n<figure class=\"wp-block-image size-full\"><img alt=\"\" loading=\"lazy\" decoding=\"async\" width=\"800\" height=\"800\" src=\"https:\/\/www.usborkeychain.com\/wp-content\/uploads\/eco-friendly-usb-flash-drive-4.jpg\" class=\"wp-image-6813\" srcset=\"https:\/\/www.usborkeychain.com\/wp-content\/uploads\/eco-friendly-usb-flash-drive-4.jpg 800w, https:\/\/www.usborkeychain.com\/wp-content\/uploads\/eco-friendly-usb-flash-drive-4-300x300.jpg 300w, https:\/\/www.usborkeychain.com\/wp-content\/uploads\/eco-friendly-usb-flash-drive-4-150x150.jpg 150w, https:\/\/www.usborkeychain.com\/wp-content\/uploads\/eco-friendly-usb-flash-drive-4-768x768.jpg 768w, https:\/\/www.usborkeychain.com\/wp-content\/uploads\/eco-friendly-usb-flash-drive-4-12x12.jpg 12w, https:\/\/www.usborkeychain.com\/wp-content\/uploads\/eco-friendly-usb-flash-drive-4-600x600.jpg 600w, https:\/\/www.usborkeychain.com\/wp-content\/uploads\/eco-friendly-usb-flash-drive-4-100x100.jpg 100w\" sizes=\"(max-width: 800px) 100vw, 800px\" \/><\/figure>\n<\/div>\n\n\n\n<div class=\"wp-block-column is-vertically-aligned-center is-layout-flow wp-block-column-is-layout-flow\">\n<p>A unidade USB ecol\u00f3gica em forma de barra rompe a fronteira entre os acess\u00f3rios eletr\u00f4nicos e a natureza com a tecnologia de materiais renov\u00e1veis. Sua microestrutura de 38\u00d712,5\u00d75,5 mm comporta de 32 a 128 GB de armazenamento de alta efici\u00eancia, e o design ultraleve de 2 g redefine a portabilidade. Personalizado com tintas ecol\u00f3gicas de dupla face, ele n\u00e3o \u00e9 apenas um s\u00edmbolo f\u00edsico das estrat\u00e9gias corporativas de neutralidade de carbono, mas tamb\u00e9m uma declara\u00e7\u00e3o tecnol\u00f3gica da vida pessoal com baixo teor de carbono. Para planos de personaliza\u00e7\u00e3o ou detalhes de aquisi\u00e7\u00e3o, entre em contato conosco e inicie sua jornada de armazenamento ecol\u00f3gico!<\/p>\n<\/div>\n<\/div>","protected":false},"excerpt":{"rendered":"<ul>\n<li>Material da casca: palha de trigo<\/li>\n<li>Logotipo e cores personalizados<\/li>\n<li>Sistema operacional: Windows XP, Windows 7 ou superior, Linux<\/li>\n<li>RoHS<\/li>\n<li>MOQ:100pcs<\/li>\n<\/ul>","protected":false},"featured_media":6816,"comment_status":"open","ping_status":"closed","template":"","meta":{"_seopress_robots_primary_cat":"","_seopress_titles_title":"","_seopress_titles_desc":"","_seopress_robots_index":"","site-sidebar-layout":"default","site-content-layout":"","ast-site-content-layout":"","site-content-style":"default","site-sidebar-style":"default","ast-global-header-display":"","ast-banner-title-visibility":"","ast-main-header-display":"","ast-hfb-above-header-display":"","ast-hfb-below-header-display":"","ast-hfb-mobile-header-display":"","site-post-title":"","ast-breadcrumbs-content":"","ast-featured-img":"","footer-sml-layout":"","theme-transparent-header-meta":"","adv-header-id-meta":"","stick-header-meta":"","header-above-stick-meta":"","header-main-stick-meta":"","header-below-stick-meta":"","astra-migrate-meta-layouts":"default","ast-page-background-enabled":"default","ast-page-background-meta":{"desktop":{"background-color":"var(--ast-global-color-5)","background-image":"","background-repeat":"repeat","background-position":"center center","background-size":"auto","background-attachment":"scroll","background-type":"","background-media":"","overlay-type":"","overlay-color":"","overlay-opacity":"","overlay-gradient":""},"tablet":{"background-color":"","background-image":"","background-repeat":"repeat","background-position":"center center","background-size":"auto","background-attachment":"scroll","background-type":"","background-media":"","overlay-type":"","overlay-color":"","overlay-opacity":"","overlay-gradient":""},"mobile":{"background-color":"","background-image":"","background-repeat":"repeat","background-position":"center center","background-size":"auto","background-attachment":"scroll","background-type":"","background-media":"","overlay-type":"","overlay-color":"","overlay-opacity":"","overlay-gradient":""}},"ast-content-background-meta":{"desktop":{"background-color":"var(--ast-global-color-4)","background-image":"","background-repeat":"repeat","background-position":"center center","background-size":"auto","background-attachment":"scroll","background-type":"","background-media":"","overlay-type":"","overlay-color":"","overlay-opacity":"","overlay-gradient":""},"tablet":{"background-color":"var(--ast-global-color-4)","background-image":"","background-repeat":"repeat","background-position":"center center","background-size":"auto","background-attachment":"scroll","background-type":"","background-media":"","overlay-type":"","overlay-color":"","overlay-opacity":"","overlay-gradient":""},"mobile":{"background-color":"var(--ast-global-color-4)","background-image":"","background-repeat":"repeat","background-position":"center center","background-size":"auto","background-attachment":"scroll","background-type":"","background-media":"","overlay-type":"","overlay-color":"","overlay-opacity":"","overlay-gradient":""}}},"product_brand":[],"product_cat":[170],"product_tag":[],"class_list":{"0":"post-6808","1":"product","2":"type-product","3":"status-publish","4":"has-post-thumbnail","6":"product_cat-biodegradable-usb-pendrive-2","7":"desktop-align-left","8":"tablet-align-left","9":"mobile-align-left","11":"first","12":"instock","13":"shipping-taxable","14":"product-type-simple"},"_links":{"self":[{"href":"https:\/\/www.usborkeychain.com\/pt\/wp-json\/wp\/v2\/product\/6808","targetHints":{"allow":["GET"]}}],"collection":[{"href":"https:\/\/www.usborkeychain.com\/pt\/wp-json\/wp\/v2\/product"}],"about":[{"href":"https:\/\/www.usborkeychain.com\/pt\/wp-json\/wp\/v2\/types\/product"}],"replies":[{"embeddable":true,"href":"https:\/\/www.usborkeychain.com\/pt\/wp-json\/wp\/v2\/comments?post=6808"}],"wp:featuredmedia":[{"embeddable":true,"href":"https:\/\/www.usborkeychain.com\/pt\/wp-json\/wp\/v2\/media\/6816"}],"wp:attachment":[{"href":"https:\/\/www.usborkeychain.com\/pt\/wp-json\/wp\/v2\/media?parent=6808"}],"wp:term":[{"taxonomy":"product_brand","embeddable":true,"href":"https:\/\/www.usborkeychain.com\/pt\/wp-json\/wp\/v2\/product_brand?post=6808"},{"taxonomy":"product_cat","embeddable":true,"href":"https:\/\/www.usborkeychain.com\/pt\/wp-json\/wp\/v2\/product_cat?post=6808"},{"taxonomy":"product_tag","embeddable":true,"href":"https:\/\/www.usborkeychain.com\/pt\/wp-json\/wp\/v2\/product_tag?post=6808"}],"curies":[{"name":"wp","href":"https:\/\/api.w.org\/{rel}","templated":true}]}}