{"id":6817,"date":"2025-08-14T02:45:05","date_gmt":"2025-08-14T02:45:05","guid":{"rendered":"https:\/\/www.usborkeychain.com\/?post_type=product&#038;p=6817"},"modified":"2025-08-14T02:47:40","modified_gmt":"2025-08-14T02:47:40","slug":"eco-friendly-round-usb-flash-drive","status":"publish","type":"product","link":"https:\/\/www.usborkeychain.com\/pt\/produto\/eco-friendly-round-usb-flash-drive\/","title":{"rendered":"Unidade flash USB redonda ecol\u00f3gica"},"content":{"rendered":"<div class=\"wp-block-columns is-layout-flex wp-container-core-columns-is-layout-28f84493 wp-block-columns-is-layout-flex\">\n<div class=\"wp-block-column is-vertically-aligned-center is-layout-flow wp-block-column-is-layout-flow\">\n<p>Fabricado a partir de uma mistura de \u00e1cido polil\u00e1tico (PLA) reciclado, suas mat\u00e9rias-primas s\u00e3o derivadas de fibras vegetais, o que o torna naturalmente biodegrad\u00e1vel. As emiss\u00f5es de carbono durante a produ\u00e7\u00e3o s\u00e3o reduzidas em mais de 30% em compara\u00e7\u00e3o com os pl\u00e1sticos tradicionais. A superf\u00edcie apresenta uma textura granular natural, combinando um acabamento fosco com um toque ecol\u00f3gico, incorporando uma filosofia de \"redu\u00e7\u00e3o de pl\u00e1stico\".<\/p>\n\n\n\n<p>Com um di\u00e2metro arredondado de 42 mm e um design sem bordas, ele oferece uma ader\u00eancia confort\u00e1vel. Com apenas 5,5 mm de espessura, ele \u00e9 leve e altamente port\u00e1til.<\/p>\n<\/div>\n\n\n\n<div class=\"wp-block-column is-vertically-aligned-center is-layout-flow wp-block-column-is-layout-flow\">\n<figure class=\"wp-block-image size-full\"><img alt=\"\" fetchpriority=\"high\" decoding=\"async\" width=\"800\" height=\"800\" src=\"https:\/\/www.usborkeychain.com\/wp-content\/uploads\/eco-friendly-usb-6.jpg\" class=\"wp-image-6825\" srcset=\"https:\/\/www.usborkeychain.com\/wp-content\/uploads\/eco-friendly-usb-6.jpg 800w, https:\/\/www.usborkeychain.com\/wp-content\/uploads\/eco-friendly-usb-6-300x300.jpg 300w, https:\/\/www.usborkeychain.com\/wp-content\/uploads\/eco-friendly-usb-6-150x150.jpg 150w, https:\/\/www.usborkeychain.com\/wp-content\/uploads\/eco-friendly-usb-6-768x768.jpg 768w, https:\/\/www.usborkeychain.com\/wp-content\/uploads\/eco-friendly-usb-6-12x12.jpg 12w, https:\/\/www.usborkeychain.com\/wp-content\/uploads\/eco-friendly-usb-6-600x600.jpg 600w, https:\/\/www.usborkeychain.com\/wp-content\/uploads\/eco-friendly-usb-6-100x100.jpg 100w\" sizes=\"(max-width: 800px) 100vw, 800px\" \/><\/figure>\n<\/div>\n<\/div>\n\n\n\n<div class=\"wp-block-columns is-layout-flex wp-container-core-columns-is-layout-28f84493 wp-block-columns-is-layout-flex\">\n<div class=\"wp-block-column is-vertically-aligned-center is-layout-flow wp-block-column-is-layout-flow\">\n<p>Um orif\u00edcio pr\u00e9-perfurado de 2 mm de di\u00e2metro na parte superior permite o emparelhamento com cord\u00f5es ou chaveiros, permitindo o \"armazenamento em movimento\" e eliminando o inc\u00f4modo da perda.<\/p>\n\n\n\n<p>Dispon\u00edvel em v\u00e1rias cores, incluindo verde menta, azul celeste, dourado quente, rosa suave e branco puro (h\u00e1 suporte para cores personalizadas), ele se adapta a diferentes tons de marca. A \u00e1rea do logotipo apresenta grande compatibilidade de cores - logotipos escuros se destacam em unidades de cores claras, enquanto logotipos claros s\u00e3o impressionantes em unidades de cores escuras.<\/p>\n<\/div>\n\n\n\n<div class=\"wp-block-column is-vertically-aligned-center is-layout-flow wp-block-column-is-layout-flow\">\n<figure class=\"wp-block-image size-full\"><img alt=\"\" decoding=\"async\" width=\"800\" height=\"800\" src=\"https:\/\/www.usborkeychain.com\/wp-content\/uploads\/eco-friendly-usb-drives-5.jpg\" class=\"wp-image-6822\" srcset=\"https:\/\/www.usborkeychain.com\/wp-content\/uploads\/eco-friendly-usb-drives-5.jpg 800w, https:\/\/www.usborkeychain.com\/wp-content\/uploads\/eco-friendly-usb-drives-5-300x300.jpg 300w, https:\/\/www.usborkeychain.com\/wp-content\/uploads\/eco-friendly-usb-drives-5-150x150.jpg 150w, https:\/\/www.usborkeychain.com\/wp-content\/uploads\/eco-friendly-usb-drives-5-768x768.jpg 768w, https:\/\/www.usborkeychain.com\/wp-content\/uploads\/eco-friendly-usb-drives-5-12x12.jpg 12w, https:\/\/www.usborkeychain.com\/wp-content\/uploads\/eco-friendly-usb-drives-5-600x600.jpg 600w, https:\/\/www.usborkeychain.com\/wp-content\/uploads\/eco-friendly-usb-drives-5-100x100.jpg 100w\" sizes=\"(max-width: 800px) 100vw, 800px\" \/><\/figure>\n<\/div>\n<\/div>\n\n\n\n<h3 class=\"wp-block-heading\">Especifica\u00e7\u00f5es do n\u00facleo<\/h3>\n\n\n\n<figure class=\"wp-block-table\"><table class=\"has-fixed-layout\"><thead><tr><th>Par\u00e2metro<\/th><th>Detalhes<\/th><\/tr><\/thead><tbody><tr><td>Capacidade<\/td><td>8GB \/ 16GB \/ 32GB \/ 64GB \/ 128GB<\/td><\/tr><tr><td>Padr\u00e3o de interface<\/td><td>USB 2.0 \/ USB 3.0<\/td><\/tr><tr><td>Dimens\u00f5es (comprimento \u00d7 largura \u00d7 espessura)<\/td><td>42 mm \u00d7 30 mm \u00d7 5,5 mm (com uma extens\u00e3o adicional de 5 mm para a \u00e1rea do orif\u00edcio de suspens\u00e3o)<\/td><\/tr><tr><td>Peso<\/td><td>Aprox. 2,4 g<\/td><\/tr><tr><td>Material<\/td><td>PLA reciclado ecologicamente correto (certificado por RoHS e REACH, em conformidade com os padr\u00f5es ambientais da UE)<\/td><\/tr><\/tbody><\/table><\/figure>\n\n\n\n<div class=\"wp-block-columns is-layout-flex wp-container-core-columns-is-layout-28f84493 wp-block-columns-is-layout-flex\">\n<div class=\"wp-block-column is-layout-flow wp-block-column-is-layout-flow\">\n<figure class=\"wp-block-image size-full\"><img alt=\"\" decoding=\"async\" width=\"800\" height=\"800\" src=\"https:\/\/www.usborkeychain.com\/wp-content\/uploads\/eco-friendly-usb-flash-drives-4.jpg\" class=\"wp-image-6827\" srcset=\"https:\/\/www.usborkeychain.com\/wp-content\/uploads\/eco-friendly-usb-flash-drives-4.jpg 800w, https:\/\/www.usborkeychain.com\/wp-content\/uploads\/eco-friendly-usb-flash-drives-4-300x300.jpg 300w, https:\/\/www.usborkeychain.com\/wp-content\/uploads\/eco-friendly-usb-flash-drives-4-150x150.jpg 150w, https:\/\/www.usborkeychain.com\/wp-content\/uploads\/eco-friendly-usb-flash-drives-4-768x768.jpg 768w, https:\/\/www.usborkeychain.com\/wp-content\/uploads\/eco-friendly-usb-flash-drives-4-12x12.jpg 12w, https:\/\/www.usborkeychain.com\/wp-content\/uploads\/eco-friendly-usb-flash-drives-4-600x600.jpg 600w, https:\/\/www.usborkeychain.com\/wp-content\/uploads\/eco-friendly-usb-flash-drives-4-100x100.jpg 100w\" sizes=\"(max-width: 800px) 100vw, 800px\" \/><\/figure>\n<\/div>\n\n\n\n<div class=\"wp-block-column is-layout-flow wp-block-column-is-layout-flow\">\n<figure class=\"wp-block-image size-full\"><img alt=\"\" loading=\"lazy\" decoding=\"async\" width=\"800\" height=\"800\" src=\"https:\/\/www.usborkeychain.com\/wp-content\/uploads\/eco-friendly-usb-flash-drive-5.jpg\" class=\"wp-image-6823\" srcset=\"https:\/\/www.usborkeychain.com\/wp-content\/uploads\/eco-friendly-usb-flash-drive-5.jpg 800w, https:\/\/www.usborkeychain.com\/wp-content\/uploads\/eco-friendly-usb-flash-drive-5-300x300.jpg 300w, https:\/\/www.usborkeychain.com\/wp-content\/uploads\/eco-friendly-usb-flash-drive-5-150x150.jpg 150w, https:\/\/www.usborkeychain.com\/wp-content\/uploads\/eco-friendly-usb-flash-drive-5-768x768.jpg 768w, https:\/\/www.usborkeychain.com\/wp-content\/uploads\/eco-friendly-usb-flash-drive-5-12x12.jpg 12w, https:\/\/www.usborkeychain.com\/wp-content\/uploads\/eco-friendly-usb-flash-drive-5-600x600.jpg 600w, https:\/\/www.usborkeychain.com\/wp-content\/uploads\/eco-friendly-usb-flash-drive-5-100x100.jpg 100w\" sizes=\"(max-width: 800px) 100vw, 800px\" \/><\/figure>\n<\/div>\n<\/div>\n\n\n\n<h3 class=\"wp-block-heading\">Servi\u00e7os de personaliza\u00e7\u00e3o de logotipos<\/h3>\n\n\n\n<div class=\"wp-block-columns are-vertically-aligned-center is-layout-flex wp-container-core-columns-is-layout-28f84493 wp-block-columns-is-layout-flex\">\n<div class=\"wp-block-column is-vertically-aligned-center is-layout-flow wp-block-column-is-layout-flow\">\n<h4 class=\"wp-block-heading\">1. Escopo da personaliza\u00e7\u00e3o<\/h4>\n\n\n\n<ul class=\"wp-block-list\">\n<li>Impress\u00e3o em frente e verso: Os logotipos podem ser personalizados na frente e no verso da unidade, atendendo \u00e0s necessidades de exibi\u00e7\u00e3o multidimensional da marca (por exemplo, logotipo da marca na frente, slogan\/padr\u00e3o no verso).<\/li>\n\n\n\n<li>T\u00e9cnicas de impress\u00e3o:\n<ul class=\"wp-block-list\">\n<li>Serigrafia: Adequado para logotipos de uma ou v\u00e1rias cores, econ\u00f4mico e com forte ades\u00e3o, ideal para designs simples.<\/li>\n\n\n\n<li>Impress\u00e3o em cores UV: Oferece suporte a padr\u00f5es complexos e efeitos de gradiente, com uma taxa de reprodu\u00e7\u00e3o de cores \u226595%, perfeita para designs detalhados.<\/li>\n\n\n\n<li>Grava\u00e7\u00e3o a laser: Um processo de grava\u00e7\u00e3o superficial que revela a cor subjacente, criando uma textura fosca (limitado a unidades de cores escuras combinadas com logotipos de cores claras).<\/li>\n<\/ul>\n<\/li>\n<\/ul>\n<\/div>\n\n\n\n<div class=\"wp-block-column is-vertically-aligned-center is-layout-flow wp-block-column-is-layout-flow\">\n<figure class=\"wp-block-image size-full\"><img alt=\"\" loading=\"lazy\" decoding=\"async\" width=\"800\" height=\"800\" src=\"https:\/\/www.usborkeychain.com\/wp-content\/uploads\/eco-friendly-usb-flash-drives-3.jpg\" class=\"wp-image-6824\" srcset=\"https:\/\/www.usborkeychain.com\/wp-content\/uploads\/eco-friendly-usb-flash-drives-3.jpg 800w, https:\/\/www.usborkeychain.com\/wp-content\/uploads\/eco-friendly-usb-flash-drives-3-300x300.jpg 300w, https:\/\/www.usborkeychain.com\/wp-content\/uploads\/eco-friendly-usb-flash-drives-3-150x150.jpg 150w, https:\/\/www.usborkeychain.com\/wp-content\/uploads\/eco-friendly-usb-flash-drives-3-768x768.jpg 768w, https:\/\/www.usborkeychain.com\/wp-content\/uploads\/eco-friendly-usb-flash-drives-3-12x12.jpg 12w, https:\/\/www.usborkeychain.com\/wp-content\/uploads\/eco-friendly-usb-flash-drives-3-600x600.jpg 600w, https:\/\/www.usborkeychain.com\/wp-content\/uploads\/eco-friendly-usb-flash-drives-3-100x100.jpg 100w\" sizes=\"(max-width: 800px) 100vw, 800px\" \/><\/figure>\n<\/div>\n<\/div>\n\n\n\n<div class=\"wp-block-columns is-layout-flex wp-container-core-columns-is-layout-28f84493 wp-block-columns-is-layout-flex\">\n<div class=\"wp-block-column is-vertically-aligned-center is-layout-flow wp-block-column-is-layout-flow\">\n<h4 class=\"wp-block-heading\">2. Processo de personaliza\u00e7\u00e3o<\/h4>\n\n\n\n<ul class=\"wp-block-list\">\n<li>Quantidade m\u00ednima do pedido: 100 unidades (quantidades menores podem ser negociadas). A produ\u00e7\u00e3o de amostras leva de 3 a 5 dias, e a produ\u00e7\u00e3o em massa leva de 7 a 10 dias.<\/li>\n\n\n\n<li>Suporte ao design: Servi\u00e7os de layout gratuitos s\u00e3o fornecidos para garantir a propor\u00e7\u00e3o e o posicionamento ideais do logotipo.<\/li>\n<\/ul>\n<\/div>\n\n\n\n<div class=\"wp-block-column is-layout-flow wp-block-column-is-layout-flow\">\n<figure class=\"wp-block-image size-full\"><img alt=\"\" loading=\"lazy\" decoding=\"async\" width=\"800\" height=\"595\" src=\"https:\/\/www.usborkeychain.com\/wp-content\/uploads\/eco-friendly-card-USB.jpg\" class=\"wp-image-6828\" srcset=\"https:\/\/www.usborkeychain.com\/wp-content\/uploads\/eco-friendly-card-USB.jpg 800w, https:\/\/www.usborkeychain.com\/wp-content\/uploads\/eco-friendly-card-USB-300x223.jpg 300w, https:\/\/www.usborkeychain.com\/wp-content\/uploads\/eco-friendly-card-USB-768x571.jpg 768w, https:\/\/www.usborkeychain.com\/wp-content\/uploads\/eco-friendly-card-USB-16x12.jpg 16w, https:\/\/www.usborkeychain.com\/wp-content\/uploads\/eco-friendly-card-USB-600x446.jpg 600w\" sizes=\"(max-width: 800px) 100vw, 800px\" \/><\/figure>\n<\/div>\n<\/div>\n\n\n\n<h3 class=\"wp-block-heading\">Principais vantagens em rela\u00e7\u00e3o aos drives USB tradicionais<\/h3>\n\n\n\n<figure class=\"wp-block-table\"><table class=\"has-fixed-layout\"><thead><tr><th>Aspecto<\/th><th>Unidade USB redonda ecol\u00f3gica<\/th><th>Unidades USB tradicionais<\/th><\/tr><\/thead><tbody><tr><td>Respeito ao meio ambiente<\/td><td>Material PLA reciclado, biodegrad\u00e1vel, com baixo teor de carbono durante todo o processo<\/td><td>Pl\u00e1stico n\u00e3o biodegrad\u00e1vel, altas emiss\u00f5es de carbono<\/td><\/tr><tr><td>Inova\u00e7\u00e3o em design<\/td><td>Formato redondo + orif\u00edcio para pendurar, port\u00e1til e com alto reconhecimento<\/td><td>Forma oblonga, f\u00e1cil de perder, design homog\u00eaneo<\/td><\/tr><tr><td>Flexibilidade de personaliza\u00e7\u00e3o<\/td><td>Impress\u00e3o frente e verso + gama completa de cores + v\u00e1rias t\u00e9cnicas, atendendo \u00e0s necessidades de personaliza\u00e7\u00e3o da marca em profundidade<\/td><td>Impress\u00e3o em um lado, op\u00e7\u00f5es limitadas de cores\/t\u00e9cnicas<\/td><\/tr><tr><td>Experi\u00eancia do usu\u00e1rio<\/td><td>Leve, com 2,4 g (sem carga); bordas arredondadas para uma pegada confort\u00e1vel<\/td><td>Peso \u22658g; bordas afiadas propensas a arranh\u00f5es<\/td><\/tr><\/tbody><\/table><\/figure>\n\n\n\n<h3 class=\"wp-block-heading\">Quem vai gostar?<\/h3>\n\n\n\n<div class=\"wp-block-columns is-layout-flex wp-container-core-columns-is-layout-28f84493 wp-block-columns-is-layout-flex\">\n<div class=\"wp-block-column is-vertically-aligned-center is-layout-flow wp-block-column-is-layout-flow\">\n<ul class=\"wp-block-list\">\n<li>As empresas podem us\u00e1-los como brindes para reuni\u00f5es anuais ou presentes de agradecimento aos clientes.<\/li>\n\n\n\n<li>Lembran\u00e7as ideais para f\u00f3runs ambientais e atividades de bem-estar p\u00fablico.<\/li>\n\n\n\n<li>Perfeito para lembran\u00e7as de formatura de estudantes, eventos de clubes, etc.<\/li>\n\n\n\n<li>Um \u00f3timo produto ecologicamente correto para ser promovido por lojas culturais e criativas.<\/li>\n<\/ul>\n\n\n\n<p>A unidade USB redonda ecol\u00f3gica integra profundamente \"materiais ecol\u00f3gicos, design criativo, desempenho profissional e valor de personaliza\u00e7\u00e3o\". Seja para empresas como presentes para clientes ou para indiv\u00edduos que buscam experi\u00eancias personalizadas, \u00e9 uma op\u00e7\u00e3o ecol\u00f3gica e sustent\u00e1vel.<\/p>\n<\/div>\n\n\n\n<div class=\"wp-block-column is-vertically-aligned-center is-layout-flow wp-block-column-is-layout-flow\">\n<figure class=\"wp-block-image size-full\"><img alt=\"\" loading=\"lazy\" decoding=\"async\" width=\"800\" height=\"603\" src=\"https:\/\/www.usborkeychain.com\/wp-content\/uploads\/eco-friendly-usbs-2.jpg\" class=\"wp-image-6826\" srcset=\"https:\/\/www.usborkeychain.com\/wp-content\/uploads\/eco-friendly-usbs-2.jpg 800w, https:\/\/www.usborkeychain.com\/wp-content\/uploads\/eco-friendly-usbs-2-300x226.jpg 300w, https:\/\/www.usborkeychain.com\/wp-content\/uploads\/eco-friendly-usbs-2-768x579.jpg 768w, https:\/\/www.usborkeychain.com\/wp-content\/uploads\/eco-friendly-usbs-2-16x12.jpg 16w, https:\/\/www.usborkeychain.com\/wp-content\/uploads\/eco-friendly-usbs-2-600x452.jpg 600w\" sizes=\"(max-width: 800px) 100vw, 800px\" \/><\/figure>\n<\/div>\n<\/div>","protected":false},"excerpt":{"rendered":"<ul>\n<li>Material da casca: palha de trigo<\/li>\n<li>Logotipo: logotipo personalizado<\/li>\n<li>Tipo de interface: USB 2.0\/3.0 de alta velocidade<\/li>\n<li>Sistema operacional: Windows XP, Windows 7 ou superior, Linux<\/li>\n<li>Certificado: CE, FCC ROHS<\/li>\n<li>MOQ:100pcs<\/li>\n<\/ul>","protected":false},"featured_media":6825,"comment_status":"open","ping_status":"closed","template":"","meta":{"_seopress_robots_primary_cat":"","_seopress_titles_title":"","_seopress_titles_desc":"","_seopress_robots_index":"","site-sidebar-layout":"default","site-content-layout":"","ast-site-content-layout":"","site-content-style":"default","site-sidebar-style":"default","ast-global-header-display":"","ast-banner-title-visibility":"","ast-main-header-display":"","ast-hfb-above-header-display":"","ast-hfb-below-header-display":"","ast-hfb-mobile-header-display":"","site-post-title":"","ast-breadcrumbs-content":"","ast-featured-img":"","footer-sml-layout":"","theme-transparent-header-meta":"","adv-header-id-meta":"","stick-header-meta":"","header-above-stick-meta":"","header-main-stick-meta":"","header-below-stick-meta":"","astra-migrate-meta-layouts":"default","ast-page-background-enabled":"default","ast-page-background-meta":{"desktop":{"background-color":"var(--ast-global-color-5)","background-image":"","background-repeat":"repeat","background-position":"center center","background-size":"auto","background-attachment":"scroll","background-type":"","background-media":"","overlay-type":"","overlay-color":"","overlay-opacity":"","overlay-gradient":""},"tablet":{"background-color":"","background-image":"","background-repeat":"repeat","background-position":"center center","background-size":"auto","background-attachment":"scroll","background-type":"","background-media":"","overlay-type":"","overlay-color":"","overlay-opacity":"","overlay-gradient":""},"mobile":{"background-color":"","background-image":"","background-repeat":"repeat","background-position":"center center","background-size":"auto","background-attachment":"scroll","background-type":"","background-media":"","overlay-type":"","overlay-color":"","overlay-opacity":"","overlay-gradient":""}},"ast-content-background-meta":{"desktop":{"background-color":"var(--ast-global-color-4)","background-image":"","background-repeat":"repeat","background-position":"center center","background-size":"auto","background-attachment":"scroll","background-type":"","background-media":"","overlay-type":"","overlay-color":"","overlay-opacity":"","overlay-gradient":""},"tablet":{"background-color":"var(--ast-global-color-4)","background-image":"","background-repeat":"repeat","background-position":"center center","background-size":"auto","background-attachment":"scroll","background-type":"","background-media":"","overlay-type":"","overlay-color":"","overlay-opacity":"","overlay-gradient":""},"mobile":{"background-color":"var(--ast-global-color-4)","background-image":"","background-repeat":"repeat","background-position":"center center","background-size":"auto","background-attachment":"scroll","background-type":"","background-media":"","overlay-type":"","overlay-color":"","overlay-opacity":"","overlay-gradient":""}}},"product_brand":[],"product_cat":[170],"product_tag":[],"class_list":{"0":"post-6817","1":"product","2":"type-product","3":"status-publish","4":"has-post-thumbnail","6":"product_cat-biodegradable-usb-pendrive-2","7":"desktop-align-left","8":"tablet-align-left","9":"mobile-align-left","11":"first","12":"instock","13":"shipping-taxable","14":"product-type-simple"},"_links":{"self":[{"href":"https:\/\/www.usborkeychain.com\/pt\/wp-json\/wp\/v2\/product\/6817","targetHints":{"allow":["GET"]}}],"collection":[{"href":"https:\/\/www.usborkeychain.com\/pt\/wp-json\/wp\/v2\/product"}],"about":[{"href":"https:\/\/www.usborkeychain.com\/pt\/wp-json\/wp\/v2\/types\/product"}],"replies":[{"embeddable":true,"href":"https:\/\/www.usborkeychain.com\/pt\/wp-json\/wp\/v2\/comments?post=6817"}],"wp:featuredmedia":[{"embeddable":true,"href":"https:\/\/www.usborkeychain.com\/pt\/wp-json\/wp\/v2\/media\/6825"}],"wp:attachment":[{"href":"https:\/\/www.usborkeychain.com\/pt\/wp-json\/wp\/v2\/media?parent=6817"}],"wp:term":[{"taxonomy":"product_brand","embeddable":true,"href":"https:\/\/www.usborkeychain.com\/pt\/wp-json\/wp\/v2\/product_brand?post=6817"},{"taxonomy":"product_cat","embeddable":true,"href":"https:\/\/www.usborkeychain.com\/pt\/wp-json\/wp\/v2\/product_cat?post=6817"},{"taxonomy":"product_tag","embeddable":true,"href":"https:\/\/www.usborkeychain.com\/pt\/wp-json\/wp\/v2\/product_tag?post=6817"}],"curies":[{"name":"wp","href":"https:\/\/api.w.org\/{rel}","templated":true}]}}