{"id":6849,"date":"2025-08-14T06:00:01","date_gmt":"2025-08-14T06:00:01","guid":{"rendered":"https:\/\/www.usborkeychain.com\/?post_type=product&#038;p=6849"},"modified":"2025-08-14T06:00:54","modified_gmt":"2025-08-14T06:00:54","slug":"eco-friendly-light-up-usb-flash-drive","status":"publish","type":"product","link":"https:\/\/www.usborkeychain.com\/pt\/produto\/eco-friendly-light-up-usb-flash-drive\/","title":{"rendered":"Unidade flash USB iluminada e ecologicamente correta"},"content":{"rendered":"<div class=\"wp-block-columns is-layout-flex wp-container-core-columns-is-layout-28f84493 wp-block-columns-is-layout-flex\">\n<div class=\"wp-block-column is-layout-flow wp-block-column-is-layout-flow\">\n<figure class=\"wp-block-image size-full\"><img alt=\"\" fetchpriority=\"high\" decoding=\"async\" width=\"800\" height=\"800\" src=\"https:\/\/www.usborkeychain.com\/wp-content\/uploads\/eco-friendly-light-up-USB-drives.jpg\" class=\"wp-image-6853\" srcset=\"https:\/\/www.usborkeychain.com\/wp-content\/uploads\/eco-friendly-light-up-USB-drives.jpg 800w, https:\/\/www.usborkeychain.com\/wp-content\/uploads\/eco-friendly-light-up-USB-drives-300x300.jpg 300w, https:\/\/www.usborkeychain.com\/wp-content\/uploads\/eco-friendly-light-up-USB-drives-150x150.jpg 150w, https:\/\/www.usborkeychain.com\/wp-content\/uploads\/eco-friendly-light-up-USB-drives-768x768.jpg 768w, https:\/\/www.usborkeychain.com\/wp-content\/uploads\/eco-friendly-light-up-USB-drives-12x12.jpg 12w, https:\/\/www.usborkeychain.com\/wp-content\/uploads\/eco-friendly-light-up-USB-drives-600x600.jpg 600w, https:\/\/www.usborkeychain.com\/wp-content\/uploads\/eco-friendly-light-up-USB-drives-100x100.jpg 100w\" sizes=\"(max-width: 800px) 100vw, 800px\" \/><\/figure>\n<\/div>\n\n\n\n<div class=\"wp-block-column is-vertically-aligned-center is-layout-flow wp-block-column-is-layout-flow\">\n<p>O <strong>Unidade flash USB iluminada e ecologicamente correta<\/strong> apresenta uma concha feita de pol\u00edmero de base biol\u00f3gica, um material degrad\u00e1vel e ecologicamente correto, que reduz a polui\u00e7\u00e3o pl\u00e1stica na fonte. A textura granular esbranqui\u00e7ada da concha \u00e9 uma propriedade inerente do material, n\u00e3o exigindo pintura adicional, o que reduz ainda mais a carga ambiental. Ele est\u00e1 em conformidade com as normas ambientais, como a RoHS.<\/p>\n\n\n\n<p>Ele tem um formato retangular simples com um design segmentado na parte superior e inferior: a parte superior \u00e9 um painel de ilumina\u00e7\u00e3o preto, e a parte inferior integra a interface USB ao inv\u00f3lucro, com linhas limpas.<\/p>\n\n\n\n<p>H\u00e1 um orif\u00edcio para pendurar na parte superior, que pode ser combinado com um cord\u00e3o ou chaveiro para facilitar o transporte e evitar perdas.<\/p>\n<\/div>\n<\/div>\n\n\n\n<div class=\"wp-block-columns is-layout-flex wp-container-core-columns-is-layout-28f84493 wp-block-columns-is-layout-flex\">\n<div class=\"wp-block-column is-vertically-aligned-center is-layout-flow wp-block-column-is-layout-flow\">\n<p>Ele vem com um micro de baixo consumo de energia integrado <strong>Luz LED<\/strong> m\u00f3dulo. Quando a unidade USB \u00e9 inserida em um dispositivo e ligada, o LED se acende automaticamente, fazendo com que o LOGOTIPO personalizado brilhe. Ele suporta a personaliza\u00e7\u00e3o de ilumina\u00e7\u00e3o multicolorida (vermelho, azul, amarelo, branco, verde etc.). Por meio de um projeto de circuito est\u00e1vel, ele obt\u00e9m ilumina\u00e7\u00e3o de baixo consumo de energia sem afetar o desempenho normal de leitura e grava\u00e7\u00e3o da unidade USB.<\/p>\n<\/div>\n\n\n\n<div class=\"wp-block-column is-vertically-aligned-center is-layout-flow wp-block-column-is-layout-flow\">\n<figure class=\"wp-block-image size-full\"><img alt=\"\" decoding=\"async\" width=\"800\" height=\"550\" src=\"https:\/\/www.usborkeychain.com\/wp-content\/uploads\/eco-friendly-usbs-3.jpg\" class=\"wp-image-6859\" srcset=\"https:\/\/www.usborkeychain.com\/wp-content\/uploads\/eco-friendly-usbs-3.jpg 800w, https:\/\/www.usborkeychain.com\/wp-content\/uploads\/eco-friendly-usbs-3-300x206.jpg 300w, https:\/\/www.usborkeychain.com\/wp-content\/uploads\/eco-friendly-usbs-3-768x528.jpg 768w, https:\/\/www.usborkeychain.com\/wp-content\/uploads\/eco-friendly-usbs-3-18x12.jpg 18w, https:\/\/www.usborkeychain.com\/wp-content\/uploads\/eco-friendly-usbs-3-600x413.jpg 600w\" sizes=\"(max-width: 800px) 100vw, 800px\" \/><\/figure>\n<\/div>\n<\/div>\n\n\n\n<h3 class=\"wp-block-heading\">Par\u00e2metros principais da unidade flash USB Light-Up ecologicamente correta<\/h3>\n\n\n\n<figure class=\"wp-block-table\"><table class=\"has-fixed-layout\"><thead><tr><th>Categoria de par\u00e2metro<\/th><th>Detalhes<\/th><\/tr><\/thead><tbody><tr><td>Op\u00e7\u00f5es de capacidade<\/td><td>8 GB, 16 GB, 32 GB, 64 GB, 128 GB<\/td><\/tr><tr><td>Tipo de interface<\/td><td>USB 2.0, USB 3.0<\/td><\/tr><tr><td>Dimens\u00f5es (comprimento \u00d7 largura \u00d7 espessura)<\/td><td>62 mm \u00d7 20 mm \u00d7 9 mm<\/td><\/tr><tr><td>Peso<\/td><td>Aproximadamente 8g<\/td><\/tr><tr><td>Material<\/td><td>Pol\u00edmero ecol\u00f3gico de base biol\u00f3gica (degrad\u00e1vel, atendendo ao padr\u00e3o de compostabilidade da UE EN 13432)<\/td><\/tr><tr><td>Cor da luz LED<\/td><td>Vermelho, azul, amarelo, branco, verde (suporta personaliza\u00e7\u00e3o de efeito de cor \u00fanica ou gradiente; \u00e9 necess\u00e1rio um esquema de design sincronizado)<\/td><\/tr><\/tbody><\/table><\/figure>\n\n\n\n<div class=\"wp-block-columns is-layout-flex wp-container-core-columns-is-layout-28f84493 wp-block-columns-is-layout-flex\">\n<div class=\"wp-block-column is-layout-flow wp-block-column-is-layout-flow\">\n<figure class=\"wp-block-image size-full\"><img alt=\"\" decoding=\"async\" width=\"800\" height=\"800\" src=\"https:\/\/www.usborkeychain.com\/wp-content\/uploads\/eco-friendly-usb-sticks-3.jpg\" class=\"wp-image-6857\" srcset=\"https:\/\/www.usborkeychain.com\/wp-content\/uploads\/eco-friendly-usb-sticks-3.jpg 800w, https:\/\/www.usborkeychain.com\/wp-content\/uploads\/eco-friendly-usb-sticks-3-300x300.jpg 300w, https:\/\/www.usborkeychain.com\/wp-content\/uploads\/eco-friendly-usb-sticks-3-150x150.jpg 150w, https:\/\/www.usborkeychain.com\/wp-content\/uploads\/eco-friendly-usb-sticks-3-768x768.jpg 768w, https:\/\/www.usborkeychain.com\/wp-content\/uploads\/eco-friendly-usb-sticks-3-12x12.jpg 12w, https:\/\/www.usborkeychain.com\/wp-content\/uploads\/eco-friendly-usb-sticks-3-600x600.jpg 600w, https:\/\/www.usborkeychain.com\/wp-content\/uploads\/eco-friendly-usb-sticks-3-100x100.jpg 100w\" sizes=\"(max-width: 800px) 100vw, 800px\" \/><\/figure>\n<\/div>\n\n\n\n<div class=\"wp-block-column is-layout-flow wp-block-column-is-layout-flow\">\n<figure class=\"wp-block-image size-full\"><img alt=\"\" loading=\"lazy\" decoding=\"async\" width=\"800\" height=\"800\" src=\"https:\/\/www.usborkeychain.com\/wp-content\/uploads\/eco-friendly-usb-drives-6.jpg\" class=\"wp-image-6856\" srcset=\"https:\/\/www.usborkeychain.com\/wp-content\/uploads\/eco-friendly-usb-drives-6.jpg 800w, https:\/\/www.usborkeychain.com\/wp-content\/uploads\/eco-friendly-usb-drives-6-300x300.jpg 300w, https:\/\/www.usborkeychain.com\/wp-content\/uploads\/eco-friendly-usb-drives-6-150x150.jpg 150w, https:\/\/www.usborkeychain.com\/wp-content\/uploads\/eco-friendly-usb-drives-6-768x768.jpg 768w, https:\/\/www.usborkeychain.com\/wp-content\/uploads\/eco-friendly-usb-drives-6-12x12.jpg 12w, https:\/\/www.usborkeychain.com\/wp-content\/uploads\/eco-friendly-usb-drives-6-600x600.jpg 600w, https:\/\/www.usborkeychain.com\/wp-content\/uploads\/eco-friendly-usb-drives-6-100x100.jpg 100w\" sizes=\"(max-width: 800px) 100vw, 800px\" \/><\/figure>\n<\/div>\n<\/div>\n\n\n\n<h3 class=\"wp-block-heading\">Conte\u00fado personaliz\u00e1vel<\/h3>\n\n\n\n<div class=\"wp-block-columns is-layout-flex wp-container-core-columns-is-layout-28f84493 wp-block-columns-is-layout-flex\">\n<div class=\"wp-block-column is-layout-flow wp-block-column-is-layout-flow\">\n<figure class=\"wp-block-image size-full\"><img alt=\"\" loading=\"lazy\" decoding=\"async\" width=\"800\" height=\"800\" src=\"https:\/\/www.usborkeychain.com\/wp-content\/uploads\/eco-friendly-usb-drive-5.jpg\" class=\"wp-image-6855\" srcset=\"https:\/\/www.usborkeychain.com\/wp-content\/uploads\/eco-friendly-usb-drive-5.jpg 800w, https:\/\/www.usborkeychain.com\/wp-content\/uploads\/eco-friendly-usb-drive-5-300x300.jpg 300w, https:\/\/www.usborkeychain.com\/wp-content\/uploads\/eco-friendly-usb-drive-5-150x150.jpg 150w, https:\/\/www.usborkeychain.com\/wp-content\/uploads\/eco-friendly-usb-drive-5-768x768.jpg 768w, https:\/\/www.usborkeychain.com\/wp-content\/uploads\/eco-friendly-usb-drive-5-12x12.jpg 12w, https:\/\/www.usborkeychain.com\/wp-content\/uploads\/eco-friendly-usb-drive-5-600x600.jpg 600w, https:\/\/www.usborkeychain.com\/wp-content\/uploads\/eco-friendly-usb-drive-5-100x100.jpg 100w\" sizes=\"(max-width: 800px) 100vw, 800px\" \/><\/figure>\n\n\n\n<p><strong>Personaliza\u00e7\u00e3o do logotipo<\/strong><\/p>\n\n\n\n<ul class=\"wp-block-list\">\n<li>Suporta grava\u00e7\u00e3o a laser e impress\u00e3o colorida combinadas com ilumina\u00e7\u00e3o LED. As formas, os padr\u00f5es e o texto do LOGO podem ser personalizados.<\/li>\n\n\n\n<li>As cores da ilumina\u00e7\u00e3o podem corresponder \u00e0s cores da marca (por exemplo, a cor principal no VI corporativo) para aumentar o reconhecimento da marca.<\/li>\n<\/ul>\n<\/div>\n\n\n\n<div class=\"wp-block-column is-layout-flow wp-block-column-is-layout-flow\">\n<figure class=\"wp-block-image size-full\"><img alt=\"\" loading=\"lazy\" decoding=\"async\" width=\"800\" height=\"800\" src=\"https:\/\/www.usborkeychain.com\/wp-content\/uploads\/eco-friendly-usb-flash-drives-5.jpg\" class=\"wp-image-6860\" srcset=\"https:\/\/www.usborkeychain.com\/wp-content\/uploads\/eco-friendly-usb-flash-drives-5.jpg 800w, https:\/\/www.usborkeychain.com\/wp-content\/uploads\/eco-friendly-usb-flash-drives-5-300x300.jpg 300w, https:\/\/www.usborkeychain.com\/wp-content\/uploads\/eco-friendly-usb-flash-drives-5-150x150.jpg 150w, https:\/\/www.usborkeychain.com\/wp-content\/uploads\/eco-friendly-usb-flash-drives-5-768x768.jpg 768w, https:\/\/www.usborkeychain.com\/wp-content\/uploads\/eco-friendly-usb-flash-drives-5-12x12.jpg 12w, https:\/\/www.usborkeychain.com\/wp-content\/uploads\/eco-friendly-usb-flash-drives-5-600x600.jpg 600w, https:\/\/www.usborkeychain.com\/wp-content\/uploads\/eco-friendly-usb-flash-drives-5-100x100.jpg 100w\" sizes=\"(max-width: 800px) 100vw, 800px\" \/><\/figure>\n\n\n\n<p><strong>Personaliza\u00e7\u00e3o de embalagens<\/strong><\/p>\n\n\n\n<ul class=\"wp-block-list\">\n<li>Vem com caixas de papel ecol\u00f3gico, sacolas de tecido reciclado, etc. para embalagem. Slogans corporativos e temas de eventos podem ser impressos para criar uma presen\u00e7a completa da marca.<\/li>\n<\/ul>\n<\/div>\n<\/div>\n\n\n\n<h3 class=\"wp-block-heading\">Quais empresas preferem essa unidade USB como brinde comercial?<\/h3>\n\n\n\n<div class=\"wp-block-columns is-layout-flex wp-container-core-columns-is-layout-28f84493 wp-block-columns-is-layout-flex\">\n<div class=\"wp-block-column is-layout-flow wp-block-column-is-layout-flow\">\n<figure class=\"wp-block-image size-full\"><img alt=\"\" loading=\"lazy\" decoding=\"async\" width=\"800\" height=\"800\" src=\"https:\/\/www.usborkeychain.com\/wp-content\/uploads\/eco-friendly-usb-7.jpg\" class=\"wp-image-6858\" srcset=\"https:\/\/www.usborkeychain.com\/wp-content\/uploads\/eco-friendly-usb-7.jpg 800w, https:\/\/www.usborkeychain.com\/wp-content\/uploads\/eco-friendly-usb-7-300x300.jpg 300w, https:\/\/www.usborkeychain.com\/wp-content\/uploads\/eco-friendly-usb-7-150x150.jpg 150w, https:\/\/www.usborkeychain.com\/wp-content\/uploads\/eco-friendly-usb-7-768x768.jpg 768w, https:\/\/www.usborkeychain.com\/wp-content\/uploads\/eco-friendly-usb-7-12x12.jpg 12w, https:\/\/www.usborkeychain.com\/wp-content\/uploads\/eco-friendly-usb-7-600x600.jpg 600w, https:\/\/www.usborkeychain.com\/wp-content\/uploads\/eco-friendly-usb-7-100x100.jpg 100w\" sizes=\"(max-width: 800px) 100vw, 800px\" \/><\/figure>\n\n\n\n<ol class=\"wp-block-list\">\n<li>Empresas do setor de prote\u00e7\u00e3o ambiental: Empresas de energia nova, alimentos org\u00e2nicos e tecnologia ambiental, por exemplo, usam a unidade USB para transmitir o conceito de \"desenvolvimento sustent\u00e1vel\" da marca.<\/li>\n\n\n\n<li>Empresas de tecnologia: Empresas de software e produtos digitais, etc., demonstrando inova\u00e7\u00e3o e responsabilidade social por meio dessa unidade USB \"tecnologia + prote\u00e7\u00e3o ambiental\".<\/li>\n<\/ol>\n<\/div>\n\n\n\n<div class=\"wp-block-column is-layout-flow wp-block-column-is-layout-flow\">\n<figure class=\"wp-block-image size-full\"><img alt=\"\" loading=\"lazy\" decoding=\"async\" width=\"800\" height=\"800\" src=\"https:\/\/www.usborkeychain.com\/wp-content\/uploads\/ECO-friendly-light-up-usb-flash-drive.jpg\" class=\"wp-image-6854\" srcset=\"https:\/\/www.usborkeychain.com\/wp-content\/uploads\/ECO-friendly-light-up-usb-flash-drive.jpg 800w, https:\/\/www.usborkeychain.com\/wp-content\/uploads\/ECO-friendly-light-up-usb-flash-drive-300x300.jpg 300w, https:\/\/www.usborkeychain.com\/wp-content\/uploads\/ECO-friendly-light-up-usb-flash-drive-150x150.jpg 150w, https:\/\/www.usborkeychain.com\/wp-content\/uploads\/ECO-friendly-light-up-usb-flash-drive-768x768.jpg 768w, https:\/\/www.usborkeychain.com\/wp-content\/uploads\/ECO-friendly-light-up-usb-flash-drive-12x12.jpg 12w, https:\/\/www.usborkeychain.com\/wp-content\/uploads\/ECO-friendly-light-up-usb-flash-drive-600x600.jpg 600w, https:\/\/www.usborkeychain.com\/wp-content\/uploads\/ECO-friendly-light-up-usb-flash-drive-100x100.jpg 100w\" sizes=\"(max-width: 800px) 100vw, 800px\" \/><\/figure>\n\n\n\n<ol class=\"wp-block-list\">\n<li>Setores culturais e criativos: Empresas de publicidade, design e m\u00eddia, personalizando LOGOs luminosos exclusivos para fortalecer os pontos de lembran\u00e7a da marca em brindes comerciais.<\/li>\n\n\n\n<li>Departamentos de CSR de empresas multinacionais: Usado em atividades de bem-estar p\u00fablico e benef\u00edcios aos funcion\u00e1rios para refletir a \u00eanfase da empresa na prote\u00e7\u00e3o ambiental e melhorar a reputa\u00e7\u00e3o da marca.<\/li>\n<\/ol>\n<\/div>\n<\/div>\n\n\n\n<div class=\"wp-block-columns is-layout-flex wp-container-core-columns-is-layout-28f84493 wp-block-columns-is-layout-flex\">\n<div class=\"wp-block-column is-vertically-aligned-center is-layout-flow wp-block-column-is-layout-flow\">\n<p>O<strong> Unidade flash USB iluminada e ecologicamente correta<\/strong> aborda o ponto problem\u00e1tico do lixo eletr\u00f4nico com seu inv\u00f3lucro de base biol\u00f3gica e alcan\u00e7a a comunica\u00e7\u00e3o visual da marca por meio da tecnologia de ilumina\u00e7\u00e3o sem perda. Sua grande capacidade de 32 GB a 256 GB e a transmiss\u00e3o de alta velocidade via USB 3.0 atendem \u00e0s necessidades comerciais. Seja para pessoas que buscam um estilo de vida com baixo teor de carbono ou para empresas que planejam a comunica\u00e7\u00e3o da marca, essa unidade USB incorpora perfeitamente o conceito de \"pequeno portador, grande ideia\".<\/p>\n<\/div>\n\n\n\n<div class=\"wp-block-column is-vertically-aligned-center is-layout-flow wp-block-column-is-layout-flow\">\n<figure class=\"wp-block-image size-full\"><img alt=\"\" loading=\"lazy\" decoding=\"async\" width=\"800\" height=\"550\" src=\"https:\/\/www.usborkeychain.com\/wp-content\/uploads\/ECO-friendly-LED-USB-drive.jpg\" class=\"wp-image-6852\" srcset=\"https:\/\/www.usborkeychain.com\/wp-content\/uploads\/ECO-friendly-LED-USB-drive.jpg 800w, https:\/\/www.usborkeychain.com\/wp-content\/uploads\/ECO-friendly-LED-USB-drive-300x206.jpg 300w, https:\/\/www.usborkeychain.com\/wp-content\/uploads\/ECO-friendly-LED-USB-drive-768x528.jpg 768w, https:\/\/www.usborkeychain.com\/wp-content\/uploads\/ECO-friendly-LED-USB-drive-18x12.jpg 18w, https:\/\/www.usborkeychain.com\/wp-content\/uploads\/ECO-friendly-LED-USB-drive-600x413.jpg 600w\" sizes=\"(max-width: 800px) 100vw, 800px\" \/><\/figure>\n<\/div>\n<\/div>","protected":false},"excerpt":{"rendered":"<ul>\n<li>Material da casca: Acr\u00edlico + fibra de palha de trigo<\/li>\n<li>Cor do LED: branco, vermelho, azul, verde, amarelo<\/li>\n<li>Logotipo: logotipo personalizado<\/li>\n<li>Sistema operacional: Windows XP, Windows 7 ou superior, Linux<\/li>\n<li>Certificado: CE, FCC ROHS<\/li>\n<li>MOQ:100pcs<\/li>\n<\/ul>","protected":false},"featured_media":6853,"comment_status":"open","ping_status":"closed","template":"","meta":{"_seopress_robots_primary_cat":"","_seopress_titles_title":"","_seopress_titles_desc":"","_seopress_robots_index":"","site-sidebar-layout":"default","site-content-layout":"","ast-site-content-layout":"","site-content-style":"default","site-sidebar-style":"default","ast-global-header-display":"","ast-banner-title-visibility":"","ast-main-header-display":"","ast-hfb-above-header-display":"","ast-hfb-below-header-display":"","ast-hfb-mobile-header-display":"","site-post-title":"","ast-breadcrumbs-content":"","ast-featured-img":"","footer-sml-layout":"","theme-transparent-header-meta":"","adv-header-id-meta":"","stick-header-meta":"","header-above-stick-meta":"","header-main-stick-meta":"","header-below-stick-meta":"","astra-migrate-meta-layouts":"default","ast-page-background-enabled":"default","ast-page-background-meta":{"desktop":{"background-color":"var(--ast-global-color-5)","background-image":"","background-repeat":"repeat","background-position":"center center","background-size":"auto","background-attachment":"scroll","background-type":"","background-media":"","overlay-type":"","overlay-color":"","overlay-opacity":"","overlay-gradient":""},"tablet":{"background-color":"","background-image":"","background-repeat":"repeat","background-position":"center center","background-size":"auto","background-attachment":"scroll","background-type":"","background-media":"","overlay-type":"","overlay-color":"","overlay-opacity":"","overlay-gradient":""},"mobile":{"background-color":"","background-image":"","background-repeat":"repeat","background-position":"center center","background-size":"auto","background-attachment":"scroll","background-type":"","background-media":"","overlay-type":"","overlay-color":"","overlay-opacity":"","overlay-gradient":""}},"ast-content-background-meta":{"desktop":{"background-color":"var(--ast-global-color-4)","background-image":"","background-repeat":"repeat","background-position":"center center","background-size":"auto","background-attachment":"scroll","background-type":"","background-media":"","overlay-type":"","overlay-color":"","overlay-opacity":"","overlay-gradient":""},"tablet":{"background-color":"var(--ast-global-color-4)","background-image":"","background-repeat":"repeat","background-position":"center center","background-size":"auto","background-attachment":"scroll","background-type":"","background-media":"","overlay-type":"","overlay-color":"","overlay-opacity":"","overlay-gradient":""},"mobile":{"background-color":"var(--ast-global-color-4)","background-image":"","background-repeat":"repeat","background-position":"center center","background-size":"auto","background-attachment":"scroll","background-type":"","background-media":"","overlay-type":"","overlay-color":"","overlay-opacity":"","overlay-gradient":""}}},"product_brand":[],"product_cat":[170],"product_tag":[403],"class_list":{"0":"post-6849","1":"product","2":"type-product","3":"status-publish","4":"has-post-thumbnail","6":"product_cat-biodegradable-usb-pendrive-2","7":"product_tag-eco-friendly-light-up-usb-flash-drive","8":"desktop-align-left","9":"tablet-align-left","10":"mobile-align-left","12":"first","13":"instock","14":"shipping-taxable","15":"product-type-simple"},"_links":{"self":[{"href":"https:\/\/www.usborkeychain.com\/pt\/wp-json\/wp\/v2\/product\/6849","targetHints":{"allow":["GET"]}}],"collection":[{"href":"https:\/\/www.usborkeychain.com\/pt\/wp-json\/wp\/v2\/product"}],"about":[{"href":"https:\/\/www.usborkeychain.com\/pt\/wp-json\/wp\/v2\/types\/product"}],"replies":[{"embeddable":true,"href":"https:\/\/www.usborkeychain.com\/pt\/wp-json\/wp\/v2\/comments?post=6849"}],"wp:featuredmedia":[{"embeddable":true,"href":"https:\/\/www.usborkeychain.com\/pt\/wp-json\/wp\/v2\/media\/6853"}],"wp:attachment":[{"href":"https:\/\/www.usborkeychain.com\/pt\/wp-json\/wp\/v2\/media?parent=6849"}],"wp:term":[{"taxonomy":"product_brand","embeddable":true,"href":"https:\/\/www.usborkeychain.com\/pt\/wp-json\/wp\/v2\/product_brand?post=6849"},{"taxonomy":"product_cat","embeddable":true,"href":"https:\/\/www.usborkeychain.com\/pt\/wp-json\/wp\/v2\/product_cat?post=6849"},{"taxonomy":"product_tag","embeddable":true,"href":"https:\/\/www.usborkeychain.com\/pt\/wp-json\/wp\/v2\/product_tag?post=6849"}],"curies":[{"name":"wp","href":"https:\/\/api.w.org\/{rel}","templated":true}]}}