{"id":6861,"date":"2025-08-14T09:07:39","date_gmt":"2025-08-14T09:07:39","guid":{"rendered":"https:\/\/www.usborkeychain.com\/?post_type=product&#038;p=6861"},"modified":"2025-08-14T12:14:51","modified_gmt":"2025-08-14T12:14:51","slug":"aluminum-alloy-whistle-usb-flash-drive","status":"publish","type":"product","link":"https:\/\/www.usborkeychain.com\/pt\/produto\/aluminum-alloy-whistle-usb-flash-drive\/","title":{"rendered":"Apito em liga de alum\u00ednio Unidade flash USB"},"content":{"rendered":"<div class=\"wp-block-columns is-layout-flex wp-container-core-columns-is-layout-28f84493 wp-block-columns-is-layout-flex\">\n<div class=\"wp-block-column is-vertically-aligned-center is-layout-flow wp-block-column-is-layout-flow\">\n<p>A unidade USB com apito em liga de alum\u00ednio \u00e9 forjada em liga de alum\u00ednio de alta qualidade, com resist\u00eancia a choques e ao desgaste para suportar os impactos di\u00e1rios. Possui forte resist\u00eancia \u00e0 oxida\u00e7\u00e3o, garantindo que n\u00e3o haja ferrugem ou deforma\u00e7\u00e3o mesmo ap\u00f3s o uso prolongado. Com baixa densidade, ele equilibra robustez e leveza, o que facilita o transporte sem sobrecarga. O brilho do metal \u00e9 delicado e, ap\u00f3s o tratamento de anodiza\u00e7\u00e3o, a cor \u00e9 rica e duradoura.<\/p>\n\n\n\n<p>A estrutura de \"apito em forma de anel\" na extremidade suporta a conex\u00e3o de cord\u00f5es e chaveiros, resolvendo o problema comum das unidades USB tradicionais que s\u00e3o f\u00e1ceis de perder e permitindo o \"armazenamento port\u00e1til\".<\/p>\n<\/div>\n\n\n\n<div class=\"wp-block-column is-vertically-aligned-center is-layout-flow wp-block-column-is-layout-flow\">\n<figure class=\"wp-block-image size-full\"><img alt=\"\" fetchpriority=\"high\" decoding=\"async\" width=\"800\" height=\"800\" src=\"https:\/\/www.usborkeychain.com\/wp-content\/uploads\/metal-USB-flash-drive.png\" class=\"wp-image-6867\" srcset=\"https:\/\/www.usborkeychain.com\/wp-content\/uploads\/metal-USB-flash-drive.png 800w, https:\/\/www.usborkeychain.com\/wp-content\/uploads\/metal-USB-flash-drive-300x300.png 300w, https:\/\/www.usborkeychain.com\/wp-content\/uploads\/metal-USB-flash-drive-150x150.png 150w, https:\/\/www.usborkeychain.com\/wp-content\/uploads\/metal-USB-flash-drive-768x768.png 768w, https:\/\/www.usborkeychain.com\/wp-content\/uploads\/metal-USB-flash-drive-12x12.png 12w, https:\/\/www.usborkeychain.com\/wp-content\/uploads\/metal-USB-flash-drive-600x600.png 600w, https:\/\/www.usborkeychain.com\/wp-content\/uploads\/metal-USB-flash-drive-100x100.png 100w\" sizes=\"(max-width: 800px) 100vw, 800px\" \/><\/figure>\n<\/div>\n<\/div>\n\n\n\n<div class=\"wp-block-columns is-layout-flex wp-container-core-columns-is-layout-28f84493 wp-block-columns-is-layout-flex\">\n<div class=\"wp-block-column is-vertically-aligned-center is-layout-flow wp-block-column-is-layout-flow\">\n<figure class=\"wp-block-image size-full\"><img alt=\"\" decoding=\"async\" width=\"800\" height=\"800\" src=\"https:\/\/www.usborkeychain.com\/wp-content\/uploads\/all-metal-usb-flash-drive.png\" class=\"wp-image-6865\" srcset=\"https:\/\/www.usborkeychain.com\/wp-content\/uploads\/all-metal-usb-flash-drive.png 800w, https:\/\/www.usborkeychain.com\/wp-content\/uploads\/all-metal-usb-flash-drive-300x300.png 300w, https:\/\/www.usborkeychain.com\/wp-content\/uploads\/all-metal-usb-flash-drive-150x150.png 150w, https:\/\/www.usborkeychain.com\/wp-content\/uploads\/all-metal-usb-flash-drive-768x768.png 768w, https:\/\/www.usborkeychain.com\/wp-content\/uploads\/all-metal-usb-flash-drive-12x12.png 12w, https:\/\/www.usborkeychain.com\/wp-content\/uploads\/all-metal-usb-flash-drive-600x600.png 600w, https:\/\/www.usborkeychain.com\/wp-content\/uploads\/all-metal-usb-flash-drive-100x100.png 100w\" sizes=\"(max-width: 800px) 100vw, 800px\" \/><\/figure>\n<\/div>\n\n\n\n<div class=\"wp-block-column is-vertically-aligned-center is-layout-flow wp-block-column-is-layout-flow\">\n<p>Adotando a tecnologia de dobragem integrada, ele tem linhas suaves, quebrando a forma r\u00edgida das unidades USB convencionais e combinando um senso de tecnologia com moda.<\/p>\n\n\n\n<p>H\u00e1 uma \u00e1rea reservada para personaliza\u00e7\u00e3o do LOGOTIPO na superf\u00edcie. Por meio de processos de grava\u00e7\u00e3o a laser ou anodiza\u00e7\u00e3o, os logotipos, slogans ou padr\u00f5es personalizados da marca podem ser apresentados com precis\u00e3o, ajudando as empresas a moldar uma imagem diferenciada (como em cen\u00e1rios de brindes comerciais e promo\u00e7\u00e3o de eventos).<\/p>\n<\/div>\n<\/div>\n\n\n\n<h2 class=\"wp-block-heading\">Tabela de par\u00e2metros principais da unidade flash USB<\/h2>\n\n\n\n<figure class=\"wp-block-table\"><table class=\"has-fixed-layout\"><thead><tr><th>Categoria<\/th><th>Detalhes do par\u00e2metro<\/th><\/tr><\/thead><tbody><tr><td>Capacidade<\/td><td>8 GB, 16 GB, 32 GB, 64 GB, 128 GB<\/td><\/tr><tr><td>Tipo de interface<\/td><td>USB 2.0 \/ USB 3.0<\/td><\/tr><tr><td>Dimens\u00f5es da unidade USB (comprimento \u00d7 largura \u00d7 espessura)<\/td><td>35 mm \u00d7 15 mm \u00d7 8 mm<\/td><\/tr><tr><td>Peso da unidade USB<\/td><td>Aproximadamente 12g<\/td><\/tr><tr><td>Compatibilidade do sistema<\/td><td>Windows, Mac OS, Linux, Android (a fun\u00e7\u00e3o OTG requer suporte do dispositivo)<\/td><\/tr><\/tbody><\/table><\/figure>\n\n\n\n<div class=\"wp-block-columns is-layout-flex wp-container-core-columns-is-layout-28f84493 wp-block-columns-is-layout-flex\">\n<div class=\"wp-block-column is-layout-flow wp-block-column-is-layout-flow\">\n<figure class=\"wp-block-image size-full\"><img alt=\"\" decoding=\"async\" width=\"800\" height=\"800\" src=\"https:\/\/www.usborkeychain.com\/wp-content\/uploads\/Zinc-alloy-metal-gift-USB-Flash-Drive.jpg\" class=\"wp-image-6871\" srcset=\"https:\/\/www.usborkeychain.com\/wp-content\/uploads\/Zinc-alloy-metal-gift-USB-Flash-Drive.jpg 800w, https:\/\/www.usborkeychain.com\/wp-content\/uploads\/Zinc-alloy-metal-gift-USB-Flash-Drive-300x300.jpg 300w, https:\/\/www.usborkeychain.com\/wp-content\/uploads\/Zinc-alloy-metal-gift-USB-Flash-Drive-150x150.jpg 150w, https:\/\/www.usborkeychain.com\/wp-content\/uploads\/Zinc-alloy-metal-gift-USB-Flash-Drive-768x768.jpg 768w, https:\/\/www.usborkeychain.com\/wp-content\/uploads\/Zinc-alloy-metal-gift-USB-Flash-Drive-12x12.jpg 12w, https:\/\/www.usborkeychain.com\/wp-content\/uploads\/Zinc-alloy-metal-gift-USB-Flash-Drive-600x600.jpg 600w, https:\/\/www.usborkeychain.com\/wp-content\/uploads\/Zinc-alloy-metal-gift-USB-Flash-Drive-100x100.jpg 100w\" sizes=\"(max-width: 800px) 100vw, 800px\" \/><\/figure>\n<\/div>\n\n\n\n<div class=\"wp-block-column is-layout-flow wp-block-column-is-layout-flow\">\n<figure class=\"wp-block-image size-full\"><img alt=\"\" loading=\"lazy\" decoding=\"async\" width=\"800\" height=\"800\" src=\"https:\/\/www.usborkeychain.com\/wp-content\/uploads\/Metal-Whistle-Shape-USB-Flash-Drives.jpg\" class=\"wp-image-6869\" srcset=\"https:\/\/www.usborkeychain.com\/wp-content\/uploads\/Metal-Whistle-Shape-USB-Flash-Drives.jpg 800w, https:\/\/www.usborkeychain.com\/wp-content\/uploads\/Metal-Whistle-Shape-USB-Flash-Drives-300x300.jpg 300w, https:\/\/www.usborkeychain.com\/wp-content\/uploads\/Metal-Whistle-Shape-USB-Flash-Drives-150x150.jpg 150w, https:\/\/www.usborkeychain.com\/wp-content\/uploads\/Metal-Whistle-Shape-USB-Flash-Drives-768x768.jpg 768w, https:\/\/www.usborkeychain.com\/wp-content\/uploads\/Metal-Whistle-Shape-USB-Flash-Drives-12x12.jpg 12w, https:\/\/www.usborkeychain.com\/wp-content\/uploads\/Metal-Whistle-Shape-USB-Flash-Drives-600x600.jpg 600w, https:\/\/www.usborkeychain.com\/wp-content\/uploads\/Metal-Whistle-Shape-USB-Flash-Drives-100x100.jpg 100w\" sizes=\"(max-width: 800px) 100vw, 800px\" \/><\/figure>\n<\/div>\n\n\n\n<div class=\"wp-block-column is-layout-flow wp-block-column-is-layout-flow\">\n<figure class=\"wp-block-image size-full\"><img alt=\"\" loading=\"lazy\" decoding=\"async\" width=\"800\" height=\"800\" src=\"https:\/\/www.usborkeychain.com\/wp-content\/uploads\/Metal-Whistle-Shape-Usb-Flash-Drive.jpg\" class=\"wp-image-6868\" srcset=\"https:\/\/www.usborkeychain.com\/wp-content\/uploads\/Metal-Whistle-Shape-Usb-Flash-Drive.jpg 800w, https:\/\/www.usborkeychain.com\/wp-content\/uploads\/Metal-Whistle-Shape-Usb-Flash-Drive-300x300.jpg 300w, https:\/\/www.usborkeychain.com\/wp-content\/uploads\/Metal-Whistle-Shape-Usb-Flash-Drive-150x150.jpg 150w, https:\/\/www.usborkeychain.com\/wp-content\/uploads\/Metal-Whistle-Shape-Usb-Flash-Drive-768x768.jpg 768w, https:\/\/www.usborkeychain.com\/wp-content\/uploads\/Metal-Whistle-Shape-Usb-Flash-Drive-12x12.jpg 12w, https:\/\/www.usborkeychain.com\/wp-content\/uploads\/Metal-Whistle-Shape-Usb-Flash-Drive-600x600.jpg 600w, https:\/\/www.usborkeychain.com\/wp-content\/uploads\/Metal-Whistle-Shape-Usb-Flash-Drive-100x100.jpg 100w\" sizes=\"(max-width: 800px) 100vw, 800px\" \/><\/figure>\n<\/div>\n<\/div>\n\n\n\n<h2 class=\"wp-block-heading\">O que pode ser personalizado?<\/h2>\n\n\n\n<div class=\"wp-block-columns are-vertically-aligned-center is-layout-flex wp-container-core-columns-is-layout-28f84493 wp-block-columns-is-layout-flex\">\n<div class=\"wp-block-column is-vertically-aligned-center is-layout-flow wp-block-column-is-layout-flow\">\n<h3 class=\"wp-block-heading\">Personaliza\u00e7\u00e3o do logotipo<\/h3>\n\n\n\n<ul class=\"wp-block-list\">\n<li>Grava\u00e7\u00e3o a laser: Alta precis\u00e3o e textura forte, com bordas n\u00edtidas do LOGOTIPO, adequado para textos\/padr\u00f5es simples.<\/li>\n\n\n\n<li>Anodiza\u00e7\u00e3o + impress\u00e3o em seda: Alta fus\u00e3o de cores, adequada para padr\u00f5es complexos ou efeitos de gradiente (requer personaliza\u00e7\u00e3o de cores).<\/li>\n<\/ul>\n\n\n\n<h3 class=\"wp-block-heading\">Personaliza\u00e7\u00e3o de cores<\/h3>\n\n\n\n<p>Com base na tecnologia de colora\u00e7\u00e3o por anodiza\u00e7\u00e3o, \u00e9 poss\u00edvel obter uma personaliza\u00e7\u00e3o multicolorida (consulte as imagens do produto; as principais cores est\u00e3o inclu\u00eddas):<\/p>\n\n\n\n<ul class=\"wp-block-list\">\n<li>Cores b\u00e1sicas: Dourado, azul, vermelho, verde, cinza;<\/li>\n\n\n\n<li>Cores personalizadas: Ciano, roxo (suporta a correspond\u00eancia precisa dos c\u00f3digos de cores Pantone para atender ao sistema VI da marca).<\/li>\n<\/ul>\n<\/div>\n\n\n\n<div class=\"wp-block-column is-vertically-aligned-center is-layout-flow wp-block-column-is-layout-flow\">\n<figure class=\"wp-block-image size-full\"><img alt=\"\" loading=\"lazy\" decoding=\"async\" width=\"800\" height=\"800\" src=\"https:\/\/www.usborkeychain.com\/wp-content\/uploads\/best-metal-usb-flash-drive.jpg\" class=\"wp-image-6866\" srcset=\"https:\/\/www.usborkeychain.com\/wp-content\/uploads\/best-metal-usb-flash-drive.jpg 800w, https:\/\/www.usborkeychain.com\/wp-content\/uploads\/best-metal-usb-flash-drive-300x300.jpg 300w, https:\/\/www.usborkeychain.com\/wp-content\/uploads\/best-metal-usb-flash-drive-150x150.jpg 150w, https:\/\/www.usborkeychain.com\/wp-content\/uploads\/best-metal-usb-flash-drive-768x768.jpg 768w, https:\/\/www.usborkeychain.com\/wp-content\/uploads\/best-metal-usb-flash-drive-12x12.jpg 12w, https:\/\/www.usborkeychain.com\/wp-content\/uploads\/best-metal-usb-flash-drive-600x600.jpg 600w, https:\/\/www.usborkeychain.com\/wp-content\/uploads\/best-metal-usb-flash-drive-100x100.jpg 100w\" sizes=\"(max-width: 800px) 100vw, 800px\" \/><\/figure>\n<\/div>\n<\/div>\n\n\n\n<h2 class=\"wp-block-heading\">Cen\u00e1rios adequados<\/h2>\n\n\n\n<div class=\"wp-block-columns is-layout-flex wp-container-core-columns-is-layout-28f84493 wp-block-columns-is-layout-flex\">\n<div class=\"wp-block-column is-vertically-aligned-center is-layout-flow wp-block-column-is-layout-flow\">\n<figure class=\"wp-block-image size-full\"><img alt=\"\" loading=\"lazy\" decoding=\"async\" width=\"800\" height=\"800\" src=\"https:\/\/www.usborkeychain.com\/wp-content\/uploads\/Zinc-alloy-USB-Drive.png\" class=\"wp-image-6873\" srcset=\"https:\/\/www.usborkeychain.com\/wp-content\/uploads\/Zinc-alloy-USB-Drive.png 800w, https:\/\/www.usborkeychain.com\/wp-content\/uploads\/Zinc-alloy-USB-Drive-300x300.png 300w, https:\/\/www.usborkeychain.com\/wp-content\/uploads\/Zinc-alloy-USB-Drive-150x150.png 150w, https:\/\/www.usborkeychain.com\/wp-content\/uploads\/Zinc-alloy-USB-Drive-768x768.png 768w, https:\/\/www.usborkeychain.com\/wp-content\/uploads\/Zinc-alloy-USB-Drive-12x12.png 12w, https:\/\/www.usborkeychain.com\/wp-content\/uploads\/Zinc-alloy-USB-Drive-600x600.png 600w, https:\/\/www.usborkeychain.com\/wp-content\/uploads\/Zinc-alloy-USB-Drive-100x100.png 100w\" sizes=\"(max-width: 800px) 100vw, 800px\" \/><\/figure>\n<\/div>\n\n\n\n<div class=\"wp-block-column is-vertically-aligned-center is-layout-flow wp-block-column-is-layout-flow\">\n<ul class=\"wp-block-list\">\n<li>Presentes corporativos: Como presentes para clientes ou benef\u00edcios para funcion\u00e1rios.<\/li>\n\n\n\n<li>Marketing de eventos: Distribui\u00e7\u00e3o em exposi\u00e7\u00f5es e semin\u00e1rios.<\/li>\n\n\n\n<li>Escrit\u00f3rio pessoal: Pendure em chaveiros para armazenar arquivos a qualquer momento.<\/li>\n\n\n\n<li>Presentes criativos: Como presentes de anivers\u00e1rio ou de fim de ano.<\/li>\n\n\n\n<li>Educa\u00e7\u00e3o\/treinamento: Unidades USB personalizadas com materiais de curso para os alunos.<\/li>\n\n\n\n<li>Fotografia\/design: Armazenamento de planos de trabalho.<\/li>\n<\/ul>\n<\/div>\n<\/div>\n\n\n\n<h2 class=\"wp-block-heading\">Caixas de embalagem dispon\u00edveis<\/h2>\n\n\n\n<figure class=\"wp-block-table\"><table class=\"has-fixed-layout\"><thead><tr><th>Material<\/th><th>Recursos<\/th><th>Cen\u00e1rios adequados<\/th><\/tr><\/thead><tbody><tr><td>Caixa de papel<\/td><td>Econ\u00f4mico e leve, dispon\u00edvel em papel kraft (vintage) ou papel\u00e3o branco (simples)<\/td><td>Compra em massa, presentes comerciais regulares<\/td><\/tr><tr><td>Caixa de ferro<\/td><td>Textura met\u00e1lica com uma janela transparente (como mostrado na terceira imagem), forte prote\u00e7\u00e3o<\/td><td>Personaliza\u00e7\u00e3o de alto n\u00edvel, embalagem para presente<\/td><\/tr><\/tbody><\/table><\/figure>\n\n\n\n<div class=\"wp-block-columns is-layout-flex wp-container-core-columns-is-layout-28f84493 wp-block-columns-is-layout-flex\">\n<div class=\"wp-block-column is-vertically-aligned-center is-layout-flow wp-block-column-is-layout-flow\">\n<h3 class=\"wp-block-heading\">2. Servi\u00e7os de personaliza\u00e7\u00e3o de embalagens<\/h3>\n\n\n\n<ul class=\"wp-block-list\">\n<li>T\u00e9cnicas de impress\u00e3o: Estampagem a ouro, impress\u00e3o UV, impress\u00e3o colorida, permitindo a apresenta\u00e7\u00e3o em alta defini\u00e7\u00e3o de LOGOs, slogans e padr\u00f5es.<\/li>\n\n\n\n<li>Design do forro: Forro de esponja ou flocado para prote\u00e7\u00e3o de amortecimento e aprimoramento da cerim\u00f4nia de desembalagem.<\/li>\n<\/ul>\n\n\n\n<p><strong>Youshan<\/strong> A empresa \u00e9 uma fabricante profissional de unidades USB com mais de dez anos de experi\u00eancia. Ela oferece personaliza\u00e7\u00e3o em massa com pre\u00e7os competitivos.<\/p>\n<\/div>\n\n\n\n<div class=\"wp-block-column is-vertically-aligned-center is-layout-flow wp-block-column-is-layout-flow\">\n<figure class=\"wp-block-image size-full\"><img alt=\"\" loading=\"lazy\" decoding=\"async\" width=\"800\" height=\"800\" src=\"https:\/\/www.usborkeychain.com\/wp-content\/uploads\/small-metal-usb-flash-drive.png\" class=\"wp-image-6870\" srcset=\"https:\/\/www.usborkeychain.com\/wp-content\/uploads\/small-metal-usb-flash-drive.png 800w, https:\/\/www.usborkeychain.com\/wp-content\/uploads\/small-metal-usb-flash-drive-300x300.png 300w, https:\/\/www.usborkeychain.com\/wp-content\/uploads\/small-metal-usb-flash-drive-150x150.png 150w, https:\/\/www.usborkeychain.com\/wp-content\/uploads\/small-metal-usb-flash-drive-768x768.png 768w, https:\/\/www.usborkeychain.com\/wp-content\/uploads\/small-metal-usb-flash-drive-12x12.png 12w, https:\/\/www.usborkeychain.com\/wp-content\/uploads\/small-metal-usb-flash-drive-600x600.png 600w, https:\/\/www.usborkeychain.com\/wp-content\/uploads\/small-metal-usb-flash-drive-100x100.png 100w\" sizes=\"(max-width: 800px) 100vw, 800px\" \/><\/figure>\n<\/div>\n<\/div>","protected":false},"excerpt":{"rendered":"<ul>\n<li>Material da carca\u00e7a: liga de alum\u00ednio<\/li>\n<li>Cor: branco, vermelho, azul, verde, amarelo<\/li>\n<li>Logotipo: logotipo personalizado<\/li>\n<li>Sistema operacional: Windows XP, Windows 7 ou superior, Linux<\/li>\n<li>MOQ:100pcs<\/li>\n<\/ul>","protected":false},"featured_media":6874,"comment_status":"open","ping_status":"closed","template":"","meta":{"_seopress_robots_primary_cat":"","_seopress_titles_title":"","_seopress_titles_desc":"","_seopress_robots_index":"","site-sidebar-layout":"default","site-content-layout":"","ast-site-content-layout":"","site-content-style":"default","site-sidebar-style":"default","ast-global-header-display":"","ast-banner-title-visibility":"","ast-main-header-display":"","ast-hfb-above-header-display":"","ast-hfb-below-header-display":"","ast-hfb-mobile-header-display":"","site-post-title":"","ast-breadcrumbs-content":"","ast-featured-img":"","footer-sml-layout":"","theme-transparent-header-meta":"","adv-header-id-meta":"","stick-header-meta":"","header-above-stick-meta":"","header-main-stick-meta":"","header-below-stick-meta":"","astra-migrate-meta-layouts":"default","ast-page-background-enabled":"default","ast-page-background-meta":{"desktop":{"background-color":"var(--ast-global-color-5)","background-image":"","background-repeat":"repeat","background-position":"center center","background-size":"auto","background-attachment":"scroll","background-type":"","background-media":"","overlay-type":"","overlay-color":"","overlay-opacity":"","overlay-gradient":""},"tablet":{"background-color":"","background-image":"","background-repeat":"repeat","background-position":"center center","background-size":"auto","background-attachment":"scroll","background-type":"","background-media":"","overlay-type":"","overlay-color":"","overlay-opacity":"","overlay-gradient":""},"mobile":{"background-color":"","background-image":"","background-repeat":"repeat","background-position":"center center","background-size":"auto","background-attachment":"scroll","background-type":"","background-media":"","overlay-type":"","overlay-color":"","overlay-opacity":"","overlay-gradient":""}},"ast-content-background-meta":{"desktop":{"background-color":"var(--ast-global-color-4)","background-image":"","background-repeat":"repeat","background-position":"center center","background-size":"auto","background-attachment":"scroll","background-type":"","background-media":"","overlay-type":"","overlay-color":"","overlay-opacity":"","overlay-gradient":""},"tablet":{"background-color":"var(--ast-global-color-4)","background-image":"","background-repeat":"repeat","background-position":"center center","background-size":"auto","background-attachment":"scroll","background-type":"","background-media":"","overlay-type":"","overlay-color":"","overlay-opacity":"","overlay-gradient":""},"mobile":{"background-color":"var(--ast-global-color-4)","background-image":"","background-repeat":"repeat","background-position":"center center","background-size":"auto","background-attachment":"scroll","background-type":"","background-media":"","overlay-type":"","overlay-color":"","overlay-opacity":"","overlay-gradient":""}}},"product_brand":[],"product_cat":[89],"product_tag":[398],"class_list":{"0":"post-6861","1":"product","2":"type-product","3":"status-publish","4":"has-post-thumbnail","6":"product_cat-metal-usb-pendrive","7":"product_tag-aluminum-usb-drive","8":"desktop-align-left","9":"tablet-align-left","10":"mobile-align-left","12":"first","13":"instock","14":"shipping-taxable","15":"product-type-simple"},"_links":{"self":[{"href":"https:\/\/www.usborkeychain.com\/pt\/wp-json\/wp\/v2\/product\/6861","targetHints":{"allow":["GET"]}}],"collection":[{"href":"https:\/\/www.usborkeychain.com\/pt\/wp-json\/wp\/v2\/product"}],"about":[{"href":"https:\/\/www.usborkeychain.com\/pt\/wp-json\/wp\/v2\/types\/product"}],"replies":[{"embeddable":true,"href":"https:\/\/www.usborkeychain.com\/pt\/wp-json\/wp\/v2\/comments?post=6861"}],"wp:featuredmedia":[{"embeddable":true,"href":"https:\/\/www.usborkeychain.com\/pt\/wp-json\/wp\/v2\/media\/6874"}],"wp:attachment":[{"href":"https:\/\/www.usborkeychain.com\/pt\/wp-json\/wp\/v2\/media?parent=6861"}],"wp:term":[{"taxonomy":"product_brand","embeddable":true,"href":"https:\/\/www.usborkeychain.com\/pt\/wp-json\/wp\/v2\/product_brand?post=6861"},{"taxonomy":"product_cat","embeddable":true,"href":"https:\/\/www.usborkeychain.com\/pt\/wp-json\/wp\/v2\/product_cat?post=6861"},{"taxonomy":"product_tag","embeddable":true,"href":"https:\/\/www.usborkeychain.com\/pt\/wp-json\/wp\/v2\/product_tag?post=6861"}],"curies":[{"name":"wp","href":"https:\/\/api.w.org\/{rel}","templated":true}]}}