{"id":6885,"date":"2025-08-14T11:22:41","date_gmt":"2025-08-14T11:22:41","guid":{"rendered":"https:\/\/www.usborkeychain.com\/?post_type=product&#038;p=6885"},"modified":"2025-08-16T03:05:47","modified_gmt":"2025-08-16T03:05:47","slug":"metal-color-customized-usb-flash-drives","status":"publish","type":"product","link":"https:\/\/www.usborkeychain.com\/pt\/produto\/metal-color-customized-usb-flash-drives\/","title":{"rendered":"Unidades flash USB personalizadas com cores met\u00e1licas"},"content":{"rendered":"<p>As unidades flash USB personalizadas com cores met\u00e1licas adotam uma pe\u00e7a \u00fanica<strong> liga de alum\u00ednio<\/strong> O processo de moldagem \u00e9 feito em uma \u00fanica pe\u00e7a, com suas superf\u00edcies tratadas por anodiza\u00e7\u00e3o. Isso n\u00e3o apenas lhes confere um delicado brilho met\u00e1lico em cores comuns, como prata, preto, vermelho, azul e dourado, bem como em cores personalizadas, como ouro rosa e preto fosco, mas tamb\u00e9m lhes confere propriedades de resist\u00eancia ao desgaste, resist\u00eancia \u00e0 oxida\u00e7\u00e3o e resist\u00eancia a arranh\u00f5es. Mesmo com a exposi\u00e7\u00e3o prolongada ao suor e aos choques di\u00e1rios, sua apar\u00eancia permanece como nova com o passar do tempo.<\/p>\n\n\n\n<div class=\"wp-block-columns is-layout-flex wp-container-core-columns-is-layout-28f84493 wp-block-columns-is-layout-flex\">\n<div class=\"wp-block-column is-layout-flow wp-block-column-is-layout-flow\">\n<figure class=\"wp-block-image size-full\"><img alt=\"\" fetchpriority=\"high\" decoding=\"async\" width=\"800\" height=\"800\" src=\"https:\/\/www.usborkeychain.com\/wp-content\/uploads\/metal-usb-flash-drive.jpg\" class=\"wp-image-6900\" srcset=\"https:\/\/www.usborkeychain.com\/wp-content\/uploads\/metal-usb-flash-drive.jpg 800w, https:\/\/www.usborkeychain.com\/wp-content\/uploads\/metal-usb-flash-drive-300x300.jpg 300w, https:\/\/www.usborkeychain.com\/wp-content\/uploads\/metal-usb-flash-drive-150x150.jpg 150w, https:\/\/www.usborkeychain.com\/wp-content\/uploads\/metal-usb-flash-drive-768x768.jpg 768w, https:\/\/www.usborkeychain.com\/wp-content\/uploads\/metal-usb-flash-drive-12x12.jpg 12w, https:\/\/www.usborkeychain.com\/wp-content\/uploads\/metal-usb-flash-drive-600x600.jpg 600w, https:\/\/www.usborkeychain.com\/wp-content\/uploads\/metal-usb-flash-drive-100x100.jpg 100w\" sizes=\"(max-width: 800px) 100vw, 800px\" \/><\/figure>\n<\/div>\n\n\n\n<div class=\"wp-block-column is-layout-flow wp-block-column-is-layout-flow\">\n<figure class=\"wp-block-image size-full\"><img alt=\"\" decoding=\"async\" width=\"800\" height=\"800\" src=\"https:\/\/www.usborkeychain.com\/wp-content\/uploads\/custom-metal-usb-flash-drive.png\" class=\"wp-image-6895\" srcset=\"https:\/\/www.usborkeychain.com\/wp-content\/uploads\/custom-metal-usb-flash-drive.png 800w, https:\/\/www.usborkeychain.com\/wp-content\/uploads\/custom-metal-usb-flash-drive-300x300.png 300w, https:\/\/www.usborkeychain.com\/wp-content\/uploads\/custom-metal-usb-flash-drive-150x150.png 150w, https:\/\/www.usborkeychain.com\/wp-content\/uploads\/custom-metal-usb-flash-drive-768x768.png 768w, https:\/\/www.usborkeychain.com\/wp-content\/uploads\/custom-metal-usb-flash-drive-12x12.png 12w, https:\/\/www.usborkeychain.com\/wp-content\/uploads\/custom-metal-usb-flash-drive-600x600.png 600w, https:\/\/www.usborkeychain.com\/wp-content\/uploads\/custom-metal-usb-flash-drive-100x100.png 100w\" sizes=\"(max-width: 800px) 100vw, 800px\" \/><\/figure>\n<\/div>\n<\/div>\n\n\n\n<p>Equipado com um design de tampa transparente, ele protege efetivamente a interface USB contra a eros\u00e3o da poeira. O contraste visual entre o metal e a transpar\u00eancia aprimora ainda mais o senso de moda do produto.<\/p>\n\n\n\n<p>O contorno cil\u00edndrico arredondado se ajusta perfeitamente \u00e0 palma da m\u00e3o, eliminando o risco de bordas afiadas arranharem itens e equilibrando o conforto da empunhadura com a praticidade.<\/p>\n\n\n\n<p>Com um anel de metal embutido, ele pode ser preso diretamente a chaveiros, mochilas, carteiras e outros pertences pessoais, possibilitando o \"transporte sem \u00f4nus\" e resolvendo completamente o problema comum das unidades USB tradicionais que s\u00e3o f\u00e1ceis de perder.<\/p>\n\n\n\n<div class=\"wp-block-columns is-layout-flex wp-container-core-columns-is-layout-28f84493 wp-block-columns-is-layout-flex\">\n<div class=\"wp-block-column is-layout-flow wp-block-column-is-layout-flow\">\n<figure class=\"wp-block-image size-full\"><img alt=\"\" decoding=\"async\" width=\"800\" height=\"800\" src=\"https:\/\/www.usborkeychain.com\/wp-content\/uploads\/all-metal-usb-flash-drive.jpg\" class=\"wp-image-6888\" srcset=\"https:\/\/www.usborkeychain.com\/wp-content\/uploads\/all-metal-usb-flash-drive.jpg 800w, https:\/\/www.usborkeychain.com\/wp-content\/uploads\/all-metal-usb-flash-drive-300x300.jpg 300w, https:\/\/www.usborkeychain.com\/wp-content\/uploads\/all-metal-usb-flash-drive-150x150.jpg 150w, https:\/\/www.usborkeychain.com\/wp-content\/uploads\/all-metal-usb-flash-drive-768x768.jpg 768w, https:\/\/www.usborkeychain.com\/wp-content\/uploads\/all-metal-usb-flash-drive-12x12.jpg 12w, https:\/\/www.usborkeychain.com\/wp-content\/uploads\/all-metal-usb-flash-drive-600x600.jpg 600w, https:\/\/www.usborkeychain.com\/wp-content\/uploads\/all-metal-usb-flash-drive-100x100.jpg 100w\" sizes=\"(max-width: 800px) 100vw, 800px\" \/><\/figure>\n<\/div>\n\n\n\n<div class=\"wp-block-column is-layout-flow wp-block-column-is-layout-flow\">\n<figure class=\"wp-block-image size-full\"><img alt=\"\" loading=\"lazy\" decoding=\"async\" width=\"800\" height=\"800\" src=\"https:\/\/www.usborkeychain.com\/wp-content\/uploads\/best-metal-usb-flash-drive-1.jpg\" class=\"wp-image-6889\" srcset=\"https:\/\/www.usborkeychain.com\/wp-content\/uploads\/best-metal-usb-flash-drive-1.jpg 800w, https:\/\/www.usborkeychain.com\/wp-content\/uploads\/best-metal-usb-flash-drive-1-300x300.jpg 300w, https:\/\/www.usborkeychain.com\/wp-content\/uploads\/best-metal-usb-flash-drive-1-150x150.jpg 150w, https:\/\/www.usborkeychain.com\/wp-content\/uploads\/best-metal-usb-flash-drive-1-768x768.jpg 768w, https:\/\/www.usborkeychain.com\/wp-content\/uploads\/best-metal-usb-flash-drive-1-12x12.jpg 12w, https:\/\/www.usborkeychain.com\/wp-content\/uploads\/best-metal-usb-flash-drive-1-600x600.jpg 600w, https:\/\/www.usborkeychain.com\/wp-content\/uploads\/best-metal-usb-flash-drive-1-100x100.jpg 100w\" sizes=\"(max-width: 800px) 100vw, 800px\" \/><\/figure>\n<\/div>\n<\/div>\n\n\n\n<h2 class=\"wp-block-heading\">Detalhes do produto<\/h2>\n\n\n\n<p>Ele oferece suporte a v\u00e1rias op\u00e7\u00f5es de capacidade: <strong>8GB\/16GB\/32GB\/64GB\/128GB<\/strong>O sistema de armazenamento de dados \u00e9 um dispositivo de armazenamento de dados que cobre diferentes necessidades de armazenamento de documentos, imagens, v\u00eddeos e muito mais. Ele adota um <strong>USB 2.0<\/strong> (compat\u00edvel com os principais dispositivos e garantindo uma transmiss\u00e3o est\u00e1vel), atendendo aos requisitos de efici\u00eancia da troca di\u00e1ria de dados.<\/p>\n\n\n\n<p>A unidade tem um tamanho compacto de apenas<strong> 55 mm \u00d7 22 mm \u00d7 8,5 mm<\/strong> e <strong>pesa aproximadamente 30g<\/strong>O dispositivo ocupa um espa\u00e7o m\u00ednimo quando fechado. Com o anel de metal embutido, ele pode ser montado diretamente em chaveiros, mochilas, carteiras e outros itens pessoais, alcan\u00e7ando o \"transporte sem \u00f4nus\" e resolvendo completamente o problema das unidades USB tradicionais que s\u00e3o propensas \u00e0 perda.<\/p>\n\n\n\n<div class=\"wp-block-columns is-layout-flex wp-container-core-columns-is-layout-28f84493 wp-block-columns-is-layout-flex\">\n<div class=\"wp-block-column is-layout-flow wp-block-column-is-layout-flow\">\n<figure class=\"wp-block-image size-full\"><img alt=\"\" loading=\"lazy\" decoding=\"async\" width=\"800\" height=\"800\" src=\"https:\/\/www.usborkeychain.com\/wp-content\/uploads\/metal-usb-flash-drive-customized.jpg\" class=\"wp-image-6897\" srcset=\"https:\/\/www.usborkeychain.com\/wp-content\/uploads\/metal-usb-flash-drive-customized.jpg 800w, https:\/\/www.usborkeychain.com\/wp-content\/uploads\/metal-usb-flash-drive-customized-300x300.jpg 300w, https:\/\/www.usborkeychain.com\/wp-content\/uploads\/metal-usb-flash-drive-customized-150x150.jpg 150w, https:\/\/www.usborkeychain.com\/wp-content\/uploads\/metal-usb-flash-drive-customized-768x768.jpg 768w, https:\/\/www.usborkeychain.com\/wp-content\/uploads\/metal-usb-flash-drive-customized-12x12.jpg 12w, https:\/\/www.usborkeychain.com\/wp-content\/uploads\/metal-usb-flash-drive-customized-600x600.jpg 600w, https:\/\/www.usborkeychain.com\/wp-content\/uploads\/metal-usb-flash-drive-customized-100x100.jpg 100w\" sizes=\"(max-width: 800px) 100vw, 800px\" \/><\/figure>\n<\/div>\n\n\n\n<div class=\"wp-block-column is-layout-flow wp-block-column-is-layout-flow\">\n<figure class=\"wp-block-image size-full\"><img alt=\"\" loading=\"lazy\" decoding=\"async\" width=\"800\" height=\"800\" src=\"https:\/\/www.usborkeychain.com\/wp-content\/uploads\/metal-usb-flash-drive-manufacturer.png\" class=\"wp-image-6898\" srcset=\"https:\/\/www.usborkeychain.com\/wp-content\/uploads\/metal-usb-flash-drive-manufacturer.png 800w, https:\/\/www.usborkeychain.com\/wp-content\/uploads\/metal-usb-flash-drive-manufacturer-300x300.png 300w, https:\/\/www.usborkeychain.com\/wp-content\/uploads\/metal-usb-flash-drive-manufacturer-150x150.png 150w, https:\/\/www.usborkeychain.com\/wp-content\/uploads\/metal-usb-flash-drive-manufacturer-768x768.png 768w, https:\/\/www.usborkeychain.com\/wp-content\/uploads\/metal-usb-flash-drive-manufacturer-12x12.png 12w, https:\/\/www.usborkeychain.com\/wp-content\/uploads\/metal-usb-flash-drive-manufacturer-600x600.png 600w, https:\/\/www.usborkeychain.com\/wp-content\/uploads\/metal-usb-flash-drive-manufacturer-100x100.png 100w\" sizes=\"(max-width: 800px) 100vw, 800px\" \/><\/figure>\n<\/div>\n<\/div>\n\n\n\n<h2 class=\"wp-block-heading\">LOGOTIPO personalizado<\/h2>\n\n\n\n<p>Uma \u00e1rea de personaliza\u00e7\u00e3o \u00e9 reservada na lateral da unidade USB, dando suporte \u00e0 personaliza\u00e7\u00e3o detalhada por meio de dois processos:<\/p>\n\n\n\n<ul class=\"wp-block-list\">\n<li>Grava\u00e7\u00e3o a laser: A grava\u00e7\u00e3o a laser de alta energia cria logotipos com linhas finas e profundidade uniforme. \u00c9 adequado para padr\u00f5es monocrom\u00e1ticos e simples, como logotipos e letras de marcas, oferecendo um efeito permanentemente resistente ao desgaste e que n\u00e3o desbota.<\/li>\n\n\n\n<li>Impress\u00e3o em tela de seda: Esse processo permite a sobreposi\u00e7\u00e3o de v\u00e1rias cores por meio de serigrafia, suportando padr\u00f5es complexos e efeitos de gradiente, proporcionando assim mais possibilidades de designs criativos e padr\u00f5es personalizados.<\/li>\n<\/ul>\n\n\n\n<div class=\"wp-block-columns is-layout-flex wp-container-core-columns-is-layout-28f84493 wp-block-columns-is-layout-flex\">\n<div class=\"wp-block-column is-layout-flow wp-block-column-is-layout-flow\">\n<figure class=\"wp-block-image size-full\"><img alt=\"\" loading=\"lazy\" decoding=\"async\" width=\"800\" height=\"800\" src=\"https:\/\/www.usborkeychain.com\/wp-content\/uploads\/china-metal-usb-flash-drive.png\" class=\"wp-image-6892\" srcset=\"https:\/\/www.usborkeychain.com\/wp-content\/uploads\/china-metal-usb-flash-drive.png 800w, https:\/\/www.usborkeychain.com\/wp-content\/uploads\/china-metal-usb-flash-drive-300x300.png 300w, https:\/\/www.usborkeychain.com\/wp-content\/uploads\/china-metal-usb-flash-drive-150x150.png 150w, https:\/\/www.usborkeychain.com\/wp-content\/uploads\/china-metal-usb-flash-drive-768x768.png 768w, https:\/\/www.usborkeychain.com\/wp-content\/uploads\/china-metal-usb-flash-drive-12x12.png 12w, https:\/\/www.usborkeychain.com\/wp-content\/uploads\/china-metal-usb-flash-drive-600x600.png 600w, https:\/\/www.usborkeychain.com\/wp-content\/uploads\/china-metal-usb-flash-drive-100x100.png 100w\" sizes=\"(max-width: 800px) 100vw, 800px\" \/><\/figure>\n<\/div>\n\n\n\n<div class=\"wp-block-column is-layout-flow wp-block-column-is-layout-flow\">\n<figure class=\"wp-block-image size-full\"><img alt=\"\" loading=\"lazy\" decoding=\"async\" width=\"800\" height=\"751\" src=\"https:\/\/www.usborkeychain.com\/wp-content\/uploads\/colorful-metal-usb-flash-drive.jpg\" class=\"wp-image-6893\" srcset=\"https:\/\/www.usborkeychain.com\/wp-content\/uploads\/colorful-metal-usb-flash-drive.jpg 800w, https:\/\/www.usborkeychain.com\/wp-content\/uploads\/colorful-metal-usb-flash-drive-300x282.jpg 300w, https:\/\/www.usborkeychain.com\/wp-content\/uploads\/colorful-metal-usb-flash-drive-768x721.jpg 768w, https:\/\/www.usborkeychain.com\/wp-content\/uploads\/colorful-metal-usb-flash-drive-13x12.jpg 13w, https:\/\/www.usborkeychain.com\/wp-content\/uploads\/colorful-metal-usb-flash-drive-600x563.jpg 600w\" sizes=\"(max-width: 800px) 100vw, 800px\" \/><\/figure>\n<\/div>\n<\/div>\n\n\n\n<h2 class=\"wp-block-heading\">Adapta\u00e7\u00e3o a v\u00e1rios cen\u00e1rios<\/h2>\n\n\n\n<ul class=\"wp-block-list\">\n<li>Cen\u00e1rios de neg\u00f3cios: Em f\u00f3runs m\u00e9dicos e c\u00fapulas de neg\u00f3cios, as unidades USB com LOGOTIPOs personalizados servem como brindes para transmitir uma imagem de marca profissional.<\/li>\n\n\n\n<li>Cen\u00e1rios cotidianos: Prenda-o a um chaveiro para armazenar arquivos em qualquer lugar; ele garante leitura e grava\u00e7\u00e3o de dados est\u00e1veis durante fotografias ao ar livre e acampamentos.<\/li>\n\n\n\n<li>Cen\u00e1rios de marketing: As unidades USB personalizadas para exposi\u00e7\u00f5es e atividades no campus aumentam a efici\u00eancia da comunica\u00e7\u00e3o por meio de sua praticidade e maior exposi\u00e7\u00e3o da marca.<\/li>\n<\/ul>\n\n\n\n<div class=\"wp-block-columns is-layout-flex wp-container-core-columns-is-layout-28f84493 wp-block-columns-is-layout-flex\">\n<div class=\"wp-block-column is-layout-flow wp-block-column-is-layout-flow\">\n<figure class=\"wp-block-image size-full\"><img alt=\"\" loading=\"lazy\" decoding=\"async\" width=\"800\" height=\"800\" src=\"https:\/\/www.usborkeychain.com\/wp-content\/uploads\/metal-usb-flash-drives.jpg\" class=\"wp-image-6901\" srcset=\"https:\/\/www.usborkeychain.com\/wp-content\/uploads\/metal-usb-flash-drives.jpg 800w, https:\/\/www.usborkeychain.com\/wp-content\/uploads\/metal-usb-flash-drives-300x300.jpg 300w, https:\/\/www.usborkeychain.com\/wp-content\/uploads\/metal-usb-flash-drives-150x150.jpg 150w, https:\/\/www.usborkeychain.com\/wp-content\/uploads\/metal-usb-flash-drives-768x768.jpg 768w, https:\/\/www.usborkeychain.com\/wp-content\/uploads\/metal-usb-flash-drives-12x12.jpg 12w, https:\/\/www.usborkeychain.com\/wp-content\/uploads\/metal-usb-flash-drives-600x600.jpg 600w, https:\/\/www.usborkeychain.com\/wp-content\/uploads\/metal-usb-flash-drives-100x100.jpg 100w\" sizes=\"(max-width: 800px) 100vw, 800px\" \/><\/figure>\n<\/div>\n\n\n\n<div class=\"wp-block-column is-layout-flow wp-block-column-is-layout-flow\">\n<figure class=\"wp-block-image size-full\"><img alt=\"\" loading=\"lazy\" decoding=\"async\" width=\"800\" height=\"800\" src=\"https:\/\/www.usborkeychain.com\/wp-content\/uploads\/custom-metal-flash-drive-usb.png\" class=\"wp-image-6894\" srcset=\"https:\/\/www.usborkeychain.com\/wp-content\/uploads\/custom-metal-flash-drive-usb.png 800w, https:\/\/www.usborkeychain.com\/wp-content\/uploads\/custom-metal-flash-drive-usb-300x300.png 300w, https:\/\/www.usborkeychain.com\/wp-content\/uploads\/custom-metal-flash-drive-usb-150x150.png 150w, https:\/\/www.usborkeychain.com\/wp-content\/uploads\/custom-metal-flash-drive-usb-768x768.png 768w, https:\/\/www.usborkeychain.com\/wp-content\/uploads\/custom-metal-flash-drive-usb-12x12.png 12w, https:\/\/www.usborkeychain.com\/wp-content\/uploads\/custom-metal-flash-drive-usb-600x600.png 600w, https:\/\/www.usborkeychain.com\/wp-content\/uploads\/custom-metal-flash-drive-usb-100x100.png 100w\" sizes=\"(max-width: 800px) 100vw, 800px\" \/><\/figure>\n<\/div>\n<\/div>\n\n\n\n<p><strong>Unidades flash USB personalizadas com cores met\u00e1licas<\/strong> redefinem o valor das unidades USB. Elas n\u00e3o s\u00e3o apenas ferramentas de armazenamento de dados, mas tamb\u00e9m conectores de marca baseados em cen\u00e1rios e acess\u00f3rios personalizados para o estilo de vida. Para compras em grandes quantidades ou planos de personaliza\u00e7\u00e3o, n\u00e3o hesite em entrar em contato conosco para cooperar e desbloquear mais possibilidades de aplica\u00e7\u00e3o.<\/p>\n\n\n\n<div class=\"wp-block-columns is-layout-flex wp-container-core-columns-is-layout-28f84493 wp-block-columns-is-layout-flex\">\n<div class=\"wp-block-column is-layout-flow wp-block-column-is-layout-flow\">\n<figure class=\"wp-block-image size-full\"><img alt=\"\" loading=\"lazy\" decoding=\"async\" width=\"800\" height=\"800\" src=\"https:\/\/www.usborkeychain.com\/wp-content\/uploads\/custom-metal-usb-flash-drives.jpg\" class=\"wp-image-6896\" srcset=\"https:\/\/www.usborkeychain.com\/wp-content\/uploads\/custom-metal-usb-flash-drives.jpg 800w, https:\/\/www.usborkeychain.com\/wp-content\/uploads\/custom-metal-usb-flash-drives-300x300.jpg 300w, https:\/\/www.usborkeychain.com\/wp-content\/uploads\/custom-metal-usb-flash-drives-150x150.jpg 150w, https:\/\/www.usborkeychain.com\/wp-content\/uploads\/custom-metal-usb-flash-drives-768x768.jpg 768w, https:\/\/www.usborkeychain.com\/wp-content\/uploads\/custom-metal-usb-flash-drives-12x12.jpg 12w, https:\/\/www.usborkeychain.com\/wp-content\/uploads\/custom-metal-usb-flash-drives-600x600.jpg 600w, https:\/\/www.usborkeychain.com\/wp-content\/uploads\/custom-metal-usb-flash-drives-100x100.jpg 100w\" sizes=\"(max-width: 800px) 100vw, 800px\" \/><\/figure>\n<\/div>\n\n\n\n<div class=\"wp-block-column is-layout-flow wp-block-column-is-layout-flow\">\n<figure class=\"wp-block-image size-full\"><img alt=\"\" loading=\"lazy\" decoding=\"async\" width=\"800\" height=\"800\" src=\"https:\/\/www.usborkeychain.com\/wp-content\/uploads\/bulk-metal-usb-flash-drive.jpg\" class=\"wp-image-6890\" srcset=\"https:\/\/www.usborkeychain.com\/wp-content\/uploads\/bulk-metal-usb-flash-drive.jpg 800w, https:\/\/www.usborkeychain.com\/wp-content\/uploads\/bulk-metal-usb-flash-drive-300x300.jpg 300w, https:\/\/www.usborkeychain.com\/wp-content\/uploads\/bulk-metal-usb-flash-drive-150x150.jpg 150w, https:\/\/www.usborkeychain.com\/wp-content\/uploads\/bulk-metal-usb-flash-drive-768x768.jpg 768w, https:\/\/www.usborkeychain.com\/wp-content\/uploads\/bulk-metal-usb-flash-drive-12x12.jpg 12w, https:\/\/www.usborkeychain.com\/wp-content\/uploads\/bulk-metal-usb-flash-drive-600x600.jpg 600w, https:\/\/www.usborkeychain.com\/wp-content\/uploads\/bulk-metal-usb-flash-drive-100x100.jpg 100w\" sizes=\"(max-width: 800px) 100vw, 800px\" \/><\/figure>\n<\/div>\n<\/div>","protected":false},"excerpt":{"rendered":"<ul>\n<li>USB 2.0\/3.0<\/li>\n<li>Leitura e grava\u00e7\u00e3o em alta velocidade<\/li>\n<li>Plug and play<\/li>\n<li>Personaliza\u00e7\u00e3o do logotipo e da cor<\/li>\n<li>\u00a0MOQ:100pcs<\/li>\n<\/ul>","protected":false},"featured_media":6902,"comment_status":"open","ping_status":"closed","template":"","meta":{"_seopress_robots_primary_cat":"","_seopress_titles_title":"","_seopress_titles_desc":"","_seopress_robots_index":"","site-sidebar-layout":"default","site-content-layout":"","ast-site-content-layout":"","site-content-style":"default","site-sidebar-style":"default","ast-global-header-display":"","ast-banner-title-visibility":"","ast-main-header-display":"","ast-hfb-above-header-display":"","ast-hfb-below-header-display":"","ast-hfb-mobile-header-display":"","site-post-title":"","ast-breadcrumbs-content":"","ast-featured-img":"","footer-sml-layout":"","theme-transparent-header-meta":"","adv-header-id-meta":"","stick-header-meta":"","header-above-stick-meta":"","header-main-stick-meta":"","header-below-stick-meta":"","astra-migrate-meta-layouts":"default","ast-page-background-enabled":"default","ast-page-background-meta":{"desktop":{"background-color":"var(--ast-global-color-5)","background-image":"","background-repeat":"repeat","background-position":"center center","background-size":"auto","background-attachment":"scroll","background-type":"","background-media":"","overlay-type":"","overlay-color":"","overlay-opacity":"","overlay-gradient":""},"tablet":{"background-color":"","background-image":"","background-repeat":"repeat","background-position":"center center","background-size":"auto","background-attachment":"scroll","background-type":"","background-media":"","overlay-type":"","overlay-color":"","overlay-opacity":"","overlay-gradient":""},"mobile":{"background-color":"","background-image":"","background-repeat":"repeat","background-position":"center center","background-size":"auto","background-attachment":"scroll","background-type":"","background-media":"","overlay-type":"","overlay-color":"","overlay-opacity":"","overlay-gradient":""}},"ast-content-background-meta":{"desktop":{"background-color":"var(--ast-global-color-4)","background-image":"","background-repeat":"repeat","background-position":"center center","background-size":"auto","background-attachment":"scroll","background-type":"","background-media":"","overlay-type":"","overlay-color":"","overlay-opacity":"","overlay-gradient":""},"tablet":{"background-color":"var(--ast-global-color-4)","background-image":"","background-repeat":"repeat","background-position":"center center","background-size":"auto","background-attachment":"scroll","background-type":"","background-media":"","overlay-type":"","overlay-color":"","overlay-opacity":"","overlay-gradient":""},"mobile":{"background-color":"var(--ast-global-color-4)","background-image":"","background-repeat":"repeat","background-position":"center center","background-size":"auto","background-attachment":"scroll","background-type":"","background-media":"","overlay-type":"","overlay-color":"","overlay-opacity":"","overlay-gradient":""}}},"product_brand":[],"product_cat":[89,103],"product_tag":[398],"class_list":{"0":"post-6885","1":"product","2":"type-product","3":"status-publish","4":"has-post-thumbnail","6":"product_cat-metal-usb-pendrive","7":"product_cat-usb2-0-usb-pendrive","8":"product_tag-aluminum-usb-drive","9":"desktop-align-left","10":"tablet-align-left","11":"mobile-align-left","13":"first","14":"instock","15":"shipping-taxable","16":"product-type-simple"},"_links":{"self":[{"href":"https:\/\/www.usborkeychain.com\/pt\/wp-json\/wp\/v2\/product\/6885","targetHints":{"allow":["GET"]}}],"collection":[{"href":"https:\/\/www.usborkeychain.com\/pt\/wp-json\/wp\/v2\/product"}],"about":[{"href":"https:\/\/www.usborkeychain.com\/pt\/wp-json\/wp\/v2\/types\/product"}],"replies":[{"embeddable":true,"href":"https:\/\/www.usborkeychain.com\/pt\/wp-json\/wp\/v2\/comments?post=6885"}],"wp:featuredmedia":[{"embeddable":true,"href":"https:\/\/www.usborkeychain.com\/pt\/wp-json\/wp\/v2\/media\/6902"}],"wp:attachment":[{"href":"https:\/\/www.usborkeychain.com\/pt\/wp-json\/wp\/v2\/media?parent=6885"}],"wp:term":[{"taxonomy":"product_brand","embeddable":true,"href":"https:\/\/www.usborkeychain.com\/pt\/wp-json\/wp\/v2\/product_brand?post=6885"},{"taxonomy":"product_cat","embeddable":true,"href":"https:\/\/www.usborkeychain.com\/pt\/wp-json\/wp\/v2\/product_cat?post=6885"},{"taxonomy":"product_tag","embeddable":true,"href":"https:\/\/www.usborkeychain.com\/pt\/wp-json\/wp\/v2\/product_tag?post=6885"}],"curies":[{"name":"wp","href":"https:\/\/api.w.org\/{rel}","templated":true}]}}