{"id":6903,"date":"2025-08-14T12:04:34","date_gmt":"2025-08-14T12:04:34","guid":{"rendered":"https:\/\/www.usborkeychain.com\/?post_type=product&#038;p=6903"},"modified":"2025-08-16T03:05:38","modified_gmt":"2025-08-16T03:05:38","slug":"clip-usb-flash-drive","status":"publish","type":"product","link":"https:\/\/www.usborkeychain.com\/pt\/produto\/clip-usb-flash-drive\/","title":{"rendered":"Unidade flash USB Clip"},"content":{"rendered":"<div class=\"wp-block-columns is-layout-flex wp-container-core-columns-is-layout-28f84493 wp-block-columns-is-layout-flex\">\n<div class=\"wp-block-column is-vertically-aligned-center is-layout-flow wp-block-column-is-layout-flow\">\n<p>A unidade flash USB Clip apresenta um inv\u00f3lucro feito de liga de alum\u00ednio ou liga de a\u00e7o inoxid\u00e1vel, combinando leveza e robustez. Seu design com clipe permite que ele seja facilmente fixado em pastas de arquivos, bordas de notebooks, crach\u00e1s de identifica\u00e7\u00e3o ou at\u00e9 mesmo em bolsos, tornando-o prontamente acess\u00edvel sempre que necess\u00e1rio e solucionando completamente o problema comum das unidades USB tradicionais, que tendem a se perder.<\/p>\n\n\n\n<p>Quando o clipe \u00e9 fechado, a porta USB fica totalmente fechada, evitando danos causados por poeira e arranh\u00f5es e prolongando a vida \u00fatil da unidade.<\/p>\n\n\n\n<p>Com linhas met\u00e1licas elegantes e acabamentos foscos ou brilhantes (como prata fosco, vermelho brilhante e azul com colora\u00e7\u00e3o eletrofor\u00e9tica), ele \u00e9 adequado para v\u00e1rios cen\u00e1rios, incluindo neg\u00f3cios, uso em escrit\u00f3rio e presentes.<\/p>\n\n\n\n<p>As superf\u00edcies planas na frente e nas laterais do clipe permitem a impress\u00e3o personalizada de logotipos, slogans e padr\u00f5es.<\/p>\n<\/div>\n\n\n\n<div class=\"wp-block-column is-vertically-aligned-center is-layout-flow wp-block-column-is-layout-flow\">\n<figure class=\"wp-block-image size-full\"><img alt=\"\" fetchpriority=\"high\" decoding=\"async\" width=\"800\" height=\"800\" src=\"https:\/\/www.usborkeychain.com\/wp-content\/uploads\/Clip-USB-Flash-Drive-Book-Clip-U-Disk.png\" class=\"wp-image-6907\" srcset=\"https:\/\/www.usborkeychain.com\/wp-content\/uploads\/Clip-USB-Flash-Drive-Book-Clip-U-Disk.png 800w, https:\/\/www.usborkeychain.com\/wp-content\/uploads\/Clip-USB-Flash-Drive-Book-Clip-U-Disk-300x300.png 300w, https:\/\/www.usborkeychain.com\/wp-content\/uploads\/Clip-USB-Flash-Drive-Book-Clip-U-Disk-150x150.png 150w, https:\/\/www.usborkeychain.com\/wp-content\/uploads\/Clip-USB-Flash-Drive-Book-Clip-U-Disk-768x768.png 768w, https:\/\/www.usborkeychain.com\/wp-content\/uploads\/Clip-USB-Flash-Drive-Book-Clip-U-Disk-12x12.png 12w, https:\/\/www.usborkeychain.com\/wp-content\/uploads\/Clip-USB-Flash-Drive-Book-Clip-U-Disk-600x600.png 600w, https:\/\/www.usborkeychain.com\/wp-content\/uploads\/Clip-USB-Flash-Drive-Book-Clip-U-Disk-100x100.png 100w\" sizes=\"(max-width: 800px) 100vw, 800px\" \/><\/figure>\n<\/div>\n<\/div>\n\n\n\n<h2 class=\"wp-block-heading\">Par\u00e2metros principais da unidade USB<\/h2>\n\n\n\n<figure class=\"wp-block-table\"><table class=\"has-fixed-layout\"><thead><tr><th>Item de par\u00e2metro<\/th><th>Especifica\u00e7\u00f5es detalhadas<\/th><\/tr><\/thead><tbody><tr><td>Op\u00e7\u00f5es de capacidade<\/td><td>8 GB, 16 GB, 32 GB, 64 GB, 128 GB<\/td><\/tr><tr><td>Dimens\u00f5es f\u00edsicas<\/td><td>45 mm (comprimento) \u00d7 12 mm (largura) \u00d7 4 mm (espessura)<\/td><\/tr><tr><td>Peso<\/td><td>Aproximadamente 8g<\/td><\/tr><tr><td>Tipo de interface<\/td><td>USB 2.0 \/ USB 3.0<\/td><\/tr><tr><td>Classifica\u00e7\u00e3o \u00e0 prova d'\u00e1gua<\/td><td>IPX4 (resistente a respingos de \u00e1gua, n\u00e3o imers\u00edvel)<\/td><\/tr><tr><td>Compatibilidade do sistema<\/td><td>Windows, Mac OS, Linux, Android (requer a fun\u00e7\u00e3o OTG)<\/td><\/tr><\/tbody><\/table><\/figure>\n\n\n\n<h2 class=\"wp-block-heading\">Processos de personaliza\u00e7\u00e3o de logotipos<\/h2>\n\n\n\n<div class=\"wp-block-columns is-layout-flex wp-container-core-columns-is-layout-28f84493 wp-block-columns-is-layout-flex\">\n<div class=\"wp-block-column is-layout-flow wp-block-column-is-layout-flow\">\n<figure class=\"wp-block-image size-full\"><img alt=\"\" decoding=\"async\" width=\"800\" height=\"800\" src=\"https:\/\/www.usborkeychain.com\/wp-content\/uploads\/metal-clip-usb-flash-drive.jpg\" class=\"wp-image-6909\" srcset=\"https:\/\/www.usborkeychain.com\/wp-content\/uploads\/metal-clip-usb-flash-drive.jpg 800w, https:\/\/www.usborkeychain.com\/wp-content\/uploads\/metal-clip-usb-flash-drive-300x300.jpg 300w, https:\/\/www.usborkeychain.com\/wp-content\/uploads\/metal-clip-usb-flash-drive-150x150.jpg 150w, https:\/\/www.usborkeychain.com\/wp-content\/uploads\/metal-clip-usb-flash-drive-768x768.jpg 768w, https:\/\/www.usborkeychain.com\/wp-content\/uploads\/metal-clip-usb-flash-drive-12x12.jpg 12w, https:\/\/www.usborkeychain.com\/wp-content\/uploads\/metal-clip-usb-flash-drive-600x600.jpg 600w, https:\/\/www.usborkeychain.com\/wp-content\/uploads\/metal-clip-usb-flash-drive-100x100.jpg 100w\" sizes=\"(max-width: 800px) 100vw, 800px\" \/><\/figure>\n\n\n\n<h4 class=\"wp-block-heading\">Grava\u00e7\u00e3o a laser<\/h4>\n\n\n\n<ul class=\"wp-block-list\">\n<li>Usa laser de alta energia para gravar a superf\u00edcie do metal, criando uma marca permanente.<\/li>\n\n\n\n<li>Extremamente resistente ao desgaste, ideal para logotipos ou textos simples, destacando uma textura de alta qualidade.<\/li>\n\n\n\n<li>Limita\u00e7\u00f5es: Suporta apenas designs de uma \u00fanica cor (cor original met\u00e1lica ou efeito de grava\u00e7\u00e3o escura).<\/li>\n<\/ul>\n<\/div>\n\n\n\n<div class=\"wp-block-column is-layout-flow wp-block-column-is-layout-flow\">\n<figure class=\"wp-block-image size-full\"><img alt=\"\" decoding=\"async\" width=\"800\" height=\"800\" src=\"https:\/\/www.usborkeychain.com\/wp-content\/uploads\/metal-usb-drives.jpg\" class=\"wp-image-6910\" srcset=\"https:\/\/www.usborkeychain.com\/wp-content\/uploads\/metal-usb-drives.jpg 800w, https:\/\/www.usborkeychain.com\/wp-content\/uploads\/metal-usb-drives-300x300.jpg 300w, https:\/\/www.usborkeychain.com\/wp-content\/uploads\/metal-usb-drives-150x150.jpg 150w, https:\/\/www.usborkeychain.com\/wp-content\/uploads\/metal-usb-drives-768x768.jpg 768w, https:\/\/www.usborkeychain.com\/wp-content\/uploads\/metal-usb-drives-12x12.jpg 12w, https:\/\/www.usborkeychain.com\/wp-content\/uploads\/metal-usb-drives-600x600.jpg 600w, https:\/\/www.usborkeychain.com\/wp-content\/uploads\/metal-usb-drives-100x100.jpg 100w\" sizes=\"(max-width: 800px) 100vw, 800px\" \/><\/figure>\n\n\n\n<h4 class=\"wp-block-heading\">Impress\u00e3o em tela<\/h4>\n\n\n\n<ul class=\"wp-block-list\">\n<li>Transfere a tinta para a superf\u00edcie met\u00e1lica por meio de uma tela de malha e a cura para a forma.<\/li>\n\n\n\n<li>Suporta designs coloridos (gradientes de at\u00e9 4 cores) com baixos custos de produ\u00e7\u00e3o em massa, adequados para padr\u00f5es complexos ou logotipos de marcas vibrantes.<\/li>\n\n\n\n<li>Um pouco menos preciso do que a grava\u00e7\u00e3o a laser; a tinta pode se desgastar com o atrito prolongado.<\/li>\n<\/ul>\n<\/div>\n\n\n\n<div class=\"wp-block-column is-layout-flow wp-block-column-is-layout-flow\">\n<figure class=\"wp-block-image size-full\"><img alt=\"\" loading=\"lazy\" decoding=\"async\" width=\"800\" height=\"800\" src=\"https:\/\/www.usborkeychain.com\/wp-content\/uploads\/metal-usb-flash-drive-1.jpg\" class=\"wp-image-6911\" srcset=\"https:\/\/www.usborkeychain.com\/wp-content\/uploads\/metal-usb-flash-drive-1.jpg 800w, https:\/\/www.usborkeychain.com\/wp-content\/uploads\/metal-usb-flash-drive-1-300x300.jpg 300w, https:\/\/www.usborkeychain.com\/wp-content\/uploads\/metal-usb-flash-drive-1-150x150.jpg 150w, https:\/\/www.usborkeychain.com\/wp-content\/uploads\/metal-usb-flash-drive-1-768x768.jpg 768w, https:\/\/www.usborkeychain.com\/wp-content\/uploads\/metal-usb-flash-drive-1-12x12.jpg 12w, https:\/\/www.usborkeychain.com\/wp-content\/uploads\/metal-usb-flash-drive-1-600x600.jpg 600w, https:\/\/www.usborkeychain.com\/wp-content\/uploads\/metal-usb-flash-drive-1-100x100.jpg 100w\" sizes=\"(max-width: 800px) 100vw, 800px\" \/><\/figure>\n\n\n\n<h4 class=\"wp-block-heading\">Impress\u00e3o UV<\/h4>\n\n\n\n<ul class=\"wp-block-list\">\n<li>Pulveriza diretamente a tinta UV e a cura com luz ultravioleta, obtendo padr\u00f5es coloridos de alta defini\u00e7\u00e3o.<\/li>\n\n\n\n<li>Suporta detalhes em n\u00edvel de foto e cores gradientes, perfeitos para designs art\u00edsticos.<\/li>\n\n\n\n<li>Menor resist\u00eancia ao desgaste em compara\u00e7\u00e3o com a grava\u00e7\u00e3o a laser ou a impress\u00e3o em tela; recomendado para \u00e1reas com atrito de baixa frequ\u00eancia.<\/li>\n<\/ul>\n<\/div>\n<\/div>\n\n\n\n<h2 class=\"wp-block-heading\">Principais vantagens da unidade flash USB Clip<\/h2>\n\n\n\n<div class=\"wp-block-columns is-layout-flex wp-container-core-columns-is-layout-28f84493 wp-block-columns-is-layout-flex\">\n<div class=\"wp-block-column is-layout-flow wp-block-column-is-layout-flow\">\n<h3 class=\"wp-block-heading\">Seguran\u00e7a<\/h3>\n\n\n\n<ul class=\"wp-block-list\">\n<li>Prote\u00e7\u00e3o do hardware: O inv\u00f3lucro de metal amortece os impactos, reduzindo os danos ao chip causados por quedas e \u6324\u538b (aperto).<\/li>\n\n\n\n<li>Seguran\u00e7a de dados: Oferece suporte a software de criptografia, combinado com prote\u00e7\u00e3o hot-swap da interface USB, minimizando o risco de perda de dados.<\/li>\n<\/ul>\n\n\n\n<h3 class=\"wp-block-heading\">Resist\u00eancia \u00e0 \u00e1gua<\/h3>\n\n\n\n<ul class=\"wp-block-list\">\n<li>Design \u00e0 prova d'\u00e1gua IPX4 (quando a porta est\u00e1 fechada), resistente ao contato acidental com respingos, chuva e similares.<\/li>\n\n\n\n<li>Observa\u00e7\u00e3o: N\u00e3o exponha a porta a l\u00edquidos quando ela estiver descoberta para evitar curtos-circuitos.<\/li>\n<\/ul>\n<\/div>\n\n\n\n<div class=\"wp-block-column is-vertically-aligned-center is-layout-flow wp-block-column-is-layout-flow\">\n<figure class=\"wp-block-image size-full\"><img alt=\"\" loading=\"lazy\" decoding=\"async\" width=\"800\" height=\"800\" src=\"https:\/\/www.usborkeychain.com\/wp-content\/uploads\/Clip-USB-Drive.jpg\" class=\"wp-image-6906\" srcset=\"https:\/\/www.usborkeychain.com\/wp-content\/uploads\/Clip-USB-Drive.jpg 800w, https:\/\/www.usborkeychain.com\/wp-content\/uploads\/Clip-USB-Drive-300x300.jpg 300w, https:\/\/www.usborkeychain.com\/wp-content\/uploads\/Clip-USB-Drive-150x150.jpg 150w, https:\/\/www.usborkeychain.com\/wp-content\/uploads\/Clip-USB-Drive-768x768.jpg 768w, https:\/\/www.usborkeychain.com\/wp-content\/uploads\/Clip-USB-Drive-12x12.jpg 12w, https:\/\/www.usborkeychain.com\/wp-content\/uploads\/Clip-USB-Drive-600x600.jpg 600w, https:\/\/www.usborkeychain.com\/wp-content\/uploads\/Clip-USB-Drive-100x100.jpg 100w\" sizes=\"(max-width: 800px) 100vw, 800px\" \/><\/figure>\n<\/div>\n<\/div>\n\n\n\n<div class=\"wp-block-columns is-layout-flex wp-container-core-columns-is-layout-28f84493 wp-block-columns-is-layout-flex\">\n<div class=\"wp-block-column is-vertically-aligned-center is-layout-flow wp-block-column-is-layout-flow\">\n<figure class=\"wp-block-image size-full\"><img alt=\"\" loading=\"lazy\" decoding=\"async\" width=\"800\" height=\"800\" src=\"https:\/\/www.usborkeychain.com\/wp-content\/uploads\/clip-usb-flash-drives.png\" class=\"wp-image-6908\" srcset=\"https:\/\/www.usborkeychain.com\/wp-content\/uploads\/clip-usb-flash-drives.png 800w, https:\/\/www.usborkeychain.com\/wp-content\/uploads\/clip-usb-flash-drives-300x300.png 300w, https:\/\/www.usborkeychain.com\/wp-content\/uploads\/clip-usb-flash-drives-150x150.png 150w, https:\/\/www.usborkeychain.com\/wp-content\/uploads\/clip-usb-flash-drives-768x768.png 768w, https:\/\/www.usborkeychain.com\/wp-content\/uploads\/clip-usb-flash-drives-12x12.png 12w, https:\/\/www.usborkeychain.com\/wp-content\/uploads\/clip-usb-flash-drives-600x600.png 600w, https:\/\/www.usborkeychain.com\/wp-content\/uploads\/clip-usb-flash-drives-100x100.png 100w\" sizes=\"(max-width: 800px) 100vw, 800px\" \/><\/figure>\n<\/div>\n\n\n\n<div class=\"wp-block-column is-vertically-aligned-center is-layout-flow wp-block-column-is-layout-flow\">\n<h3 class=\"wp-block-heading\">Durabilidade<\/h3>\n\n\n\n<ul class=\"wp-block-list\">\n<li>Vida \u00fatil do material: O metal oferece forte resist\u00eancia \u00e0 corros\u00e3o e \u00e0 oxida\u00e7\u00e3o; em ambientes externos, sua vida \u00fatil \u00e9 de 3 a 5 vezes maior do que a das unidades USB de pl\u00e1stico.<\/li>\n\n\n\n<li>Durabilidade estrutural: A mola do clipe \u00e9 feita de liga refor\u00e7ada, testada para suportar mais de 10.000 aberturas e fechamentos sem deforma\u00e7\u00e3o durante o uso prolongado.<\/li>\n<\/ul>\n\n\n\n<h3 class=\"wp-block-heading\">Vantagens do cen\u00e1rio<\/h3>\n\n\n\n<ul class=\"wp-block-list\">\n<li>Brindes para empresas: A textura met\u00e1lica combinada com um logotipo personalizado aprimora a imagem da marca.<\/li>\n\n\n\n<li>Efici\u00eancia no escrit\u00f3rio: O design do clipe se integra ao gerenciamento de arquivos, eliminando o inc\u00f4modo de perder unidades USB.<\/li>\n\n\n\n<li>Uso externo: Sua durabilidade e resist\u00eancia \u00e0 \u00e1gua atendem \u00e0s rigorosas demandas de viagens de neg\u00f3cios e trabalho ao ar livre.<\/li>\n<\/ul>\n<\/div>\n<\/div>\n\n\n\n<p>O<strong> Unidade flash USB Clip<\/strong> rompe as limita\u00e7\u00f5es de portabilidade das unidades USB tradicionais com seu \"design de clipe de metal\". Ele atende \u00e0s necessidades de personaliza\u00e7\u00e3o da marca por meio de processos de personaliza\u00e7\u00e3o altamente compat\u00edveis e garante a seguran\u00e7a dos dados e a longevidade do produto, aproveitando a seguran\u00e7a e a durabilidade dos materiais met\u00e1licos. Variando desde o n\u00edvel b\u00e1sico de 8 GB at\u00e9 a grande capacidade de 128 GB, e adequado tanto para presentear empresas quanto para uso pessoal no escrit\u00f3rio, seus atributos duplos de \"praticidade + fortalecimento da marca\" fazem dele um produto de refer\u00eancia no mercado atual de dispositivos de armazenamento, combinando funcionalidade e valor de marketing. Seja voc\u00ea uma empresa que compra produtos personalizados, planeja presentes para eventos ou um usu\u00e1rio individual que busca ferramentas de armazenamento de alta qualidade, a unidade flash USB Clip proporciona uma experi\u00eancia que excede as expectativas com seu desempenho profissional e design requintado.<\/p>","protected":false},"excerpt":{"rendered":"<ul>\n<li>Design exclusivo com clipe - prende-se a livros, pastas e pap\u00e9is<\/li>\n<li>Corpo totalmente met\u00e1lico dur\u00e1vel com acabamento polido<\/li>\n<li>Compat\u00edvel com todos os principais sistemas operacionais<\/li>\n<li>Logotipo personalizado<\/li>\n<li>MOQ:100pcs<\/li>\n<\/ul>","protected":false},"featured_media":6908,"comment_status":"open","ping_status":"closed","template":"","meta":{"_seopress_robots_primary_cat":"","_seopress_titles_title":"","_seopress_titles_desc":"","_seopress_robots_index":"","site-sidebar-layout":"default","site-content-layout":"","ast-site-content-layout":"","site-content-style":"default","site-sidebar-style":"default","ast-global-header-display":"","ast-banner-title-visibility":"","ast-main-header-display":"","ast-hfb-above-header-display":"","ast-hfb-below-header-display":"","ast-hfb-mobile-header-display":"","site-post-title":"","ast-breadcrumbs-content":"","ast-featured-img":"","footer-sml-layout":"","theme-transparent-header-meta":"","adv-header-id-meta":"","stick-header-meta":"","header-above-stick-meta":"","header-main-stick-meta":"","header-below-stick-meta":"","astra-migrate-meta-layouts":"default","ast-page-background-enabled":"default","ast-page-background-meta":{"desktop":{"background-color":"var(--ast-global-color-5)","background-image":"","background-repeat":"repeat","background-position":"center center","background-size":"auto","background-attachment":"scroll","background-type":"","background-media":"","overlay-type":"","overlay-color":"","overlay-opacity":"","overlay-gradient":""},"tablet":{"background-color":"","background-image":"","background-repeat":"repeat","background-position":"center center","background-size":"auto","background-attachment":"scroll","background-type":"","background-media":"","overlay-type":"","overlay-color":"","overlay-opacity":"","overlay-gradient":""},"mobile":{"background-color":"","background-image":"","background-repeat":"repeat","background-position":"center center","background-size":"auto","background-attachment":"scroll","background-type":"","background-media":"","overlay-type":"","overlay-color":"","overlay-opacity":"","overlay-gradient":""}},"ast-content-background-meta":{"desktop":{"background-color":"var(--ast-global-color-4)","background-image":"","background-repeat":"repeat","background-position":"center center","background-size":"auto","background-attachment":"scroll","background-type":"","background-media":"","overlay-type":"","overlay-color":"","overlay-opacity":"","overlay-gradient":""},"tablet":{"background-color":"var(--ast-global-color-4)","background-image":"","background-repeat":"repeat","background-position":"center center","background-size":"auto","background-attachment":"scroll","background-type":"","background-media":"","overlay-type":"","overlay-color":"","overlay-opacity":"","overlay-gradient":""},"mobile":{"background-color":"var(--ast-global-color-4)","background-image":"","background-repeat":"repeat","background-position":"center center","background-size":"auto","background-attachment":"scroll","background-type":"","background-media":"","overlay-type":"","overlay-color":"","overlay-opacity":"","overlay-gradient":""}}},"product_brand":[],"product_cat":[89,103],"product_tag":[398],"class_list":{"0":"post-6903","1":"product","2":"type-product","3":"status-publish","4":"has-post-thumbnail","6":"product_cat-metal-usb-pendrive","7":"product_cat-usb2-0-usb-pendrive","8":"product_tag-aluminum-usb-drive","9":"desktop-align-left","10":"tablet-align-left","11":"mobile-align-left","13":"first","14":"instock","15":"shipping-taxable","16":"product-type-simple"},"_links":{"self":[{"href":"https:\/\/www.usborkeychain.com\/pt\/wp-json\/wp\/v2\/product\/6903","targetHints":{"allow":["GET"]}}],"collection":[{"href":"https:\/\/www.usborkeychain.com\/pt\/wp-json\/wp\/v2\/product"}],"about":[{"href":"https:\/\/www.usborkeychain.com\/pt\/wp-json\/wp\/v2\/types\/product"}],"replies":[{"embeddable":true,"href":"https:\/\/www.usborkeychain.com\/pt\/wp-json\/wp\/v2\/comments?post=6903"}],"wp:featuredmedia":[{"embeddable":true,"href":"https:\/\/www.usborkeychain.com\/pt\/wp-json\/wp\/v2\/media\/6908"}],"wp:attachment":[{"href":"https:\/\/www.usborkeychain.com\/pt\/wp-json\/wp\/v2\/media?parent=6903"}],"wp:term":[{"taxonomy":"product_brand","embeddable":true,"href":"https:\/\/www.usborkeychain.com\/pt\/wp-json\/wp\/v2\/product_brand?post=6903"},{"taxonomy":"product_cat","embeddable":true,"href":"https:\/\/www.usborkeychain.com\/pt\/wp-json\/wp\/v2\/product_cat?post=6903"},{"taxonomy":"product_tag","embeddable":true,"href":"https:\/\/www.usborkeychain.com\/pt\/wp-json\/wp\/v2\/product_tag?post=6903"}],"curies":[{"name":"wp","href":"https:\/\/api.w.org\/{rel}","templated":true}]}}