{"id":7401,"date":"2025-08-19T10:46:07","date_gmt":"2025-08-19T10:46:07","guid":{"rendered":"https:\/\/www.usborkeychain.com\/?post_type=product&#038;p=7401"},"modified":"2025-08-19T10:50:19","modified_gmt":"2025-08-19T10:50:19","slug":"swivel-usb-flash-drive","status":"publish","type":"product","link":"https:\/\/www.usborkeychain.com\/pt\/produto\/swivel-usb-flash-drive\/","title":{"rendered":"Unidade flash USB girat\u00f3ria"},"content":{"rendered":"<div class=\"wp-block-columns are-vertically-aligned-center is-layout-flex wp-container-core-columns-is-layout-28f84493 wp-block-columns-is-layout-flex\">\n<div class=\"wp-block-column is-vertically-aligned-center is-layout-flow wp-block-column-is-layout-flow\">\n<p>O <strong>Unidade flash USB girat\u00f3ria<\/strong> \u00e9 feito de um <strong>Corpo de pl\u00e1stico ABS<\/strong> e um <strong>concha escovada em liga de alum\u00ednio<\/strong>. <\/p>\n\n\n\n<p>O corpo de pl\u00e1stico ABS adota material ABS com excelente resist\u00eancia a impactos, que \u00e9 leve e resistente. Ele n\u00e3o \u00e9 facilmente danificado por quedas ou apertos di\u00e1rios, al\u00e9m de reduzir o peso total e aumentar a portabilidade. <\/p>\n\n\n\n<p>Carca\u00e7a escovada em liga de alum\u00ednio: O inv\u00f3lucro \u00e9 feito de liga de alum\u00ednio por meio de um processo de escova\u00e7\u00e3o, que pode reduzir os res\u00edduos de impress\u00f5es digitais e manter a apar\u00eancia limpa mesmo ap\u00f3s o uso prolongado.<\/p>\n<\/div>\n\n\n\n<div class=\"wp-block-column is-vertically-aligned-center is-layout-flow wp-block-column-is-layout-flow\">\n<figure class=\"wp-block-image size-full\"><img alt=\"\" fetchpriority=\"high\" decoding=\"async\" width=\"800\" height=\"800\" src=\"https:\/\/www.usborkeychain.com\/wp-content\/uploads\/bulk-metal-swivel-usb-flash-drive-1.jpg\" class=\"wp-image-7404\" srcset=\"https:\/\/www.usborkeychain.com\/wp-content\/uploads\/bulk-metal-swivel-usb-flash-drive-1.jpg 800w, https:\/\/www.usborkeychain.com\/wp-content\/uploads\/bulk-metal-swivel-usb-flash-drive-1-300x300.jpg 300w, https:\/\/www.usborkeychain.com\/wp-content\/uploads\/bulk-metal-swivel-usb-flash-drive-1-150x150.jpg 150w, https:\/\/www.usborkeychain.com\/wp-content\/uploads\/bulk-metal-swivel-usb-flash-drive-1-768x768.jpg 768w, https:\/\/www.usborkeychain.com\/wp-content\/uploads\/bulk-metal-swivel-usb-flash-drive-1-12x12.jpg 12w, https:\/\/www.usborkeychain.com\/wp-content\/uploads\/bulk-metal-swivel-usb-flash-drive-1-600x600.jpg 600w, https:\/\/www.usborkeychain.com\/wp-content\/uploads\/bulk-metal-swivel-usb-flash-drive-1-100x100.jpg 100w\" sizes=\"(max-width: 800px) 100vw, 800px\" \/><\/figure>\n<\/div>\n<\/div>\n\n\n\n<div class=\"wp-block-columns is-layout-flex wp-container-core-columns-is-layout-28f84493 wp-block-columns-is-layout-flex\">\n<div class=\"wp-block-column is-vertically-aligned-center is-layout-flow wp-block-column-is-layout-flow\">\n<p>Seu design exclusivo de rota\u00e7\u00e3o de 360\u00b0 permite que a interface USB seja girada para fora para inser\u00e7\u00e3o direta em dispositivos para transfer\u00eancia de dados quando em uso; quando n\u00e3o estiver em uso, pode ser girada de volta para dentro do inv\u00f3lucro para isolar poeira e arranh\u00f5es, protegendo a interface contra danos e melhorando significativamente a estabilidade da transfer\u00eancia de dados.<\/p>\n\n\n\n<p>O produto tem um buraco de fechadura embutido na lateral, que suporta chaveiros e cord\u00f5es. Ele pode ser preso diretamente a chaveiros, z\u00edperes de mochilas etc., resolvendo completamente o problema da perda f\u00e1cil das unidades USB tradicionais.<\/p>\n\n\n\n<p>Uma variedade de cores (como preto, roxo, azul, vermelho, etc.) est\u00e1 dispon\u00edvel para atender \u00e0s prefer\u00eancias est\u00e9ticas de usu\u00e1rios individuais e corporativos.<\/p>\n<\/div>\n\n\n\n<div class=\"wp-block-column is-layout-flow wp-block-column-is-layout-flow\">\n<figure class=\"wp-block-image size-full\"><img alt=\"\" decoding=\"async\" width=\"800\" height=\"800\" src=\"https:\/\/www.usborkeychain.com\/wp-content\/uploads\/bulk-swivel-plastic-usb-flash-drive.jpg\" class=\"wp-image-7405\" srcset=\"https:\/\/www.usborkeychain.com\/wp-content\/uploads\/bulk-swivel-plastic-usb-flash-drive.jpg 800w, https:\/\/www.usborkeychain.com\/wp-content\/uploads\/bulk-swivel-plastic-usb-flash-drive-300x300.jpg 300w, https:\/\/www.usborkeychain.com\/wp-content\/uploads\/bulk-swivel-plastic-usb-flash-drive-150x150.jpg 150w, https:\/\/www.usborkeychain.com\/wp-content\/uploads\/bulk-swivel-plastic-usb-flash-drive-768x768.jpg 768w, https:\/\/www.usborkeychain.com\/wp-content\/uploads\/bulk-swivel-plastic-usb-flash-drive-12x12.jpg 12w, https:\/\/www.usborkeychain.com\/wp-content\/uploads\/bulk-swivel-plastic-usb-flash-drive-600x600.jpg 600w, https:\/\/www.usborkeychain.com\/wp-content\/uploads\/bulk-swivel-plastic-usb-flash-drive-100x100.jpg 100w\" sizes=\"(max-width: 800px) 100vw, 800px\" \/><\/figure>\n<\/div>\n<\/div>\n\n\n\n<h2 class=\"wp-block-heading\">Par\u00e2metros principais da unidade flash USB girat\u00f3ria<\/h2>\n\n\n\n<figure class=\"wp-block-table\"><table class=\"has-fixed-layout\"><thead><tr><th>Categoria de par\u00e2metro<\/th><th>Especifica\u00e7\u00f5es detalhadas<\/th><\/tr><\/thead><tbody><tr><td>Capacidade<\/td><td>8 GB, 16 GB, 32 GB, 64 GB, 128 GB<\/td><\/tr><tr><td>Dimens\u00f5es (comprimento \u00d7 altura \u00d7 espessura)<\/td><td>57 mm \u00d7 19 mm \u00d7 10 mm<\/td><\/tr><tr><td>Peso<\/td><td>Aproximadamente 15g (com um erro de \u00b12g)<\/td><\/tr><tr><td>Tipo de interface<\/td><td>USB 2.0 \/ USB 3.0<\/td><\/tr><tr><td>Compatibilidade<\/td><td>Suporta sistemas Windows, Mac OS e Linux; compat\u00edvel com dispositivos automotivos, smart TVs, impressoras e outros equipamentos<\/td><\/tr><\/tbody><\/table><\/figure>\n\n\n\n<h2 class=\"wp-block-heading\">Processos de personaliza\u00e7\u00e3o de logotipos<\/h2>\n\n\n\n<div class=\"wp-block-columns is-layout-flex wp-container-core-columns-is-layout-28f84493 wp-block-columns-is-layout-flex\">\n<div class=\"wp-block-column is-vertically-aligned-center is-layout-flow wp-block-column-is-layout-flow\">\n<figure class=\"wp-block-image size-full\"><img alt=\"\" decoding=\"async\" width=\"800\" height=\"800\" src=\"https:\/\/www.usborkeychain.com\/wp-content\/uploads\/custom-swivel-usb-drives-1.jpg\" class=\"wp-image-7406\" srcset=\"https:\/\/www.usborkeychain.com\/wp-content\/uploads\/custom-swivel-usb-drives-1.jpg 800w, https:\/\/www.usborkeychain.com\/wp-content\/uploads\/custom-swivel-usb-drives-1-300x300.jpg 300w, https:\/\/www.usborkeychain.com\/wp-content\/uploads\/custom-swivel-usb-drives-1-150x150.jpg 150w, https:\/\/www.usborkeychain.com\/wp-content\/uploads\/custom-swivel-usb-drives-1-768x768.jpg 768w, https:\/\/www.usborkeychain.com\/wp-content\/uploads\/custom-swivel-usb-drives-1-12x12.jpg 12w, https:\/\/www.usborkeychain.com\/wp-content\/uploads\/custom-swivel-usb-drives-1-600x600.jpg 600w, https:\/\/www.usborkeychain.com\/wp-content\/uploads\/custom-swivel-usb-drives-1-100x100.jpg 100w\" sizes=\"(max-width: 800px) 100vw, 800px\" \/><\/figure>\n<\/div>\n\n\n\n<div class=\"wp-block-column is-vertically-aligned-center is-layout-flow wp-block-column-is-layout-flow\">\n<div class=\"wp-block-columns is-layout-flex wp-container-core-columns-is-layout-28f84493 wp-block-columns-is-layout-flex\">\n<div class=\"wp-block-column is-vertically-aligned-center is-layout-flow wp-block-column-is-layout-flow\"><\/div>\n\n\n\n<div class=\"wp-block-column is-vertically-aligned-center is-layout-flow wp-block-column-is-layout-flow\">\n<p><\/p>\n<\/div>\n<\/div>\n\n\n\n<ul class=\"wp-block-list\">\n<li>Grava\u00e7\u00e3o a laser: Para logotipos monocrom\u00e1ticos na concha de liga de alum\u00ednio. \u00c9 resistente ao desgaste, dur\u00e1vel e n\u00e3o \u00e9 f\u00e1cil de descascar, com uma textura de alta qualidade, especialmente adequada para empresas que precisam refletir profissionalismo e logotipos permanentes.<\/li>\n\n\n\n<li>Impress\u00e3o digital: Suporta impress\u00e3o em cores (como cores gradientes, logotipos completos da marca, padr\u00f5es com temas de eventos).<\/li>\n<\/ul>\n\n\n\n<p>Ambos os processos podem alcan\u00e7ar um posicionamento preciso, adaptando-se a diversos cen\u00e1rios, como brindes corporativos, promo\u00e7\u00f5es de eventos e perif\u00e9ricos culturais e criativos.<\/p>\n<\/div>\n<\/div>\n\n\n\n<h2 class=\"wp-block-heading\">Principais motivos para a popularidade da unidade flash USB girat\u00f3ria<\/h2>\n\n\n\n<div class=\"wp-block-columns is-layout-flex wp-container-core-columns-is-layout-28f84493 wp-block-columns-is-layout-flex\">\n<div class=\"wp-block-column is-layout-flow wp-block-column-is-layout-flow\">\n<figure class=\"wp-block-image size-full\"><img alt=\"\" loading=\"lazy\" decoding=\"async\" width=\"800\" height=\"800\" src=\"https:\/\/www.usborkeychain.com\/wp-content\/uploads\/custom-swivel-usb-flash-drive.jpg\" class=\"wp-image-7407\" srcset=\"https:\/\/www.usborkeychain.com\/wp-content\/uploads\/custom-swivel-usb-flash-drive.jpg 800w, https:\/\/www.usborkeychain.com\/wp-content\/uploads\/custom-swivel-usb-flash-drive-300x300.jpg 300w, https:\/\/www.usborkeychain.com\/wp-content\/uploads\/custom-swivel-usb-flash-drive-150x150.jpg 150w, https:\/\/www.usborkeychain.com\/wp-content\/uploads\/custom-swivel-usb-flash-drive-768x768.jpg 768w, https:\/\/www.usborkeychain.com\/wp-content\/uploads\/custom-swivel-usb-flash-drive-12x12.jpg 12w, https:\/\/www.usborkeychain.com\/wp-content\/uploads\/custom-swivel-usb-flash-drive-600x600.jpg 600w, https:\/\/www.usborkeychain.com\/wp-content\/uploads\/custom-swivel-usb-flash-drive-100x100.jpg 100w\" sizes=\"(max-width: 800px) 100vw, 800px\" \/><\/figure>\n\n\n\n<p>Port\u00e1til e f\u00e1cil de usar: o tamanho compacto, o design leve e o buraco da fechadura o tornam a op\u00e7\u00e3o ideal para transportar dados. O design girat\u00f3rio protege a interface e \u00e9 f\u00e1cil de usar.<\/p>\n<\/div>\n\n\n\n<div class=\"wp-block-column is-layout-flow wp-block-column-is-layout-flow\">\n<figure class=\"wp-block-image size-full\"><img alt=\"\" loading=\"lazy\" decoding=\"async\" width=\"800\" height=\"800\" src=\"https:\/\/www.usborkeychain.com\/wp-content\/uploads\/rotating-usb-flash-drive-1.jpg\" class=\"wp-image-7408\" srcset=\"https:\/\/www.usborkeychain.com\/wp-content\/uploads\/rotating-usb-flash-drive-1.jpg 800w, https:\/\/www.usborkeychain.com\/wp-content\/uploads\/rotating-usb-flash-drive-1-300x300.jpg 300w, https:\/\/www.usborkeychain.com\/wp-content\/uploads\/rotating-usb-flash-drive-1-150x150.jpg 150w, https:\/\/www.usborkeychain.com\/wp-content\/uploads\/rotating-usb-flash-drive-1-768x768.jpg 768w, https:\/\/www.usborkeychain.com\/wp-content\/uploads\/rotating-usb-flash-drive-1-12x12.jpg 12w, https:\/\/www.usborkeychain.com\/wp-content\/uploads\/rotating-usb-flash-drive-1-600x600.jpg 600w, https:\/\/www.usborkeychain.com\/wp-content\/uploads\/rotating-usb-flash-drive-1-100x100.jpg 100w\" sizes=\"(max-width: 800px) 100vw, 800px\" \/><\/figure>\n\n\n\n<p>Atraente e dur\u00e1vel: O inv\u00f3lucro de alum\u00ednio com um processo de escova\u00e7\u00e3o d\u00e1 a ele uma apar\u00eancia elegante e sofisticada que n\u00e3o \u00e9 propensa a marcas de impress\u00f5es digitais, e o material met\u00e1lico tamb\u00e9m oferece boa prote\u00e7\u00e3o f\u00edsica.<\/p>\n<\/div>\n<\/div>\n\n\n\n<div class=\"wp-block-columns is-layout-flex wp-container-core-columns-is-layout-28f84493 wp-block-columns-is-layout-flex\">\n<div class=\"wp-block-column is-layout-flow wp-block-column-is-layout-flow\">\n<figure class=\"wp-block-image size-full\"><img alt=\"\" loading=\"lazy\" decoding=\"async\" width=\"800\" height=\"800\" src=\"https:\/\/www.usborkeychain.com\/wp-content\/uploads\/swivel-usb-drive-1.jpg\" class=\"wp-image-7409\" srcset=\"https:\/\/www.usborkeychain.com\/wp-content\/uploads\/swivel-usb-drive-1.jpg 800w, https:\/\/www.usborkeychain.com\/wp-content\/uploads\/swivel-usb-drive-1-300x300.jpg 300w, https:\/\/www.usborkeychain.com\/wp-content\/uploads\/swivel-usb-drive-1-150x150.jpg 150w, https:\/\/www.usborkeychain.com\/wp-content\/uploads\/swivel-usb-drive-1-768x768.jpg 768w, https:\/\/www.usborkeychain.com\/wp-content\/uploads\/swivel-usb-drive-1-12x12.jpg 12w, https:\/\/www.usborkeychain.com\/wp-content\/uploads\/swivel-usb-drive-1-600x600.jpg 600w, https:\/\/www.usborkeychain.com\/wp-content\/uploads\/swivel-usb-drive-1-100x100.jpg 100w\" sizes=\"(max-width: 800px) 100vw, 800px\" \/><\/figure>\n\n\n\n<p>Design antifurto: O buraco da fechadura \u00e9 uma solu\u00e7\u00e3o pr\u00e1tica para evitar a perda de itens pequenos, melhorando muito a experi\u00eancia do usu\u00e1rio.<\/p>\n<\/div>\n\n\n\n<div class=\"wp-block-column is-layout-flow wp-block-column-is-layout-flow\">\n<figure class=\"wp-block-image size-full\"><img alt=\"\" loading=\"lazy\" decoding=\"async\" width=\"800\" height=\"800\" src=\"https:\/\/www.usborkeychain.com\/wp-content\/uploads\/swivel-usb-drives-cheapest-1.jpg\" class=\"wp-image-7410\" srcset=\"https:\/\/www.usborkeychain.com\/wp-content\/uploads\/swivel-usb-drives-cheapest-1.jpg 800w, https:\/\/www.usborkeychain.com\/wp-content\/uploads\/swivel-usb-drives-cheapest-1-300x300.jpg 300w, https:\/\/www.usborkeychain.com\/wp-content\/uploads\/swivel-usb-drives-cheapest-1-150x150.jpg 150w, https:\/\/www.usborkeychain.com\/wp-content\/uploads\/swivel-usb-drives-cheapest-1-768x768.jpg 768w, https:\/\/www.usborkeychain.com\/wp-content\/uploads\/swivel-usb-drives-cheapest-1-12x12.jpg 12w, https:\/\/www.usborkeychain.com\/wp-content\/uploads\/swivel-usb-drives-cheapest-1-600x600.jpg 600w, https:\/\/www.usborkeychain.com\/wp-content\/uploads\/swivel-usb-drives-cheapest-1-100x100.jpg 100w\" sizes=\"(max-width: 800px) 100vw, 800px\" \/><\/figure>\n\n\n\n<p>Altamente personaliz\u00e1vel: Suporta dois processos principais de personaliza\u00e7\u00e3o - grava\u00e7\u00e3o a laser e impress\u00e3o digital - atendendo \u00e0s diversas necessidades de brindes corporativos, itens promocionais ou lembran\u00e7as de equipes.<\/p>\n<\/div>\n<\/div>\n\n\n\n<div class=\"wp-block-columns is-layout-flex wp-container-core-columns-is-layout-28f84493 wp-block-columns-is-layout-flex\">\n<div class=\"wp-block-column is-layout-flow wp-block-column-is-layout-flow\">\n<figure class=\"wp-block-image size-full\"><img alt=\"\" loading=\"lazy\" decoding=\"async\" width=\"800\" height=\"800\" src=\"https:\/\/www.usborkeychain.com\/wp-content\/uploads\/swivel-usb-drives.jpg\" class=\"wp-image-7411\" srcset=\"https:\/\/www.usborkeychain.com\/wp-content\/uploads\/swivel-usb-drives.jpg 800w, https:\/\/www.usborkeychain.com\/wp-content\/uploads\/swivel-usb-drives-300x300.jpg 300w, https:\/\/www.usborkeychain.com\/wp-content\/uploads\/swivel-usb-drives-150x150.jpg 150w, https:\/\/www.usborkeychain.com\/wp-content\/uploads\/swivel-usb-drives-768x768.jpg 768w, https:\/\/www.usborkeychain.com\/wp-content\/uploads\/swivel-usb-drives-12x12.jpg 12w, https:\/\/www.usborkeychain.com\/wp-content\/uploads\/swivel-usb-drives-600x600.jpg 600w, https:\/\/www.usborkeychain.com\/wp-content\/uploads\/swivel-usb-drives-100x100.jpg 100w\" sizes=\"(max-width: 800px) 100vw, 800px\" \/><\/figure>\n\n\n\n<p>Qualidade confi\u00e1vel: A combina\u00e7\u00e3o de materiais ABS e alum\u00ednio, juntamente com t\u00e9cnicas de fabrica\u00e7\u00e3o maduras, garante a estabilidade e a vida \u00fatil do produto.<\/p>\n<\/div>\n\n\n\n<div class=\"wp-block-column is-layout-flow wp-block-column-is-layout-flow\">\n<figure class=\"wp-block-image size-full\"><img alt=\"\" loading=\"lazy\" decoding=\"async\" width=\"800\" height=\"800\" src=\"https:\/\/www.usborkeychain.com\/wp-content\/uploads\/swivel-usb-flash-drives.jpg\" class=\"wp-image-7413\" srcset=\"https:\/\/www.usborkeychain.com\/wp-content\/uploads\/swivel-usb-flash-drives.jpg 800w, https:\/\/www.usborkeychain.com\/wp-content\/uploads\/swivel-usb-flash-drives-300x300.jpg 300w, https:\/\/www.usborkeychain.com\/wp-content\/uploads\/swivel-usb-flash-drives-150x150.jpg 150w, https:\/\/www.usborkeychain.com\/wp-content\/uploads\/swivel-usb-flash-drives-768x768.jpg 768w, https:\/\/www.usborkeychain.com\/wp-content\/uploads\/swivel-usb-flash-drives-12x12.jpg 12w, https:\/\/www.usborkeychain.com\/wp-content\/uploads\/swivel-usb-flash-drives-600x600.jpg 600w, https:\/\/www.usborkeychain.com\/wp-content\/uploads\/swivel-usb-flash-drives-100x100.jpg 100w\" sizes=\"(max-width: 800px) 100vw, 800px\" \/><\/figure>\n\n\n\n<p>Em compara\u00e7\u00e3o com os discos r\u00edgidos m\u00f3veis de estado s\u00f3lido, as unidades USB s\u00e3o mais econ\u00f4micas, com uma ampla gama de capacidades opcionais (8 GB a 128 GB) para atender \u00e0s necessidades di\u00e1rias de armazenamento e transfer\u00eancia de arquivos (documentos, fotos, v\u00eddeos).<\/p>\n<\/div>\n<\/div>\n\n\n\n<p>O <strong>Unidade flash USB girat\u00f3ria<\/strong> Integra com sucesso um design requintado (ABS + concha de alum\u00ednio, processo de escova\u00e7\u00e3o, v\u00e1rias cores), fun\u00e7\u00f5es pr\u00e1ticas (interface girat\u00f3ria, buraco de fechadura antiperda), par\u00e2metros profissionais (tamanho compacto, leve) e personaliza\u00e7\u00e3o flex\u00edvel (grava\u00e7\u00e3o a laser\/impress\u00e3o digital). Ele n\u00e3o \u00e9 apenas uma ferramenta confi\u00e1vel de armazenamento de dados, mas tamb\u00e9m uma extens\u00e3o da constru\u00e7\u00e3o da marca corporativa e do gosto pessoal. Com seu excelente desempenho geral, a unidade flash USB Swivel \u00e9 uma op\u00e7\u00e3o confi\u00e1vel para os usu\u00e1rios.<\/p>","protected":false},"excerpt":{"rendered":"<ul>\n<li>Grava\u00e7\u00e3o a laser<\/li>\n<li>Impress\u00e3o digital<\/li>\n<li>Materiais:Corpo em ABS, concha de alum\u00ednio<\/li>\n<li>Cores:<br \/>\nPreto\/branco, preto\/prata, preto\/laranja, preto\/vermelho, preto\/roxo, preto\/verde, preto\/azul claro, preto\/azul escuro, preto\/preto<\/li>\n<li>MOQ:100pcs<\/li>\n<\/ul>","protected":false},"featured_media":7412,"comment_status":"open","ping_status":"closed","template":"","meta":{"_seopress_robots_primary_cat":"","_seopress_titles_title":"","_seopress_titles_desc":"","_seopress_robots_index":"","site-sidebar-layout":"default","site-content-layout":"","ast-site-content-layout":"","site-content-style":"default","site-sidebar-style":"default","ast-global-header-display":"","ast-banner-title-visibility":"","ast-main-header-display":"","ast-hfb-above-header-display":"","ast-hfb-below-header-display":"","ast-hfb-mobile-header-display":"","site-post-title":"","ast-breadcrumbs-content":"","ast-featured-img":"","footer-sml-layout":"","theme-transparent-header-meta":"","adv-header-id-meta":"","stick-header-meta":"","header-above-stick-meta":"","header-main-stick-meta":"","header-below-stick-meta":"","astra-migrate-meta-layouts":"default","ast-page-background-enabled":"default","ast-page-background-meta":{"desktop":{"background-color":"var(--ast-global-color-5)","background-image":"","background-repeat":"repeat","background-position":"center center","background-size":"auto","background-attachment":"scroll","background-type":"","background-media":"","overlay-type":"","overlay-color":"","overlay-opacity":"","overlay-gradient":""},"tablet":{"background-color":"","background-image":"","background-repeat":"repeat","background-position":"center center","background-size":"auto","background-attachment":"scroll","background-type":"","background-media":"","overlay-type":"","overlay-color":"","overlay-opacity":"","overlay-gradient":""},"mobile":{"background-color":"","background-image":"","background-repeat":"repeat","background-position":"center center","background-size":"auto","background-attachment":"scroll","background-type":"","background-media":"","overlay-type":"","overlay-color":"","overlay-opacity":"","overlay-gradient":""}},"ast-content-background-meta":{"desktop":{"background-color":"var(--ast-global-color-4)","background-image":"","background-repeat":"repeat","background-position":"center center","background-size":"auto","background-attachment":"scroll","background-type":"","background-media":"","overlay-type":"","overlay-color":"","overlay-opacity":"","overlay-gradient":""},"tablet":{"background-color":"var(--ast-global-color-4)","background-image":"","background-repeat":"repeat","background-position":"center center","background-size":"auto","background-attachment":"scroll","background-type":"","background-media":"","overlay-type":"","overlay-color":"","overlay-opacity":"","overlay-gradient":""},"mobile":{"background-color":"var(--ast-global-color-4)","background-image":"","background-repeat":"repeat","background-position":"center center","background-size":"auto","background-attachment":"scroll","background-type":"","background-media":"","overlay-type":"","overlay-color":"","overlay-opacity":"","overlay-gradient":""}}},"product_brand":[],"product_cat":[89,106],"product_tag":[405],"class_list":{"0":"post-7401","1":"product","2":"type-product","3":"status-publish","4":"has-post-thumbnail","6":"product_cat-metal-usb-pendrive","7":"product_cat-rotating-usb-pendrive","8":"product_tag-plastic-rotating-usb-drive","9":"desktop-align-left","10":"tablet-align-left","11":"mobile-align-left","13":"first","14":"instock","15":"shipping-taxable","16":"product-type-simple"},"_links":{"self":[{"href":"https:\/\/www.usborkeychain.com\/pt\/wp-json\/wp\/v2\/product\/7401","targetHints":{"allow":["GET"]}}],"collection":[{"href":"https:\/\/www.usborkeychain.com\/pt\/wp-json\/wp\/v2\/product"}],"about":[{"href":"https:\/\/www.usborkeychain.com\/pt\/wp-json\/wp\/v2\/types\/product"}],"replies":[{"embeddable":true,"href":"https:\/\/www.usborkeychain.com\/pt\/wp-json\/wp\/v2\/comments?post=7401"}],"wp:featuredmedia":[{"embeddable":true,"href":"https:\/\/www.usborkeychain.com\/pt\/wp-json\/wp\/v2\/media\/7412"}],"wp:attachment":[{"href":"https:\/\/www.usborkeychain.com\/pt\/wp-json\/wp\/v2\/media?parent=7401"}],"wp:term":[{"taxonomy":"product_brand","embeddable":true,"href":"https:\/\/www.usborkeychain.com\/pt\/wp-json\/wp\/v2\/product_brand?post=7401"},{"taxonomy":"product_cat","embeddable":true,"href":"https:\/\/www.usborkeychain.com\/pt\/wp-json\/wp\/v2\/product_cat?post=7401"},{"taxonomy":"product_tag","embeddable":true,"href":"https:\/\/www.usborkeychain.com\/pt\/wp-json\/wp\/v2\/product_tag?post=7401"}],"curies":[{"name":"wp","href":"https:\/\/api.w.org\/{rel}","templated":true}]}}