{"id":7423,"date":"2025-08-19T15:25:54","date_gmt":"2025-08-19T15:25:54","guid":{"rendered":"https:\/\/www.usborkeychain.com\/?post_type=product&#038;p=7423"},"modified":"2025-09-15T04:35:42","modified_gmt":"2025-09-15T04:35:42","slug":"type-c-swivel-usb-flash-drive","status":"publish","type":"product","link":"https:\/\/www.usborkeychain.com\/pt\/produto\/type-c-swivel-usb-flash-drive\/","title":{"rendered":"Unidade flash USB girat\u00f3ria tipo C"},"content":{"rendered":"<div class=\"wp-block-columns are-vertically-aligned-center is-layout-flex wp-container-core-columns-is-layout-28f84493 wp-block-columns-is-layout-flex\">\n<div class=\"wp-block-column is-vertically-aligned-center is-layout-flow wp-block-column-is-layout-flow\">\n<p>O <strong>Unidade flash USB girat\u00f3ria tipo C<\/strong> adota uma estrutura composta de metal e pl\u00e1stico. Seu corpo principal apresenta um inv\u00f3lucro de liga de alum\u00ednio, tratado com um processo de anodiza\u00e7\u00e3o para apresentar uma textura fosca fina, melhorando a resist\u00eancia ao desgaste e o desempenho de dissipa\u00e7\u00e3o de calor. O componente rotativo \u00e9 feito de pl\u00e1stico de engenharia ABS, garantindo que n\u00e3o haja perda ap\u00f3s 10.000 rota\u00e7\u00f5es, ao mesmo tempo em que equilibra leveza e durabilidade.<\/p>\n\n\n\n<p>Estrutura girat\u00f3ria de 360\u00b0 para altern\u00e2ncia perfeita entre interfaces, podendo alternar livremente entre <strong>USB-A<\/strong> (interface tradicional de computador) e<strong> Tipo C<\/strong> (interfaces para telefones celulares\/tablets\/novos laptops), compat\u00edvel com mais de 95% de dispositivos convencionais.<\/p>\n\n\n\n<p>Quando giradas, as interfaces s\u00e3o armazenadas naturalmente, evitando o problema de \"perder a tampa\" das unidades USB tradicionais. Alguns modelos s\u00e3o equipados com tampas de silicone \u00e0 prova de poeira para bloquear ainda mais a poeira e prolongar a vida \u00fatil das interfaces.<\/p>\n<\/div>\n\n\n\n<div class=\"wp-block-column is-vertically-aligned-center is-layout-flow wp-block-column-is-layout-flow\">\n<figure class=\"wp-block-image size-full\"><img alt=\"\" fetchpriority=\"high\" decoding=\"async\" width=\"800\" height=\"800\" src=\"https:\/\/www.usborkeychain.com\/wp-content\/uploads\/metal-rotating-usb-flash-drive.png\" class=\"wp-image-7428\" srcset=\"https:\/\/www.usborkeychain.com\/wp-content\/uploads\/metal-rotating-usb-flash-drive.png 800w, https:\/\/www.usborkeychain.com\/wp-content\/uploads\/metal-rotating-usb-flash-drive-300x300.png 300w, https:\/\/www.usborkeychain.com\/wp-content\/uploads\/metal-rotating-usb-flash-drive-150x150.png 150w, https:\/\/www.usborkeychain.com\/wp-content\/uploads\/metal-rotating-usb-flash-drive-768x768.png 768w, https:\/\/www.usborkeychain.com\/wp-content\/uploads\/metal-rotating-usb-flash-drive-12x12.png 12w, https:\/\/www.usborkeychain.com\/wp-content\/uploads\/metal-rotating-usb-flash-drive-600x600.png 600w, https:\/\/www.usborkeychain.com\/wp-content\/uploads\/metal-rotating-usb-flash-drive-100x100.png 100w\" sizes=\"(max-width: 800px) 100vw, 800px\" \/><\/figure>\n<\/div>\n<\/div>\n\n\n\n<div class=\"wp-block-columns is-layout-flex wp-container-core-columns-is-layout-28f84493 wp-block-columns-is-layout-flex\">\n<div class=\"wp-block-column is-layout-flow wp-block-column-is-layout-flow\">\n<figure class=\"wp-block-image size-full\"><img alt=\"\" decoding=\"async\" width=\"800\" height=\"800\" src=\"https:\/\/www.usborkeychain.com\/wp-content\/uploads\/swivel-usb-flash-drive.png\" class=\"wp-image-7430\" srcset=\"https:\/\/www.usborkeychain.com\/wp-content\/uploads\/swivel-usb-flash-drive.png 800w, https:\/\/www.usborkeychain.com\/wp-content\/uploads\/swivel-usb-flash-drive-300x300.png 300w, https:\/\/www.usborkeychain.com\/wp-content\/uploads\/swivel-usb-flash-drive-150x150.png 150w, https:\/\/www.usborkeychain.com\/wp-content\/uploads\/swivel-usb-flash-drive-768x768.png 768w, https:\/\/www.usborkeychain.com\/wp-content\/uploads\/swivel-usb-flash-drive-12x12.png 12w, https:\/\/www.usborkeychain.com\/wp-content\/uploads\/swivel-usb-flash-drive-600x600.png 600w, https:\/\/www.usborkeychain.com\/wp-content\/uploads\/swivel-usb-flash-drive-100x100.png 100w\" sizes=\"(max-width: 800px) 100vw, 800px\" \/><\/figure>\n\n\n\n<p>S\u00e9rie de cores s\u00f3lidas: 11 cores b\u00e1sicas est\u00e3o dispon\u00edveis (amarelo, vermelho, rosa, preto, roxo, verde, azul, azul celeste, laranja, branco, rosa), atendendo \u00e0 correspond\u00eancia precisa das cores da marca VI.<\/p>\n<\/div>\n\n\n\n<div class=\"wp-block-column is-layout-flow wp-block-column-is-layout-flow\">\n<figure class=\"wp-block-image size-full\"><img alt=\"\" decoding=\"async\" width=\"800\" height=\"800\" src=\"https:\/\/www.usborkeychain.com\/wp-content\/uploads\/Type-c-rotating-usb-dirve.jpg\" class=\"wp-image-7431\" srcset=\"https:\/\/www.usborkeychain.com\/wp-content\/uploads\/Type-c-rotating-usb-dirve.jpg 800w, https:\/\/www.usborkeychain.com\/wp-content\/uploads\/Type-c-rotating-usb-dirve-300x300.jpg 300w, https:\/\/www.usborkeychain.com\/wp-content\/uploads\/Type-c-rotating-usb-dirve-150x150.jpg 150w, https:\/\/www.usborkeychain.com\/wp-content\/uploads\/Type-c-rotating-usb-dirve-768x768.jpg 768w, https:\/\/www.usborkeychain.com\/wp-content\/uploads\/Type-c-rotating-usb-dirve-12x12.jpg 12w, https:\/\/www.usborkeychain.com\/wp-content\/uploads\/Type-c-rotating-usb-dirve-600x600.jpg 600w, https:\/\/www.usborkeychain.com\/wp-content\/uploads\/Type-c-rotating-usb-dirve-100x100.jpg 100w\" sizes=\"(max-width: 800px) 100vw, 800px\" \/><\/figure>\n\n\n\n<p>Bloqueio de cores em dois tons: Por exemplo, azul + prata, vermelho + prata. O brilho do metal e o brilho do pl\u00e1stico formam um contraste visual, aumentando o reconhecimento do produto, o que \u00e9 adequado para cen\u00e1rios de presentes de alta qualidade.<\/p>\n<\/div>\n<\/div>\n\n\n\n<h2 class=\"wp-block-heading\">Par\u00e2metros principais<\/h2>\n\n\n\n<figure class=\"wp-block-table\"><table class=\"has-fixed-layout\"><thead><tr><th>Categoria de par\u00e2metro<\/th><th>Detalhes<\/th><\/tr><\/thead><tbody><tr><td>Capacidade de armazenamento<\/td><td>8GB \/ 16GB \/ 32GB \/ 64GB \/ 128GB<\/td><\/tr><tr><td>Protocolo de interface<\/td><td>Interface USB 2.0 (compat\u00edvel com vers\u00f5es anteriores) + Type-C, compat\u00edvel com Windows, MacOS, Android e outros sistemas<\/td><\/tr><tr><td>Dimens\u00f5es f\u00edsicas (comprimento \u00d7 largura \u00d7 espessura)<\/td><td>58 mm \u00d7 19 mm \u00d7 10 mm<\/td><\/tr><tr><td>Peso<\/td><td>Aproximadamente 10 gramas<\/td><\/tr><tr><td>Processos de personaliza\u00e7\u00e3o de logotipos<\/td><td>Impress\u00e3o UV: Cores saturadas, adequadas para padr\u00f5es complexos (como gradientes, LOGOs multicoloridos)<br>Grava\u00e7\u00e3o a laser: Grava\u00e7\u00e3o fina em superf\u00edcies met\u00e1licas, com uma textura de alta qualidade<br>Serigrafia: Baixo custo, adequado para personaliza\u00e7\u00e3o em massa de textos\/padr\u00f5es de grande porte<\/td><\/tr><\/tbody><\/table><\/figure>\n\n\n\n<h2 class=\"wp-block-heading\">Quais empresas preferem essa unidade flash USB?<\/h2>\n\n\n\n<div class=\"wp-block-columns is-layout-flex wp-container-core-columns-is-layout-28f84493 wp-block-columns-is-layout-flex\">\n<div class=\"wp-block-column is-layout-flow wp-block-column-is-layout-flow\">\n<figure class=\"wp-block-image size-full\"><img alt=\"\" loading=\"lazy\" decoding=\"async\" width=\"800\" height=\"800\" src=\"https:\/\/www.usborkeychain.com\/wp-content\/uploads\/custom-swivel-usb-flash-drive-1.png\" class=\"wp-image-7426\" srcset=\"https:\/\/www.usborkeychain.com\/wp-content\/uploads\/custom-swivel-usb-flash-drive-1.png 800w, https:\/\/www.usborkeychain.com\/wp-content\/uploads\/custom-swivel-usb-flash-drive-1-300x300.png 300w, https:\/\/www.usborkeychain.com\/wp-content\/uploads\/custom-swivel-usb-flash-drive-1-150x150.png 150w, https:\/\/www.usborkeychain.com\/wp-content\/uploads\/custom-swivel-usb-flash-drive-1-768x768.png 768w, https:\/\/www.usborkeychain.com\/wp-content\/uploads\/custom-swivel-usb-flash-drive-1-12x12.png 12w, https:\/\/www.usborkeychain.com\/wp-content\/uploads\/custom-swivel-usb-flash-drive-1-600x600.png 600w, https:\/\/www.usborkeychain.com\/wp-content\/uploads\/custom-swivel-usb-flash-drive-1-100x100.png 100w\" sizes=\"(max-width: 800px) 100vw, 800px\" \/><\/figure>\n\n\n\n<p>Empresas de tecnologia: As empresas de software o utilizam para armazenar programas beta e os fabricantes de hardware pr\u00e9-instalam manuais de produtos. Suas interfaces duplas s\u00e3o compat\u00edveis com v\u00e1rios dispositivos de P&amp;D e de escrit\u00f3rio.<\/p>\n\n\n\n<p>Empresas de planejamento de eventos: Em reuni\u00f5es e exposi\u00e7\u00f5es, ele armazena agendas e informa\u00e7\u00f5es de convidados (com uma capacidade leve de 8 GB), o que \u00e9 pr\u00e1tico e memor\u00e1vel.<\/p>\n<\/div>\n\n\n\n<div class=\"wp-block-column is-layout-flow wp-block-column-is-layout-flow\">\n<figure class=\"wp-block-image size-full\"><img alt=\"\" loading=\"lazy\" decoding=\"async\" width=\"800\" height=\"800\" src=\"https:\/\/www.usborkeychain.com\/wp-content\/uploads\/Customed-Plasic-USB-Flash-Drive.png\" class=\"wp-image-7427\" srcset=\"https:\/\/www.usborkeychain.com\/wp-content\/uploads\/Customed-Plasic-USB-Flash-Drive.png 800w, https:\/\/www.usborkeychain.com\/wp-content\/uploads\/Customed-Plasic-USB-Flash-Drive-300x300.png 300w, https:\/\/www.usborkeychain.com\/wp-content\/uploads\/Customed-Plasic-USB-Flash-Drive-150x150.png 150w, https:\/\/www.usborkeychain.com\/wp-content\/uploads\/Customed-Plasic-USB-Flash-Drive-768x768.png 768w, https:\/\/www.usborkeychain.com\/wp-content\/uploads\/Customed-Plasic-USB-Flash-Drive-12x12.png 12w, https:\/\/www.usborkeychain.com\/wp-content\/uploads\/Customed-Plasic-USB-Flash-Drive-600x600.png 600w, https:\/\/www.usborkeychain.com\/wp-content\/uploads\/Customed-Plasic-USB-Flash-Drive-100x100.png 100w\" sizes=\"(max-width: 800px) 100vw, 800px\" \/><\/figure>\n\n\n\n<p>Institui\u00e7\u00f5es educacionais: Os professores armazenam material did\u00e1tico e modelos de li\u00e7\u00e3o de casa; os alunos podem se conectar diretamente aos tablets por meio da interface Type-C, e a interface USB \u00e9 compat\u00edvel com os computadores da sala de aula.<\/p>\n\n\n\n<p>Departamentos administrativos corporativos: Quando novos funcion\u00e1rios entram, ele armazena manuais de funcion\u00e1rios e v\u00eddeos de treinamento (com uma capacidade b\u00e1sica de 16 GB), simplificando os processos baseados em papel.<\/p>\n<\/div>\n<\/div>\n\n\n\n<div class=\"wp-block-columns is-layout-flex wp-container-core-columns-is-layout-28f84493 wp-block-columns-is-layout-flex\">\n<div class=\"wp-block-column is-layout-flow wp-block-column-is-layout-flow\">\n<figure class=\"wp-block-image size-full\"><img alt=\"\" loading=\"lazy\" decoding=\"async\" width=\"800\" height=\"800\" src=\"https:\/\/www.usborkeychain.com\/wp-content\/uploads\/Plastic-rotating-USB-drives.png\" class=\"wp-image-7429\" srcset=\"https:\/\/www.usborkeychain.com\/wp-content\/uploads\/Plastic-rotating-USB-drives.png 800w, https:\/\/www.usborkeychain.com\/wp-content\/uploads\/Plastic-rotating-USB-drives-300x300.png 300w, https:\/\/www.usborkeychain.com\/wp-content\/uploads\/Plastic-rotating-USB-drives-150x150.png 150w, https:\/\/www.usborkeychain.com\/wp-content\/uploads\/Plastic-rotating-USB-drives-768x768.png 768w, https:\/\/www.usborkeychain.com\/wp-content\/uploads\/Plastic-rotating-USB-drives-12x12.png 12w, https:\/\/www.usborkeychain.com\/wp-content\/uploads\/Plastic-rotating-USB-drives-600x600.png 600w, https:\/\/www.usborkeychain.com\/wp-content\/uploads\/Plastic-rotating-USB-drives-100x100.png 100w\" sizes=\"(max-width: 800px) 100vw, 800px\" \/><\/figure>\n<\/div>\n\n\n\n<div class=\"wp-block-column is-vertically-aligned-center is-layout-flow wp-block-column-is-layout-flow\">\n<p>Essa unidade flash USB de alta velocidade oferece capacidades de armazenamento vers\u00e1teis que variam de 8 GB a 128 GB, com um design de metal dur\u00e1vel e interface USB 2.0 para transfer\u00eancia confi\u00e1vel de dados. <\/p>\n\n\n\n<p>Ele \u00e9 compat\u00edvel com a impress\u00e3o UV personalizada para a marca e vem com uma garantia de 1 ano que assegura a qualidade e o servi\u00e7o p\u00f3s-venda, incluindo op\u00e7\u00f5es de devolu\u00e7\u00e3o, substitui\u00e7\u00e3o e reparo.<\/p>\n<\/div>\n<\/div>","protected":false},"excerpt":{"rendered":"<ul>\n<li>Cor do giro personalizado<\/li>\n<li>Pl\u00e1stico \/ Metal Girat\u00f3rio<\/li>\n<li>Impress\u00e3o UV<\/li>\n<li>Cor(es):Amarelo, Vermelho, Preto Rosa, Roxo, Verde, Azul, Azul Celeste, Laranja, Rosa, Branco<\/li>\n<li>MOQ:100pcs<\/li>\n<\/ul>","protected":false},"featured_media":7428,"comment_status":"open","ping_status":"closed","template":"","meta":{"_seopress_robots_primary_cat":"","_seopress_titles_title":"","_seopress_titles_desc":"","_seopress_robots_index":"","site-sidebar-layout":"default","site-content-layout":"","ast-site-content-layout":"","site-content-style":"default","site-sidebar-style":"default","ast-global-header-display":"","ast-banner-title-visibility":"","ast-main-header-display":"","ast-hfb-above-header-display":"","ast-hfb-below-header-display":"","ast-hfb-mobile-header-display":"","site-post-title":"","ast-breadcrumbs-content":"","ast-featured-img":"","footer-sml-layout":"","theme-transparent-header-meta":"","adv-header-id-meta":"","stick-header-meta":"","header-above-stick-meta":"","header-main-stick-meta":"","header-below-stick-meta":"","astra-migrate-meta-layouts":"default","ast-page-background-enabled":"default","ast-page-background-meta":{"desktop":{"background-color":"var(--ast-global-color-5)","background-image":"","background-repeat":"repeat","background-position":"center center","background-size":"auto","background-attachment":"scroll","background-type":"","background-media":"","overlay-type":"","overlay-color":"","overlay-opacity":"","overlay-gradient":""},"tablet":{"background-color":"","background-image":"","background-repeat":"repeat","background-position":"center center","background-size":"auto","background-attachment":"scroll","background-type":"","background-media":"","overlay-type":"","overlay-color":"","overlay-opacity":"","overlay-gradient":""},"mobile":{"background-color":"","background-image":"","background-repeat":"repeat","background-position":"center center","background-size":"auto","background-attachment":"scroll","background-type":"","background-media":"","overlay-type":"","overlay-color":"","overlay-opacity":"","overlay-gradient":""}},"ast-content-background-meta":{"desktop":{"background-color":"var(--ast-global-color-4)","background-image":"","background-repeat":"repeat","background-position":"center center","background-size":"auto","background-attachment":"scroll","background-type":"","background-media":"","overlay-type":"","overlay-color":"","overlay-opacity":"","overlay-gradient":""},"tablet":{"background-color":"var(--ast-global-color-4)","background-image":"","background-repeat":"repeat","background-position":"center center","background-size":"auto","background-attachment":"scroll","background-type":"","background-media":"","overlay-type":"","overlay-color":"","overlay-opacity":"","overlay-gradient":""},"mobile":{"background-color":"var(--ast-global-color-4)","background-image":"","background-repeat":"repeat","background-position":"center center","background-size":"auto","background-attachment":"scroll","background-type":"","background-media":"","overlay-type":"","overlay-color":"","overlay-opacity":"","overlay-gradient":""}}},"product_brand":[],"product_cat":[89,106],"product_tag":[405],"class_list":{"0":"post-7423","1":"product","2":"type-product","3":"status-publish","4":"has-post-thumbnail","6":"product_cat-metal-usb-pendrive","7":"product_cat-rotating-usb-pendrive","8":"product_tag-plastic-rotating-usb-drive","9":"desktop-align-left","10":"tablet-align-left","11":"mobile-align-left","13":"first","14":"instock","15":"shipping-taxable","16":"product-type-simple"},"_links":{"self":[{"href":"https:\/\/www.usborkeychain.com\/pt\/wp-json\/wp\/v2\/product\/7423","targetHints":{"allow":["GET"]}}],"collection":[{"href":"https:\/\/www.usborkeychain.com\/pt\/wp-json\/wp\/v2\/product"}],"about":[{"href":"https:\/\/www.usborkeychain.com\/pt\/wp-json\/wp\/v2\/types\/product"}],"replies":[{"embeddable":true,"href":"https:\/\/www.usborkeychain.com\/pt\/wp-json\/wp\/v2\/comments?post=7423"}],"wp:featuredmedia":[{"embeddable":true,"href":"https:\/\/www.usborkeychain.com\/pt\/wp-json\/wp\/v2\/media\/7428"}],"wp:attachment":[{"href":"https:\/\/www.usborkeychain.com\/pt\/wp-json\/wp\/v2\/media?parent=7423"}],"wp:term":[{"taxonomy":"product_brand","embeddable":true,"href":"https:\/\/www.usborkeychain.com\/pt\/wp-json\/wp\/v2\/product_brand?post=7423"},{"taxonomy":"product_cat","embeddable":true,"href":"https:\/\/www.usborkeychain.com\/pt\/wp-json\/wp\/v2\/product_cat?post=7423"},{"taxonomy":"product_tag","embeddable":true,"href":"https:\/\/www.usborkeychain.com\/pt\/wp-json\/wp\/v2\/product_tag?post=7423"}],"curies":[{"name":"wp","href":"https:\/\/api.w.org\/{rel}","templated":true}]}}