{"id":7677,"date":"2025-09-14T11:33:07","date_gmt":"2025-09-14T11:33:07","guid":{"rendered":"https:\/\/www.usborkeychain.com\/?post_type=product&#038;p=7677"},"modified":"2025-09-15T04:37:01","modified_gmt":"2025-09-15T04:37:01","slug":"porsche-usb-stick","status":"publish","type":"product","link":"https:\/\/www.usborkeychain.com\/pt\/produto\/porsche-usb-stick\/","title":{"rendered":"USB Stick da Porsche"},"content":{"rendered":"<div class=\"wp-block-columns is-layout-flex wp-container-core-columns-is-layout-28f84493 wp-block-columns-is-layout-flex\">\n<div class=\"wp-block-column is-vertically-aligned-center is-layout-flow wp-block-column-is-layout-flow\">\n<p><strong>USB Stick da Porsche<\/strong> foi projetado com base na chave de carro cl\u00e1ssica da Porsche, reproduzindo com precis\u00e3o o emblem\u00e1tico bras\u00e3o da marca, o layout dos bot\u00f5es e a textura preto-prata. Ele integra o apelo visual luxuoso de uma chave de carro com a funcionalidade pr\u00e1tica de uma unidade USB, sendo muito apreciado por entusiastas de carros e amantes do mundo digital.<\/p>\n<\/div>\n\n\n\n<div class=\"wp-block-column is-layout-flow wp-block-column-is-layout-flow\">\n<figure class=\"wp-block-image size-full\"><img alt=\"\" fetchpriority=\"high\" decoding=\"async\" width=\"800\" height=\"800\" src=\"https:\/\/www.usborkeychain.com\/wp-content\/uploads\/porsche-key-usb-memory-stick.jpg\" class=\"wp-image-7681\" srcset=\"https:\/\/www.usborkeychain.com\/wp-content\/uploads\/porsche-key-usb-memory-stick.jpg 800w, https:\/\/www.usborkeychain.com\/wp-content\/uploads\/porsche-key-usb-memory-stick-300x300.jpg 300w, https:\/\/www.usborkeychain.com\/wp-content\/uploads\/porsche-key-usb-memory-stick-150x150.jpg 150w, https:\/\/www.usborkeychain.com\/wp-content\/uploads\/porsche-key-usb-memory-stick-768x768.jpg 768w, https:\/\/www.usborkeychain.com\/wp-content\/uploads\/porsche-key-usb-memory-stick-12x12.jpg 12w, https:\/\/www.usborkeychain.com\/wp-content\/uploads\/porsche-key-usb-memory-stick-600x600.jpg 600w, https:\/\/www.usborkeychain.com\/wp-content\/uploads\/porsche-key-usb-memory-stick-100x100.jpg 100w\" sizes=\"(max-width: 800px) 100vw, 800px\" \/><\/figure>\n<\/div>\n<\/div>\n\n\n\n<h2 class=\"wp-block-heading\">Tabela de par\u00e2metros da unidade USB<\/h2>\n\n\n\n<figure class=\"wp-block-table\"><table class=\"has-fixed-layout\"><tbody><tr><td>Categoria de par\u00e2metro<\/td><td>Informa\u00e7\u00f5es espec\u00edficas<\/td><\/tr><tr><td>Capacidade de armazenamento<\/td><td>8 GB, 16 GB, 32 GB, 64 GB, 128 GB<\/td><\/tr><tr><td>Peso do produto<\/td><td>0,1 kg<\/td><\/tr><tr><td>Dimens\u00f5es<\/td><td>Aproximadamente 80 mm \u00d7 30 mm \u00d7 15 mm<\/td><\/tr><tr><td>Tipo de interface<\/td><td>USB 2.0, USB 3.0<\/td><\/tr><tr><td>Material principal<\/td><td>Metal + pl\u00e1stico<\/td><\/tr><\/tbody><\/table><\/figure>\n\n\n\n<h2 class=\"wp-block-heading\">Descri\u00e7\u00e3o<\/h2>\n\n\n\n<div class=\"wp-block-columns is-layout-flex wp-container-core-columns-is-layout-28f84493 wp-block-columns-is-layout-flex\">\n<div class=\"wp-block-column is-layout-flow wp-block-column-is-layout-flow\">\n<figure class=\"wp-block-image size-full\"><img alt=\"\" decoding=\"async\" width=\"800\" height=\"800\" src=\"https:\/\/www.usborkeychain.com\/wp-content\/uploads\/porsche-key-usb-stick.png\" class=\"wp-image-7682\" srcset=\"https:\/\/www.usborkeychain.com\/wp-content\/uploads\/porsche-key-usb-stick.png 800w, https:\/\/www.usborkeychain.com\/wp-content\/uploads\/porsche-key-usb-stick-300x300.png 300w, https:\/\/www.usborkeychain.com\/wp-content\/uploads\/porsche-key-usb-stick-150x150.png 150w, https:\/\/www.usborkeychain.com\/wp-content\/uploads\/porsche-key-usb-stick-768x768.png 768w, https:\/\/www.usborkeychain.com\/wp-content\/uploads\/porsche-key-usb-stick-12x12.png 12w, https:\/\/www.usborkeychain.com\/wp-content\/uploads\/porsche-key-usb-stick-600x600.png 600w, https:\/\/www.usborkeychain.com\/wp-content\/uploads\/porsche-key-usb-stick-100x100.png 100w\" sizes=\"(max-width: 800px) 100vw, 800px\" \/><\/figure>\n<\/div>\n\n\n\n<div class=\"wp-block-column is-vertically-aligned-center is-layout-flow wp-block-column-is-layout-flow\">\n<p>Isso <strong>Pendrive Porsche Design<\/strong>  A parte frontal apresenta o emblema da chave do carro Porsche e uma luz indicadora de LED vermelha acende quando o pen drive USB est\u00e1 conectado a um dispositivo, permitindo que o status da conex\u00e3o seja claramente vis\u00edvel em um relance. H\u00e1 um mecanismo deslizante na parte inferior, que protege a interface USB quando n\u00e3o est\u00e1 em uso.<\/p>\n<\/div>\n<\/div>\n\n\n\n<div class=\"wp-block-columns is-layout-flex wp-container-core-columns-is-layout-28f84493 wp-block-columns-is-layout-flex\">\n<div class=\"wp-block-column is-vertically-aligned-center is-layout-flow wp-block-column-is-layout-flow\">\n<p>O design deslizante do <strong>Cart\u00e3o de mem\u00f3ria USB da Porsche<\/strong> O pendrive USB Porsche \u00e9 muito apreciado pelos f\u00e3s da Porsche, profissionais de neg\u00f3cios e empresas de vendas de autom\u00f3veis. <\/p>\n\n\n\n<p>Em cen\u00e1rios como reuni\u00f5es de neg\u00f3cios e comunica\u00e7\u00f5es com clientes, ele pode mostrar o gosto pessoal e a individualidade. Como um presente digital de alta qualidade, ele \u00e9 mais adequado para presentear parentes e amigos que amam a Porsche e buscam uma vida de qualidade.<\/p>\n<\/div>\n\n\n\n<div class=\"wp-block-column is-layout-flow wp-block-column-is-layout-flow\">\n<figure class=\"wp-block-image size-full\"><img alt=\"\" decoding=\"async\" width=\"800\" height=\"800\" src=\"https:\/\/www.usborkeychain.com\/wp-content\/uploads\/porsche-usb-memory-stick.jpg\" class=\"wp-image-7683\" srcset=\"https:\/\/www.usborkeychain.com\/wp-content\/uploads\/porsche-usb-memory-stick.jpg 800w, https:\/\/www.usborkeychain.com\/wp-content\/uploads\/porsche-usb-memory-stick-300x300.jpg 300w, https:\/\/www.usborkeychain.com\/wp-content\/uploads\/porsche-usb-memory-stick-150x150.jpg 150w, https:\/\/www.usborkeychain.com\/wp-content\/uploads\/porsche-usb-memory-stick-768x768.jpg 768w, https:\/\/www.usborkeychain.com\/wp-content\/uploads\/porsche-usb-memory-stick-12x12.jpg 12w, https:\/\/www.usborkeychain.com\/wp-content\/uploads\/porsche-usb-memory-stick-600x600.jpg 600w, https:\/\/www.usborkeychain.com\/wp-content\/uploads\/porsche-usb-memory-stick-100x100.jpg 100w\" sizes=\"(max-width: 800px) 100vw, 800px\" \/><\/figure>\n<\/div>\n<\/div>\n\n\n\n<div class=\"wp-block-columns is-layout-flex wp-container-core-columns-is-layout-28f84493 wp-block-columns-is-layout-flex\">\n<div class=\"wp-block-column is-layout-flow wp-block-column-is-layout-flow\">\n<figure class=\"wp-block-image size-full\"><img alt=\"\" loading=\"lazy\" decoding=\"async\" width=\"800\" height=\"800\" src=\"https:\/\/www.usborkeychain.com\/wp-content\/uploads\/porsche-design-usb-stick.png\" class=\"wp-image-7680\" srcset=\"https:\/\/www.usborkeychain.com\/wp-content\/uploads\/porsche-design-usb-stick.png 800w, https:\/\/www.usborkeychain.com\/wp-content\/uploads\/porsche-design-usb-stick-300x300.png 300w, https:\/\/www.usborkeychain.com\/wp-content\/uploads\/porsche-design-usb-stick-150x150.png 150w, https:\/\/www.usborkeychain.com\/wp-content\/uploads\/porsche-design-usb-stick-768x768.png 768w, https:\/\/www.usborkeychain.com\/wp-content\/uploads\/porsche-design-usb-stick-12x12.png 12w, https:\/\/www.usborkeychain.com\/wp-content\/uploads\/porsche-design-usb-stick-600x600.png 600w, https:\/\/www.usborkeychain.com\/wp-content\/uploads\/porsche-design-usb-stick-100x100.png 100w\" sizes=\"(max-width: 800px) 100vw, 800px\" \/><\/figure>\n<\/div>\n\n\n\n<div class=\"wp-block-column is-vertically-aligned-center is-layout-flow wp-block-column-is-layout-flow\">\n<p>O <strong>Pen drive USB com chave Porsche<\/strong>com seu design \"chave de carro Porsche\", excelentes par\u00e2metros de armazenamento e adaptabilidade aos sentimentos dos f\u00e3s, bem como aos cen\u00e1rios de local de trabalho\/presente, tornou-se uma unidade USB diferenciada no mercado que combina \"boa apar\u00eancia\" e \"praticidade\".<\/p>\n\n\n\n<p><strong>Youshan<\/strong> A empresa, como fabricante profissional de unidades USB, oferece design e amostras gratuitas, proporcionando um servi\u00e7o completo que abrange design, moldagem, amostragem, produ\u00e7\u00e3o e embalagem de unidades USB.<\/p>\n<\/div>\n<\/div>","protected":false},"excerpt":{"rendered":"<ul>\n<li>Pen drive USB Chave Porsche<\/li>\n<li>Material: PVC<\/li>\n<li>Mecanismo deslizante para estender a vara<\/li>\n<li>Cor preta \/ cromo<\/li>\n<li>Porsche WAP0507150M001<\/li>\n<\/ul>","protected":false},"featured_media":7684,"comment_status":"open","ping_status":"closed","template":"","meta":{"_seopress_robots_primary_cat":"","_seopress_titles_title":"","_seopress_titles_desc":"","_seopress_robots_index":"","site-sidebar-layout":"default","site-content-layout":"","ast-site-content-layout":"","site-content-style":"default","site-sidebar-style":"default","ast-global-header-display":"","ast-banner-title-visibility":"","ast-main-header-display":"","ast-hfb-above-header-display":"","ast-hfb-below-header-display":"","ast-hfb-mobile-header-display":"","site-post-title":"","ast-breadcrumbs-content":"","ast-featured-img":"disabled","footer-sml-layout":"","theme-transparent-header-meta":"","adv-header-id-meta":"","stick-header-meta":"","header-above-stick-meta":"","header-main-stick-meta":"","header-below-stick-meta":"","astra-migrate-meta-layouts":"default","ast-page-background-enabled":"default","ast-page-background-meta":{"desktop":{"background-color":"var(--ast-global-color-5)","background-image":"","background-repeat":"repeat","background-position":"center center","background-size":"auto","background-attachment":"scroll","background-type":"","background-media":"","overlay-type":"","overlay-color":"","overlay-opacity":"","overlay-gradient":""},"tablet":{"background-color":"","background-image":"","background-repeat":"repeat","background-position":"center center","background-size":"auto","background-attachment":"scroll","background-type":"","background-media":"","overlay-type":"","overlay-color":"","overlay-opacity":"","overlay-gradient":""},"mobile":{"background-color":"","background-image":"","background-repeat":"repeat","background-position":"center center","background-size":"auto","background-attachment":"scroll","background-type":"","background-media":"","overlay-type":"","overlay-color":"","overlay-opacity":"","overlay-gradient":""}},"ast-content-background-meta":{"desktop":{"background-color":"var(--ast-global-color-4)","background-image":"","background-repeat":"repeat","background-position":"center center","background-size":"auto","background-attachment":"scroll","background-type":"","background-media":"","overlay-type":"","overlay-color":"","overlay-opacity":"","overlay-gradient":""},"tablet":{"background-color":"var(--ast-global-color-4)","background-image":"","background-repeat":"repeat","background-position":"center center","background-size":"auto","background-attachment":"scroll","background-type":"","background-media":"","overlay-type":"","overlay-color":"","overlay-opacity":"","overlay-gradient":""},"mobile":{"background-color":"var(--ast-global-color-4)","background-image":"","background-repeat":"repeat","background-position":"center center","background-size":"auto","background-attachment":"scroll","background-type":"","background-media":"","overlay-type":"","overlay-color":"","overlay-opacity":"","overlay-gradient":""}}},"product_brand":[],"product_cat":[108,92],"product_tag":[],"class_list":{"0":"post-7677","1":"product","2":"type-product","3":"status-publish","4":"has-post-thumbnail","6":"product_cat-key-shaped-usb-pendrive","7":"product_cat-plastic-usb-pendrive","8":"desktop-align-left","9":"tablet-align-left","10":"mobile-align-left","12":"first","13":"instock","14":"shipping-taxable","15":"product-type-simple"},"_links":{"self":[{"href":"https:\/\/www.usborkeychain.com\/pt\/wp-json\/wp\/v2\/product\/7677","targetHints":{"allow":["GET"]}}],"collection":[{"href":"https:\/\/www.usborkeychain.com\/pt\/wp-json\/wp\/v2\/product"}],"about":[{"href":"https:\/\/www.usborkeychain.com\/pt\/wp-json\/wp\/v2\/types\/product"}],"replies":[{"embeddable":true,"href":"https:\/\/www.usborkeychain.com\/pt\/wp-json\/wp\/v2\/comments?post=7677"}],"wp:featuredmedia":[{"embeddable":true,"href":"https:\/\/www.usborkeychain.com\/pt\/wp-json\/wp\/v2\/media\/7684"}],"wp:attachment":[{"href":"https:\/\/www.usborkeychain.com\/pt\/wp-json\/wp\/v2\/media?parent=7677"}],"wp:term":[{"taxonomy":"product_brand","embeddable":true,"href":"https:\/\/www.usborkeychain.com\/pt\/wp-json\/wp\/v2\/product_brand?post=7677"},{"taxonomy":"product_cat","embeddable":true,"href":"https:\/\/www.usborkeychain.com\/pt\/wp-json\/wp\/v2\/product_cat?post=7677"},{"taxonomy":"product_tag","embeddable":true,"href":"https:\/\/www.usborkeychain.com\/pt\/wp-json\/wp\/v2\/product_tag?post=7677"}],"curies":[{"name":"wp","href":"https:\/\/api.w.org\/{rel}","templated":true}]}}