{"id":7685,"date":"2025-09-14T13:14:03","date_gmt":"2025-09-14T13:14:03","guid":{"rendered":"https:\/\/www.usborkeychain.com\/?post_type=product&#038;p=7685"},"modified":"2025-09-15T04:36:21","modified_gmt":"2025-09-15T04:36:21","slug":"star-swivel-usb-flash-drive","status":"publish","type":"product","link":"https:\/\/www.usborkeychain.com\/pt\/produto\/star-swivel-usb-flash-drive\/","title":{"rendered":"Unidade flash USB Star Swivel"},"content":{"rendered":"<div class=\"wp-block-columns is-layout-flex wp-container-core-columns-is-layout-28f84493 wp-block-columns-is-layout-flex\">\n<div class=\"wp-block-column is-layout-flow wp-block-column-is-layout-flow\">\n<figure class=\"wp-block-image size-full\"><img alt=\"\" fetchpriority=\"high\" decoding=\"async\" width=\"800\" height=\"800\" src=\"https:\/\/www.usborkeychain.com\/wp-content\/uploads\/cba56fdc764d4423a24384d23f2a399d.jpg\" class=\"wp-image-7692\" srcset=\"https:\/\/www.usborkeychain.com\/wp-content\/uploads\/cba56fdc764d4423a24384d23f2a399d.jpg 800w, https:\/\/www.usborkeychain.com\/wp-content\/uploads\/cba56fdc764d4423a24384d23f2a399d-300x300.jpg 300w, https:\/\/www.usborkeychain.com\/wp-content\/uploads\/cba56fdc764d4423a24384d23f2a399d-150x150.jpg 150w, https:\/\/www.usborkeychain.com\/wp-content\/uploads\/cba56fdc764d4423a24384d23f2a399d-768x768.jpg 768w, https:\/\/www.usborkeychain.com\/wp-content\/uploads\/cba56fdc764d4423a24384d23f2a399d-12x12.jpg 12w, https:\/\/www.usborkeychain.com\/wp-content\/uploads\/cba56fdc764d4423a24384d23f2a399d-600x600.jpg 600w, https:\/\/www.usborkeychain.com\/wp-content\/uploads\/cba56fdc764d4423a24384d23f2a399d-100x100.jpg 100w\" sizes=\"(max-width: 800px) 100vw, 800px\" \/><\/figure>\n<\/div>\n\n\n\n<div class=\"wp-block-column is-vertically-aligned-center is-layout-flow wp-block-column-is-layout-flow\">\n<p>O <strong>Unidade flash USB Star Swivel<\/strong> apresenta uma estrutura girat\u00f3ria de 360 graus como seu principal destaque de design. Esse design girat\u00f3rio permite o f\u00e1cil armazenamento da interface USB, evitando danos \u00e0 interface causados por colis\u00f5es e ac\u00famulo de poeira, o que aumenta significativamente a durabilidade da unidade USB. <\/p>\n\n\n\n<p>O padr\u00e3o de estrela rosa, juntamente com o suporte para a personaliza\u00e7\u00e3o de conchas multicoloridas, atende \u00e0s diversas necessidades de uso di\u00e1rio pessoal e de personaliza\u00e7\u00e3o em massa da empresa.<\/p>\n<\/div>\n<\/div>\n\n\n\n<h3 class=\"wp-block-heading\">Par\u00e2metro do n\u00facleo USB<\/h3>\n\n\n\n<figure class=\"wp-block-table\"><table class=\"has-fixed-layout\"><thead><tr><th>Categoria de par\u00e2metro<\/th><th>Indicadores detalhados<\/th><\/tr><\/thead><tbody><tr><td>Capacidade de armazenamento<\/td><td>8GB \/ 16GB \/ 32GB \/ 64GB \/ 128GB<\/td><\/tr><tr><td>Tipo de interface USB<\/td><td>USB 2.0 \/ USB 3.0<\/td><\/tr><tr><td>Material da concha<\/td><td>Pl\u00e1stico ABS de alta qualidade<\/td><\/tr><tr><td>Tamanho do produto<\/td><td>Aproximadamente 58 mm \u00d7 18 mm \u00d7 10 mm<\/td><\/tr><\/tbody><\/table><\/figure>\n\n\n\n<h3 class=\"wp-block-heading\">Cores personaliz\u00e1veis<\/h3>\n\n\n\n<p>A unidade flash USB Star Rotating est\u00e1 dispon\u00edvel em uma variedade de op\u00e7\u00f5es de cores, incluindo fundos branco, rosa, azul, laranja e verde. A variedade de cores n\u00e3o s\u00f3 permite que usu\u00e1rios individuais escolham de acordo com suas prefer\u00eancias, mas tamb\u00e9m ajuda as empresas a distinguir dispositivos de armazenamento de diferentes departamentos e projetos pela cor.<\/p>\n\n\n\n<div class=\"wp-block-columns is-layout-flex wp-container-core-columns-is-layout-28f84493 wp-block-columns-is-layout-flex\">\n<div class=\"wp-block-column is-layout-flow wp-block-column-is-layout-flow\">\n<figure class=\"wp-block-image size-full\"><img alt=\"\" decoding=\"async\" width=\"800\" height=\"800\" src=\"https:\/\/www.usborkeychain.com\/wp-content\/uploads\/bfb34d2003417ccbe6f379ce4c34f470.png\" class=\"wp-image-7691\" srcset=\"https:\/\/www.usborkeychain.com\/wp-content\/uploads\/bfb34d2003417ccbe6f379ce4c34f470.png 800w, https:\/\/www.usborkeychain.com\/wp-content\/uploads\/bfb34d2003417ccbe6f379ce4c34f470-300x300.png 300w, https:\/\/www.usborkeychain.com\/wp-content\/uploads\/bfb34d2003417ccbe6f379ce4c34f470-150x150.png 150w, https:\/\/www.usborkeychain.com\/wp-content\/uploads\/bfb34d2003417ccbe6f379ce4c34f470-768x768.png 768w, https:\/\/www.usborkeychain.com\/wp-content\/uploads\/bfb34d2003417ccbe6f379ce4c34f470-12x12.png 12w, https:\/\/www.usborkeychain.com\/wp-content\/uploads\/bfb34d2003417ccbe6f379ce4c34f470-600x600.png 600w, https:\/\/www.usborkeychain.com\/wp-content\/uploads\/bfb34d2003417ccbe6f379ce4c34f470-100x100.png 100w\" sizes=\"(max-width: 800px) 100vw, 800px\" \/><\/figure>\n<\/div>\n\n\n\n<div class=\"wp-block-column is-layout-flow wp-block-column-is-layout-flow\">\n<figure class=\"wp-block-image size-full\"><img alt=\"\" decoding=\"async\" width=\"800\" height=\"800\" src=\"https:\/\/www.usborkeychain.com\/wp-content\/uploads\/d5f8612bec5eedd1bad7c0b6abba693b.png\" class=\"wp-image-7693\" srcset=\"https:\/\/www.usborkeychain.com\/wp-content\/uploads\/d5f8612bec5eedd1bad7c0b6abba693b.png 800w, https:\/\/www.usborkeychain.com\/wp-content\/uploads\/d5f8612bec5eedd1bad7c0b6abba693b-300x300.png 300w, https:\/\/www.usborkeychain.com\/wp-content\/uploads\/d5f8612bec5eedd1bad7c0b6abba693b-150x150.png 150w, https:\/\/www.usborkeychain.com\/wp-content\/uploads\/d5f8612bec5eedd1bad7c0b6abba693b-768x768.png 768w, https:\/\/www.usborkeychain.com\/wp-content\/uploads\/d5f8612bec5eedd1bad7c0b6abba693b-12x12.png 12w, https:\/\/www.usborkeychain.com\/wp-content\/uploads\/d5f8612bec5eedd1bad7c0b6abba693b-600x600.png 600w, https:\/\/www.usborkeychain.com\/wp-content\/uploads\/d5f8612bec5eedd1bad7c0b6abba693b-100x100.png 100w\" sizes=\"(max-width: 800px) 100vw, 800px\" \/><\/figure>\n<\/div>\n<\/div>\n\n\n\n<div class=\"wp-block-columns is-layout-flex wp-container-core-columns-is-layout-28f84493 wp-block-columns-is-layout-flex\">\n<div class=\"wp-block-column is-layout-flow wp-block-column-is-layout-flow\">\n<figure class=\"wp-block-image size-full\"><img alt=\"\" loading=\"lazy\" decoding=\"async\" width=\"800\" height=\"800\" src=\"https:\/\/www.usborkeychain.com\/wp-content\/uploads\/ee8d52111d50b0230d923a4012860943.png\" class=\"wp-image-7694\" srcset=\"https:\/\/www.usborkeychain.com\/wp-content\/uploads\/ee8d52111d50b0230d923a4012860943.png 800w, https:\/\/www.usborkeychain.com\/wp-content\/uploads\/ee8d52111d50b0230d923a4012860943-300x300.png 300w, https:\/\/www.usborkeychain.com\/wp-content\/uploads\/ee8d52111d50b0230d923a4012860943-150x150.png 150w, https:\/\/www.usborkeychain.com\/wp-content\/uploads\/ee8d52111d50b0230d923a4012860943-768x768.png 768w, https:\/\/www.usborkeychain.com\/wp-content\/uploads\/ee8d52111d50b0230d923a4012860943-12x12.png 12w, https:\/\/www.usborkeychain.com\/wp-content\/uploads\/ee8d52111d50b0230d923a4012860943-600x600.png 600w, https:\/\/www.usborkeychain.com\/wp-content\/uploads\/ee8d52111d50b0230d923a4012860943-100x100.png 100w\" sizes=\"(max-width: 800px) 100vw, 800px\" \/><\/figure>\n<\/div>\n\n\n\n<div class=\"wp-block-column is-layout-flow wp-block-column-is-layout-flow\">\n<figure class=\"wp-block-image size-full\"><img alt=\"\" loading=\"lazy\" decoding=\"async\" width=\"800\" height=\"800\" src=\"https:\/\/www.usborkeychain.com\/wp-content\/uploads\/4cce06a4a255df9886ecd04622427e73.png\" class=\"wp-image-7689\" srcset=\"https:\/\/www.usborkeychain.com\/wp-content\/uploads\/4cce06a4a255df9886ecd04622427e73.png 800w, https:\/\/www.usborkeychain.com\/wp-content\/uploads\/4cce06a4a255df9886ecd04622427e73-300x300.png 300w, https:\/\/www.usborkeychain.com\/wp-content\/uploads\/4cce06a4a255df9886ecd04622427e73-150x150.png 150w, https:\/\/www.usborkeychain.com\/wp-content\/uploads\/4cce06a4a255df9886ecd04622427e73-768x768.png 768w, https:\/\/www.usborkeychain.com\/wp-content\/uploads\/4cce06a4a255df9886ecd04622427e73-12x12.png 12w, https:\/\/www.usborkeychain.com\/wp-content\/uploads\/4cce06a4a255df9886ecd04622427e73-600x600.png 600w, https:\/\/www.usborkeychain.com\/wp-content\/uploads\/4cce06a4a255df9886ecd04622427e73-100x100.png 100w\" sizes=\"(max-width: 800px) 100vw, 800px\" \/><\/figure>\n<\/div>\n<\/div>\n\n\n\n<h3 class=\"wp-block-heading\">Processos de personaliza\u00e7\u00e3o<\/h3>\n\n\n\n<div class=\"wp-block-columns is-layout-flex wp-container-core-columns-is-layout-28f84493 wp-block-columns-is-layout-flex\">\n<div class=\"wp-block-column is-vertically-aligned-center is-layout-flow wp-block-column-is-layout-flow\">\n<p>O <strong>Unidade flash USB girat\u00f3ria Star<\/strong> oferece suporte \u00e0 personaliza\u00e7\u00e3o por meio de processos como impress\u00e3o em tela, grava\u00e7\u00e3o a laser e impress\u00e3o UV. <\/p>\n\n\n\n<p>As empresas podem imprimir ou gravar com precis\u00e3o logotipos de marcas, slogans promocionais, temas de eventos e outros conte\u00fados na concha ou na \u00e1rea superior da unidade USB.<\/p>\n<\/div>\n\n\n\n<div class=\"wp-block-column is-layout-flow wp-block-column-is-layout-flow\">\n<figure class=\"wp-block-image size-full\"><img alt=\"\" loading=\"lazy\" decoding=\"async\" width=\"800\" height=\"800\" src=\"https:\/\/www.usborkeychain.com\/wp-content\/uploads\/b515578b37bc7db12299530dd6ac64a0.png\" class=\"wp-image-7690\" srcset=\"https:\/\/www.usborkeychain.com\/wp-content\/uploads\/b515578b37bc7db12299530dd6ac64a0.png 800w, https:\/\/www.usborkeychain.com\/wp-content\/uploads\/b515578b37bc7db12299530dd6ac64a0-300x300.png 300w, https:\/\/www.usborkeychain.com\/wp-content\/uploads\/b515578b37bc7db12299530dd6ac64a0-150x150.png 150w, https:\/\/www.usborkeychain.com\/wp-content\/uploads\/b515578b37bc7db12299530dd6ac64a0-768x768.png 768w, https:\/\/www.usborkeychain.com\/wp-content\/uploads\/b515578b37bc7db12299530dd6ac64a0-12x12.png 12w, https:\/\/www.usborkeychain.com\/wp-content\/uploads\/b515578b37bc7db12299530dd6ac64a0-600x600.png 600w, https:\/\/www.usborkeychain.com\/wp-content\/uploads\/b515578b37bc7db12299530dd6ac64a0-100x100.png 100w\" sizes=\"(max-width: 800px) 100vw, 800px\" \/><\/figure>\n<\/div>\n<\/div>\n\n\n\n<div class=\"wp-block-columns is-layout-flex wp-container-core-columns-is-layout-28f84493 wp-block-columns-is-layout-flex\">\n<div class=\"wp-block-column is-layout-flow wp-block-column-is-layout-flow\">\n<figure class=\"wp-block-image size-full\"><img alt=\"\" loading=\"lazy\" decoding=\"async\" width=\"800\" height=\"800\" src=\"https:\/\/www.usborkeychain.com\/wp-content\/uploads\/1a38072893e624c5d8f4cde77db19b6c.png\" class=\"wp-image-7688\" srcset=\"https:\/\/www.usborkeychain.com\/wp-content\/uploads\/1a38072893e624c5d8f4cde77db19b6c.png 800w, https:\/\/www.usborkeychain.com\/wp-content\/uploads\/1a38072893e624c5d8f4cde77db19b6c-300x300.png 300w, https:\/\/www.usborkeychain.com\/wp-content\/uploads\/1a38072893e624c5d8f4cde77db19b6c-150x150.png 150w, https:\/\/www.usborkeychain.com\/wp-content\/uploads\/1a38072893e624c5d8f4cde77db19b6c-768x768.png 768w, https:\/\/www.usborkeychain.com\/wp-content\/uploads\/1a38072893e624c5d8f4cde77db19b6c-12x12.png 12w, https:\/\/www.usborkeychain.com\/wp-content\/uploads\/1a38072893e624c5d8f4cde77db19b6c-600x600.png 600w, https:\/\/www.usborkeychain.com\/wp-content\/uploads\/1a38072893e624c5d8f4cde77db19b6c-100x100.png 100w\" sizes=\"(max-width: 800px) 100vw, 800px\" \/><\/figure>\n<\/div>\n\n\n\n<div class=\"wp-block-column is-vertically-aligned-center is-layout-flow wp-block-column-is-layout-flow\">\n<p>Facilite suas transfer\u00eancias de arquivos com uma interface personaliz\u00e1vel <strong>Unidade flash girat\u00f3ria USB<\/strong>. Com uma tampa girat\u00f3ria para manter a porta USB protegida e acess\u00edvel, um entalhe superior para f\u00e1cil fixa\u00e7\u00e3o nas chaves e um design personalizado com suas fotos, textos e muito mais, esse pen drive ser\u00e1 seu melhor companheiro. \u00d3timo para estudantes, empresas ou apenas para ter em casa!<\/p>\n<\/div>\n<\/div>","protected":false},"excerpt":{"rendered":"<ul>\n<li>Cor personaliz\u00e1vel<\/li>\n<li>Rota\u00e7\u00e3o de 360 graus<\/li>\n<li>Pl\u00e1stico ABS<\/li>\n<li>Logotipo personaliz\u00e1vel<\/li>\n<li>MOQ:100pcs<\/li>\n<\/ul>","protected":false},"featured_media":7692,"comment_status":"open","ping_status":"closed","template":"","meta":{"_seopress_robots_primary_cat":"","_seopress_titles_title":"","_seopress_titles_desc":"","_seopress_robots_index":"","site-sidebar-layout":"default","site-content-layout":"","ast-site-content-layout":"","site-content-style":"default","site-sidebar-style":"default","ast-global-header-display":"","ast-banner-title-visibility":"","ast-main-header-display":"","ast-hfb-above-header-display":"","ast-hfb-below-header-display":"","ast-hfb-mobile-header-display":"","site-post-title":"","ast-breadcrumbs-content":"","ast-featured-img":"","footer-sml-layout":"","theme-transparent-header-meta":"","adv-header-id-meta":"","stick-header-meta":"","header-above-stick-meta":"","header-main-stick-meta":"","header-below-stick-meta":"","astra-migrate-meta-layouts":"default","ast-page-background-enabled":"default","ast-page-background-meta":{"desktop":{"background-color":"var(--ast-global-color-5)","background-image":"","background-repeat":"repeat","background-position":"center center","background-size":"auto","background-attachment":"scroll","background-type":"","background-media":"","overlay-type":"","overlay-color":"","overlay-opacity":"","overlay-gradient":""},"tablet":{"background-color":"","background-image":"","background-repeat":"repeat","background-position":"center center","background-size":"auto","background-attachment":"scroll","background-type":"","background-media":"","overlay-type":"","overlay-color":"","overlay-opacity":"","overlay-gradient":""},"mobile":{"background-color":"","background-image":"","background-repeat":"repeat","background-position":"center center","background-size":"auto","background-attachment":"scroll","background-type":"","background-media":"","overlay-type":"","overlay-color":"","overlay-opacity":"","overlay-gradient":""}},"ast-content-background-meta":{"desktop":{"background-color":"var(--ast-global-color-4)","background-image":"","background-repeat":"repeat","background-position":"center center","background-size":"auto","background-attachment":"scroll","background-type":"","background-media":"","overlay-type":"","overlay-color":"","overlay-opacity":"","overlay-gradient":""},"tablet":{"background-color":"var(--ast-global-color-4)","background-image":"","background-repeat":"repeat","background-position":"center center","background-size":"auto","background-attachment":"scroll","background-type":"","background-media":"","overlay-type":"","overlay-color":"","overlay-opacity":"","overlay-gradient":""},"mobile":{"background-color":"var(--ast-global-color-4)","background-image":"","background-repeat":"repeat","background-position":"center center","background-size":"auto","background-attachment":"scroll","background-type":"","background-media":"","overlay-type":"","overlay-color":"","overlay-opacity":"","overlay-gradient":""}}},"product_brand":[],"product_cat":[106],"product_tag":[406],"class_list":{"0":"post-7685","1":"product","2":"type-product","3":"status-publish","4":"has-post-thumbnail","6":"product_cat-rotating-usb-pendrive","7":"product_tag-metal-swivel-usb-drive","8":"desktop-align-left","9":"tablet-align-left","10":"mobile-align-left","12":"first","13":"instock","14":"shipping-taxable","15":"product-type-simple"},"_links":{"self":[{"href":"https:\/\/www.usborkeychain.com\/pt\/wp-json\/wp\/v2\/product\/7685","targetHints":{"allow":["GET"]}}],"collection":[{"href":"https:\/\/www.usborkeychain.com\/pt\/wp-json\/wp\/v2\/product"}],"about":[{"href":"https:\/\/www.usborkeychain.com\/pt\/wp-json\/wp\/v2\/types\/product"}],"replies":[{"embeddable":true,"href":"https:\/\/www.usborkeychain.com\/pt\/wp-json\/wp\/v2\/comments?post=7685"}],"wp:featuredmedia":[{"embeddable":true,"href":"https:\/\/www.usborkeychain.com\/pt\/wp-json\/wp\/v2\/media\/7692"}],"wp:attachment":[{"href":"https:\/\/www.usborkeychain.com\/pt\/wp-json\/wp\/v2\/media?parent=7685"}],"wp:term":[{"taxonomy":"product_brand","embeddable":true,"href":"https:\/\/www.usborkeychain.com\/pt\/wp-json\/wp\/v2\/product_brand?post=7685"},{"taxonomy":"product_cat","embeddable":true,"href":"https:\/\/www.usborkeychain.com\/pt\/wp-json\/wp\/v2\/product_cat?post=7685"},{"taxonomy":"product_tag","embeddable":true,"href":"https:\/\/www.usborkeychain.com\/pt\/wp-json\/wp\/v2\/product_tag?post=7685"}],"curies":[{"name":"wp","href":"https:\/\/api.w.org\/{rel}","templated":true}]}}